{"id":490,"date":"2019-11-30T22:25:58","date_gmt":"2019-11-30T22:25:58","guid":{"rendered":"https:\/\/www.bergtecprotection.com\/handling-accessories\/maintenance-and-replacement-parts\/"},"modified":"2020-12-09T15:19:36","modified_gmt":"2020-12-09T15:19:36","slug":"piese-mentenanta-inlocuire","status":"publish","type":"page","link":"https:\/\/www.bergtecprotection.com\/ro\/accesorii-manuale\/piese-mentenanta-inlocuire\/","title":{"rendered":"Piese de mentenan\u021b\u0103 \u0219i \u00eenlocuire"},"content":{"rendered":"<div class=\"wpb-content-wrapper\"><p>[vc_row][vc_column][vc_custom_heading text=&#8221;Piese de mentenan\u021b\u0103 \u0219i \u00eenlocuire&#8221; use_theme_fonts=&#8221;yes&#8221;][vc_custom_heading text=&#8221;Cu noi nu este necesar\u0103 mentenan\u021ba!&#8221; font_container=&#8221;tag:div|text_align:left&#8221; use_theme_fonts=&#8221;yes&#8221;][vc_tta_tabs style=&#8221;modern&#8221; shape=&#8221;square&#8221; spacing=&#8221;2&#8243; active_section=&#8221;1&#8243; css=&#8221;.vc_custom_1579979045895{margin-top: 34px !important;margin-bottom: 60px !important;}&#8221;][vc_tta_section i_icon_fontawesome=&#8221;fa fa-file-text-o&#8221; add_icon=&#8221;true&#8221; title=&#8221;Descriere&#8221; tab_id=&#8221;1579979003987-bf6b0eac-f77b25dd-1395&#8243;][vc_column_text css=&#8221;.vc_custom_1605707617504{margin-top: 34px !important;margin-bottom: 34px !important;}&#8221;]Av\u00e2nd \u00een vedere rezisten\u021ba remarcabil\u0103 la coroziune a aliajelor noastre de aluminiu, nu este necesar\u0103 nici mentenan\u021ba, nici lubrifierea, nici re-etan\u0219eizarea, cu excep\u021bia sp\u0103l\u0103rii echipamentului \u00een caz de murd\u0103rire (cu noroi etc).<\/p>\n<p>\u00cen afar\u0103 de garnituri, celelalte materiale utilizate la fabricarea barajelor noastre nu sunt supuse, \u00een mod normal, coroziunii sau uzurii. Evident, \u00een cazul \u00een care exist\u0103 o utilizare incorect\u0103 a componentelor barajului mobil anti-inunda\u021bii (manipularea \u0219i depozitarea f\u0103r\u0103 m\u0103suri de precau\u021bie) sau utilizarea necorespunz\u0103toare a produsului (impact sau coliziune cu vehicule, pe ro\u021bi sau pe linia de plutire, r\u0103m\u0103\u0219i\u021be care plutesc etc.), prejudiciul poate duce la \u00eenlocuirea acestora.<\/p>\n<p>Garniturile de etan\u0219are, supuse efectelor de uscare \u0219i uzurii datorit\u0103 expunerii la razele UV, trebuie verificate anual \u0219i, dac\u0103 este necesar, re\u00eenlocuite dup\u0103 o perioad\u0103 de 10 ani. Prezen\u021ba fisurilor sau cr\u0103p\u0103turilor reprezint\u0103 un semn al acestei uzuri, ceea ce va reduce propriet\u0103\u021bile mecanice \u0219i, prin urmare, etan\u0219eitatea lor.<\/p>\n<p>\u00cen orice caz, echipamentul trebuie s\u0103 fie depozitat \u00eentr-o zon\u0103 acoperit\u0103.[\/vc_column_text][\/vc_tta_section][vc_tta_section i_icon_fontawesome=&#8221;fa fa-handshake-o&#8221; add_icon=&#8221;true&#8221; title=&#8221;Garan\u021bie&#8221; tab_id=&#8221;1579979985630-25d11eaf-c97d25dd-1395&#8243;][vc_column_text css=&#8221;.vc_custom_1606224564018{margin-top: 34px !important;margin-bottom: 34px !important;}&#8221;]<\/p>\n<div class=\"t\"><strong>GARAN\u021aIE BERGTEC MSU<\/strong><\/div>\n<div class=\"s\">\n<ul>\n<li>o rat\u0103 de scurgere foarte sc\u0103zut\u0103 &lt;3 litri\/or\u0103\/mp<\/li>\n<li>instalare rapid\u0103 \u0219i u\u0219oar\u0103: 5 min\/mp de baraj<\/li>\n<li>sistem \u00een \u00eentregime demontabil\/mobil<\/li>\n<li>aliaje de \u00eenalt\u0103 rezisten\u021b\u0103 mecanic\u0103<\/li>\n<li>adecvat pentru regiunile foarte calde sau foarte reci (test\u0103ri la temperaturi de -60 \u00b0 C)<\/li>\n<li>nu necesit\u0103 mentenan\u021b\u0103<\/li>\n<li>barajele anti-inunda\u021bii sunt garantate 20 de ani<\/li>\n<\/ul>\n<\/div>\n<div class=\"t\"><strong>CONDUCEM INTREGUL PROCES DE FABRICATIE<\/strong><\/div>\n<div class=\"s\">\n<ul>\n<li>protec\u021bie fabricat\u0103 \u00een \u00eentregime din aliaje de aluminiu marin furnizate de o companie multina\u021bional\u0103 elve\u021bian\u0103 de extrudare a aluminiului<\/li>\n<li>avem propriu nostru atelier de inginerie cu personal de expertiz\u0103<\/li>\n<li>lu\u0103m \u00een considerare studiile de teren pentru a planifica \u00een colaborare cu operatorul de funda\u021bie st\u00e2lpii no\u0219tri intermediari de sprijin<\/li>\n<li>produsele pe care le livr\u0103m sunt gata s\u0103 fie instalate datorit\u0103 fabric\u0103rii cu precizie milimetric\u0103<\/li>\n<li>datorit\u0103 experien\u021bei noastre \u00eendelungate, \u00eenceput\u0103 \u00een anul 1970, suntem capabili s\u0103 afl\u0103m \u0219i s\u0103 oferim cel mai bun sistem de baraje anti-inunda\u021bii potrivit cerin\u021belor dumneavoastr\u0103!<\/li>\n<\/ul>\n<\/div>\n<p>[\/vc_column_text][\/vc_tta_section][\/vc_tta_tabs][\/vc_column][\/vc_row]<\/p>\n<\/div>","protected":false},"excerpt":{"rendered":"<p>[vc_row][vc_column][vc_custom_heading text=&#8221;Piese de mentenan\u021b\u0103 \u0219i \u00eenlocuire&#8221; use_theme_fonts=&#8221;yes&#8221;][vc_custom_heading text=&#8221;Cu noi nu este necesar\u0103 mentenan\u021ba!&#8221; font_container=&#8221;tag:div|text_align:left&#8221; use_theme_fonts=&#8221;yes&#8221;][vc_tta_tabs style=&#8221;modern&#8221; shape=&#8221;square&#8221; spacing=&#8221;2&#8243; active_section=&#8221;1&#8243; css=&#8221;.vc_custom_1579979045895{margin-top: [&hellip;]<\/p>\n","protected":false},"author":2,"featured_media":0,"parent":481,"menu_order":3,"comment_status":"closed","ping_status":"closed","template":"","meta":{"footnotes":""},"class_list":["post-490","page","type-page","status-publish","hentry"],"aioseo_notices":[],"_links":{"self":[{"href":"https:\/\/www.bergtecprotection.com\/ro\/wp-json\/wp\/v2\/pages\/490","targetHints":{"allow":["GET"]}}],"collection":[{"href":"https:\/\/www.bergtecprotection.com\/ro\/wp-json\/wp\/v2\/pages"}],"about":[{"href":"https:\/\/www.bergtecprotection.com\/ro\/wp-json\/wp\/v2\/types\/page"}],"author":[{"embeddable":true,"href":"https:\/\/www.bergtecprotection.com\/ro\/wp-json\/wp\/v2\/users\/2"}],"replies":[{"embeddable":true,"href":"https:\/\/www.bergtecprotection.com\/ro\/wp-json\/wp\/v2\/comments?post=490"}],"version-history":[{"count":0,"href":"https:\/\/www.bergtecprotection.com\/ro\/wp-json\/wp\/v2\/pages\/490\/revisions"}],"up":[{"embeddable":true,"href":"https:\/\/www.bergtecprotection.com\/ro\/wp-json\/wp\/v2\/pages\/481"}],"wp:attachment":[{"href":"https:\/\/www.bergtecprotection.com\/ro\/wp-json\/wp\/v2\/media?parent=490"}],"curies":[{"name":"wp","href":"https:\/\/api.w.org\/{rel}","templated":true}]}}