{"id":487,"date":"2019-11-30T22:25:58","date_gmt":"2019-11-30T22:25:58","guid":{"rendered":"https:\/\/www.bergtecprotection.com\/handling-accessories\/protection-accessories\/"},"modified":"2020-11-26T13:53:12","modified_gmt":"2020-11-26T13:53:12","slug":"accesorii-protectie","status":"publish","type":"page","link":"https:\/\/www.bergtecprotection.com\/ro\/accesorii-manuale\/accesorii-protectie\/","title":{"rendered":"Accesorii de protec\u021bie"},"content":{"rendered":"<div class=\"wpb-content-wrapper\"><p>[vc_row][vc_column][vc_custom_heading text=&#8221;Accesorii de protec\u021bie&#8221; use_theme_fonts=&#8221;yes&#8221;][vc_custom_heading text=&#8221;&#8221; font_container=&#8221;tag:div|text_align:left&#8221; use_theme_fonts=&#8221;yes&#8221;][vc_tta_tabs style=&#8221;modern&#8221; shape=&#8221;square&#8221; spacing=&#8221;2&#8243; active_section=&#8221;1&#8243; css=&#8221;.vc_custom_1579979045895{margin-top: 34px !important;margin-bottom: 60px !important;}&#8221;][vc_tta_section i_icon_fontawesome=&#8221;fa fa-file-text-o&#8221; add_icon=&#8221;true&#8221; title=&#8221;Descriere&#8221; tab_id=&#8221;1579979003987-bf6b0eac-f77b5dcc-0997&#8243;][vc_column_text css=&#8221;.vc_custom_1605813470483{margin-top: 34px !important;margin-bottom: 34px !important;}&#8221;]<b>\u00cenveli\u0219uri de protec\u021bie pentru bare laterale<\/b><\/p>\n<p>\u00cen zonele urbane, \u00een cazul \u00een care exist\u0103 riscul de vandalism sau deteriorare a elementelor de fixare permanent\u0103, v\u0103 punem la dispozi\u021bie \u00eenveli\u0219uri de protec\u021bie. Acestea sunt realizate la comand\u0103, pot fi fabricate pentru a oferi un aspect estetic \u0219i sunt fixate cu \u0219uruburi din o\u021bel inoxidabil.<\/p>\n<p><b>\u00cenveli\u0219uri de protec\u021bie cu fixare la sol pentru st\u00e2lpi intermediari<\/b><\/p>\n<p>\u00cen mod normal, \u00eenveli\u0219urile fixate la nivelul solului cu scopul de a proteja st\u00e2lpii barajului anti-inunda\u021bii sunt mascate \u0219i trebuie protejate de vehicule sau de orice deteriorare care ar putea bloca sau \u00eempiedica str\u00e2ngerea \u0219uruburilor \u0219i piuli\u021belor. Din acest motiv, furniz\u0103m \u00eenveli\u0219uri special proiectate s\u0103 ofere o siguran\u021b\u0103 \u00een plus.[\/vc_column_text][\/vc_tta_section][vc_tta_section i_icon_fontawesome=&#8221;fa fa-handshake-o&#8221; add_icon=&#8221;true&#8221; title=&#8221;Garan\u021bie&#8221; tab_id=&#8221;1579979985630-25d11eaf-c97d5dcc-0997&#8243;][vc_column_text css=&#8221;.vc_custom_1606224472695{margin-top: 34px !important;margin-bottom: 34px !important;}&#8221;]<\/p>\n<div class=\"t\"><strong>GARAN\u021aIE BERGTEC MSU<\/strong><\/div>\n<div class=\"s\">\n<ul>\n<li>o rat\u0103 de scurgere foarte sc\u0103zut\u0103 &lt;2,3 litri\/or\u0103\/mp<\/li>\n<li>instalare rapid\u0103 \u0219i u\u0219oar\u0103: 5 min\/mp de baraj<\/li>\n<li>sistem \u00een \u00eentregime demontabil\/mobil<\/li>\n<li>aliaje de \u00eenalt\u0103 rezisten\u021b\u0103 mecanic\u0103<\/li>\n<li>adecvat pentru regiunile foarte calde sau foarte reci (test\u0103ri la temperaturi de -60 \u00b0 C)<\/li>\n<li>nu necesit\u0103 mentenan\u021b\u0103<\/li>\n<li>barajele anti-inunda\u021bii sunt garantate 20 de ani<\/li>\n<\/ul>\n<\/div>\n<p>&nbsp;<\/p>\n<div class=\"t\"><strong>CONDUCEM INTREGUL PROCES DE FABRICATIE<\/strong><\/div>\n<div class=\"s\">\n<ul>\n<li>protec\u021bie fabricat\u0103 \u00een \u00eentregime din aliaje de aluminiu marin furnizate de o companie multina\u021bional\u0103 elve\u021bian\u0103 de extrudare a aluminiului<\/li>\n<li>avem propriu nostru atelier de inginerie cu personal de expertiz\u0103<\/li>\n<li>lu\u0103m \u00een considerare studiile de teren pentru a planifica \u00een colaborare cu operatorul de funda\u021bie st\u00e2lpii no\u0219tri intermediari de sprijin<\/li>\n<li>produsele pe care le livr\u0103m sunt gata s\u0103 fie instalate datorit\u0103 fabric\u0103rii cu precizie milimetric\u0103<\/li>\n<li>datorit\u0103 experien\u021bei noastre \u00eendelungate, \u00eenceput\u0103 \u00een anul 1970, suntem capabili s\u0103 afl\u0103m \u0219i s\u0103 oferim cel mai bun sistem de baraje anti-inunda\u021bii potrivit cerin\u021belor dumneavoastr\u0103!<\/li>\n<\/ul>\n<\/div>\n<p>[\/vc_column_text][\/vc_tta_section][vc_tta_section i_icon_fontawesome=&#8221;fa fa-picture-o&#8221; add_icon=&#8221;true&#8221; title=&#8221;Galerie&#8221; tab_id=&#8221;1579979004025-7d17bdc9-51745dcc-0997&#8243;][vc_masonry_media_grid item=&#8221;masonryMedia_SlideTop&#8221; initial_loading_animation=&#8221;fadeIn&#8221; grid_id=&#8221;vc_gid:1606224415637-4941428c-c012-10&#8243; include=&#8221;622,624,626,763,762,761&#8243; css=&#8221;.vc_custom_1581533432134{margin-top: 60px !important;margin-bottom: 60px !important;}&#8221;][\/vc_tta_section][\/vc_tta_tabs][\/vc_column][\/vc_row]<\/p>\n<\/div>","protected":false},"excerpt":{"rendered":"<p>[vc_row][vc_column][vc_custom_heading text=&#8221;Accesorii de protec\u021bie&#8221; use_theme_fonts=&#8221;yes&#8221;][vc_custom_heading text=&#8221;&#8221; font_container=&#8221;tag:div|text_align:left&#8221; use_theme_fonts=&#8221;yes&#8221;][vc_tta_tabs style=&#8221;modern&#8221; shape=&#8221;square&#8221; spacing=&#8221;2&#8243; active_section=&#8221;1&#8243; css=&#8221;.vc_custom_1579979045895{margin-top: 34px !important;margin-bottom: 60px !important;}&#8221;][vc_tta_section i_icon_fontawesome=&#8221;fa fa-file-text-o&#8221; add_icon=&#8221;true&#8221; [&hellip;]<\/p>\n","protected":false},"author":2,"featured_media":0,"parent":481,"menu_order":2,"comment_status":"closed","ping_status":"closed","template":"","meta":{"footnotes":""},"class_list":["post-487","page","type-page","status-publish","hentry"],"aioseo_notices":[],"_links":{"self":[{"href":"https:\/\/www.bergtecprotection.com\/ro\/wp-json\/wp\/v2\/pages\/487","targetHints":{"allow":["GET"]}}],"collection":[{"href":"https:\/\/www.bergtecprotection.com\/ro\/wp-json\/wp\/v2\/pages"}],"about":[{"href":"https:\/\/www.bergtecprotection.com\/ro\/wp-json\/wp\/v2\/types\/page"}],"author":[{"embeddable":true,"href":"https:\/\/www.bergtecprotection.com\/ro\/wp-json\/wp\/v2\/users\/2"}],"replies":[{"embeddable":true,"href":"https:\/\/www.bergtecprotection.com\/ro\/wp-json\/wp\/v2\/comments?post=487"}],"version-history":[{"count":0,"href":"https:\/\/www.bergtecprotection.com\/ro\/wp-json\/wp\/v2\/pages\/487\/revisions"}],"up":[{"embeddable":true,"href":"https:\/\/www.bergtecprotection.com\/ro\/wp-json\/wp\/v2\/pages\/481"}],"wp:attachment":[{"href":"https:\/\/www.bergtecprotection.com\/ro\/wp-json\/wp\/v2\/media?parent=487"}],"curies":[{"name":"wp","href":"https:\/\/api.w.org\/{rel}","templated":true}]}}