{"id":484,"date":"2019-11-30T22:25:58","date_gmt":"2019-11-30T22:25:58","guid":{"rendered":"https:\/\/www.bergtecprotection.com\/handling-accessories\/installation-and-equipment-support\/"},"modified":"2020-12-10T08:23:33","modified_gmt":"2020-12-10T08:23:33","slug":"suport-instalare-echipamente","status":"publish","type":"page","link":"https:\/\/www.bergtecprotection.com\/ro\/accesorii-manuale\/suport-instalare-echipamente\/","title":{"rendered":"Suport de instalare \u0219i echipamente"},"content":{"rendered":"<div class=\"wpb-content-wrapper\"><p>[vc_row][vc_column][vc_custom_heading text=&#8221;Installation and handling support&#8221; use_theme_fonts=&#8221;yes&#8221;][vc_custom_heading text=&#8221;&#8221; font_container=&#8221;tag:div|text_align:left&#8221; use_theme_fonts=&#8221;yes&#8221;][vc_tta_tabs style=&#8221;modern&#8221; shape=&#8221;square&#8221; spacing=&#8221;2&#8243; active_section=&#8221;1&#8243; css=&#8221;.vc_custom_1579979045895{margin-top: 34px !important;margin-bottom: 60px !important;}&#8221;][vc_tta_section i_icon_fontawesome=&#8221;fa fa-file-text-o&#8221; add_icon=&#8221;true&#8221; title=&#8221;Description&#8221; tab_id=&#8221;1579979003987-bf6b0eac-f77bce0a-e69b&#8221;][vc_column_text css=&#8221;.vc_custom_1605809756012{margin-top: 34px !important;margin-bottom: 34px !important;}&#8221;]<b><span data-contrast=\"auto\">C\u0103rucioare de manipulare \u0219i <\/span><\/b><b><span data-contrast=\"auto\">depozitare (vezi imaginea 1 \u0219i 2 de mai jos)<\/span><\/b><span data-ccp-props=\"{&quot;201341983&quot;:0,&quot;335551550&quot;:6,&quot;335551620&quot;:6,&quot;335559740&quot;:360}\">\u00a0<\/span><\/p>\n<p><span data-contrast=\"auto\">C\u0103rucioare<\/span><span data-contrast=\"auto\">le<\/span><span data-contrast=\"auto\"> sunt conce<\/span><span data-contrast=\"auto\">pute pentru a oferi componentelor individuale <\/span><span data-contrast=\"auto\">un mediu si<\/span><span data-contrast=\"auto\">gur, cu scopul<\/span><span data-contrast=\"auto\"> de <\/span><span data-contrast=\"auto\">a <\/span><span data-contrast=\"auto\">proteja <\/span><span data-contrast=\"auto\">de deteriorare <\/span><span data-contrast=\"auto\">garnitura<\/span><span data-contrast=\"auto\"> special\u0103 de etan\u0219are <\/span><span data-contrast=\"auto\">dup\u0103 depozitare<\/span><span data-contrast=\"auto\">. <\/span><span data-contrast=\"auto\">Un alt scop al c\u0103ruciorului este de a evita manipula<\/span><span data-contrast=\"auto\">rea brutal\u0103 a diferitelor componente <\/span><span data-contrast=\"auto\">atunci c\u00e2nd <\/span><span data-contrast=\"auto\">acestea sunt <\/span><span data-contrast=\"auto\">depozitat<\/span><span data-contrast=\"auto\">e<\/span><span data-contrast=\"auto\"> sau transportate de la locul de depoz<\/span><span data-contrast=\"auto\">itare la pozi\u021bia de instalare deoarece<\/span><span data-contrast=\"auto\"> garniturile<\/span><span data-contrast=\"auto\"> sunt destul de fragile iar <\/span><span data-contrast=\"auto\">grinzi<\/span><span data-contrast=\"auto\">le<\/span><span data-contrast=\"auto\"> pot fi sensibile la accidente<\/span><span data-contrast=\"auto\">. <\/span><span data-contrast=\"auto\">Acest lucru permite <\/span><span data-contrast=\"auto\">ca inspec\u021b<\/span><span data-contrast=\"auto\">ia dumneavoastr\u0103 anual\u0103 sa fie efectuat\u0103<\/span><span data-contrast=\"auto\"> \u00een mod eficient. Toate c\u0103rucioare noastre sunt f\u0103cute la comand<\/span><span data-contrast=\"auto\">\u0103,<\/span><span data-contrast=\"auto\"> fabricate cu precizie \u0219i cuprind<\/span><span data-contrast=\"auto\"> o medie de 20 mp <\/span><span data-contrast=\"auto\">de <\/span><span data-contrast=\"auto\">baraje<\/span> <span data-contrast=\"auto\">anti-<\/span><span data-contrast=\"auto\">inunda\u021b<\/span><span data-contrast=\"auto\">ii<\/span><span data-contrast=\"auto\"> sau o greutate de m<\/span><span data-contrast=\"auto\">axim<\/span><span data-contrast=\"auto\">um<\/span><span data-contrast=\"auto\"> 600 kg<\/span><span data-contrast=\"auto\">. <\/span><span data-contrast=\"auto\">Sunt concepute<\/span> <span data-contrast=\"auto\">pentru a fi \u00eempinse, manipulate<\/span><span data-contrast=\"auto\"> de una sau dou\u0103 persoane<\/span><span data-contrast=\"auto\">,<\/span><span data-contrast=\"auto\"> datorit\u0103 role<\/span><span data-contrast=\"auto\">lor supradimensionate dirijabile cu dispozitiv de fr\u00e2nare.<\/span><span data-ccp-props=\"{&quot;201341983&quot;:0,&quot;335551550&quot;:6,&quot;335551620&quot;:6,&quot;335559740&quot;:360}\">\u00a0<\/span><\/p>\n<p><span data-ccp-props=\"{&quot;201341983&quot;:0,&quot;335551550&quot;:6,&quot;335551620&quot;:6,&quot;335559740&quot;:360}\">\u00a0<\/span><\/p>\n<p><b><span data-contrast=\"auto\">A<\/span><\/b><b><span data-contrast=\"auto\">vantaje<\/span><\/b><span data-ccp-props=\"{&quot;201341983&quot;:0,&quot;335551550&quot;:6,&quot;335551620&quot;:6,&quot;335559740&quot;:360}\">\u00a0<\/span><\/p>\n<ul>\n<li><span data-contrast=\"auto\"> Protejaz\u0103<\/span> <span data-contrast=\"auto\">baraj<\/span><span data-contrast=\"auto\">ele<\/span><span data-contrast=\"auto\"> anti-inunda\u021bii<\/span><span data-contrast=\"auto\"> \u0219i dispozitivele de etan\u0219are de<\/span><span data-contrast=\"auto\"> manip<\/span><span data-contrast=\"auto\">ul\u0103rile<\/span><span data-contrast=\"auto\"> incorecte<\/span><span data-contrast=\"auto\"> \u00een timpu<\/span><span data-contrast=\"auto\">l transportului \u0219i depozit\u0103rii<\/span><span data-contrast=\"auto\">;<\/span><\/li>\n<li><span data-contrast=\"auto\"> Asigur\u0103<\/span> <span data-contrast=\"auto\">instala<\/span><span data-contrast=\"auto\">re<\/span><span data-contrast=\"auto\">a rapid\u0103<\/span> <span data-contrast=\"auto\">a barajelor anti-<\/span><span data-contrast=\"auto\">inunda\u021bii \u00een condi\u021b<\/span><span data-contrast=\"auto\">ii de siguran\u021b\u0103<\/span><span data-contrast=\"auto\">.<\/span><\/li>\n<\/ul>\n<p><span data-ccp-props=\"{&quot;201341983&quot;:0,&quot;335551550&quot;:6,&quot;335551620&quot;:6,&quot;335559740&quot;:360}\">\u00a0<\/span><\/p>\n<p><b><span data-contrast=\"auto\">Etichetare <\/span><\/b><b><span data-contrast=\"auto\">metalic\u0103<\/span><\/b><span data-ccp-props=\"{&quot;201341983&quot;:0,&quot;335551550&quot;:6,&quot;335551620&quot;:6,&quot;335559740&quot;:360}\">\u00a0<\/span><\/p>\n<p><span data-contrast=\"auto\">Localizarea <\/span><span data-contrast=\"auto\">\u0219i marcarea diferitelor componente car<\/span><span data-contrast=\"auto\">e alc<\/span><span data-contrast=\"auto\">\u0103tuiesc <\/span><span data-contrast=\"auto\">barajul<\/span><span data-contrast=\"auto\"> sau <\/span><span data-contrast=\"auto\">batardoul<\/span> <span data-contrast=\"auto\">este realizat\u0103 <\/span><span data-contrast=\"auto\">prin <\/span><span data-contrast=\"auto\">montarea de etichete <\/span><span data-contrast=\"auto\">metalice. Acest lucru permite identificarea rapid\u0103 a ordinii de asamblare a diferitelor componen<\/span><span data-contrast=\"auto\">te care pot fi foarte numeroase<\/span><span data-contrast=\"auto\"> \u00een cazul <\/span><span data-contrast=\"auto\">unui baraj<\/span><span data-contrast=\"auto\"> de <\/span><span data-contrast=\"auto\">protec\u021b<\/span><span data-contrast=\"auto\">i<\/span><span data-contrast=\"auto\">e <\/span><span data-contrast=\"auto\">de mari dimensiuni<\/span><span data-contrast=\"auto\">.\u00a0<\/span><span data-ccp-props=\"{&quot;201341983&quot;:0,&quot;335551550&quot;:6,&quot;335551620&quot;:6,&quot;335559740&quot;:360}\">\u00a0<\/span><\/p>\n<p><span data-ccp-props=\"{&quot;201341983&quot;:0,&quot;335551550&quot;:6,&quot;335551620&quot;:6,&quot;335559740&quot;:360}\">\u00a0<\/span><\/p>\n<p><b><span data-contrast=\"auto\">Plan<\/span><\/b><b><span data-contrast=\"auto\">ul de execu\u021b<\/span><\/b><b><span data-contrast=\"auto\">ie<\/span><\/b><b><span data-contrast=\"auto\"> \u0219i<\/span><\/b><b><span data-contrast=\"auto\"> instalare<\/span><\/b><span data-ccp-props=\"{&quot;201341983&quot;:0,&quot;335551550&quot;:6,&quot;335551620&quot;:6,&quot;335559740&quot;:360}\">\u00a0<\/span><\/p>\n<p><span data-contrast=\"auto\">Detaliile <\/span><span data-contrast=\"auto\">execu\u021b<\/span><span data-contrast=\"auto\">iei, <\/span><span data-contrast=\"auto\">planul<\/span><span data-contrast=\"auto\"> de instalare \u0219i<\/span><span data-contrast=\"auto\"> lista de <\/span><span data-contrast=\"auto\">material<\/span><span data-contrast=\"auto\">e<\/span><span data-contrast=\"auto\"> sunt furnizate de c\u0103tre <\/span><span data-contrast=\"auto\">departamentul nostru de proiectare<\/span><span data-contrast=\"auto\"> \u0219<\/span><span data-contrast=\"auto\">i<\/span><span data-contrast=\"auto\"> cercetare<\/span><span data-contrast=\"auto\"> care utilizeaz\u0103 sistemul<\/span><span data-contrast=\"auto\"> 3D CAD.<\/span><span data-ccp-props=\"{&quot;201341983&quot;:0,&quot;335551550&quot;:6,&quot;335551620&quot;:6,&quot;335559740&quot;:360}\">\u00a0<\/span><\/p>\n<p><span data-contrast=\"auto\">V\u0103 punem la dispozi\u021b<\/span><span data-contrast=\"auto\">ie<\/span><span data-contrast=\"auto\"> un cuprinz\u0103tor &#8222;<\/span><span data-contrast=\"auto\">dosar al produc\u0103<\/span><span data-contrast=\"auto\">torului <\/span><span data-contrast=\"auto\">&#8222;, cu <\/span><span data-contrast=\"auto\">un plan de \u00ee<\/span><span data-contrast=\"auto\">ndrumare <\/span><span data-contrast=\"auto\">rapid \u0219i u\u0219o<\/span><span data-contrast=\"auto\">r<\/span><span data-contrast=\"auto\">,<\/span><span data-contrast=\"auto\"> c<\/span><span data-contrast=\"auto\">are <\/span><span data-contrast=\"auto\">v\u0103 <\/span><span data-contrast=\"auto\">arat\u0103 &#8222;ce si unde<\/span><span data-contrast=\"auto\">&#8222;<\/span><span data-contrast=\"auto\">.<\/span><span data-ccp-props=\"{&quot;201341983&quot;:0,&quot;335551550&quot;:6,&quot;335551620&quot;:6,&quot;335559740&quot;:360}\">\u00a0<\/span>[\/vc_column_text][\/vc_tta_section][vc_tta_section i_icon_fontawesome=&#8221;fa fa-handshake-o&#8221; add_icon=&#8221;true&#8221; title=&#8221;Garan\u021bie&#8221; tab_id=&#8221;1579979985630-25d11eaf-c97dce0a-e69b&#8221;][vc_column_text css=&#8221;.vc_custom_1606224384127{margin-top: 34px !important;margin-bottom: 34px !important;}&#8221;]<\/p>\n<div class=\"t\"><strong>GARAN\u021aIE BERGTEC MSU<\/strong><\/div>\n<div class=\"s\">\n<ul>\n<li>o rat\u0103 de scurgere foarte sc\u0103zut\u0103 &lt;2,3 litri\/or\u0103\/mp<\/li>\n<li>instalare rapid\u0103 \u0219i u\u0219oar\u0103: 5 min\/mp de baraj<\/li>\n<li>sistem \u00een \u00eentregime demontabil\/mobil<\/li>\n<li>aliaje de \u00eenalt\u0103 rezisten\u021b\u0103 mecanic\u0103<\/li>\n<li>adecvat pentru regiunile foarte calde sau foarte reci (test\u0103ri la temperaturi de -60 \u00b0 C)<\/li>\n<li>nu necesit\u0103 mentenan\u021b\u0103<\/li>\n<li>barajele anti-inunda\u021bii sunt garantate 20 de ani<\/li>\n<\/ul>\n<\/div>\n<p>&nbsp;<\/p>\n<div class=\"t\"><strong>CONDUCEM INTREGUL PROCES DE FABRICATIE<\/strong><\/div>\n<div class=\"s\">\n<ul>\n<li>protec\u021bie fabricat\u0103 \u00een \u00eentregime din aliaje de aluminiu marin furnizate de o companie multina\u021bional\u0103 elve\u021bian\u0103 de extrudare a aluminiului<\/li>\n<li>avem propriu nostru atelier de inginerie cu personal de expertiz\u0103<\/li>\n<li>lu\u0103m \u00een considerare studiile de teren pentru a planifica \u00een colaborare cu operatorul de funda\u021bie st\u00e2lpii no\u0219tri intermediari de sprijin<\/li>\n<li>produsele pe care le livr\u0103m sunt gata s\u0103 fie instalate datorit\u0103 fabric\u0103rii cu precizie milimetric\u0103<\/li>\n<li>datorit\u0103 experien\u021bei noastre \u00eendelungate, \u00eenceput\u0103 \u00een anul 1970, suntem capabili s\u0103 afl\u0103m \u0219i s\u0103 oferim cel mai bun sistem de baraje anti-inunda\u021bii potrivit cerin\u021belor dumneavoastr\u0103!<\/li>\n<\/ul>\n<\/div>\n<p>[\/vc_column_text][\/vc_tta_section][vc_tta_section i_icon_fontawesome=&#8221;fa fa-picture-o&#8221; add_icon=&#8221;true&#8221; title=&#8221;Galerie&#8221; tab_id=&#8221;1579979004025-7d17bdc9-5174ce0a-e69b&#8221;][vc_masonry_media_grid item=&#8221;masonryMedia_SlideTop&#8221; initial_loading_animation=&#8221;fadeIn&#8221; grid_id=&#8221;vc_gid:1606398401534-74904b87-e969-6&#8243; include=&#8221;776,612,616,614,618,620&#8243; css=&#8221;.vc_custom_1581533302365{margin-top: 60px !important;margin-bottom: 60px !important;}&#8221;][\/vc_tta_section][\/vc_tta_tabs][\/vc_column][\/vc_row]<\/p>\n<\/div>","protected":false},"excerpt":{"rendered":"<p>[vc_row][vc_column][vc_custom_heading text=&#8221;Installation and handling support&#8221; use_theme_fonts=&#8221;yes&#8221;][vc_custom_heading text=&#8221;&#8221; font_container=&#8221;tag:div|text_align:left&#8221; use_theme_fonts=&#8221;yes&#8221;][vc_tta_tabs style=&#8221;modern&#8221; shape=&#8221;square&#8221; spacing=&#8221;2&#8243; active_section=&#8221;1&#8243; css=&#8221;.vc_custom_1579979045895{margin-top: 34px !important;margin-bottom: 60px !important;}&#8221;][vc_tta_section i_icon_fontawesome=&#8221;fa fa-file-text-o&#8221; [&hellip;]<\/p>\n","protected":false},"author":2,"featured_media":0,"parent":481,"menu_order":1,"comment_status":"closed","ping_status":"closed","template":"","meta":{"footnotes":""},"class_list":["post-484","page","type-page","status-publish","hentry"],"aioseo_notices":[],"_links":{"self":[{"href":"https:\/\/www.bergtecprotection.com\/ro\/wp-json\/wp\/v2\/pages\/484","targetHints":{"allow":["GET"]}}],"collection":[{"href":"https:\/\/www.bergtecprotection.com\/ro\/wp-json\/wp\/v2\/pages"}],"about":[{"href":"https:\/\/www.bergtecprotection.com\/ro\/wp-json\/wp\/v2\/types\/page"}],"author":[{"embeddable":true,"href":"https:\/\/www.bergtecprotection.com\/ro\/wp-json\/wp\/v2\/users\/2"}],"replies":[{"embeddable":true,"href":"https:\/\/www.bergtecprotection.com\/ro\/wp-json\/wp\/v2\/comments?post=484"}],"version-history":[{"count":0,"href":"https:\/\/www.bergtecprotection.com\/ro\/wp-json\/wp\/v2\/pages\/484\/revisions"}],"up":[{"embeddable":true,"href":"https:\/\/www.bergtecprotection.com\/ro\/wp-json\/wp\/v2\/pages\/481"}],"wp:attachment":[{"href":"https:\/\/www.bergtecprotection.com\/ro\/wp-json\/wp\/v2\/media?parent=484"}],"curies":[{"name":"wp","href":"https:\/\/api.w.org\/{rel}","templated":true}]}}