{"id":474,"date":"2019-11-30T22:25:58","date_gmt":"2019-11-30T22:25:58","guid":{"rendered":"https:\/\/www.bergtecprotection.com\/flood-barrier-protection\/waterproof-cover\/"},"modified":"2020-12-10T08:09:42","modified_gmt":"2020-12-10T08:09:42","slug":"capace-etanse","status":"publish","type":"page","link":"https:\/\/www.bergtecprotection.com\/ro\/capace-etanse\/","title":{"rendered":"Capace etan\u0219e"},"content":{"rendered":"<div class=\"wpb-content-wrapper\"><p>[vc_row][vc_column][vc_custom_heading text=&#8221;Capace etan\u0219e&#8221; use_theme_fonts=&#8221;yes&#8221; css=&#8221;.vc_custom_1580038184071{margin-bottom: 34px !important;}&#8221;][vc_custom_heading text=&#8221;&#8221; font_container=&#8221;tag:div|text_align:left&#8221; use_theme_fonts=&#8221;yes&#8221; css=&#8221;.vc_custom_1579979175621{margin-bottom: 34px !important;}&#8221;][vc_tta_tabs style=&#8221;modern&#8221; shape=&#8221;square&#8221; spacing=&#8221;2&#8243; active_section=&#8221;1&#8243; css=&#8221;.vc_custom_1579979045895{margin-top: 34px !important;margin-bottom: 60px !important;}&#8221;][vc_tta_section i_icon_fontawesome=&#8221;fa fa-file-text-o&#8221; add_icon=&#8221;true&#8221; title=&#8221;Descriere&#8221; tab_id=&#8221;1579979003987-bf6b0eac-f77b5b0d-f320&#8243;][vc_column_text css=&#8221;.vc_custom_1605811211834{margin-top: 34px !important;margin-bottom: 34px !important;}&#8221;]<b><span data-contrast=\"auto\">Func\u021bia<\/span><\/b><span data-ccp-props=\"{&quot;201341983&quot;:0,&quot;335551550&quot;:6,&quot;335551620&quot;:6,&quot;335559740&quot;:360}\">\u00a0<\/span><\/p>\n<p><span data-contrast=\"auto\">Zonele <\/span><span data-contrast=\"auto\">subteran<\/span><span data-contrast=\"auto\">e<\/span> <span data-contrast=\"auto\">\u0219i subsoluri<\/span><span data-contrast=\"auto\">le<\/span><span data-contrast=\"auto\"> pot fi <\/span><span data-contrast=\"auto\">uneori <\/span><span data-contrast=\"auto\">afecta<\/span><span data-contrast=\"auto\">te de inunda\u021bii<\/span><span data-contrast=\"auto\">. <\/span><span data-contrast=\"auto\">V\u0103 o<\/span><span data-contrast=\"auto\">ferim <\/span><span data-contrast=\"auto\">capace<\/span> <span data-contrast=\"auto\">deta\u0219abile <\/span><span data-contrast=\"auto\">cu <\/span><span data-contrast=\"auto\">garnituri de etan\u0219are eficiente<\/span><span data-contrast=\"auto\">,<\/span> <span data-contrast=\"auto\">care<\/span><span data-contrast=\"auto\"> pot<\/span><span data-contrast=\"auto\"> fi utilizat<\/span><span data-contrast=\"auto\">e<\/span><span data-contrast=\"auto\"> de <\/span><span data-contrast=\"auto\">c\u0103tre pe<\/span><span data-contrast=\"auto\">rsonalul de \u00eentre\u021binere \u00een conditii de siguran\u021b\u0103<\/span><span data-contrast=\"auto\">. Criterii<\/span><span data-contrast=\"auto\">le de proiectare pot lua \u00een considerare <\/span><span data-contrast=\"auto\">sarcin\u0103<\/span><span data-contrast=\"auto\"> excesiv\u0103<\/span> <span data-contrast=\"auto\">dac\u0103<\/span><span data-contrast=\"auto\"> acest lucru <\/span><span data-contrast=\"auto\">este <\/span><span data-contrast=\"auto\">necesar.<\/span><span data-ccp-props=\"{&quot;201341983&quot;:0,&quot;335551550&quot;:6,&quot;335551620&quot;:6,&quot;335559740&quot;:360}\">\u00a0<\/span><\/p>\n<p><span data-ccp-props=\"{&quot;201341983&quot;:0,&quot;335551550&quot;:6,&quot;335551620&quot;:6,&quot;335559740&quot;:360}\">\u00a0<\/span><\/p>\n<p><b><span data-contrast=\"auto\">Proiectare<\/span><\/b><b><span data-contrast=\"auto\">a<\/span><\/b><span data-ccp-props=\"{&quot;201341983&quot;:0,&quot;335551550&quot;:6,&quot;335551620&quot;:6,&quot;335559740&quot;:360}\">\u00a0<\/span><\/p>\n<p><span data-contrast=\"auto\">Datorit\u0103 expertizei <\/span><span data-contrast=\"auto\">noastre <\/span><span data-contrast=\"auto\">\u0219<\/span><span data-contrast=\"auto\">i flexibilit\u0103\u021bii \u00een<\/span><span data-contrast=\"auto\"> proiectare<\/span><span data-contrast=\"auto\">, putem oferi diverse solu\u021bii <\/span><span data-contrast=\"auto\">mobile de <\/span><span data-contrast=\"auto\">rezisten\u021b\u0103 \u0219i impermeabilitate la ap\u0103, <\/span><span data-contrast=\"auto\">care permit asamblare<\/span><span data-contrast=\"auto\"> r<\/span><span data-contrast=\"auto\">apid\u0103 \u0219i acces u\u0219or. <\/span><span data-contrast=\"auto\">\u00cen proiectare, combin\u0103m<\/span><span data-contrast=\"auto\"> ansambluri de fixare prin \u00een\u0219<\/span><span data-contrast=\"auto\">urubare realizate <\/span><span data-contrast=\"auto\">din o\u021bel inoxidabil \u0219i<\/span> <span data-contrast=\"auto\">capace etan\u0219e<\/span><span data-contrast=\"auto\"> din <\/span><span data-contrast=\"auto\">aliaj de aluminiu<\/span> <span data-contrast=\"auto\">(ex.<\/span><span data-contrast=\"auto\">, capac <\/span><span data-contrast=\"auto\">etan\u0219<\/span><span data-contrast=\"auto\"> rezistent la 30 tone de presiune, cu DN<\/span> <span data-contrast=\"auto\">1500 mm<\/span><span data-contrast=\"auto\">, complet demontabil, instalat \u00een <\/span><span data-contrast=\"auto\">interiorul conductei<\/span><span data-contrast=\"auto\"> de canalizare subteran\u0103)<\/span><span data-contrast=\"auto\">,<\/span><span data-contrast=\"auto\"> \u021bin\u00e2nd<\/span><span data-contrast=\"auto\"> seama \u00een mod corespunz\u0103tor de constr\u00e2ngerile locale.<\/span><span data-ccp-props=\"{&quot;201341983&quot;:0,&quot;335551550&quot;:6,&quot;335551620&quot;:6,&quot;335559740&quot;:360}\">\u00a0<\/span><\/p>\n<p><span data-ccp-props=\"{&quot;201341983&quot;:0,&quot;335551550&quot;:6,&quot;335551620&quot;:6,&quot;335559740&quot;:360}\">\u00a0<\/span><\/p>\n<p><b><span data-contrast=\"auto\">Principiu<\/span><\/b><b><span data-contrast=\"auto\">l<\/span><\/b><b><span data-contrast=\"auto\"> de <\/span><\/b><b><span data-contrast=\"auto\">conformitate<\/span><\/b><span data-ccp-props=\"{&quot;201341983&quot;:0,&quot;335551550&quot;:6,&quot;335551620&quot;:6,&quot;335559740&quot;:360}\">\u00a0<\/span><\/p>\n<p><span data-contrast=\"auto\">Studiile \u0219i cercet\u0103rile<\/span> <span data-contrast=\"auto\">noastre<\/span> <span data-contrast=\"auto\">sunt<\/span><span data-contrast=\"auto\"> realizat<\/span><span data-contrast=\"auto\">e<\/span><span data-contrast=\"auto\"> \u00een totalitate cu<\/span><span data-contrast=\"auto\"> mijloace interne. Fabricarea \u0219i asamblarea prin<\/span><span data-contrast=\"auto\"> sudare, <\/span><span data-contrast=\"auto\">atunci c\u00e2nd este necesar<\/span><span data-contrast=\"auto\">\u0103<\/span><span data-contrast=\"auto\">,<\/span><span data-contrast=\"auto\"> se face \u00een conform<\/span><span data-contrast=\"auto\">itate cu standardele actuale <\/span><span data-contrast=\"auto\">de control al calit\u0103\u021bii, cum<\/span><span data-contrast=\"auto\"> ar fi testele de sudur\u0103 <\/span><span data-contrast=\"auto\">verificate<\/span><span data-contrast=\"auto\"> de c\u0103tre inspectorii de <\/span><span data-contrast=\"auto\">control de calitate (ex.<\/span> <span data-contrast=\"auto\">APAVE, VERITAS, SOCOTEC &#8230;).<\/span><span data-ccp-props=\"{&quot;201341983&quot;:0,&quot;335551550&quot;:6,&quot;335551620&quot;:6,&quot;335559740&quot;:360}\">\u00a0<\/span>[\/vc_column_text][\/vc_tta_section][vc_tta_section i_icon_fontawesome=&#8221;fa fa-handshake-o&#8221; add_icon=&#8221;true&#8221; title=&#8221;Garan\u021bie&#8221; tab_id=&#8221;1579979985630-25d11eaf-c97d5b0d-f320&#8243;][vc_column_text css=&#8221;.vc_custom_1606224097913{margin-top: 34px !important;margin-bottom: 34px !important;}&#8221;]<\/p>\n<div class=\"t\"><strong>GARAN\u021aIE BERGTEC MSU<\/strong><\/div>\n<div class=\"s\">\n<ul>\n<li>o rat\u0103 de scurgere foarte sc\u0103zut\u0103 &lt;3 litri\/or\u0103\/mp<\/li>\n<li>instalare rapid\u0103 \u0219i u\u0219oar\u0103: 5 min\/mp de baraj<\/li>\n<li>sistem \u00een \u00eentregime demontabil\/mobil<\/li>\n<li>aliaje de \u00eenalt\u0103 rezisten\u021b\u0103 mecanic\u0103<\/li>\n<li>adecvat pentru regiunile foarte calde sau foarte reci (test\u0103ri la temperaturi de -60 \u00b0 C)<\/li>\n<li>nu necesit\u0103 mentenan\u021b\u0103<\/li>\n<li>barajele anti-inunda\u021bii sunt garantate 20 de ani<\/li>\n<\/ul>\n<\/div>\n<div class=\"t\"><strong>CONDUCEM INTREGUL PROCES DE FABRICATIE<\/strong><\/div>\n<div class=\"s\">\n<ul>\n<li>protec\u021bie fabricat\u0103 \u00een \u00eentregime din aliaje de aluminiu marin furnizate de o companie multina\u021bional\u0103 elve\u021bian\u0103 de extrudare a aluminiului<\/li>\n<li>avem propriu nostru atelier de inginerie cu personal de expertiz\u0103<\/li>\n<li>lu\u0103m \u00een considerare studiile de teren pentru a planifica \u00een colaborare cu operatorul de funda\u021bie st\u00e2lpii no\u0219tri intermediari de sprijin<\/li>\n<li>produsele pe care le livr\u0103m sunt gata s\u0103 fie instalate datorit\u0103 fabric\u0103rii cu precizie milimetric\u0103<\/li>\n<li>datorit\u0103 experien\u021bei noastre \u00eendelungate, \u00eenceput\u0103 \u00een anul 1970, suntem capabili s\u0103 afl\u0103m \u0219i s\u0103 oferim cel mai bun sistem de baraje anti-inunda\u021bii potrivit cerin\u021belor dumneavoastr\u0103!<\/li>\n<\/ul>\n<\/div>\n<p>[\/vc_column_text][\/vc_tta_section][vc_tta_section i_icon_fontawesome=&#8221;fa fa-picture-o&#8221; add_icon=&#8221;true&#8221; title=&#8221;Galerie&#8221; tab_id=&#8221;1579979004025-7d17bdc9-51745b0d-f320&#8243;][vc_masonry_media_grid item=&#8221;masonryMedia_SlideTop&#8221; initial_loading_animation=&#8221;fadeIn&#8221; grid_id=&#8221;vc_gid:1606224057189-1ed6e85b-f09f-6&#8243; css=&#8221;.vc_custom_1581518865230{margin-top: 30px !important;margin-bottom: 60px !important;}&#8221; include=&#8221;785,783,780,782,781&#8243;][\/vc_tta_section][\/vc_tta_tabs][\/vc_column][\/vc_row]<\/p>\n<\/div>","protected":false},"excerpt":{"rendered":"<p>[vc_row][vc_column][vc_custom_heading text=&#8221;Capace etan\u0219e&#8221; use_theme_fonts=&#8221;yes&#8221; css=&#8221;.vc_custom_1580038184071{margin-bottom: 34px !important;}&#8221;][vc_custom_heading text=&#8221;&#8221; font_container=&#8221;tag:div|text_align:left&#8221; use_theme_fonts=&#8221;yes&#8221; css=&#8221;.vc_custom_1579979175621{margin-bottom: 34px !important;}&#8221;][vc_tta_tabs style=&#8221;modern&#8221; shape=&#8221;square&#8221; spacing=&#8221;2&#8243; active_section=&#8221;1&#8243; css=&#8221;.vc_custom_1579979045895{margin-top: 34px !important;margin-bottom: [&hellip;]<\/p>\n","protected":false},"author":2,"featured_media":0,"parent":0,"menu_order":6,"comment_status":"closed","ping_status":"closed","template":"","meta":{"footnotes":""},"class_list":["post-474","page","type-page","status-publish","hentry"],"aioseo_notices":[],"_links":{"self":[{"href":"https:\/\/www.bergtecprotection.com\/ro\/wp-json\/wp\/v2\/pages\/474","targetHints":{"allow":["GET"]}}],"collection":[{"href":"https:\/\/www.bergtecprotection.com\/ro\/wp-json\/wp\/v2\/pages"}],"about":[{"href":"https:\/\/www.bergtecprotection.com\/ro\/wp-json\/wp\/v2\/types\/page"}],"author":[{"embeddable":true,"href":"https:\/\/www.bergtecprotection.com\/ro\/wp-json\/wp\/v2\/users\/2"}],"replies":[{"embeddable":true,"href":"https:\/\/www.bergtecprotection.com\/ro\/wp-json\/wp\/v2\/comments?post=474"}],"version-history":[{"count":0,"href":"https:\/\/www.bergtecprotection.com\/ro\/wp-json\/wp\/v2\/pages\/474\/revisions"}],"wp:attachment":[{"href":"https:\/\/www.bergtecprotection.com\/ro\/wp-json\/wp\/v2\/media?parent=474"}],"curies":[{"name":"wp","href":"https:\/\/api.w.org\/{rel}","templated":true}]}}