{"id":286,"date":"2019-11-30T22:25:58","date_gmt":"2019-11-30T22:25:58","guid":{"rendered":"https:\/\/www.bergtecprotection.com\/flood-barrier-protection\/waterproof-door\/"},"modified":"2020-12-10T12:46:32","modified_gmt":"2020-12-10T12:46:32","slug":"usi-etanse","status":"publish","type":"page","link":"https:\/\/www.bergtecprotection.com\/ro\/usi-etanse\/","title":{"rendered":"U\u0219i etan\u0219e"},"content":{"rendered":"<div class=\"wpb-content-wrapper\"><p>[vc_row][vc_column][vc_custom_heading text=&#8221;U\u0219i etan\u0219e&#8221; use_theme_fonts=&#8221;yes&#8221; css=&#8221;.vc_custom_1580038099644{margin-bottom: 34px !important;}&#8221;][vc_custom_heading text=&#8221;&#8221; font_container=&#8221;tag:div|text_align:left&#8221; use_theme_fonts=&#8221;yes&#8221; css=&#8221;.vc_custom_1579979175621{margin-bottom: 34px !important;}&#8221;][vc_tta_tabs style=&#8221;modern&#8221; shape=&#8221;square&#8221; spacing=&#8221;2&#8243; active_section=&#8221;1&#8243; css=&#8221;.vc_custom_1579979045895{margin-top: 34px !important;margin-bottom: 60px !important;}&#8221;][vc_tta_section i_icon_fontawesome=&#8221;fa fa-file-text-o&#8221; add_icon=&#8221;true&#8221; title=&#8221;Descriere&#8221; tab_id=&#8221;1579979003987-bf6b0eac-f77b6454-f896&#8243;][vc_column_text css=&#8221;.vc_custom_1606754803695{margin-top: 34px !important;margin-bottom: 34px !important;}&#8221;]<b><span data-contrast=\"auto\">Func\u021bia<\/span><\/b><span data-ccp-props=\"{&quot;201341983&quot;:0,&quot;335551550&quot;:6,&quot;335551620&quot;:6,&quot;335559740&quot;:360}\">\u00a0<\/span><\/p>\n<p><span data-contrast=\"auto\">Accesul la cl\u0103diri sau <\/span><span data-contrast=\"auto\">la <\/span><span data-contrast=\"auto\">zone<\/span><span data-contrast=\"auto\">le<\/span><span data-contrast=\"auto\"> de salubritate po<\/span><span data-contrast=\"auto\">a<\/span><span data-contrast=\"auto\">t<\/span><span data-contrast=\"auto\">e fi u\u0219or protejat<\/span><span data-contrast=\"auto\"> de <\/span><span data-contrast=\"auto\">u\u0219ile noastre<\/span><span data-contrast=\"auto\"> etan\u0219e<\/span><span data-contrast=\"auto\">,<\/span><span data-contrast=\"auto\"> proiectate di<\/span><span data-contrast=\"auto\">n aliaj de<\/span><span data-contrast=\"auto\"> aluminiu, <\/span><span data-contrast=\"auto\">o\u021bel zincat<\/span><span data-contrast=\"auto\"> sau <\/span><span data-contrast=\"auto\">o\u021bel-i<\/span><span data-contrast=\"auto\">nox<\/span><span data-contrast=\"auto\">. Acestea pot fi <\/span><span data-contrast=\"auto\">vopsit<\/span><span data-contrast=\"auto\">e<\/span><span data-contrast=\"auto\"> la cerere<\/span><span data-contrast=\"auto\">.<\/span><span data-ccp-props=\"{&quot;201341983&quot;:0,&quot;335551550&quot;:6,&quot;335551620&quot;:6,&quot;335559740&quot;:360}\">\u00a0<\/span><\/p>\n<p><span data-contrast=\"auto\">U\u0219ile <\/span><span data-contrast=\"auto\">sunt proiectate<\/span><span data-contrast=\"auto\"> dupa criterii<\/span> <span data-contrast=\"auto\">impu<\/span><span data-contrast=\"auto\">se de condi\u021biile de presiune a apei<\/span><span data-contrast=\"auto\"> \u0219i <\/span><span data-contrast=\"auto\">de <\/span><span data-contrast=\"auto\">exis<\/span><span data-contrast=\"auto\">ten\u021b<\/span><span data-contrast=\"auto\">a<\/span><span data-contrast=\"auto\"> profilelor adecvate.\u00a0<\/span><span data-ccp-props=\"{&quot;201341983&quot;:0,&quot;335551550&quot;:6,&quot;335551620&quot;:6,&quot;335559740&quot;:360}\">\u00a0<\/span><\/p>\n<p><span data-ccp-props=\"{&quot;201341983&quot;:0,&quot;335551550&quot;:6,&quot;335551620&quot;:6,&quot;335559740&quot;:360}\">\u00a0<\/span><\/p>\n<p><b><span data-contrast=\"auto\">V<\/span><\/b><b><span data-contrast=\"auto\">arianta di<\/span><\/b><b><span data-contrast=\"auto\">n o\u021bel inoxidabil<\/span><\/b><span data-ccp-props=\"{&quot;201341983&quot;:0,&quot;335551550&quot;:6,&quot;335551620&quot;:6,&quot;335559740&quot;:360}\">\u00a0<\/span><\/p>\n<ul>\n<li><span data-contrast=\"auto\"> Aripa<\/span><span data-contrast=\"auto\"> u\u0219<\/span><span data-contrast=\"auto\">ii <\/span><span data-contrast=\"auto\">este realizat<\/span><span data-contrast=\"auto\">\u0103<\/span> <span data-contrast=\"auto\">di<\/span><span data-contrast=\"auto\">n plac<\/span><span data-contrast=\"auto\">\u0103 de o\u021bel, <\/span><span data-contrast=\"auto\">cu <\/span><span data-contrast=\"auto\">grosime<\/span><span data-contrast=\"auto\"> minim\u0103 <\/span><span data-contrast=\"auto\">de 4 mm \u0219i <\/span><span data-contrast=\"auto\">armare <\/span><span data-contrast=\"auto\">la interior<\/span><\/li>\n<li><span data-contrast=\"auto\"> Cadru cu ancore<\/span><\/li>\n<li><span data-contrast=\"auto\"> Garnituri din EPDM extrudat<\/span><\/li>\n<li><span data-contrast=\"auto\"> B<\/span><span data-contrast=\"auto\">alamale invizibile \u0219i demontabile<\/span><\/li>\n<li><span data-contrast=\"auto\">Sistem de prindere <\/span><span data-contrast=\"auto\">\u00ee<\/span><span data-contrast=\"auto\">n 3 <\/span><span data-contrast=\"auto\">puncte<\/span><\/li>\n<\/ul>\n<p>[\/vc_column_text][\/vc_tta_section][vc_tta_section i_icon_fontawesome=&#8221;fa fa-handshake-o&#8221; add_icon=&#8221;true&#8221; title=&#8221;Garan\u021bie&#8221; tab_id=&#8221;1579979985630-25d11eaf-c97d6454-f896&#8243;][vc_column_text css=&#8221;.vc_custom_1606223953934{margin-top: 34px !important;margin-bottom: 34px !important;}&#8221;]<\/p>\n<div class=\"t\"><strong>GARAN\u021aIE BERGTEC MSU<\/strong><\/div>\n<div class=\"s\">\n<ul>\n<li>o rat\u0103 de scurgere foarte sc\u0103zut\u0103 &lt;2,3 litri\/or\u0103\/mp<\/li>\n<li>instalare rapid\u0103 \u0219i u\u0219oar\u0103: 5 min\/mp de baraj<\/li>\n<li>sistem \u00een \u00eentregime demontabil\/mobil<\/li>\n<li>aliaje de \u00eenalt\u0103 rezisten\u021b\u0103 mecanic\u0103<\/li>\n<li>adecvat pentru regiunile foarte calde sau foarte reci (test\u0103ri la temperaturi de -60 \u00b0 C)<\/li>\n<li>nu necesit\u0103 mentenan\u021b\u0103<\/li>\n<li>barajele anti-inunda\u021bii sunt garantate 20 de ani<\/li>\n<\/ul>\n<\/div>\n<p>&nbsp;<\/p>\n<div class=\"t\"><strong>CONDUCEM INTREGUL PROCES DE FABRICATIE<\/strong><\/div>\n<div class=\"s\">\n<ul>\n<li>protec\u021bie fabricat\u0103 \u00een \u00eentregime din aliaje de aluminiu marin furnizate de o companie multina\u021bional\u0103 elve\u021bian\u0103 de extrudare a aluminiului<\/li>\n<li>avem propriu nostru atelier de inginerie cu personal de expertiz\u0103<\/li>\n<li>lu\u0103m \u00een considerare studiile de teren pentru a planifica \u00een colaborare cu operatorul de funda\u021bie st\u00e2lpii no\u0219tri intermediari de sprijin<\/li>\n<li>produsele pe care le livr\u0103m sunt gata s\u0103 fie instalate datorit\u0103 fabric\u0103rii cu precizie milimetric\u0103<\/li>\n<li>datorit\u0103 experien\u021bei noastre \u00eendelungate, \u00eenceput\u0103 \u00een anul 1970, suntem capabili s\u0103 afl\u0103m \u0219i s\u0103 oferim cel mai bun sistem de baraje anti-inunda\u021bii potrivit cerin\u021belor dumneavoastr\u0103!<\/li>\n<\/ul>\n<\/div>\n<p>[\/vc_column_text][\/vc_tta_section][vc_tta_section i_icon_fontawesome=&#8221;fa fa-picture-o&#8221; add_icon=&#8221;true&#8221; title=&#8221;Galerie&#8221; tab_id=&#8221;1579979004025-7d17bdc9-51746454-f896&#8243;][vc_masonry_media_grid item=&#8221;masonryMedia_SlideTop&#8221; initial_loading_animation=&#8221;fadeIn&#8221; grid_id=&#8221;vc_gid:1606754751683-1527019f-642d-9&#8243; include=&#8221;287,787,788,786,784&#8243; css=&#8221;.vc_custom_1581518485846{margin-top: 30px !important;margin-bottom: 60px !important;}&#8221;][\/vc_tta_section][\/vc_tta_tabs][\/vc_column][\/vc_row]<\/p>\n<\/div>","protected":false},"excerpt":{"rendered":"<p>[vc_row][vc_column][vc_custom_heading text=&#8221;U\u0219i etan\u0219e&#8221; use_theme_fonts=&#8221;yes&#8221; css=&#8221;.vc_custom_1580038099644{margin-bottom: 34px !important;}&#8221;][vc_custom_heading text=&#8221;&#8221; font_container=&#8221;tag:div|text_align:left&#8221; use_theme_fonts=&#8221;yes&#8221; css=&#8221;.vc_custom_1579979175621{margin-bottom: 34px !important;}&#8221;][vc_tta_tabs style=&#8221;modern&#8221; shape=&#8221;square&#8221; spacing=&#8221;2&#8243; active_section=&#8221;1&#8243; css=&#8221;.vc_custom_1579979045895{margin-top: 34px !important;margin-bottom: [&hellip;]<\/p>\n","protected":false},"author":2,"featured_media":0,"parent":0,"menu_order":5,"comment_status":"closed","ping_status":"closed","template":"","meta":{"footnotes":""},"class_list":["post-286","page","type-page","status-publish","hentry"],"aioseo_notices":[],"_links":{"self":[{"href":"https:\/\/www.bergtecprotection.com\/ro\/wp-json\/wp\/v2\/pages\/286","targetHints":{"allow":["GET"]}}],"collection":[{"href":"https:\/\/www.bergtecprotection.com\/ro\/wp-json\/wp\/v2\/pages"}],"about":[{"href":"https:\/\/www.bergtecprotection.com\/ro\/wp-json\/wp\/v2\/types\/page"}],"author":[{"embeddable":true,"href":"https:\/\/www.bergtecprotection.com\/ro\/wp-json\/wp\/v2\/users\/2"}],"replies":[{"embeddable":true,"href":"https:\/\/www.bergtecprotection.com\/ro\/wp-json\/wp\/v2\/comments?post=286"}],"version-history":[{"count":0,"href":"https:\/\/www.bergtecprotection.com\/ro\/wp-json\/wp\/v2\/pages\/286\/revisions"}],"wp:attachment":[{"href":"https:\/\/www.bergtecprotection.com\/ro\/wp-json\/wp\/v2\/media?parent=286"}],"curies":[{"name":"wp","href":"https:\/\/api.w.org\/{rel}","templated":true}]}}