{"id":247,"date":"2019-11-30T22:25:58","date_gmt":"2019-11-30T22:25:58","guid":{"rendered":"https:\/\/www.bergtecprotection.com\/flood-stoplog\/"},"modified":"2020-11-26T13:42:53","modified_gmt":"2020-11-26T13:42:53","slug":"batardou","status":"publish","type":"page","link":"https:\/\/www.bergtecprotection.com\/ro\/batardou\/","title":{"rendered":"Batardou anti-inunda\u021bii"},"content":{"rendered":"<div class=\"wpb-content-wrapper\"><p>[vc_row][vc_column][vc_custom_heading text=&#8221;Batardou anti-inunda\u021bii&#8221; use_theme_fonts=&#8221;yes&#8221;][vc_custom_heading text=&#8221;&#8221; font_container=&#8221;tag:div|text_align:left&#8221; use_theme_fonts=&#8221;yes&#8221;][vc_tta_tabs style=&#8221;modern&#8221; shape=&#8221;square&#8221; spacing=&#8221;2&#8243; active_section=&#8221;1&#8243; css=&#8221;.vc_custom_1579979045895{margin-top: 34px !important;margin-bottom: 60px !important;}&#8221;][vc_tta_section i_icon_fontawesome=&#8221;fa fa-file-text-o&#8221; add_icon=&#8221;true&#8221; title=&#8221; Descriere&#8221; tab_id=&#8221;1579979003987-bf6b0eac-f77b&#8221;][vc_column_text css=&#8221;.vc_custom_1605813177431{margin-top: 30px !important;margin-bottom: 30px !important;}&#8221;]<b>Grinzi de reten\u021bie<\/b><\/p>\n<p>Barajele anti-inunda\u021bii sunt compuse din grinzi de reten\u021bie realizate din profile de aluminiu care pot fi depozitate unele peste altele. Dispunem de 4 m\u0103rimi diferite de profile extrudate (ref. 1603, 1604, 1606 \u0219i 1609 mm) cu sec\u021biuni \u00een cre\u0219tere de 30, 60, 100 \u0219i 150 mm pentru sus\u021binerea diverselor sarcini.<\/p>\n<p>Profilul selectat depinde de diferi\u021bi factori cum ar fi:<\/p>\n<ul>\n<li>\u00een\u0103l\u021bimea de ap\u0103<\/li>\n<li>dimensiunea lucr\u0103rilor publice, astfel \u00eencat deschiderea s\u0103 fie protejat\u0103 (a se vedea diagrama noastr\u0103 de utilizare)<\/li>\n<li>sarcini suplimentare (ex. p\u0103rti plutitoare sau presiune mare, de peste 5 cm\u00b3\/or\u0103) etc.<\/li>\n<\/ul>\n<p>To\u021bi ace\u0219ti factori pot fi lua\u021bi \u00een considerare \u00een func\u021bie de cerin\u021bele dumneavoastr\u0103 specifice.<\/p>\n<p>&nbsp;<\/p>\n<p><b>Cadre de ghidaj cu profil U \u0219i \u00eenveli\u0219uri de protec\u021bie<\/b><\/p>\n<p>Grinzile de aluminiu sunt introduse \u00een cadrul de ghidaj cu profil U. Acesta este \u00eencorporat \u00een perete sau peretele montat \u00een \u0219uruburi. Includem \u00een livrarea noastr\u0103 toate \u0219uruburile \u0219i piuli\u021bele din clasa de o\u021bel inoxidabil AISI 36ti. Fixarea poate fi deasemenea \u00abchimic\u0103\u00bb \u0219i necesar\u0103 \u00een situa\u021biile \u00een care peretele de rezisten\u021b\u0103 nu este \u00eentr-o stare bun\u0103 sau nu are garan\u021bii de la produc\u0103torul de \u0219uruburi pentru un calcul precis de tensiune (ex., c\u00e2nd pere\u021bii sunt construi\u021bi din c\u0103r\u0103mid\u0103 sau din beton care s-a \u00eenvechit etc.).<\/p>\n<p>De obicei, cadrul de ghidaj poate fi fixat permanent \u00een perete (pentru instalarea rapid\u0103 a grinzilor) sau cu \u0219uruburi deta\u0219abile atunci c\u00e2nd este necesar din motive estetice.<\/p>\n<p>\u00cen zonele urbane, c\u00e2nd cadrele de ghidaj sunt fixate permanent, poate exista un risc de vandalism, iar pentru aceast\u0103 situa\u021bie furniz\u0103m \u00eenveli\u0219uri de protec\u021bie, care protejaz\u0103 \u0219i \u00eempotriva razelor UV. Mai mult dec\u00e2t at\u00e2t, \u00eenveli\u0219urile pot fi vopsite \u00een orice culoare aflat\u0103 \u00een graficul RAL dac\u0103 acest lucru este necesar din punct de vedere arhitectural.<\/p>\n<p>&nbsp;<\/p>\n<p><b>Garnituri de etan\u0219are<\/b><\/p>\n<p>Toate garniturile noastre de etan\u0219are sunt realizate din material EPDM extrudat \u0219i garanteaz\u0103 etan\u0219eitate perfect\u0103 pentru batardoul anti-inunda\u021bii. Acestea sunt rezistente din punct de vedere mecanic \u0219i chimic \u00een mediile agresive. Sunt u\u0219or de \u00eenlocuit deoarece sunt introduse \u00een interiorul unei caneluri speciale, care le permite s\u0103 fie scoase \u0219i \u00eenlocuite \u00een caz de deteriorare.<\/p>\n<p>Num\u0103rul garniturilor de etan\u0219are:<\/p>\n<ul>\n<li>2 garnituri \u00een form\u0103 de L \u00een partea superioar\u0103 a fiec\u0103rei grinzi (caneluri speciale);<\/li>\n<li>1-2 garnituri \u00een func\u021bie de m\u0103rimea profilului grinzii, montate pe primul element al cadrului de ghidaj, pe suprafa\u021ba orizontal\u0103 (\u00een partea de jos a batardoului);<\/li>\n<li>2 garnituri cu buz\u0103 dubl\u0103 de etan\u0219are inserate \u00een lateralele fiec\u0103rui profil de cadru ghidaj.<\/li>\n<\/ul>\n<p>&nbsp;<\/p>\n<p><b>\u0218uruburi de compresie<\/b><b><\/b><\/p>\n<p>Pentru a asigura etan\u0219eitatea barajului anti-inunda\u021bii, furniz\u0103m o pereche suplimentar\u0103 de \u0219uruburi de compresie pentru partea superioar\u0103. Acestea au scopul s\u0103 ajute la precompresia fic\u0103rui profil pentru o etan\u0219are eficient\u0103.<\/p>\n<p>Instalare u\u0219oar\u0103:\u00a0\u0219uruburile noastre pot fi ajustate la orice pozi\u021bie pe \u00een\u0103l\u021bime, f\u0103r\u0103 a fi nevoie de cheie special\u0103 pentru \u00eenfiletare, \u0219i sunt livrate cu un sistem de prindere deja montat.<\/p>\n<p>&nbsp;<\/p>\n<p><b>Plan de execu\u021bie \u0219i ghid de instalare<\/b><\/p>\n<p>Setul complet de detalii tehnice \u0219i instruc\u021biuni privind utilizarea \u0219i instalarea face parte din pachetul nostru de servicii standard.<\/p>\n<p>Instalare simpl\u0103:\u00a0Dup\u0103 ce s-au examinat to\u021bi pere\u021bii \u0219i s-au efectuat toate retu\u0219urile zid\u0103riei, urmeaz\u0103 faza de pre-montaj, anume g\u0103urirea si \u00een\u0219urubarea cadrelor cu \u0219uruburi \u0219i piuli\u021be livrate cu barajul anti-inunda\u021bii.[\/vc_column_text][\/vc_tta_section][vc_tta_section i_icon_fontawesome=&#8221;fa fa-handshake-o&#8221; add_icon=&#8221;true&#8221; title=&#8221;Garan\u021bie&#8221; tab_id=&#8221;1579979985630-25d11eaf-c97d&#8221;][vc_column_text css=&#8221;.vc_custom_1606210678300{margin-top: 34px !important;margin-bottom: 34px !important;}&#8221;]<\/p>\n<div class=\"t\"><strong>GARAN\u021aIE BERGTEC MSU<\/strong><\/div>\n<div class=\"s\">\n<ul>\n<li>o rat\u0103 de scurgere foarte sc\u0103zut\u0103 &lt;2,3 litri\/or\u0103\/mp<\/li>\n<li>instalare rapid\u0103 \u0219i u\u0219oar\u0103: 5 min\/mp de baraj<\/li>\n<li>sistem \u00een \u00eentregime demontabil\/mobil<\/li>\n<li>aliaje de \u00eenalt\u0103 rezisten\u021b\u0103 mecanic\u0103<\/li>\n<li>adecvat pentru regiunile foarte calde sau foarte reci (test\u0103ri la temperaturi de -60 \u00b0 C)<\/li>\n<li>nu necesit\u0103 mentenan\u021b\u0103<\/li>\n<li>barajele anti-inunda\u021bii sunt garantate 20 de ani<\/li>\n<\/ul>\n<\/div>\n<div class=\"t\"><strong>CONDUCEM INTREGUL PROCES DE FABRICATIE<\/strong><\/div>\n<div class=\"s\">\n<ul>\n<li>protec\u021bie fabricat\u0103 \u00een \u00eentregime din aliaje de aluminiu marin furnizate de o companie multina\u021bional\u0103 elve\u021bian\u0103 de extrudare a aluminiului<\/li>\n<li>avem propriu nostru atelier de inginerie cu personal de expertiz\u0103<\/li>\n<li>lu\u0103m \u00een considerare studiile de teren pentru a planifica \u00een colaborare cu operatorul de funda\u021bie st\u00e2lpii no\u0219tri intermediari de sprijin<\/li>\n<li>produsele pe care le livr\u0103m sunt gata s\u0103 fie instalate datorit\u0103 fabric\u0103rii cu precizie milimetric\u0103<\/li>\n<li>datorit\u0103 experien\u021bei noastre \u00eendelungate, \u00eenceput\u0103 \u00een anul 1970, suntem capabili s\u0103 afl\u0103m \u0219i s\u0103 oferim cel mai bun sistem de baraje anti-inunda\u021bii potrivit cerin\u021belor dumneavoastr\u0103!<\/li>\n<\/ul>\n<\/div>\n<p>[\/vc_column_text][\/vc_tta_section][vc_tta_section i_icon_fontawesome=&#8221;fa fa-picture-o&#8221; add_icon=&#8221;true&#8221; title=&#8221;Galerie&#8221; tab_id=&#8221;1579979004025-7d17bdc9-5174&#8243;][vc_masonry_media_grid item=&#8221;masonryMedia_SlideTop&#8221; initial_loading_animation=&#8221;fadeIn&#8221; grid_id=&#8221;vc_gid:1606386353353-2b599dea-e176-10&#8243; include=&#8221;648,676,674,672,668&#8243; css=&#8221;.vc_custom_1581518635760{margin-top: 30px !important;margin-bottom: 60px !important;}&#8221;][\/vc_tta_section][\/vc_tta_tabs][\/vc_column][\/vc_row]<\/p>\n<\/div>","protected":false},"excerpt":{"rendered":"<p>[vc_row][vc_column][vc_custom_heading text=&#8221;Batardou anti-inunda\u021bii&#8221; use_theme_fonts=&#8221;yes&#8221;][vc_custom_heading text=&#8221;&#8221; font_container=&#8221;tag:div|text_align:left&#8221; use_theme_fonts=&#8221;yes&#8221;][vc_tta_tabs style=&#8221;modern&#8221; shape=&#8221;square&#8221; spacing=&#8221;2&#8243; active_section=&#8221;1&#8243; css=&#8221;.vc_custom_1579979045895{margin-top: 34px !important;margin-bottom: 60px !important;}&#8221;][vc_tta_section i_icon_fontawesome=&#8221;fa fa-file-text-o&#8221; add_icon=&#8221;true&#8221; title=&#8221; [&hellip;]<\/p>\n","protected":false},"author":2,"featured_media":0,"parent":0,"menu_order":4,"comment_status":"closed","ping_status":"closed","template":"","meta":{"footnotes":""},"class_list":["post-247","page","type-page","status-publish","hentry"],"aioseo_notices":[],"_links":{"self":[{"href":"https:\/\/www.bergtecprotection.com\/ro\/wp-json\/wp\/v2\/pages\/247","targetHints":{"allow":["GET"]}}],"collection":[{"href":"https:\/\/www.bergtecprotection.com\/ro\/wp-json\/wp\/v2\/pages"}],"about":[{"href":"https:\/\/www.bergtecprotection.com\/ro\/wp-json\/wp\/v2\/types\/page"}],"author":[{"embeddable":true,"href":"https:\/\/www.bergtecprotection.com\/ro\/wp-json\/wp\/v2\/users\/2"}],"replies":[{"embeddable":true,"href":"https:\/\/www.bergtecprotection.com\/ro\/wp-json\/wp\/v2\/comments?post=247"}],"version-history":[{"count":0,"href":"https:\/\/www.bergtecprotection.com\/ro\/wp-json\/wp\/v2\/pages\/247\/revisions"}],"wp:attachment":[{"href":"https:\/\/www.bergtecprotection.com\/ro\/wp-json\/wp\/v2\/media?parent=247"}],"curies":[{"name":"wp","href":"https:\/\/api.w.org\/{rel}","templated":true}]}}