{"id":239,"date":"2019-11-28T11:19:59","date_gmt":"2019-11-28T11:19:59","guid":{"rendered":"https:\/\/www.bergtecprotection.com\/home\/"},"modified":"2023-03-13T15:44:15","modified_gmt":"2023-03-13T15:44:15","slug":"home","status":"publish","type":"page","link":"https:\/\/www.bergtecprotection.com\/ro\/","title":{"rendered":"Home"},"content":{"rendered":"<div class=\"wpb-content-wrapper\"><p>[vc_row][vc_column]\n\t\t\t<!-- START Home_RO REVOLUTION SLIDER 6.7.40 --><p class=\"rs-p-wp-fix\"><\/p>\n\t\t\t<rs-module-wrap id=\"rev_slider_4_1_wrapper\" data-source=\"gallery\" style=\"visibility:hidden;background:#E9E9E9;padding:0;margin:0px auto;margin-top:0;margin-bottom:0;\">\n\t\t\t\t<rs-module id=\"rev_slider_4_1\" style=\"\" data-version=\"6.7.40\">\n\t\t\t\t\t<rs-slides style=\"overflow: hidden; position: absolute;\">\n\t\t\t\t\t\t<rs-slide style=\"position: absolute;\" data-key=\"rs-9\" data-title=\"Slide\" data-thumb=\"\/\/www.bergtecprotection.com\/wp-content\/uploads\/2019\/12\/flood-barrier-ministry-economy-paris-100x50.jpg\" data-anim=\"f:slidebased;\" data-in=\"prst:rndany;x:cyc(100%|-100%);m:true;row:8;\">\n\t\t\t\t\t\t\t<img decoding=\"async\" src=\"\/\/www.bergtecprotection.com\/wp-content\/plugins\/revslider\/sr6\/assets\/assets\/dummy.png\" alt=\"\" title=\"Home\" class=\"rev-slidebg tp-rs-img rs-lazyload\" data-lazyload=\"\/\/www.bergtecprotection.com\/wp-content\/uploads\/2019\/12\/flood-barrier-ministry-economy-paris.jpg\" data-bg=\"p:center top;\" data-panzoom=\"d:9000;ss:100;se:110;\" data-no-retina>\n<!--\n\t\t\t\t\t\t\t--><rs-layer\n\t\t\t\t\t\t\t\tid=\"slider-4-slide-9-layer-6\" \n\t\t\t\t\t\t\t\tclass=\"slidetxt1\"\n\t\t\t\t\t\t\t\tdata-type=\"text\"\n\t\t\t\t\t\t\t\tdata-color=\"rgba(134, 134, 134, 1)\"\n\t\t\t\t\t\t\t\tdata-rsp_ch=\"on\"\n\t\t\t\t\t\t\t\tdata-xy=\"x:l,l,l,c;xo:420px,170px,170px,-1px;y:t,t,t,m;yo:165px,164px,164px,-104px;\"\n\t\t\t\t\t\t\t\tdata-text=\"s:15;fw:100;\"\n\t\t\t\t\t\t\t\tdata-frame_1=\"st:2000.0003051758;sp:200;sR:2000.0003051758;\"\n\t\t\t\t\t\t\t\tdata-frame_999=\"o:0;e:nothing;st:8400.0003051758;sR:6200;\"\n\t\t\t\t\t\t\t\tstyle=\"z-index:6;font-family:'Arial';\"\n\t\t\t\t\t\t\t>BARAJ DE PROTEC\u021aIE ANTI-INUNDA\u021aII \n\t\t\t\t\t\t\t<\/rs-layer><!--\n\n\t\t\t\t\t\t\t--><rs-layer\n\t\t\t\t\t\t\t\tid=\"slider-4-slide-9-layer-8\" \n\t\t\t\t\t\t\t\tclass=\"slidetxt2\"\n\t\t\t\t\t\t\t\tdata-type=\"text\"\n\t\t\t\t\t\t\t\tdata-color=\"rgba(0, 49, 100, 1)\"\n\t\t\t\t\t\t\t\tdata-rsp_ch=\"on\"\n\t\t\t\t\t\t\t\tdata-xy=\"x:l,l,l,c;xo:420px,170px,170px,0;y:t,t,t,m;yo:216px,216px,216px,-40px;\"\n\t\t\t\t\t\t\t\tdata-text=\"s:36;l:60;\"\n\t\t\t\t\t\t\t\tdata-frame_1=\"st:2000.0003051758;sp:200;sR:2000.0003051758;\"\n\t\t\t\t\t\t\t\tdata-frame_999=\"o:0;e:nothing;st:8400.0003051758;sR:6200;\"\n\t\t\t\t\t\t\t\tstyle=\"z-index:7;font-family:'Roboto';\"\n\t\t\t\t\t\t\t>Bariera Mobila de Protectie \n\t\t\t\t\t\t\t<\/rs-layer><!--\n\n\t\t\t\t\t\t\t--><rs-layer\n\t\t\t\t\t\t\t\tid=\"slider-4-slide-9-layer-9\" \n\t\t\t\t\t\t\t\tclass=\"slidetxt2\"\n\t\t\t\t\t\t\t\tdata-type=\"text\"\n\t\t\t\t\t\t\t\tdata-color=\"rgba(0, 49, 100, 1)\"\n\t\t\t\t\t\t\t\tdata-rsp_ch=\"on\"\n\t\t\t\t\t\t\t\tdata-xy=\"x:l,l,l,c;xo:419px,170px,170px,0;y:t,t,t,m;yo:258px,260px,260px,0;\"\n\t\t\t\t\t\t\t\tdata-text=\"s:36;l:60;\"\n\t\t\t\t\t\t\t\tdata-frame_1=\"st:2000.0003051758;sp:200;sR:2000.0003051758;\"\n\t\t\t\t\t\t\t\tdata-frame_999=\"o:0;e:nothing;st:8400.0003051758;sR:6200;\"\n\t\t\t\t\t\t\t\tstyle=\"z-index:8;font-family:'Roboto';\"\n\t\t\t\t\t\t\t>Pentru Inundatii \n\t\t\t\t\t\t\t<\/rs-layer><!--\n\n\t\t\t\t\t\t\t--><a\n\t\t\t\t\t\t\t\tid=\"slider-4-slide-9-layer-12\" \n\t\t\t\t\t\t\t\tclass=\"rs-layer rev-btn\"\n\t\t\t\t\t\t\t\thref=\"https:\/\/www.bergtecprotection.com\/ro\/baraj-protectie-anti-inundatii\/\" target=\"_self\"\n\t\t\t\t\t\t\t\tdata-type=\"button\"\n\t\t\t\t\t\t\t\tdata-color=\"rgba(255, 255, 255, 1)\"\n\t\t\t\t\t\t\t\tdata-xy=\"xo:420px,170px,170px,40px;y:t,t,t,m;yo:338px,338px,338px,78px;\"\n\t\t\t\t\t\t\t\tdata-text=\"s:15;l:12;\"\n\t\t\t\t\t\t\t\tdata-padding=\"t:15;r:20;b:15;l:20;\"\n\t\t\t\t\t\t\t\tdata-border=\"bos:solid;boc:rgba(0, 45, 104, 1);bow:1px,1px,1px,1px;\"\n\t\t\t\t\t\t\t\tdata-frame_1=\"e:power2.inOut;st:2000.0003051758;sp:200;sR:2000.0003051758;\"\n\t\t\t\t\t\t\t\tdata-frame_999=\"o:0;e:nothing;st:8400.0003051758;sR:6200;\"\n\t\t\t\t\t\t\t\tdata-frame_hover=\"c:#002d68;bgc:#fff;boc:#002d68;bor:0px,0px,0px,0px;bos:solid;bow:1px,1px,1px,1px;oX:50;oY:50;\"\n\t\t\t\t\t\t\t\tstyle=\"z-index:9;background-color:#2c34a4;font-family:'Roboto';cursor:pointer;outline:none;box-shadow:none;box-sizing:border-box;-moz-box-sizing:border-box;-webkit-box-sizing:border-box;\"\n\t\t\t\t\t\t\t>Cite\u015fte Mai Mult \n\t\t\t\t\t\t\t<\/a><!--\n\n\t\t\t\t\t\t\t--><rs-layer\n\t\t\t\t\t\t\t\tid=\"slider-4-slide-9-layer-14\" \n\t\t\t\t\t\t\t\tclass=\"tp-shape tp-shapewrapper\"\n\t\t\t\t\t\t\t\tdata-type=\"shape\"\n\t\t\t\t\t\t\t\tdata-rsp_ch=\"on\"\n\t\t\t\t\t\t\t\tdata-xy=\"xo:385px,135px,135px,0;yo:135px;\"\n\t\t\t\t\t\t\t\tdata-dim=\"w:500px;h:280px;\"\n\t\t\t\t\t\t\t\tdata-frame_0=\"sX:0.9;sY:0.9;\"\n\t\t\t\t\t\t\t\tdata-frame_1=\"st:1600.0003051758;sp:400;sR:1600.0003051758;\"\n\t\t\t\t\t\t\t\tdata-frame_999=\"o:0;e:nothing;st:8650.0003051758;sR:6650;\"\n\t\t\t\t\t\t\t\tstyle=\"z-index:5;background-color:rgba(255,255,255,1);\"\n\t\t\t\t\t\t\t> \n\t\t\t\t\t\t\t<\/rs-layer><!--\n-->\t\t\t\t\t<\/rs-slide>\n\t\t\t\t\t\t<rs-slide style=\"position: absolute;\" data-key=\"rs-10\" data-title=\"Slide\" data-thumb=\"\/\/www.bergtecprotection.com\/wp-content\/uploads\/2020\/02\/flood-barrier-accessorie-100x50.jpg\" data-anim=\"ms:2000;\" data-in=\"prst:rndany;o:0;\" data-out=\"a:false;\" data-d3=\"f:fly;d:vertical;z:400;e:power2.out;su:true;\">\n\t\t\t\t\t\t\t<img decoding=\"async\" src=\"\/\/www.bergtecprotection.com\/wp-content\/plugins\/revslider\/sr6\/assets\/assets\/dummy.png\" alt=\"\" title=\"Home\" class=\"rev-slidebg tp-rs-img rs-lazyload\" data-lazyload=\"\/\/www.bergtecprotection.com\/wp-content\/uploads\/2020\/02\/flood-barrier-accessorie.jpg\" data-bg=\"p:center top;\" data-panzoom=\"d:9000;ss:100;se:110;\" data-no-retina>\n<!--\n\t\t\t\t\t\t\t--><rs-layer\n\t\t\t\t\t\t\t\tid=\"slider-4-slide-10-layer-6\" \n\t\t\t\t\t\t\t\tclass=\"slidetxt1\"\n\t\t\t\t\t\t\t\tdata-type=\"text\"\n\t\t\t\t\t\t\t\tdata-color=\"rgba(134, 134, 134, 1)\"\n\t\t\t\t\t\t\t\tdata-rsp_ch=\"on\"\n\t\t\t\t\t\t\t\tdata-xy=\"x:l,l,l,c;xo:420px,170px,170px,-1px;y:t,t,t,m;yo:165px,164px,164px,-104px;\"\n\t\t\t\t\t\t\t\tdata-text=\"s:15;fw:100;\"\n\t\t\t\t\t\t\t\tdata-frame_1=\"st:2000.0003051758;sp:200;sR:2000.0003051758;\"\n\t\t\t\t\t\t\t\tdata-frame_999=\"o:0;e:nothing;st:8400.0003051758;sR:6200;\"\n\t\t\t\t\t\t\t\tstyle=\"z-index:6;font-family:'Arial';\"\n\t\t\t\t\t\t\t>ACCESORII MANUALE \n\t\t\t\t\t\t\t<\/rs-layer><!--\n\n\t\t\t\t\t\t\t--><rs-layer\n\t\t\t\t\t\t\t\tid=\"slider-4-slide-10-layer-8\" \n\t\t\t\t\t\t\t\tclass=\"slidetxt2\"\n\t\t\t\t\t\t\t\tdata-type=\"text\"\n\t\t\t\t\t\t\t\tdata-color=\"rgba(0, 49, 100, 1)\"\n\t\t\t\t\t\t\t\tdata-rsp_ch=\"on\"\n\t\t\t\t\t\t\t\tdata-xy=\"x:l,l,l,c;xo:420px,170px,170px,0;y:t,t,t,m;yo:216px,216px,216px,-40px;\"\n\t\t\t\t\t\t\t\tdata-text=\"s:36;l:60;\"\n\t\t\t\t\t\t\t\tdata-frame_1=\"st:2000.0003051758;sp:200;sR:2000.0003051758;\"\n\t\t\t\t\t\t\t\tdata-frame_999=\"o:0;e:nothing;st:8400.0003051758;sR:6200;\"\n\t\t\t\t\t\t\t\tstyle=\"z-index:7;font-family:'Roboto';\"\n\t\t\t\t\t\t\t>Protec\u021bie, Depozit & \n\t\t\t\t\t\t\t<\/rs-layer><!--\n\n\t\t\t\t\t\t\t--><rs-layer\n\t\t\t\t\t\t\t\tid=\"slider-4-slide-10-layer-9\" \n\t\t\t\t\t\t\t\tclass=\"slidetxt2\"\n\t\t\t\t\t\t\t\tdata-type=\"text\"\n\t\t\t\t\t\t\t\tdata-color=\"rgba(0, 49, 100, 1)\"\n\t\t\t\t\t\t\t\tdata-rsp_ch=\"on\"\n\t\t\t\t\t\t\t\tdata-xy=\"x:l,l,l,c;xo:420px,170px,170px,0;y:t,t,t,m;yo:260px,260px,260px,0;\"\n\t\t\t\t\t\t\t\tdata-text=\"s:36;l:60;\"\n\t\t\t\t\t\t\t\tdata-frame_1=\"st:2000.0003051758;sp:200;sR:2000.0003051758;\"\n\t\t\t\t\t\t\t\tdata-frame_999=\"o:0;e:nothing;st:8400.0003051758;sR:6200;\"\n\t\t\t\t\t\t\t\tstyle=\"z-index:8;font-family:'Roboto';\"\n\t\t\t\t\t\t\t>Accesorii \n\t\t\t\t\t\t\t<\/rs-layer><!--\n\n\t\t\t\t\t\t\t--><a\n\t\t\t\t\t\t\t\tid=\"slider-4-slide-10-layer-12\" \n\t\t\t\t\t\t\t\tclass=\"rs-layer rev-btn\"\n\t\t\t\t\t\t\t\thref=\"https:\/\/www.bergtecprotection.com\/ro\/accesorii-manuale\/\" target=\"_self\"\n\t\t\t\t\t\t\t\tdata-type=\"button\"\n\t\t\t\t\t\t\t\tdata-color=\"rgba(255, 255, 255, 1)\"\n\t\t\t\t\t\t\t\tdata-xy=\"xo:420px,170px,170px,40px;y:t,t,t,m;yo:338px,338px,338px,78px;\"\n\t\t\t\t\t\t\t\tdata-text=\"s:15;l:12;\"\n\t\t\t\t\t\t\t\tdata-padding=\"t:15;r:20;b:15;l:20;\"\n\t\t\t\t\t\t\t\tdata-border=\"bos:solid;boc:rgba(0, 45, 104, 1);bow:1px,1px,1px,1px;\"\n\t\t\t\t\t\t\t\tdata-frame_1=\"e:power2.inOut;st:2000.0003051758;sp:200;sR:2000.0003051758;\"\n\t\t\t\t\t\t\t\tdata-frame_999=\"o:0;e:nothing;st:8400.0003051758;sR:6200;\"\n\t\t\t\t\t\t\t\tdata-frame_hover=\"c:#002d68;bgc:#fff;boc:#002d68;bor:0px,0px,0px,0px;bos:solid;bow:1px,1px,1px,1px;oX:50;oY:50;\"\n\t\t\t\t\t\t\t\tstyle=\"z-index:9;background-color:#2c34a4;font-family:'Roboto';cursor:pointer;outline:none;box-shadow:none;box-sizing:border-box;-moz-box-sizing:border-box;-webkit-box-sizing:border-box;\"\n\t\t\t\t\t\t\t>Cite\u015fte Mai Mult \n\t\t\t\t\t\t\t<\/a><!--\n\n\t\t\t\t\t\t\t--><rs-layer\n\t\t\t\t\t\t\t\tid=\"slider-4-slide-10-layer-14\" \n\t\t\t\t\t\t\t\tclass=\"tp-shape tp-shapewrapper\"\n\t\t\t\t\t\t\t\tdata-type=\"shape\"\n\t\t\t\t\t\t\t\tdata-rsp_ch=\"on\"\n\t\t\t\t\t\t\t\tdata-xy=\"xo:385px,135px,135px,0;yo:135px;\"\n\t\t\t\t\t\t\t\tdata-dim=\"w:500px;h:280px;\"\n\t\t\t\t\t\t\t\tdata-frame_0=\"sX:0.9;sY:0.9;\"\n\t\t\t\t\t\t\t\tdata-frame_1=\"st:1600.0003051758;sp:400;sR:1600.0003051758;\"\n\t\t\t\t\t\t\t\tdata-frame_999=\"o:0;e:nothing;st:8650.0003051758;sR:6650;\"\n\t\t\t\t\t\t\t\tstyle=\"z-index:5;background-color:rgba(255,255,255,1);\"\n\t\t\t\t\t\t\t> \n\t\t\t\t\t\t\t<\/rs-layer><!--\n-->\t\t\t\t\t<\/rs-slide>\n\t\t\t\t\t<\/rs-slides>\n\t\t\t\t<\/rs-module>\n\t\t\t\t<script>\n\t\t\t\t\tsetREVStartSize({c: 'rev_slider_4_1',rl:[1240,1024,778,480],el:[550,550,550,550],gw:[1920,1024,778,480],gh:[550,550,550,550],type:'standard',justify:'',layout:'fullwidth',mh:\"550\"});if (window.RS_MODULES!==undefined && window.RS_MODULES.modules!==undefined && window.RS_MODULES.modules[\"revslider41\"]!==undefined) {window.RS_MODULES.modules[\"revslider41\"].once = false;window.revapi4 = undefined;if (window.RS_MODULES.checkMinimal!==undefined) window.RS_MODULES.checkMinimal()}\n\t\t\t\t<\/script>\n\t\t\t<\/rs-module-wrap>\n\t\t\t<!-- END REVOLUTION SLIDER -->\n[\/vc_column][\/vc_row][vc_row full_width=&#8221;stretch_row&#8221; el_id=&#8221;home_quote&#8221; el_class=&#8221;home_quote&#8221; css=&#8221;.vc_custom_1678721277877{padding-top: 30px !important;padding-bottom: 30px !important;background-color: #2c34a4 !important;}&#8221;][vc_column width=&#8221;3\/4&#8243;][vc_custom_heading text=&#8221;EXPERT DIN 1970&#8243; font_container=&#8221;tag:div|font_size:31|text_align:left|color:%23ffffff&#8221; use_theme_fonts=&#8221;yes&#8221; css_animation=&#8221;zoomIn&#8221; el_class=&#8221;home_quote_txt&#8221;][\/vc_column][vc_column width=&#8221;1\/4&#8243;][vc_btn title=&#8221;DESPRE NOI&#8221; shape=&#8221;square&#8221; size=&#8221;sm&#8221; align=&#8221;right&#8221; el_class=&#8221;home_quote_btn&#8221; link=&#8221;url:https%3A%2F%2Fwww.bergtecprotection.com%2Fro%2Fdespre-noi%2F|title:Despre%20Noi|&#8221;][\/vc_column][\/vc_row][vc_row css_animation=&#8221;zoomIn&#8221; el_id=&#8221;home_our_solutions&#8221; css=&#8221;.vc_custom_1580075849279{padding-top: 50px !important;}&#8221;][vc_column][vc_column_text el_class=&#8221;projects_btn&#8221; css=&#8221;.vc_custom_1580072491642{margin-bottom: 30px !important;}&#8221;]Solu\u021bii dedicate pentru protec\u021bia oamenilor \u0219i propriet\u0103\u021bilor [ess_grid_nav id=&#8221;left&#8221; \u00a0alias=&#8221;home-our-projects&#8221;][ess_grid_nav id=&#8221;right&#8221; alias=&#8221;home-our-projects&#8221;][\/vc_column_text][vc_column_text css=&#8221;.vc_custom_1606385607384{margin-bottom: 40px !important;}&#8221;]Pornind de la ideea c\u0103 inunda\u021biile sunt imprevizibile \u0219i distructive, am conceput solu\u021bii mobile pentru situa\u021bii care se schimb\u0103 rapid.<\/p>\n<p>Cum inunda\u021biile pot ap\u0103rea \u00eentr-un timp foarte scurt, amenin\u021b\u00e2nd oameni \u0219i propriet\u0103\u021bi, solu\u021biile noastre sunt concepute pentru a p\u0103stra principiile folosirii unui sistem modular din metal u\u0219or (aluminiul).[\/vc_column_text][vc_raw_html]W2Vzc19ncmlkIGFsaWFzPSJvdXItc2VydmljZXMtMSJd[\/vc_raw_html][\/vc_column][\/vc_row][vc_row full_width=&#8221;stretch_row&#8221; el_id=&#8221;home_our_projects&#8221; el_class=&#8221;home_our_projects&#8221; css=&#8221;.vc_custom_1580075509000{padding-top: 50px !important;padding-bottom: 50px !important;background: #f5f5f5 url(https:\/\/www.bergtecprotection.com\/wp-content\/uploads\/2020\/01\/home_pj_bg.jpg?id=182) !important;background-position: center !important;background-repeat: no-repeat !important;background-size: cover !important;}&#8221;][vc_column][vc_column_text el_class=&#8221;projects_btn&#8221; css=&#8221;.vc_custom_1606227059059{margin-bottom: 30px !important;}&#8221;]Referin\u021ba noastr\u0103 : cum rezolv\u0103m problemele dumneavoastr\u0103 [ess_grid_nav id=&#8221;left&#8221; \u00a0alias=&#8221;home-our-projects&#8221;][ess_grid_nav id=&#8221;right&#8221; alias=&#8221;home-our-projects&#8221;][\/vc_column_text][ess_grid alias=&#8221;home-our-projects-161408&#8243;][\/vc_column][\/vc_row][vc_row css=&#8221;.vc_custom_1580072357213{padding-top: 50px !important;}&#8221;][vc_column][vc_column_text el_class=&#8221;projects_btn&#8221;]De ce s\u0103 ne protej\u0103m ? [ess_grid_nav id=&#8221;left&#8221; \u00a0alias=&#8221;home-our-projects&#8221;][ess_grid_nav id=&#8221;right&#8221; alias=&#8221;home-our-projects&#8221;][\/vc_column_text][\/vc_column][\/vc_row][vc_row css=&#8221;.vc_custom_1580075355048{padding-top: 30px !important;}&#8221;][vc_column width=&#8221;1\/2&#8243;][vc_column_text css=&#8221;.vc_custom_1606227178807{margin-bottom: 40px !important;}&#8221;]Defini\u021bia oficial\u0103 a unei inunda\u021bii este \u00ab o rev\u0103rsare a unui curs de ap\u0103 de mai multe ori, peste debitul normal, la o cre\u0219tere brusc\u0103 a cantit\u0103\u021bii de ap\u0103 \u00bb. Aceast\u0103 defini\u021bie ne \u00eenva\u021b\u0103 cum s\u0103 ne protej\u0103m \u00een zonele de risc !<\/p>\n<h3>De ce s\u0103 protej\u0103m acum?<\/h3>\n<p>Istoria ne arat\u0103 c\u0103 acolo unde un r\u00e2u s-a rev\u0103rsat, el se va rev\u0103rsa din nou \u0219i mereu.<\/p>\n<p>Potrivit zicalei populare \u00ab cauzele unei inunda\u021bii sunt date de Dumnezeu \u0219i sunt deci imprevizibile \u00bb ; dar consecin\u021bele sunt datorate oamenilor, \u00eenc\u0103lcarea urbanismului pentru zonele natural inundabile.\u00a0Cauze diverse :<\/p>\n<ul>\n<li>Poate fi o suprapunere sau nu de fenomene excep\u021bionale cum ar fi dezghe\u021bul, brusc sau nu, ploaia brusc\u0103, toren\u021bial\u0103 pentru o perioad\u0103 mai lung\u0103;<\/li>\n<li>\u00cenc\u0103lcarea zonelor urbane pe spa\u021biile natural inundabile ale cursurilor de r\u00e2uri;<\/li>\n<li>Agricultura intensiv\u0103 cu defri\u0219\u0103ri care elimin\u0103 toate re\u021binerile naturale ale scurgerilor de\u00a0ap\u0103.<\/li>\n<\/ul>\n<p>[\/vc_column_text][vc_empty_space height=&#8221;60px&#8221;][\/vc_column][vc_column width=&#8221;1\/2&#8243;][vc_column_text css=&#8221;.vc_custom_1606227437510{margin-bottom: 40px !important;}&#8221;]<strong>Gestiunea riscurilor naturale ne-a \u00eenv\u0103\u021bat c\u0103 viitorul este scris \u00een trecut \u0219i acolo unde un r\u00e2u s-a rev\u0103rsat, el se va rev\u0103rsa din nou.<\/strong><\/p>\n<p>Chiar dac\u0103 inunda\u021biile sunt rezultatul ciclurilor naturale de rev\u0103rs\u0103ri ale r\u00e2urilor (inunda\u021bii decadice, centenare sau milenare) sau se datoreaz\u0103 unor combina\u021bii de fenomene meteorologice extreme, ele au ast\u0103zi consecin\u021be dramatice at\u00e2t asupra economiei unei regiuni c\u00e2t \u0219i asupra popula\u021biei !\u00a0Prin urmare, este imperios necesar s\u0103 se pun\u0103 \u00een aplicare toate m\u0103surile de prevenire care permit evitarea pagubelor cauzate sau limitarea consecin\u021belor.[\/vc_column_text][\/vc_column][\/vc_row]<\/p>\n<\/div>","protected":false},"excerpt":{"rendered":"<p>[vc_row][vc_column][\/vc_column][\/vc_row][vc_row full_width=&#8221;stretch_row&#8221; el_id=&#8221;home_quote&#8221; el_class=&#8221;home_quote&#8221; css=&#8221;.vc_custom_1678721277877{padding-top: 30px !important;padding-bottom: 30px !important;background-color: #2c34a4 !important;}&#8221;][vc_column width=&#8221;3\/4&#8243;][vc_custom_heading text=&#8221;EXPERT DIN 1970&#8243; font_container=&#8221;tag:div|font_size:31|text_align:left|color:%23ffffff&#8221; use_theme_fonts=&#8221;yes&#8221; css_animation=&#8221;zoomIn&#8221; el_class=&#8221;home_quote_txt&#8221;][\/vc_column][vc_column width=&#8221;1\/4&#8243;][vc_btn [&hellip;]<\/p>\n","protected":false},"author":2,"featured_media":0,"parent":0,"menu_order":1,"comment_status":"closed","ping_status":"closed","template":"","meta":{"footnotes":""},"class_list":["post-239","page","type-page","status-publish","hentry"],"aioseo_notices":[],"_links":{"self":[{"href":"https:\/\/www.bergtecprotection.com\/ro\/wp-json\/wp\/v2\/pages\/239","targetHints":{"allow":["GET"]}}],"collection":[{"href":"https:\/\/www.bergtecprotection.com\/ro\/wp-json\/wp\/v2\/pages"}],"about":[{"href":"https:\/\/www.bergtecprotection.com\/ro\/wp-json\/wp\/v2\/types\/page"}],"author":[{"embeddable":true,"href":"https:\/\/www.bergtecprotection.com\/ro\/wp-json\/wp\/v2\/users\/2"}],"replies":[{"embeddable":true,"href":"https:\/\/www.bergtecprotection.com\/ro\/wp-json\/wp\/v2\/comments?post=239"}],"version-history":[{"count":0,"href":"https:\/\/www.bergtecprotection.com\/ro\/wp-json\/wp\/v2\/pages\/239\/revisions"}],"wp:attachment":[{"href":"https:\/\/www.bergtecprotection.com\/ro\/wp-json\/wp\/v2\/media?parent=239"}],"curies":[{"name":"wp","href":"https:\/\/api.w.org\/{rel}","templated":true}]}}