{"id":6802,"date":"2024-11-05T09:19:54","date_gmt":"2024-11-05T09:19:54","guid":{"rendered":"https:\/\/www.bergtecprotection.com\/etudes-anti-inondation\/flood-defence-historic-monuments-lourdes-sanctuary\/"},"modified":"2025-03-21T13:07:41","modified_gmt":"2025-03-21T13:07:41","slug":"protection-inondation-monuments-historiques-lourdes-sanctuaire","status":"publish","type":"page","link":"https:\/\/www.bergtecprotection.com\/fr\/etudes-anti-inondation\/protection-inondation-monuments-historiques-lourdes-sanctuaire\/","title":{"rendered":"Projet type: La protection d&rsquo;un site vari\u00e9 et historiques \u00e0 Lourdes, France"},"content":{"rendered":"<div class=\"wpb-content-wrapper\"><p>[vc_row gap=\u00a0\u00bb25&Prime;][vc_column width=\u00a0\u00bb1\/2&Prime;][vc_custom_heading text=\u00a0\u00bbLes solutions de protection anti-inondation du Sanctuaire Notre Dame de Lourdes par Bergtec-MSU\u00a0\u00bb font_container=\u00a0\u00bbtag:h2|text_align:left|color:%2341b6e6&Prime; use_theme_fonts=\u00a0\u00bbyes\u00a0\u00bb css=\u00a0\u00bb\u00a0\u00bb][vc_column_text css=\u00a0\u00bb.vc_custom_1739288215903{margin-top: 30px !important;}\u00a0\u00bb]<\/p>\n<div style=\"font-size: 18px; color: #555555; text-align: justify;\">\n<p>Pour prot\u00e9ger les sites historiques et religieux de Lourdes des inondations d\u00e9vastatrices, Bergtec-MSU a \u00e9t\u00e9 charg\u00e9 de fournir un syst\u00e8me de d\u00e9fense contre les inondations amovibles et de haute qualit\u00e9. Travers\u00e9e par la rivi\u00e8re le Gave de Pau, Lourdes a connu de graves inondations dans le pass\u00e9 qui ont touch\u00e9 l&rsquo;ensemble du centre-ville ainsi que du site mariale, submergeant tout sous 2,00 m\u00e8tres d&rsquo;eau. La solution de MSU-Bergtec comprenait la fourniture de plus de 400 m\u00e8tres de barri\u00e8res anti-inondation enti\u00e8rement d\u00e9montables et con\u00e7ues sur mesure pour une r\u00e9sistance optimale, une int\u00e9gration esth\u00e9tique dans l&rsquo;urbanisme et l&rsquo;architecture tr\u00e8s sp\u00e9ciales des lieux et ainsi pouvoir garantir la pr\u00e9servation de cet important site de p\u00e8lerinage<\/p>\n<\/div>\n<p>[\/vc_column_text][vc_empty_space height=\u00a0\u00bb30px\u00a0\u00bb][\/vc_column][vc_column width=\u00a0\u00bb1\/2&Prime;][vc_single_image image=\u00a0\u00bb6334&Prime; img_size=\u00a0\u00bbfull\u00a0\u00bb css=\u00a0\u00bb\u00a0\u00bb][vc_empty_space height=\u00a0\u00bb30px\u00a0\u00bb][\/vc_column][\/vc_row][vc_row full_width=\u00a0\u00bbstretch_row\u00a0\u00bb gap=\u00a0\u00bb25&Prime; css=\u00a0\u00bb.vc_custom_1718266383635{background-color: #f5f5f5 !important;background-position: center !important;background-repeat: no-repeat !important;background-size: cover !important;}\u00a0\u00bb][vc_column width=\u00a0\u00bb1\/3&Prime;][vc_single_image image=\u00a0\u00bb349&Prime; img_size=\u00a0\u00bbfull\u00a0\u00bb css=\u00a0\u00bb.vc_custom_1730797717835{margin-top: 60px !important;}\u00a0\u00bb][vc_empty_space height=\u00a0\u00bb30px\u00a0\u00bb][\/vc_column][vc_column width=\u00a0\u00bb2\/3&Prime;][vc_custom_heading text=\u00a0\u00bbLe d\u00e9fi: Sauvegarder le caract\u00e8re historique du site sur un terrain complexe\u00a0\u00bb font_container=\u00a0\u00bbtag:h2|text_align:left|color:%232c34a4&Prime; use_theme_fonts=\u00a0\u00bbyes\u00a0\u00bb css=\u00a0\u00bb.vc_custom_1739288294912{margin-top: 40px !important;}\u00a0\u00bb][vc_column_text css=\u00a0\u00bb.vc_custom_1739288611051{margin-top: 5px !important;margin-bottom: 24px !important;}\u00a0\u00bb]Le projet a d\u00fb faire face \u00e0 de nombreux d\u00e9fis en raison de l&rsquo;importance historique de Lourdes et d&rsquo;un terrain irr\u00e9gulier<\/p>\n<ul>\n<li><strong>Risque \u00e9lev\u00e9 d&rsquo;inondation dans une zone urbaine publique :<\/strong> La situation centrale de Lourdes, pr\u00e8s du Gave de Pau, la rend vuln\u00e9rable aux inondations \u00e0 grande \u00e9chelle, ce qui n\u00e9cessite un syst\u00e8me de d\u00e9fense contre les inondations robuste.<\/li>\n<li><strong>Terrain complexe et contraintes structurelles<\/strong> : Un sol irr\u00e9gulier, de nature diverses (alluvions&#8230;) des b\u00e2timents historiques en pierre de talle; ont n\u00e9cessit\u00e9 des fondations renforc\u00e9es sur mesure et des modes de fixation adapt\u00e9es.<\/li>\n<li><strong>Respect stricte du caract\u00e8re architectural des b\u00e2tments<\/strong>\u00a0: Les monuments religieux de la ville sont prot\u00e9g\u00e9s par des r\u00e8gles architecturales strictes, ce qui exige une solution de barri\u00e8re anti-inondation esth\u00e9tique et non invasive.<\/li>\n<\/ul>\n<p>[\/vc_column_text][vc_column_text css=\u00a0\u00bb.vc_custom_1739288791787{margin-top: 5px !important;margin-bottom: 24px !important;}\u00a0\u00bb]<\/p>\n<p style=\"text-align: justify;\">Tous ces facteurs requi\u00e8rent la pose de barrages adaptables, durables et robustes dont l&rsquo;installation est rapide et simple sans engin de levage m\u00e9canique dans le respect des normes de construction et architecturales.<\/p>\n<p>[\/vc_column_text][vc_empty_space height=\u00a0\u00bb40px\u00a0\u00bb][\/vc_column][\/vc_row][vc_row gap=\u00a0\u00bb25&Prime;][vc_column][vc_custom_heading text=\u00a0\u00bbSolution: Des barrages sur-mesure\u00a0\u00bb font_container=\u00a0\u00bbtag:h2|text_align:left|color:%232c34a4&Prime; use_theme_fonts=\u00a0\u00bbyes\u00a0\u00bb css=\u00a0\u00bb.vc_custom_1739288823701{margin-top: 40px !important;}\u00a0\u00bb][vc_column_text css=\u00a0\u00bb.vc_custom_1739289333336{margin-top: 25px !important;margin-bottom: 40px !important;}\u00a0\u00bb]<\/p>\n<p style=\"text-align: justify;\">Bergtec a con\u00e7u et mis en \u0153uvre un syst\u00e8me de d\u00e9fense contre les inondations sur mesure pour Lourdes, combinant des mat\u00e9riaux de haute performance et des techniques d&rsquo;ing\u00e9nierie sp\u00e9cialis\u00e9es. Les principaux \u00e9l\u00e9ments de la solution sont les suivants<\/p>\n<ul>\n<li><strong>Barri\u00e8res anti-inondation d\u00e9montables sur mesure :<\/strong> Plus de 400 m\u00e8tres de d\u00e9fenses contre les inondations, y compris des batardeaux et des ctampons ont \u00e9t\u00e9 con\u00e7us sur mesure pour r\u00e9sister \u00e0 une hauteur d&rsquo;eau maximale de 2,00 m\u00e8tres.<\/li>\n<li><strong>Une ing\u00e9nierie de pr\u00e9cision pour un terrain irr\u00e9gulier :<\/strong> En utilisant des fondations excav\u00e9es et coul\u00e9es en forme d&rsquo;escalier, des poteaux interm\u00e9diaires ont \u00e9t\u00e9 soigneusement install\u00e9s pour s&rsquo;aligner sur les variations du terrain, assurant ainsi la stabilit\u00e9 et l&rsquo;int\u00e9gration parfaite au paysage.<\/li>\n<li><strong>Mat\u00e9riaux durables et r\u00e9sistants \u00e0 la corrosion : <\/strong>Les barri\u00e8res ont \u00e9t\u00e9 fabriqu\u00e9es \u00e0 partir d&rsquo;alliages d&rsquo;aluminium de qualit\u00e9 marine, assembl\u00e9es par soudage TIG\/MIG et assorties d&rsquo;une garantie de 20 ans contre la corrosion, assurant ainsi une protection durable.<\/li>\n<li><strong>Mat\u00e9riaux r\u00e9sistants \u00e0 la corrosion :<\/strong> Les barri\u00e8res ont \u00e9t\u00e9 fabriqu\u00e9es \u00e0 partir d&rsquo;alliages d&rsquo;aluminium de qualit\u00e9 marine, assembl\u00e9es par soudage TIG\/MIG, et b\u00e9n\u00e9ficient d&rsquo;une garantie de 20 ans contre la corrosion, assurant ainsi une protection durable.<\/li>\n<li><strong>Fixations sp\u00e9ciales<\/strong>: Des ancrages personnalis\u00e9s ont \u00e9t\u00e9 utilis\u00e9s pour sauvegarder les monuments historiques sans porter atteinte \u00e0 leur int\u00e9grit\u00e9 structurelle<\/li>\n<li><strong>Manutention et installation optimis\u00e9es<\/strong> : Des chariots mobiles sur mesure ont \u00e9t\u00e9 con\u00e7us pour une manipulation et un stockage s\u00fbrs et efficaces de tous les \u00e9l\u00e9ments de la barri\u00e8re anti-inondation, facilitant ainsi un d\u00e9ploiement sans heurts dans la zone publique urbaine.<\/li>\n<li><strong>Documentation technique et essais complets :<\/strong> Des calculs d\u00e9taill\u00e9s des contraintes et des notes techniques ont \u00e9t\u00e9 fournis pour les poteaux d&rsquo;ancrage et les plaques de base. Les essais d&rsquo;installation ont permis de v\u00e9rifier que tous les \u00e9quipements r\u00e9pondaient aux conditions contractuelles, avec le soutien permanent de l&rsquo;\u00e9quipe de gestion de projet de MSU-Bergtec.<\/li>\n<\/ul>\n<p>[\/vc_column_text][\/vc_column][\/vc_row][vc_row full_width=\u00a0\u00bbstretch_row\u00a0\u00bb gap=\u00a0\u00bb25&Prime; css=\u00a0\u00bb.vc_custom_1718098214740{background-color: #f5f5f5 !important;}\u00a0\u00bb][vc_column][vc_custom_heading text=\u00a0\u00bbDiaporama g\u00e9n\u00e9ral du projet\u00a0\u00bb font_container=\u00a0\u00bbtag:h2|text_align:left|color:%232c34a4&Prime; use_theme_fonts=\u00a0\u00bbyes\u00a0\u00bb css=\u00a0\u00bb.vc_custom_1739289398877{margin-top: 40px !important;margin-bottom: 15px !important;}\u00a0\u00bb][vc_media_grid element_width=\u00a0\u00bb3&Prime; gap=\u00a0\u00bb15&Prime; css=\u00a0\u00bb.vc_custom_1731671529194{margin-top: 25px !important;margin-bottom: 40px !important;}\u00a0\u00bb grid_id=\u00a0\u00bbvc_gid:1742562410096-87622f27-a4af-7&Prime; include=\u00a0\u00bb6334&Prime;][vc_empty_space height=\u00a0\u00bb40px\u00a0\u00bb][\/vc_column][\/vc_row][vc_row gap=\u00a0\u00bb25&Prime;][vc_column][vc_custom_heading text=\u00a0\u00bbR\u00e9sultats et Impacts\u00a0\u00bb font_container=\u00a0\u00bbtag:h2|text_align:left|color:%232c34a4&Prime; use_theme_fonts=\u00a0\u00bbyes\u00a0\u00bb css=\u00a0\u00bb.vc_custom_1739289439324{margin-top: 40px !important;}\u00a0\u00bb][vc_custom_heading text=\u00a0\u00bbUne protection anti-inondation optimale des lieux saints de Lourdes\u00a0\u00bb font_container=\u00a0\u00bbtag:h3|text_align:left|color:%2341b6e6&Prime; use_theme_fonts=\u00a0\u00bbyes\u00a0\u00bb css=\u00a0\u00bb\u00a0\u00bb][vc_column_text css=\u00a0\u00bb.vc_custom_1739289695362{margin-top: 5px !important;margin-bottom: 24px !important;}\u00a0\u00bb]Les barri\u00e8res anti-inondation d\u00e9montables de Bergtec ont fourni \u00e0 Lourdes un syst\u00e8me fiable de d\u00e9fense contre les inondations, assurant la pr\u00e9servation et la protection des monuments et des infrastructures de la ville.<\/p>\n<p>Les solutions de Bergtec s&rsquo;int\u00e8grent parfaitement \u00e0 l&rsquo;architecture de la ville, les prot\u00e9geant sans perturber leur attrait visuel ou leur int\u00e9grit\u00e9 structurelle.<\/p>\n<p>Solution durable et n\u00e9cessitant peu d&rsquo;entretien : Les composants en aluminium de qualit\u00e9 marine assurent une protection durable avec un minimum d&rsquo;entretien, contribuant ainsi \u00e0 la r\u00e9silience de la ville face aux inondations.<\/p>\n<p>Ce projet d\u00e9montre la capacit\u00e9 de Bergtec-MSU \u00e0 fournir une protection sur mesure contre les inondations renfor\u00e7ant ainsi la r\u00e9silience de l&rsquo;infrastructure de Lourdes tout en respectant son patrimoine culturel.[\/vc_column_text][vc_empty_space height=\u00a0\u00bb40px\u00a0\u00bb][\/vc_column][\/vc_row][vc_row full_width=\u00a0\u00bbstretch_row\u00a0\u00bb gap=\u00a0\u00bb25&Prime; css=\u00a0\u00bb.vc_custom_1718023216909{padding-top: 30px !important;padding-bottom: 30px !important;background-color: #2c34a4 !important;background-position: center !important;background-repeat: no-repeat !important;background-size: cover !important;}\u00a0\u00bb el_class=\u00a0\u00bbhome_quote\u00a0\u00bb][vc_column width=\u00a0\u00bb3\/4&Prime;][vc_custom_heading text=\u00a0\u00bbProt\u00e9gez votre h\u00e9ritage avec nos protections contre les inondations Bergtec-MSU\u00a0\u00bb font_container=\u00a0\u00bbtag:div|font_size:32|text_align:left|color:%23ffffff\u00a0\u00bb use_theme_fonts=\u00a0\u00bbyes\u00a0\u00bb css_animation=\u00a0\u00bbnone\u00a0\u00bb css=\u00a0\u00bb\u00a0\u00bb el_class=\u00a0\u00bbhome_quote_txt\u00a0\u00bb][vc_column_text css_animation=\u00a0\u00bbnone\u00a0\u00bb css=\u00a0\u00bb\u00a0\u00bb]<span style=\"color: #ffffff;\">Bergtec est sp\u00e9cialis\u00e9 dans les solutions de protection contre les inondations personnalis\u00e9es pour les environnements complexes et sensibles. D\u00e9couvrez comment nos barri\u00e8res anti-inondation d\u00e9montables peuvent prot\u00e9ger vos infrastructures critiques et vos sites patrimoniaux. Consultez nos solutions de barri\u00e8res anti-inondation d\u00e9montables ou contactez-nous pour une consultation sur mesure.<\/span>[\/vc_column_text][\/vc_column][vc_column width=\u00a0\u00bb1\/4&Prime;][vc_empty_space][vc_btn title=\u00a0\u00bbRETOUR AUX ETUDES DE CAS\u00a0\u00bb shape=\u00a0\u00bbsquare\u00a0\u00bb align=\u00a0\u00bbleft\u00a0\u00bb css_animation=\u00a0\u00bbnone\u00a0\u00bb css=\u00a0\u00bb\u00a0\u00bb button_block=\u00a0\u00bbtrue\u00a0\u00bb link=\u00a0\u00bburl:https%3A%2F%2Fwww.bergtecprotection.com%2Ffr%2Fetudes-anti-inondation%2F\u00a0\u00bb el_class=\u00a0\u00bbhome_quote_btn\u00a0\u00bb][vc_empty_space][vc_btn title=\u00a0\u00bbNOUS CONTACTER\u00a0\u00bb shape=\u00a0\u00bbsquare\u00a0\u00bb align=\u00a0\u00bbleft\u00a0\u00bb i_align=\u00a0\u00bbright\u00a0\u00bb i_icon_fontawesome=\u00a0\u00bbfas fa-arrow-right\u00a0\u00bb css_animation=\u00a0\u00bbnone\u00a0\u00bb css=\u00a0\u00bb\u00a0\u00bb button_block=\u00a0\u00bbtrue\u00a0\u00bb add_icon=\u00a0\u00bbtrue\u00a0\u00bb link=\u00a0\u00bburl:https%3A%2F%2Fwww.bergtecprotection.com%2Ffr%2Fcontact%2F\u00a0\u00bb el_class=\u00a0\u00bbhome_quote_btn\u00a0\u00bb][vc_empty_space][\/vc_column][\/vc_row]<\/p>\n<\/div>","protected":false},"excerpt":{"rendered":"<p>[vc_row gap=\u00a0\u00bb25&Prime;][vc_column width=\u00a0\u00bb1\/2&Prime;][vc_custom_heading text=\u00a0\u00bbLes solutions de protection anti-inondation du Sanctuaire Notre Dame de Lourdes par Bergtec-MSU\u00a0\u00bb font_container=\u00a0\u00bbtag:h2|text_align:left|color:%2341b6e6&Prime; use_theme_fonts=\u00a0\u00bbyes\u00a0\u00bb css=\u00a0\u00bb\u00a0\u00bb][vc_column_text css=\u00a0\u00bb.vc_custom_1739288215903{margin-top: [&hellip;]<\/p>\n","protected":false},"author":2,"featured_media":0,"parent":6426,"menu_order":3,"comment_status":"closed","ping_status":"closed","template":"","meta":{"footnotes":""},"class_list":["post-6802","page","type-page","status-publish","hentry"],"aioseo_notices":[],"_links":{"self":[{"href":"https:\/\/www.bergtecprotection.com\/fr\/wp-json\/wp\/v2\/pages\/6802","targetHints":{"allow":["GET"]}}],"collection":[{"href":"https:\/\/www.bergtecprotection.com\/fr\/wp-json\/wp\/v2\/pages"}],"about":[{"href":"https:\/\/www.bergtecprotection.com\/fr\/wp-json\/wp\/v2\/types\/page"}],"author":[{"embeddable":true,"href":"https:\/\/www.bergtecprotection.com\/fr\/wp-json\/wp\/v2\/users\/2"}],"replies":[{"embeddable":true,"href":"https:\/\/www.bergtecprotection.com\/fr\/wp-json\/wp\/v2\/comments?post=6802"}],"version-history":[{"count":0,"href":"https:\/\/www.bergtecprotection.com\/fr\/wp-json\/wp\/v2\/pages\/6802\/revisions"}],"up":[{"embeddable":true,"href":"https:\/\/www.bergtecprotection.com\/fr\/wp-json\/wp\/v2\/pages\/6426"}],"wp:attachment":[{"href":"https:\/\/www.bergtecprotection.com\/fr\/wp-json\/wp\/v2\/media?parent=6802"}],"curies":[{"name":"wp","href":"https:\/\/api.w.org\/{rel}","templated":true}]}}