{"id":6442,"date":"2024-11-05T17:40:42","date_gmt":"2024-11-05T17:40:42","guid":{"rendered":"https:\/\/www.bergtecprotection.com\/case-studies\/flood-protection-european-capital\/"},"modified":"2025-03-21T13:11:47","modified_gmt":"2025-03-21T13:11:47","slug":"gestion-reseau-eau-inondation","status":"publish","type":"page","link":"https:\/\/www.bergtecprotection.com\/fr\/etudes-anti-inondation\/gestion-reseau-eau-inondation\/","title":{"rendered":"Etude de cas: Gestion de r\u00e9seau d&rsquo;eau et Inondation"},"content":{"rendered":"<div class=\"wpb-content-wrapper\"><p>[vc_row gap=\u00a0\u00bb25&Prime;][vc_column width=\u00a0\u00bb1\/2&Prime;][vc_custom_heading text=\u00a0\u00bbUne solution mixte de batardeaux et vannes motoris\u00e9es pour la gestion de r\u00e9seaux d&rsquo;eau urbain\u00a0\u00bb font_container=\u00a0\u00bbtag:h2|text_align:left|color:%2341b6e6&Prime; use_theme_fonts=\u00a0\u00bbyes\u00a0\u00bb css=\u00a0\u00bb\u00a0\u00bb][vc_custom_heading text=\u00a0\u00bbPour prot\u00e9ger une grande ville contre les pluies torrentielles et des inondations en r\u00e9sultant, MSU-Bergtec s\u2019est associ\u00e9 aux autorit\u00e9s locales pour moderniser les points cl\u00e9s du r\u00e9seau d&rsquo;eau pluviales de la ville. Ce projet impliquait l&rsquo;installation de batardeaux et vannes motoris\u00e9es de grande dimensions (4x4m) pour r\u00e9guler les d\u00e9bits et assurer la r\u00e9silience du r\u00e9seau. Les solutions personnalis\u00e9es de MSU-Bergtec ont am\u00e9lior\u00e9 la gestion de l\u2019eau de cette capitale europ\u00e9enne tout en respectant des exigences techniques strictes et des limites op\u00e9rationnelles contraignantes .\u00a0\u00bb font_container=\u00a0\u00bbtag:div|font_size:18|text_align:justify|color:%23555555&Prime; use_theme_fonts=\u00a0\u00bbyes\u00a0\u00bb css=\u00a0\u00bb.vc_custom_1733474604313{margin-top: 25px !important;}\u00a0\u00bb el_class=\u00a0\u00bbour_services_heading1&Prime;][vc_empty_space height=\u00a0\u00bb30px\u00a0\u00bb][\/vc_column][vc_column width=\u00a0\u00bb1\/2&Prime;][vc_single_image image=\u00a0\u00bb6422&Prime; img_size=\u00a0\u00bbfull\u00a0\u00bb css=\u00a0\u00bb.vc_custom_1731666806812{margin-top: 30px !important;}\u00a0\u00bb][vc_empty_space height=\u00a0\u00bb30px\u00a0\u00bb][\/vc_column][\/vc_row][vc_row full_width=\u00a0\u00bbstretch_row\u00a0\u00bb gap=\u00a0\u00bb25&Prime; css=\u00a0\u00bb.vc_custom_1718266383635{background-color: #f5f5f5 !important;background-position: center !important;background-repeat: no-repeat !important;background-size: cover !important;}\u00a0\u00bb][vc_column width=\u00a0\u00bb1\/3&Prime;][vc_single_image image=\u00a0\u00bb6293&Prime; img_size=\u00a0\u00bbfull\u00a0\u00bb css=\u00a0\u00bb.vc_custom_1730891998344{margin-top: 60px !important;}\u00a0\u00bb][vc_empty_space height=\u00a0\u00bb30px\u00a0\u00bb][\/vc_column][vc_column width=\u00a0\u00bb2\/3&Prime;][vc_custom_heading text=\u00a0\u00bbProbl\u00e8me : Mise \u00e0 niveau des r\u00e9seaux de la ville avec des contraintes li\u00e9s au mauvais \u00e9tat des ouvrages b\u00e9ton\u00a0\u00bb font_container=\u00a0\u00bbtag:h2|text_align:left|color:%232c34a4&Prime; use_theme_fonts=\u00a0\u00bbyes\u00a0\u00bb css=\u00a0\u00bb.vc_custom_1732811836508{margin-top: 40px !important;}\u00a0\u00bb][vc_column_text css=\u00a0\u00bb.vc_custom_1733474865933{margin-top: 5px !important;margin-bottom: 24px !important;}\u00a0\u00bb]<\/p>\n<p style=\"text-align: justify;\">Le projet comprenait une s\u00e9rie de d\u00e9fis \u00e0 surmonter li\u00e9s \u00e0 la nature et la taille de sinfratsructures:<\/p>\n<ul style=\"list-style-type: disc; text-align: justify;\">\n<li><strong>Des \u00e9quipements de tr\u00e8s grande taille:<\/strong> Nous avons r\u00e9alis\u00e9 de tr\u00e8s grandes vannes-batardeaux (par ex. \u00a04500 x 4000mm avec des cadres de 6000mm de longueur) qui ont \u00e9t\u00e9 emball\u00e9s sur-mesure et transport\u00e9s par des convois sp\u00e9ciaux.<\/li>\n<li><strong>Contraintes op\u00e9rationnelles et acc\u00e8s restraint:<\/strong> L&rsquo;installation du mat\u00e9riel a \u00e9t\u00e9 complexe en raison de restrictions de s\u00e9curit\u00e9 et des acc\u00e8s limit\u00e9s.<\/li>\n<li><strong>Respect d&rsquo;obligation environnementales:<\/strong> Les \u00e9quipements ont du \u00eatre sp\u00e9cialement calcul\u00e9s et dimensionn\u00e9s r\u00e9sister aux fortes charges d&rsquo;exploitation mais aussi aux conditions environnementales \u00e9prouvantes (grande amplitude thermique, forte humidit\u00e9 etc) tout en s&rsquo;int\u00e9grant, par l&rsquo;adaptation sur-mesure des ancrages, dans des ouvrages de g\u00e9nie civil existants.<\/li>\n<\/ul>\n<p>[\/vc_column_text][vc_column_text css=\u00a0\u00bb.vc_custom_1733414340401{margin-top: 5px !important;margin-bottom: 24px !important;}\u00a0\u00bb]<\/p>\n<p id=\"tw-target-text\" class=\"tw-data-text tw-text-large tw-ta\" dir=\"ltr\" style=\"text-align: left;\" data-placeholder=\"Traduction\" data-ved=\"2ahUKEwjuuLLq_pCKAxVbgP0HHV3iBRMQ3ewLegQICxAU\" aria-label=\"Texte traduit\u00a0: Ces contraintes n\u00e9cessitaient une solution robuste et con\u00e7ue sur mesure qui pouvait \u00eatre rapidement install\u00e9e et int\u00e9gr\u00e9e au syst\u00e8me d\u2019eau mis \u00e0 jour de la ville.\"><span class=\"Y2IQFc\" lang=\"fr\">Ces contraintes ont impos\u00e9 des solutions con\u00e7u sur-mesure pour pouvoir \u00eatre pos\u00e9 simplement et rapidement \u00a0dans le r\u00e9seau d\u2019eau de la ville.<\/span><\/p>\n<p>[\/vc_column_text][vc_empty_space height=\u00a0\u00bb40px\u00a0\u00bb][\/vc_column][\/vc_row][vc_row gap=\u00a0\u00bb25&Prime;][vc_column][vc_custom_heading text=\u00a0\u00bbSolution: Des batardeaux sur-mesure, \u00e0 relevage manuel ou motoris\u00e9s avec SCADA\u00a0\u00bb font_container=\u00a0\u00bbtag:h2|text_align:left|color:%232c34a4&Prime; use_theme_fonts=\u00a0\u00bbyes\u00a0\u00bb css=\u00a0\u00bb.vc_custom_1733416917780{margin-top: 40px !important;}\u00a0\u00bb][vc_column_text css=\u00a0\u00bb.vc_custom_1733476567529{margin-top: 25px !important;margin-bottom: 40px !important;}\u00a0\u00bb]<\/p>\n<p style=\"text-align: justify;\">Ce projet de gestion de r\u00e9seau fluvial nous avons d\u00fb concevoir et fabriquer sur-mesure de l&rsquo;\u00e9quipement avec une garantie de durabilit\u00e9 et de haute r\u00e9sistance.<\/p>\n<ul style=\"text-align: justify; list-style-type: disc;\">\n<li><strong>Des solutions sur-mesure :<\/strong> L&rsquo;ensemble des batardeaux et vannes fabriqu\u00e9s \u00e0 partir de mat\u00e9riaux r\u00e9sistants \u00e0 la corrosion ont \u00e9t\u00e9 con\u00e7u pour une gestion efficace des eaux.<\/li>\n<li><strong>Des vannes-batardeaux motoris\u00e9es avec SCADA:<\/strong> The penstocks were equipped with SCADA (Supervisory Control and Data Acquisition) systems for automated control, allowing real-time monitoring and precise regulation of water levels in response to heavy rain events.<\/li>\n<li><strong>Optimised Fixation Standards for Local Conditions:<\/strong> Bergtec adapted its fixation solutions to the site\u2019s structural state, addressing issues with uneven or deteriorated concrete to ensure secure installation.<\/li>\n<li><strong>Efficient Delivery and Installation:<\/strong> Given the large size of the equipment, \u201coversized transport\u201d was arranged to deliver the penstocks ready for installation, minimising on-site assembly time and allowing for quick deployment.<\/li>\n<li><strong>Comprehensive Project Management and Support:<\/strong> Bergtec provided ongoing coordination with local authorities, ensuring seamless integration with the city\u2019s infrastructure. Installation testing confirmed that all components met contract conditions, providing the capital city with reliable flood protection.<\/li>\n<li>\n<p id=\"tw-target-text\" class=\"tw-data-text tw-text-large tw-ta\" dir=\"ltr\" data-placeholder=\"Traduction\" data-ved=\"2ahUKEwjuuLLq_pCKAxVbgP0HHV3iBRMQ3ewLegQICxAU\" aria-label=\"Texte traduit\u00a0: Les conduites forc\u00e9es \u00e9taient \u00e9quip\u00e9es de syst\u00e8mes SCADA (Supervisory Control and Data Acquisition) pour un contr\u00f4le automatis\u00e9, permettant une surveillance en temps r\u00e9el et une r\u00e9gulation pr\u00e9cise des niveaux d'eau en r\u00e9ponse aux fortes pluies. Normes de fixation optimis\u00e9es pour les conditions locales\u00a0: Bergtec a adapt\u00e9 ses solutions de fixation \u00e0 l'\u00e9tat structurel du site, r\u00e9solvant les probl\u00e8mes de b\u00e9ton in\u00e9gal ou d\u00e9t\u00e9rior\u00e9 pour garantir une installation s\u00e9curis\u00e9e. Livraison et installation efficaces : Compte tenu de la grande taille de l'\u00e9quipement, un \u00ab transport surdimensionn\u00e9 \u00bb a \u00e9t\u00e9 organis\u00e9 pour livrer les conduites forc\u00e9es pr\u00eates \u00e0 \u00eatre install\u00e9es, minimisant ainsi le temps d'assemblage sur site et permettant un d\u00e9ploiement rapide. Gestion et support complets du projet\u00a0: Bergtec a assur\u00e9 une coordination continue avec les autorit\u00e9s locales, garantissant une int\u00e9gration transparente avec l'infrastructure de la ville. Les tests d'installation ont confirm\u00e9 que tous les composants r\u00e9pondaient aux conditions contractuelles, offrant ainsi \u00e0 la capitale une protection fiable contre les inondations.\"><span class=\"Y2IQFc\" lang=\"fr\">Les vannes \u00e9taient \u00e9quip\u00e9es de syst\u00e8mes SCADA (Supervisory Control and Data Acquisition) pour une gestion automatis\u00e9e, permettent une surveillance en temps r\u00e9el et une r\u00e9gulation pr\u00e9cise des niveaux d&rsquo;eau.<\/span><\/p>\n<\/li>\n<li>\n<p id=\"tw-target-text\" class=\"tw-data-text tw-text-large tw-ta\" dir=\"ltr\" data-placeholder=\"Traduction\" data-ved=\"2ahUKEwjuuLLq_pCKAxVbgP0HHV3iBRMQ3ewLegQICxAU\" aria-label=\"Texte traduit\u00a0: Les conduites forc\u00e9es \u00e9taient \u00e9quip\u00e9es de syst\u00e8mes SCADA (Supervisory Control and Data Acquisition) pour un contr\u00f4le automatis\u00e9, permettant une surveillance en temps r\u00e9el et une r\u00e9gulation pr\u00e9cise des niveaux d'eau en r\u00e9ponse aux fortes pluies. Normes de fixation optimis\u00e9es pour les conditions locales\u00a0: Bergtec a adapt\u00e9 ses solutions de fixation \u00e0 l'\u00e9tat structurel du site, r\u00e9solvant les probl\u00e8mes de b\u00e9ton in\u00e9gal ou d\u00e9t\u00e9rior\u00e9 pour garantir une installation s\u00e9curis\u00e9e. Livraison et installation efficaces : Compte tenu de la grande taille de l'\u00e9quipement, un \u00ab transport surdimensionn\u00e9 \u00bb a \u00e9t\u00e9 organis\u00e9 pour livrer les conduites forc\u00e9es pr\u00eates \u00e0 \u00eatre install\u00e9es, minimisant ainsi le temps d'assemblage sur site et permettant un d\u00e9ploiement rapide. Gestion et support complets du projet\u00a0: Bergtec a assur\u00e9 une coordination continue avec les autorit\u00e9s locales, garantissant une int\u00e9gration transparente avec l'infrastructure de la ville. Les tests d'installation ont confirm\u00e9 que tous les composants r\u00e9pondaient aux conditions contractuelles, offrant ainsi \u00e0 la capitale une protection fiable contre les inondations.\"><span class=\"Y2IQFc\" lang=\"fr\">Des fixation optimis\u00e9es pour des ouvrages existants : MSU-Bergtec a adapt\u00e9 ses solutions de fixation par des syst\u00e8mes de r\u00e9glages et calage qui devaient r\u00e9soudre les probl\u00e8mes de b\u00e9ton in\u00e9gal ou fortement d\u00e9t\u00e9rior\u00e9 pour garantir une installation s\u00e9curis\u00e9e. <\/span><\/p>\n<\/li>\n<li>\n<p id=\"tw-target-text\" class=\"tw-data-text tw-text-large tw-ta\" dir=\"ltr\" data-placeholder=\"Traduction\" data-ved=\"2ahUKEwjuuLLq_pCKAxVbgP0HHV3iBRMQ3ewLegQICxAU\" aria-label=\"Texte traduit\u00a0: Les conduites forc\u00e9es \u00e9taient \u00e9quip\u00e9es de syst\u00e8mes SCADA (Supervisory Control and Data Acquisition) pour un contr\u00f4le automatis\u00e9, permettant une surveillance en temps r\u00e9el et une r\u00e9gulation pr\u00e9cise des niveaux d'eau en r\u00e9ponse aux fortes pluies. Normes de fixation optimis\u00e9es pour les conditions locales\u00a0: Bergtec a adapt\u00e9 ses solutions de fixation \u00e0 l'\u00e9tat structurel du site, r\u00e9solvant les probl\u00e8mes de b\u00e9ton in\u00e9gal ou d\u00e9t\u00e9rior\u00e9 pour garantir une installation s\u00e9curis\u00e9e. Livraison et installation efficaces : Compte tenu de la grande taille de l'\u00e9quipement, un \u00ab transport surdimensionn\u00e9 \u00bb a \u00e9t\u00e9 organis\u00e9 pour livrer les conduites forc\u00e9es pr\u00eates \u00e0 \u00eatre install\u00e9es, minimisant ainsi le temps d'assemblage sur site et permettant un d\u00e9ploiement rapide. Gestion et support complets du projet\u00a0: Bergtec a assur\u00e9 une coordination continue avec les autorit\u00e9s locales, garantissant une int\u00e9gration transparente avec l'infrastructure de la ville. Les tests d'installation ont confirm\u00e9 que tous les composants r\u00e9pondaient aux conditions contractuelles, offrant ainsi \u00e0 la capitale une protection fiable contre les inondations.\"><span class=\"Y2IQFc\" lang=\"fr\">Une livraison et installation sp\u00e9ciale : Compte tenu de la grande taille des \u00e9quipements, un \u00ab transport exceptionnel a \u00e9t\u00e9 organis\u00e9 pour livrer les \u00e9quipements pr\u00eats \u00e0 \u00eatre install\u00e9s, et minimisant ainsi le temps d&rsquo;assemblage sur site.<\/span><\/p>\n<\/li>\n<li>\n<p id=\"tw-target-text\" class=\"tw-data-text tw-text-large tw-ta\" dir=\"ltr\" data-placeholder=\"Traduction\" data-ved=\"2ahUKEwjuuLLq_pCKAxVbgP0HHV3iBRMQ3ewLegQICxAU\" aria-label=\"Texte traduit\u00a0: Les conduites forc\u00e9es \u00e9taient \u00e9quip\u00e9es de syst\u00e8mes SCADA (Supervisory Control and Data Acquisition) pour un contr\u00f4le automatis\u00e9, permettant une surveillance en temps r\u00e9el et une r\u00e9gulation pr\u00e9cise des niveaux d'eau en r\u00e9ponse aux fortes pluies. Normes de fixation optimis\u00e9es pour les conditions locales\u00a0: Bergtec a adapt\u00e9 ses solutions de fixation \u00e0 l'\u00e9tat structurel du site, r\u00e9solvant les probl\u00e8mes de b\u00e9ton in\u00e9gal ou d\u00e9t\u00e9rior\u00e9 pour garantir une installation s\u00e9curis\u00e9e. Livraison et installation efficaces : Compte tenu de la grande taille de l'\u00e9quipement, un \u00ab transport surdimensionn\u00e9 \u00bb a \u00e9t\u00e9 organis\u00e9 pour livrer les conduites forc\u00e9es pr\u00eates \u00e0 \u00eatre install\u00e9es, minimisant ainsi le temps d'assemblage sur site et permettant un d\u00e9ploiement rapide. Gestion et support complets du projet\u00a0: Bergtec a assur\u00e9 une coordination continue avec les autorit\u00e9s locales, garantissant une int\u00e9gration transparente avec l'infrastructure de la ville. Les tests d'installation ont confirm\u00e9 que tous les composants r\u00e9pondaient aux conditions contractuelles, offrant ainsi \u00e0 la capitale une protection fiable contre les inondations.\"><span class=\"Y2IQFc\" lang=\"fr\"> Gestion et support complets du projet : <\/span><span class=\"Y2IQFc\" lang=\"fr\">Bergtec a assur\u00e9 une coordination continue avec le ma\u00eetre d&rsquo;ouvrage, garantissant une int\u00e9gration transparente avec les infrastructures. Les tests d&rsquo;installation ont confirm\u00e9 que tous les composants r\u00e9pondaient aux conditions contractuelles, offrant ainsi \u00e0 la capitale une protection fiable contre les inondations.<\/span><\/p>\n<\/li>\n<\/ul>\n<p>[\/vc_column_text][vc_column_text css=\u00a0\u00bb.vc_custom_1733476860877{margin-top: 25px !important;margin-bottom: 40px !important;}\u00a0\u00bb]<\/p>\n<p style=\"text-align: justify;\">Les solutions de MSU-Bergtec permettent une gestion efficace des inondations en int\u00e9grant des syst\u00e8mes automatis\u00e9 dans les ouvrages, r\u00e9seaux, existants.<\/p>\n<p>[\/vc_column_text][\/vc_column][\/vc_row][vc_row full_width=\u00a0\u00bbstretch_row\u00a0\u00bb gap=\u00a0\u00bb25&Prime; css=\u00a0\u00bb.vc_custom_1718098214740{background-color: #f5f5f5 !important;}\u00a0\u00bb][vc_column][vc_custom_heading text=\u00a0\u00bbLes points fort en images\u00a0\u00bb font_container=\u00a0\u00bbtag:h2|text_align:left|color:%232c34a4&Prime; use_theme_fonts=\u00a0\u00bbyes\u00a0\u00bb css=\u00a0\u00bb.vc_custom_1733476935146{margin-top: 40px !important;margin-bottom: 15px !important;}\u00a0\u00bb][vc_media_grid element_width=\u00a0\u00bb3&Prime; gap=\u00a0\u00bb15&Prime; css=\u00a0\u00bb.vc_custom_1731671420212{margin-top: 25px !important;margin-bottom: 40px !important;}\u00a0\u00bb grid_id=\u00a0\u00bbvc_gid:1742562633299-fa8591e4-544b-6&Prime; include=\u00a0\u00bb6288,6298,292,6293,6422,6452,6457&Prime;][vc_empty_space height=\u00a0\u00bb40px\u00a0\u00bb][\/vc_column][\/vc_row][vc_row gap=\u00a0\u00bb25&Prime;][vc_column][vc_custom_heading text=\u00a0\u00bbR\u00e9sultats et impact\u00a0\u00bb font_container=\u00a0\u00bbtag:h2|text_align:left|color:%232c34a4&Prime; use_theme_fonts=\u00a0\u00bbyes\u00a0\u00bb css=\u00a0\u00bb.vc_custom_1733476960163{margin-top: 40px !important;}\u00a0\u00bb][vc_custom_heading text=\u00a0\u00bbGestion optimis\u00e9e des r\u00e9seaux urbains\u00a0\u00bb font_container=\u00a0\u00bbtag:h3|text_align:left|color:%2341b6e6&Prime; use_theme_fonts=\u00a0\u00bbyes\u00a0\u00bb css=\u00a0\u00bb\u00a0\u00bb][vc_column_text css=\u00a0\u00bb.vc_custom_1733477900721{margin-top: 5px !important;margin-bottom: 24px !important;}\u00a0\u00bb]<\/p>\n<p style=\"text-align: justify;\">Les fabrications sur-mesure de batardeaux-barrages anti-inondation MSU-Bergtec ont am\u00e9lior\u00e9 la gestion r\u00e9seaux fluviaux urbains et pr\u00e9vision des crues :<\/p>\n<ul style=\"text-align: justify; list-style-type: disc;\">\n<li><strong>Une gestion fiable:<\/strong> Les vannes-batardeaux automatis\u00e9es permettent en temps r\u00e9el une gestion automatique des niveaux d&rsquo;eau et participe \u00e0 la r\u00e9duction des impacts des pluies torrentielles sur le r\u00e9seau urbain.<\/li>\n<li><strong>Durable et sans entretien :<\/strong> Des \u00e9quipements construits \u00e0 partir de mat\u00e9riaux r\u00e9sistants \u00e0 la corrosion et con\u00e7us pour durer longtemps.<\/li>\n<li><strong>Installation simplifi\u00e9e:<\/strong> Livr\u00e9 pr\u00eat-\u00e0-\u00eatre install\u00e9, les \u00e9quipement MSU-Bergtec sont rapidement mis en place.<\/li>\n<\/ul>\n<p>[\/vc_column_text][vc_column_text css=\u00a0\u00bb.vc_custom_1733478270140{margin-top: 5px !important;margin-bottom: 24px !important;}\u00a0\u00bb]<\/p>\n<p style=\"text-align: justify;\">A travers ce projet et gr\u00e2ce aux \u00e9quipements de gestion des eaux, MSU-Bergtec a contribu\u00e9 \u00e0 l&rsquo;am\u00e9lioration des infrastructures urbaines en augmentant la r\u00e9activit\u00e9 de la Vile face aux pluies soudaines et d\u00e9bordements des cours d&rsquo;eau.<\/p>\n<p>[\/vc_column_text][vc_empty_space height=\u00a0\u00bb40px\u00a0\u00bb][\/vc_column][\/vc_row][vc_row full_width=\u00a0\u00bbstretch_row\u00a0\u00bb gap=\u00a0\u00bb25&Prime; css=\u00a0\u00bb.vc_custom_1718023216909{padding-top: 30px !important;padding-bottom: 30px !important;background-color: #2c34a4 !important;background-position: center !important;background-repeat: no-repeat !important;background-size: cover !important;}\u00a0\u00bb el_class=\u00a0\u00bbhome_quote\u00a0\u00bb][vc_column width=\u00a0\u00bb3\/4&Prime;][vc_custom_heading text=\u00a0\u00bbS\u00e9curisez les infrastructures de votre Ville avec nos solutions diverses et vari\u00e9es contre les inondations\u00a0\u00bb font_container=\u00a0\u00bbtag:div|font_size:32|text_align:left|color:%23ffffff\u00a0\u00bb use_theme_fonts=\u00a0\u00bbyes\u00a0\u00bb css_animation=\u00a0\u00bbnone\u00a0\u00bb css=\u00a0\u00bb\u00a0\u00bb el_class=\u00a0\u00bbhome_quote_txt\u00a0\u00bb][vc_column_text css_animation=\u00a0\u00bbnone\u00a0\u00bb css=\u00a0\u00bb\u00a0\u00bb]<span style=\"color: #ffffff;\">Bergtec propose des solutions personnalis\u00e9es de gestion de l&rsquo;eau et de protection contre les inondations adapt\u00e9es aux environnements urbains. D\u00e9couvrez comment nos barri\u00e8res d&rsquo;inondation d\u00e9montables, nos sas d&rsquo;arr\u00eat et nos conduites forc\u00e9es peuvent renforcer votre infrastructure. Visitez notre page sur les barri\u00e8res de protection contre les inondations ou contactez-nous pour une solution personnalis\u00e9e.<\/span>[\/vc_column_text][\/vc_column][vc_column width=\u00a0\u00bb1\/4&Prime;][vc_empty_space][vc_btn title=\u00a0\u00bbRETOUR AUX \u00c9TUDES DE CAS\u00a0\u00bb style=\u00a0\u00bbcustom\u00a0\u00bb custom_text=\u00a0\u00bb#666666&Prime; shape=\u00a0\u00bbsquare\u00a0\u00bb align=\u00a0\u00bbleft\u00a0\u00bb css_animation=\u00a0\u00bbnone\u00a0\u00bb css=\u00a0\u00bb\u00a0\u00bb button_block=\u00a0\u00bbtrue\u00a0\u00bb link=\u00a0\u00bburl:https%3A%2F%2Fwww.bergtecprotection.com%2Ffr%2Fetudes-anti-inondation%2F|title:Case%20Studies\u00a0\u00bb el_class=\u00a0\u00bbhome_quote_btn\u00a0\u00bb][vc_empty_space][vc_btn title=\u00a0\u00bbNOUS CONTACTER\u00a0\u00bb shape=\u00a0\u00bbsquare\u00a0\u00bb align=\u00a0\u00bbleft\u00a0\u00bb i_align=\u00a0\u00bbright\u00a0\u00bb i_icon_fontawesome=\u00a0\u00bbfas fa-arrow-right\u00a0\u00bb css_animation=\u00a0\u00bbnone\u00a0\u00bb css=\u00a0\u00bb\u00a0\u00bb button_block=\u00a0\u00bbtrue\u00a0\u00bb add_icon=\u00a0\u00bbtrue\u00a0\u00bb link=\u00a0\u00bburl:https%3A%2F%2Fwww.bergtecprotection.com%2Ffr%2Fcontact%2F\u00a0\u00bb el_class=\u00a0\u00bbhome_quote_btn\u00a0\u00bb][vc_empty_space][\/vc_column][\/vc_row]<\/p>\n<\/div>","protected":false},"excerpt":{"rendered":"<p>[vc_row gap=\u00a0\u00bb25&Prime;][vc_column width=\u00a0\u00bb1\/2&Prime;][vc_custom_heading text=\u00a0\u00bbUne solution mixte de batardeaux et vannes motoris\u00e9es pour la gestion de r\u00e9seaux d&rsquo;eau urbain\u00a0\u00bb font_container=\u00a0\u00bbtag:h2|text_align:left|color:%2341b6e6&Prime; use_theme_fonts=\u00a0\u00bbyes\u00a0\u00bb [&hellip;]<\/p>\n","protected":false},"author":2,"featured_media":0,"parent":6426,"menu_order":5,"comment_status":"closed","ping_status":"closed","template":"","meta":{"footnotes":""},"class_list":["post-6442","page","type-page","status-publish","hentry"],"aioseo_notices":[],"_links":{"self":[{"href":"https:\/\/www.bergtecprotection.com\/fr\/wp-json\/wp\/v2\/pages\/6442","targetHints":{"allow":["GET"]}}],"collection":[{"href":"https:\/\/www.bergtecprotection.com\/fr\/wp-json\/wp\/v2\/pages"}],"about":[{"href":"https:\/\/www.bergtecprotection.com\/fr\/wp-json\/wp\/v2\/types\/page"}],"author":[{"embeddable":true,"href":"https:\/\/www.bergtecprotection.com\/fr\/wp-json\/wp\/v2\/users\/2"}],"replies":[{"embeddable":true,"href":"https:\/\/www.bergtecprotection.com\/fr\/wp-json\/wp\/v2\/comments?post=6442"}],"version-history":[{"count":0,"href":"https:\/\/www.bergtecprotection.com\/fr\/wp-json\/wp\/v2\/pages\/6442\/revisions"}],"up":[{"embeddable":true,"href":"https:\/\/www.bergtecprotection.com\/fr\/wp-json\/wp\/v2\/pages\/6426"}],"wp:attachment":[{"href":"https:\/\/www.bergtecprotection.com\/fr\/wp-json\/wp\/v2\/media?parent=6442"}],"curies":[{"name":"wp","href":"https:\/\/api.w.org\/{rel}","templated":true}]}}