{"id":6438,"date":"2024-11-05T15:04:55","date_gmt":"2024-11-05T15:04:55","guid":{"rendered":"https:\/\/www.bergtecprotection.com\/case-studies\/flood-protection-city-paris\/"},"modified":"2025-03-21T13:09:42","modified_gmt":"2025-03-21T13:09:42","slug":"protection-zones-inondables-paris","status":"publish","type":"page","link":"https:\/\/www.bergtecprotection.com\/fr\/etudes-anti-inondation\/protection-zones-inondables-paris\/","title":{"rendered":"Etude de cas: La protection des zones inondables de Paris"},"content":{"rendered":"<div class=\"wpb-content-wrapper\"><p>[vc_row gap=\u00a0\u00bb25&Prime;][vc_column width=\u00a0\u00bb1\/2&Prime;][vc_custom_heading text=\u00a0\u00bbLes solutions MSU de protection anti-crues d\u00e9montable pour Paris\u00a0\u00bb font_container=\u00a0\u00bbtag:h2|text_align:left|color:%2341b6e6&Prime; use_theme_fonts=\u00a0\u00bbyes\u00a0\u00bb css=\u00a0\u00bb\u00a0\u00bb][vc_custom_heading text=\u00a0\u00bbMSU a obtenue la confiance de la Vile de Paris pour l&rsquo;a prot\u00e9ger contre la crue centennale de la Seine et fourni divers \u00ab\u00a0barrages anti-inondation\u00ab\u00a0 en respectant le caract\u00e8re historique de certains b\u00e2timents. Nous avons ainsi conclu et livr\u00e9 environ 300 m\u00e8tres lin\u00e9aires de protections qui doivent r\u00e9sister pour certains \u00e0 de fortes pressions (colonne d&rsquo;eau jusqu&rsquo;\u00e0 3,40m) et s&rsquo;int\u00e9grer harmonieusement dans l&rsquo;espace public . Chaque protection a \u00e9t\u00e9 con\u00e7ue sur-mesure pour respecter les contraintes architecturales de la Ville de Paris en int\u00e9grant compl\u00e8tement les points d&rsquo;ancrage dans les sols et parois.\u00a0\u00bb font_container=\u00a0\u00bbtag:div|font_size:18|text_align:justify|color:%23555555&Prime; use_theme_fonts=\u00a0\u00bbyes\u00a0\u00bb css=\u00a0\u00bb.vc_custom_1733473993115{margin-top: 25px !important;}\u00a0\u00bb el_class=\u00a0\u00bbour_services_heading1&Prime;][vc_empty_space height=\u00a0\u00bb30px\u00a0\u00bb][\/vc_column][vc_column width=\u00a0\u00bb1\/2&Prime;][vc_single_image image=\u00a0\u00bb6247&Prime; img_size=\u00a0\u00bbfull\u00a0\u00bb css=\u00a0\u00bb\u00a0\u00bb][vc_empty_space height=\u00a0\u00bb30px\u00a0\u00bb][\/vc_column][\/vc_row][vc_row full_width=\u00a0\u00bbstretch_row\u00a0\u00bb gap=\u00a0\u00bb25&Prime; css=\u00a0\u00bb.vc_custom_1718266383635{background-color: #f5f5f5 !important;background-position: center !important;background-repeat: no-repeat !important;background-size: cover !important;}\u00a0\u00bb][vc_column width=\u00a0\u00bb1\/3&Prime;][vc_single_image image=\u00a0\u00bb380&Prime; img_size=\u00a0\u00bbfull\u00a0\u00bb css=\u00a0\u00bb.vc_custom_1730884302626{margin-top: 60px !important;}\u00a0\u00bb][vc_empty_space height=\u00a0\u00bb30px\u00a0\u00bb][\/vc_column][vc_column width=\u00a0\u00bb2\/3&Prime;][vc_custom_heading text=\u00a0\u00bbLe d\u00e9fi: Adapter les protections aux environnements de sites tr\u00e8s diff\u00e9rents\u00a0\u00bb font_container=\u00a0\u00bbtag:h2|text_align:left|color:%232c34a4&Prime; use_theme_fonts=\u00a0\u00bbyes\u00a0\u00bb css=\u00a0\u00bb.vc_custom_1732802857979{margin-top: 40px !important;}\u00a0\u00bb][vc_column_text css=\u00a0\u00bb.vc_custom_1733474025732{margin-top: 5px !important;margin-bottom: 24px !important;}\u00a0\u00bb]<\/p>\n<p style=\"text-align: justify;\">Ces projets divers ont pos\u00e9s de r\u00e9els enjeux et difficult\u00e9s de combinaison des performances et d&rsquo;int\u00e9gration dans l&rsquo;urbanisme:<\/p>\n<ul style=\"text-align: justify;\">\n<li><strong>Forte Pression et ancrages Invisible:<\/strong> Un axe routier strat\u00e9gique , le Pont National de 17 m\u00e8tres de large, dans le 13\u00e8me arr. devait \u00eatre barr\u00e9 et supporter une charge d&rsquo;eau totale de 100 tonnes. Le montage du barrage se fait dans des bo\u00eetiers sp\u00e9ciaux enti\u00e8rement int\u00e9gr\u00e9s dans le sol de la route pour ne pas g\u00eaner la circulation. .<\/li>\n<li><strong>Pr\u00e9servation des b\u00e2timents historiques:<\/strong> Des protections pour des demeures class\u00e9es ont requis des solutions de fixation discr\u00e8te pour s&rsquo;int\u00e9grer harmonieusement \u00e0 l&rsquo;architecture du b\u00e2timent.<\/li>\n<li><strong>Contraintes Op\u00e9rationnelle et de S\u00e9curit\u00e9:<\/strong> Une \u00e9quipe confront\u00e9e et habitu\u00e9e \u00e0 concevoir et livrer des protections anti-inondation pour centre urbain de distribution de chaleur parisien. Le projet s&rsquo;est d\u00e9roul\u00e9 sans anicroche pendant que l&rsquo;usine restait en activit\u00e9 gr\u00e2ce \u00e0 notre expertise.<\/li>\n<\/ul>\n<p>[\/vc_column_text][vc_column_text css=\u00a0\u00bb.vc_custom_1733474057903{margin-top: 5px !important;margin-bottom: 24px !important;}\u00a0\u00bb][\/vc_column_text][vc_empty_space height=\u00a0\u00bb40px\u00a0\u00bb][\/vc_column][\/vc_row][vc_row gap=\u00a0\u00bb25&Prime;][vc_column][vc_custom_heading text=\u00a0\u00bbSolution: Barri\u00e8re MSU anti-inondation, d\u00e9montable et sur mesure, pour Paris\u00a0\u00bb font_container=\u00a0\u00bbtag:h2|text_align:left|color:%232c34a4&Prime; use_theme_fonts=\u00a0\u00bbyes\u00a0\u00bb css=\u00a0\u00bb.vc_custom_1732804844235{margin-top: 40px !important;}\u00a0\u00bb][vc_column_text css=\u00a0\u00bb.vc_custom_1732807807533{margin-top: 25px !important;margin-bottom: 40px !important;}\u00a0\u00bb]<\/p>\n<p id=\"tw-target-text\" class=\"tw-data-text tw-text-large tw-ta\" dir=\"ltr\" style=\"text-align: left;\" data-placeholder=\"Traduction\" data-ved=\"2ahUKEwi097ah5vyJAxUBzAIHHTt9BbMQ3ewLegQICxAU\" aria-label=\"Texte traduit\u00a0: Bergtec a d\u00e9velopp\u00e9 un syst\u00e8me de barri\u00e8re contre les inondations personnalis\u00e9 adapt\u00e9 aux besoins distincts de chaque site de projet, combinant une ing\u00e9nierie robuste avec des techniques d'installation discr\u00e8tes. Les composants cl\u00e9s de la solution comprenaient\u00a0:\"><span class=\"Y2IQFc\" lang=\"fr\">MSU a d\u00e9velopp\u00e9 un syst\u00e8me de barri\u00e8re contre les inondations personnalis\u00e9 adapt\u00e9 aux besoins distincts de chaque site du projet, combinant une ma\u00eetrise de l&rsquo;ing\u00e9nierie et des techniques d&rsquo;installation innovantes. En r\u00e9sum\u00e9 les aspects-cl\u00e9s du projet \u00a0:<\/span><\/p>\n<ul style=\"text-align: justify; list-style-type: disc;\">\n<li><strong>De Hautes performance pour les \u00a0Barri\u00e8res d\u00e9montables anti-crues:<\/strong> Plus d e300 m\u00e8tres de barrages, comprenant des trappes \u00e9tanches , des panneaux de porte sp\u00e9cialement renforc\u00e9es pour r\u00e9sister aux fortes pressions.<\/li>\n<li><strong>Des points d&rsquo;ancrage sur-mesure:<\/strong> des bo\u00eetiers sp\u00e9ciaux avec rails de fixation des boulons de fixation des poteaux de soutien, \u00e0 encastrer dans le sol, ont \u00e9t\u00e9 d\u00e9velopp\u00e9s pour le projet afin de garantir \u00a0une int\u00e9gration totale dans les ouvrages de g\u00e9nie civil pour une fluidit\u00e9 de passage des pi\u00e9tons et v\u00e9hicules.<\/li>\n<li><strong>Conception innovante pour des terrains irr\u00e9guliers:<\/strong> Nos solutions de protection contre les inondations peuvent \u00eatre adapt\u00e9es m\u00eame pour suivre le d\u00e9nivel\u00e9 de sols en pente..<\/li>\n<li><strong>Une fabrication millim\u00e9trique et test\u00e9e:<\/strong> Tous nos \u00e9quipements sont dimensionn\u00e9s et valid\u00e9s par notre bureau d&rsquo;\u00e9tudes \u00e9quip\u00e9 de stations de travail CAO\/DAO . Chaque pi\u00e8ce constituant un barrage anti-inondation, du boulon de fixation du poteau dans le bo\u00eetier \u00e0 l&rsquo;IPN du poteau de soutien, sont ainsi contr\u00f4l\u00e9s et garantis. Des plans de fabrication d\u00e9taill\u00e9s sont r\u00e9alis\u00e9s et transmis au ma\u00eetre d&rsquo;oeuvre est d&rsquo;ouvrages<\/li>\n<li><strong>Une gestion de chantier \u00e9prouv\u00e9e:<\/strong> Note responsable de project, en collaboration \u00e9troite avec l&rsquo;entrepreneur et le ma\u00eetre d&rsquo;oeuvre, g\u00e8re le chanter du d\u00e9but \u00e0 la fin dans le respect des contraintes du CCTP et des r\u00e8gles de s\u00e9curit\u00e9.<\/li>\n<\/ul>\n<p>[\/vc_column_text][vc_column_text css=\u00a0\u00bb.vc_custom_1733474400433{margin-top: 25px !important;margin-bottom: 40px !important;}\u00a0\u00bb]<\/p>\n<p style=\"text-align: justify;\">Les solutions MSU-BERGTEC de d\u00e9fense anti-crues sont garantis durables (choix des mat\u00e9riaux) efficace (exp\u00e9rience de plusieurs d\u00e9cennies) et visuellement approuv\u00e9es par la charte urbanistique de la Ville de Paris et renforce ainsi la r\u00e9siliance de la Ville en prot\u00e9geant son patrimoine historique contre le risque de crue centennale.<\/p>\n<p>[\/vc_column_text][\/vc_column][\/vc_row][vc_row full_width=\u00a0\u00bbstretch_row\u00a0\u00bb gap=\u00a0\u00bb25&Prime; css=\u00a0\u00bb.vc_custom_1718098214740{background-color: #f5f5f5 !important;}\u00a0\u00bb][vc_column][vc_custom_heading text=\u00a0\u00bbLes points forts en images\u00a0\u00bb font_container=\u00a0\u00bbtag:h2|text_align:left|color:%232c34a4&Prime; use_theme_fonts=\u00a0\u00bbyes\u00a0\u00bb css=\u00a0\u00bb.vc_custom_1732808773386{margin-top: 40px !important;margin-bottom: 15px !important;}\u00a0\u00bb][vc_media_grid element_width=\u00a0\u00bb3&Prime; gap=\u00a0\u00bb15&Prime; css=\u00a0\u00bb.vc_custom_1730821000252{margin-top: 25px !important;margin-bottom: 40px !important;}\u00a0\u00bb grid_id=\u00a0\u00bbvc_gid:1742562501505-4180acf2-22ce-6&Prime; include=\u00a0\u00bb6132,6117,6107,333,354,355,356,357,375,380,397,394,401,296,406&Prime;][vc_empty_space height=\u00a0\u00bb40px\u00a0\u00bb][\/vc_column][\/vc_row][vc_row gap=\u00a0\u00bb25&Prime;][vc_column][vc_custom_heading text=\u00a0\u00bbR\u00e9sultats et b\u00e9n\u00e9fices\u00a0\u00bb font_container=\u00a0\u00bbtag:h2|text_align:left|color:%232c34a4&Prime; use_theme_fonts=\u00a0\u00bbyes\u00a0\u00bb css=\u00a0\u00bb.vc_custom_1732808799657{margin-top: 40px !important;}\u00a0\u00bb][vc_custom_heading text=\u00a0\u00bbUne r\u00e9silience renforc\u00e9e face au risque d&rsquo;inondation du patrimoine architectural de Paris\u00a0\u00bb font_container=\u00a0\u00bbtag:h3|text_align:left|color:%2341b6e6&Prime; use_theme_fonts=\u00a0\u00bbyes\u00a0\u00bb css=\u00a0\u00bb\u00a0\u00bb][vc_column_text css=\u00a0\u00bb.vc_custom_1732810528991{margin-top: 5px !important;margin-bottom: 24px !important;}\u00a0\u00bb]<\/p>\n<p style=\"text-align: justify;\">Les protections d\u00e9montable anti-inondation livr\u00e9s \u00e0 la Vile de Paris l&rsquo;a prot\u00e8gent et pr\u00e9servent l&rsquo;architecture des sites:<\/p>\n<ul style=\"list-style-type: disc;\">\n<li style=\"text-align: justify;\"><strong>Des Protections diverses et vari\u00e9es:<\/strong> Plus de 300 m\u00e8tres de protection ont \u00e9t\u00e9 livr\u00e9es prot\u00e9geant ainsi des sites strat\u00e9giques, zone r\u00e9sidentielle, axes routier etc<\/li>\n<li style=\"text-align: justify;\"><strong>Pr\u00e9servation de l&rsquo;architecture locale:<\/strong> R\u00e9duire au maximum les impacts contre les ouvrages gr\u00e2ce \u00e0 de solutions innovantes telles que nos bo\u00eetiers d&rsquo;ancrage encastr\u00e9e dans le sols, recouvrement par des habillages aux couleurs des parois environnantes etc.<\/li>\n<li style=\"text-align: justify;\"><strong>Des \u00e9quipements durables sans entretien: <\/strong><span style=\"text-align: left;\">Fabriqu\u00e9es \u00e0 partir de mat\u00e9riaux durables, principalement de salaires d&rsquo;aluminium de qualit\u00e9 marine garantis 20 ans, les barri\u00e8res MSU offrent \u00e0 Paris une solution de protection contre les inondations \u00e9conomique.<\/span><\/li>\n<\/ul>\n<p>[\/vc_column_text][vc_column_text css=\u00a0\u00bb.vc_custom_1732809621493{margin-top: 5px !important;margin-bottom: 24px !important;}\u00a0\u00bb]<\/p>\n<p style=\"text-align: justify;\">Par sa ma\u00eetrise acquise au fil de d\u00e9cennies d&rsquo;experience MSU \u00e0 l&rsquo;honneur d participer \u00e0 la r\u00e9sistance de la Ville de Paris en fournissant des protections efficaces et durables tou en respectant l&rsquo;architecture des b\u00e2timents.<\/p>\n<p>[\/vc_column_text][vc_empty_space height=\u00a0\u00bb40px\u00a0\u00bb][\/vc_column][\/vc_row][vc_row full_width=\u00a0\u00bbstretch_row\u00a0\u00bb gap=\u00a0\u00bb25&Prime; css=\u00a0\u00bb.vc_custom_1718023216909{padding-top: 30px !important;padding-bottom: 30px !important;background-color: #2c34a4 !important;background-position: center !important;background-repeat: no-repeat !important;background-size: cover !important;}\u00a0\u00bb el_class=\u00a0\u00bbhome_quote\u00a0\u00bb][vc_column width=\u00a0\u00bb3\/4&Prime;][vc_custom_heading text=\u00a0\u00bbProt\u00e9gez votre Ville sans la d\u00e9naturer avec nos Protections Amovible Anti-Inondation MSU-BERGTEC\u00a0\u00bb font_container=\u00a0\u00bbtag:div|font_size:32|text_align:left|color:%23ffffff\u00a0\u00bb use_theme_fonts=\u00a0\u00bbyes\u00a0\u00bb css_animation=\u00a0\u00bbzoomIn\u00a0\u00bb css=\u00a0\u00bb\u00a0\u00bb el_class=\u00a0\u00bbhome_quote_txt\u00a0\u00bb][vc_column_text css_animation=\u00a0\u00bbzoomIn\u00a0\u00bb css=\u00a0\u00bb\u00a0\u00bb]<span style=\"color: #ffffff;\">Bergtec est sp\u00e9cialis\u00e9 dans les solutions de protection contre les inondations con\u00e7ues pour les environnements urbains complexes et les sites patrimoniaux. D\u00e9couvrez comment nos barri\u00e8res anti-inondation d\u00e9montables peuvent prot\u00e9ger votre infrastructure tout en pr\u00e9servant l&rsquo;attrait visuel. Consultez nos solutions de barri\u00e8res anti-inondation ou contactez-nous pour une consultation personnalis\u00e9e.<\/span>[\/vc_column_text][\/vc_column][vc_column width=\u00a0\u00bb1\/4&Prime;][vc_empty_space][vc_btn title=\u00a0\u00bbRETOUR AUX \u00c9TUDES DE CAS\u00a0\u00bb shape=\u00a0\u00bbsquare\u00a0\u00bb align=\u00a0\u00bbleft\u00a0\u00bb css_animation=\u00a0\u00bbslideInRight\u00a0\u00bb css=\u00a0\u00bb\u00a0\u00bb button_block=\u00a0\u00bbtrue\u00a0\u00bb link=\u00a0\u00bburl:https%3A%2F%2Fwww.bergtecprotection.com%2Ffr%2Fetudes-anti-inondation%2F\u00a0\u00bb el_class=\u00a0\u00bbhome_quote_btn\u00a0\u00bb][vc_empty_space][vc_btn title=\u00a0\u00bbNOUS CONTACTER\u00a0\u00bb shape=\u00a0\u00bbsquare\u00a0\u00bb align=\u00a0\u00bbleft\u00a0\u00bb i_align=\u00a0\u00bbright\u00a0\u00bb i_icon_fontawesome=\u00a0\u00bbfas fa-arrow-right\u00a0\u00bb css_animation=\u00a0\u00bbslideInRight\u00a0\u00bb css=\u00a0\u00bb\u00a0\u00bb button_block=\u00a0\u00bbtrue\u00a0\u00bb add_icon=\u00a0\u00bbtrue\u00a0\u00bb link=\u00a0\u00bburl:https%3A%2F%2Fwww.bergtecprotection.com%2Ffr%2Fcontact%2F\u00a0\u00bb el_class=\u00a0\u00bbhome_quote_btn\u00a0\u00bb][vc_empty_space][\/vc_column][\/vc_row]<\/p>\n<\/div>","protected":false},"excerpt":{"rendered":"<p>[vc_row gap=\u00a0\u00bb25&Prime;][vc_column width=\u00a0\u00bb1\/2&Prime;][vc_custom_heading text=\u00a0\u00bbLes solutions MSU de protection anti-crues d\u00e9montable pour Paris\u00a0\u00bb font_container=\u00a0\u00bbtag:h2|text_align:left|color:%2341b6e6&Prime; use_theme_fonts=\u00a0\u00bbyes\u00a0\u00bb css=\u00a0\u00bb\u00a0\u00bb][vc_custom_heading text=\u00a0\u00bbMSU a obtenue la confiance [&hellip;]<\/p>\n","protected":false},"author":2,"featured_media":0,"parent":6426,"menu_order":4,"comment_status":"closed","ping_status":"closed","template":"","meta":{"footnotes":""},"class_list":["post-6438","page","type-page","status-publish","hentry"],"aioseo_notices":[],"_links":{"self":[{"href":"https:\/\/www.bergtecprotection.com\/fr\/wp-json\/wp\/v2\/pages\/6438","targetHints":{"allow":["GET"]}}],"collection":[{"href":"https:\/\/www.bergtecprotection.com\/fr\/wp-json\/wp\/v2\/pages"}],"about":[{"href":"https:\/\/www.bergtecprotection.com\/fr\/wp-json\/wp\/v2\/types\/page"}],"author":[{"embeddable":true,"href":"https:\/\/www.bergtecprotection.com\/fr\/wp-json\/wp\/v2\/users\/2"}],"replies":[{"embeddable":true,"href":"https:\/\/www.bergtecprotection.com\/fr\/wp-json\/wp\/v2\/comments?post=6438"}],"version-history":[{"count":0,"href":"https:\/\/www.bergtecprotection.com\/fr\/wp-json\/wp\/v2\/pages\/6438\/revisions"}],"up":[{"embeddable":true,"href":"https:\/\/www.bergtecprotection.com\/fr\/wp-json\/wp\/v2\/pages\/6426"}],"wp:attachment":[{"href":"https:\/\/www.bergtecprotection.com\/fr\/wp-json\/wp\/v2\/media?parent=6438"}],"curies":[{"name":"wp","href":"https:\/\/api.w.org\/{rel}","templated":true}]}}