{"id":6426,"date":"2024-10-30T16:52:06","date_gmt":"2024-10-30T16:52:06","guid":{"rendered":"https:\/\/www.bergtecprotection.com\/case-studies\/"},"modified":"2025-03-21T11:17:46","modified_gmt":"2025-03-21T11:17:46","slug":"etudes-anti-inondation","status":"publish","type":"page","link":"https:\/\/www.bergtecprotection.com\/fr\/etudes-anti-inondation\/","title":{"rendered":"Aper\u00e7u de diff\u00e9rentes \u00e9tudes de protection anti-inondation"},"content":{"rendered":"<div class=\"wpb-content-wrapper\"><p>[vc_row gap=\u00a0\u00bb25&Prime;][vc_column width=\u00a0\u00bb1\/6&Prime;][\/vc_column][vc_column width=\u00a0\u00bb2\/3&Prime;][vc_custom_heading text=\u00a0\u00bbAper\u00e7u des diff\u00e9rentes solutions de protection inondation MSU-BERGTEC\u00a0\u00bb font_container=\u00a0\u00bbtag:h2|text_align:center|color:%2341b6e6&Prime; use_theme_fonts=\u00a0\u00bbyes\u00a0\u00bb css=\u00a0\u00bb\u00a0\u00bb][vc_column_text css=\u00a0\u00bb.vc_custom_1733472592395{margin-top: 30px !important;}\u00a0\u00bb]<\/p>\n<div class=\"vc_custom_heading vc_do_custom_heading our_services_heading1 vc_custom_1731078620267\" style=\"font-size: 18px; color: #555555; text-align: justify;\"><strong><span style=\"color: #555555; font-size: large;\">Les inondations repr\u00e9sentent incontestablement des risques <span style=\"caret-color: #555555;\">pour les<\/span> biens et les personnes.<\/span><\/strong><span style=\"color: #555555; font-size: large;\"> Les solutions de protection d\u00e9velopp\u00e9es par MSU-BERGTEC<\/span><strong><span style=\"color: #555555; font-size: large;\"> sont <span style=\"caret-color: #555555;\">con\u00e7ues<\/span> pour assurer la protection des personnes, des biens priv\u00e9s et d&rsquo;une mani\u00e8re g\u00e9n\u00e9rale les services publiques contre le caract\u00e8re impr\u00e9visible des d\u00e9bordements des cours d&rsquo;eau<\/span><\/strong><span style=\"color: #555555; font-size: large;\">. Nous avons d\u00e9velopp\u00e9 des partenariats avec des bureaux d&rsquo;\u00e9tudes, des entreprises de construction et les autorit\u00e9s publiques, en France comme \u00e0 l&rsquo;\u00e9tranger<\/span><span style=\"color: #555555; font-size: large;\">, acqu\u00e9rant ainsi une ma\u00eetrise d&rsquo;entreprise g\u00e9n\u00e9rale dans la gestion de projets<\/span><span style=\"color: #555555; font-size: large;\">. Chaque projet, unique dans ses sp\u00e9cificit\u00e9s, a \u00e9t\u00e9 men\u00e9 avec notre engagement inconditionnel de trouver les meilleurs solutions sur-mesure et de proposer des protections anti-inondation optimales en terme de qualit\u00e9 et de service .<\/span><\/div>\n<p>[\/vc_column_text][vc_empty_space height=\u00a0\u00bb40px\u00a0\u00bb][\/vc_column][vc_column width=\u00a0\u00bb1\/6&Prime;][\/vc_column][\/vc_row][vc_row full_width=\u00a0\u00bbstretch_row\u00a0\u00bb gap=\u00a0\u00bb25&Prime; css=\u00a0\u00bb.vc_custom_1730889257958{background: #f5f5f5 url(https:\/\/www.bergtecprotection.com\/wp-content\/uploads\/2020\/01\/home_pj_bg.jpg?id=182) !important;background-position: center !important;background-repeat: no-repeat !important;background-size: cover !important;}\u00a0\u00bb][vc_column][vc_custom_heading text=\u00a0\u00bbSolution sur-mesure pour chaque cas sp\u00e9cifique.\u00a0\u00bb font_container=\u00a0\u00bbtag:h2|text_align:left|color:%232c34a4&Prime; use_theme_fonts=\u00a0\u00bbyes\u00a0\u00bb css=\u00a0\u00bb.vc_custom_1732693998540{margin-top: 40px !important;}\u00a0\u00bb][vc_column_text css=\u00a0\u00bb.vc_custom_1733472843608{margin-top: 5px !important;margin-bottom: 24px !important;}\u00a0\u00bb]<\/p>\n<p style=\"text-align: justify;\">Chaque projet de protection anti-inondation est unique et requiert une approche sp\u00e9cifique tant au niveau de l&rsquo;\u00e9tude que de la r\u00e9alisation afin de garantir une protection efficace et durable; que ce soit pour la protection de b\u00e2timents class\u00e9s monument historique, d&rsquo;habitation, industriels ou commerciaux, notre engagement d&rsquo;excellence reste le m\u00eame qui est de s&rsquo;adapter aux contraintes et environnement propre \u00e0 chaque projet et de livrer des \u00e9quipements r\u00e9sistants aux charges d&rsquo;exploitations, de s&rsquo;installer facilement dans des environnements difficiles et de s&rsquo;int\u00e9grer dans l&rsquo;environnement urbain. Cette adaptabilit\u00e9 et cet engagement d&rsquo;excellence et de qualit\u00e9, est notre marque de fabrique!<\/p>\n<p>[\/vc_column_text][vc_row_inner gap=\u00a0\u00bb30&Prime;][vc_column_inner width=\u00a0\u00bb1\/3&Prime;][vc_single_image image=\u00a0\u00bb350&Prime; img_size=\u00a0\u00bbfull\u00a0\u00bb css=\u00a0\u00bb.vc_custom_1730890707127{margin-bottom: 30px !important;padding-top: 5px !important;}\u00a0\u00bb][\/vc_column_inner][vc_column_inner width=\u00a0\u00bb2\/3&Prime;][vc_custom_heading text=\u00a0\u00bbNos aouts principaux sont:\u00a0\u00bb font_container=\u00a0\u00bbtag:h3|text_align:left\u00a0\u00bb use_theme_fonts=\u00a0\u00bbyes\u00a0\u00bb css=\u00a0\u00bb\u00a0\u00bb][vc_column_text css=\u00a0\u00bb.vc_custom_1732695891223{margin-top: 5px !important;margin-bottom: 24px !important;}\u00a0\u00bb]<\/p>\n<ul style=\"list-style-type: disc;\">\n<li style=\"text-align: justify;\"><strong>Solutions de protection sur-mesure:<\/strong> Chaque barrage est con\u00e7u par rapport \u00e0 un cahier des charges pr\u00e9cis.<\/li>\n<li style=\"text-align: justify;\"><strong>Les mat\u00e9riaux utilis\u00e9s r\u00e9sistent \u00e0 la corrosion:<\/strong> Nous utilisons principalement des alliages d&rsquo;aluminium dits marins qui sont garantis 20 ann\u00e9es et des aciers inonxydables.<\/li>\n<li style=\"text-align: justify;\"><strong>Sans Entretien:<\/strong> Nos \u00e9quipements ne n\u00e9cessitent aucun entretien particulier sauf \u00e0 \u00eatre lav\u00e9s \u00e0 l&rsquo;eau en cas de salissure.<\/li>\n<li style=\"text-align: justify;\"><strong>Une durabilit\u00e9 de long terme:<\/strong> Une conception de qualit\u00e9 con\u00e7ue pour de fortes pressions, pour des environnements diversifi\u00e9s (climat froid, tropicale etc) nos solutions sont faites pour durer.<\/li>\n<li style=\"text-align: justify;\"><strong>Installation et d\u00e9montage rapide: <\/strong>Gr\u00e2ce \u00e0 notre syst\u00e8me modulaire en alliages l\u00e9gers.<\/li>\n<\/ul>\n<p>[\/vc_column_text][vc_column_text css=\u00a0\u00bb.vc_custom_1732697709260{margin-top: 5px !important;margin-bottom: 20px !important;}\u00a0\u00bb]<\/p>\n<p style=\"text-align: justify;\">Notre approche innovative inclue \u00e9galement la conception et l&rsquo;int\u00e9gration de \u00ab\u00a0barrage\u00a0\u00bb \u00a0motoris\u00e9 destin\u00e9 \u00e0 r\u00e9guler des flux, dans des canaux par exemple et enti\u00e8rement int\u00e9gr\u00e9 dans les ouvrages de g\u00e9nie civil.<\/p>\n<p>[\/vc_column_text][\/vc_column_inner][\/vc_row_inner][\/vc_column][\/vc_row][vc_row gap=\u00a0\u00bb25&Prime;][vc_column][vc_custom_heading text=\u00a0\u00bbUne longue exp\u00e9rience d&rsquo;entreprise g\u00e9n\u00e9rale\u00a0\u00bb font_container=\u00a0\u00bbtag:h2|text_align:left|color:%232c34a4&Prime; use_theme_fonts=\u00a0\u00bbyes\u00a0\u00bb css=\u00a0\u00bb.vc_custom_1733472987859{margin-top: 40px !important;}\u00a0\u00bb][vc_column_text css=\u00a0\u00bb.vc_custom_1733470568475{margin-top: 25px !important;margin-bottom: 40px !important;}\u00a0\u00bb]<\/p>\n<p style=\"text-align: justify;\">Nos r\u00e9f\u00e9rences sont pr\u00e9sentes en France pour la Ville de Paris, de Lourdes par exemple mais aussi \u00e0 l&rsquo;\u00e9tranger en Suisse, au mus\u00e9e Nestl\u00e9 par ex.. Le savoir-faire MSU-BERGTEC est reconnu et appr\u00e9ci\u00e9 \u00e0 l&rsquo;international en proposant des solutions de protection fiables pour des infrastructures vitales et d&rsquo;am\u00e9nagement du territoire. Notre mode op\u00e9ratoire repose sur la collaboration avec les acteurs locaux, entreprise de construction et bureaux d&rsquo;\u00e9tudes<b>, et ainsi nous pouvons garantir une parfaite ad\u00e9quation entre les besoins et la r\u00e9alisation, une int\u00e9gration totale dans l&rsquo;environnent local.<\/b><\/p>\n<p style=\"text-align: justify;\"><strong>D\u00e9couvrez nos r\u00e9f\u00e9rences<\/strong><\/p>\n<p style=\"text-align: justify;\">Nose avons s\u00e9lectionn\u00e9 quelques projets qui vous montreront notre savoir-faire dans le domaine de la protection anti-inondation. Ces projets ont \u00e9t\u00e9 significatifs car \u00e0 chaque fois le terrain , les charges et les contraintes architecturale sont \u00e9t\u00e9 diff\u00e9rentes et aucune solution standard n&rsquo;a \u00e9t\u00e9 utilisable. Nous vous invitons \u00e0 explorer ces cas d&rsquo;\u00e9cole pour mieux comprendre notre m\u00e9thodologie de travail qui nous permet de prot\u00e9ger vos biens avec des protections anti-inondation enti\u00e8rement d\u00e9montables de fa\u00e7on durable.<\/p>\n<p>[\/vc_column_text][\/vc_column][\/vc_row][vc_row full_width=\u00a0\u00bbstretch_row\u00a0\u00bb gap=\u00a0\u00bb25&Prime; css=\u00a0\u00bb.vc_custom_1718098214740{background-color: #f5f5f5 !important;}\u00a0\u00bb][vc_column][vc_custom_heading text=\u00a0\u00bbCas de protection anti-inondation: Les points principaux\u00a0\u00bb font_container=\u00a0\u00bbtag:h2|text_align:left|color:%232c34a4&Prime; use_theme_fonts=\u00a0\u00bbyes\u00a0\u00bb css=\u00a0\u00bb.vc_custom_1733473070702{margin-top: 40px !important;margin-bottom: 40px !important;}\u00a0\u00bb][vc_row_inner gap=\u00a0\u00bb30&Prime;][vc_column_inner width=\u00a0\u00bb1\/3&Prime;][vc_single_image image=\u00a0\u00bb6122&Prime; img_size=\u00a0\u00bbfull\u00a0\u00bb alignment=\u00a0\u00bbcenter\u00a0\u00bb onclick=\u00a0\u00bbcustom_link\u00a0\u00bb css=\u00a0\u00bb\u00a0\u00bb link=\u00a0\u00bbhttps:\/\/www.bergtecprotection.com\/fr\/etudes-anti-inondation\/barrages-demontables-ministere-economie\/\u00a0\u00bb][vc_custom_heading text=\u00a0\u00bbLe minist\u00e8re de l&rsquo;\u00e9conomie, des finances et de l&rsquo;industrie, Paris\u00a0\u00bb font_container=\u00a0\u00bbtag:h3|text_align:left\u00a0\u00bb use_theme_fonts=\u00a0\u00bbyes\u00a0\u00bb css=\u00a0\u00bb.vc_custom_1739190323867{margin-top: 20px !important;}\u00a0\u00bb link=\u00a0\u00bburl:https%3A%2F%2Fwww.bergtecprotection.com%2Ffr%2Fetudes-anti-inondation%2Fbarrages-demontables-ministere-economie%2F\u00a0\u00bb][vc_column_text css=\u00a0\u00bb.vc_custom_1733470585202{margin-top: 20px !important;margin-bottom: 20px !important;}\u00a0\u00bb]<\/p>\n<p style=\"text-align: justify;\"><strong>Adresse du site prot\u00e9g\u00e9: Paris-Bercy<\/strong><\/p>\n<p style=\"text-align: left;\"><strong>R\u00e9alisation:<\/strong> En total 600 m\u00e8tres de protection anti-inondation constitu\u00e9s de barrage avec poteaux interm\u00e9diaires, panneaux pour portes d&rsquo;entr\u00e9e de pi\u00e9tons et de v\u00e9hicules comprenant toute les fixations au sol et contre les parois pour une int\u00e9gration parfaite aux b\u00e2timents.<\/p>\n<p>[\/vc_column_text][vc_btn title=\u00a0\u00bbPlus sur le chantier du minist\u00e8re de l&rsquo;\u00e9conomie\u00a0\u00bb style=\u00a0\u00bbcustom\u00a0\u00bb custom_background=\u00a0\u00bb#2c34a4&Prime; custom_text=\u00a0\u00bb#ffffff\u00a0\u00bb shape=\u00a0\u00bbsquare\u00a0\u00bb align=\u00a0\u00bbleft\u00a0\u00bb i_align=\u00a0\u00bbright\u00a0\u00bb i_icon_fontawesome=\u00a0\u00bbfas fa-arrow-right\u00a0\u00bb css_animation=\u00a0\u00bbnone\u00a0\u00bb css=\u00a0\u00bb\u00a0\u00bb add_icon=\u00a0\u00bbtrue\u00a0\u00bb link=\u00a0\u00bburl:https%3A%2F%2Fwww.bergtecprotection.com%2Ffr%2Fetudes-anti-inondation%2Fbarrages-demontables-ministere-economie%2F\u00a0\u00bb][\/vc_column_inner][vc_column_inner width=\u00a0\u00bb1\/3&Prime;][vc_single_image image=\u00a0\u00bb347&Prime; img_size=\u00a0\u00bbfull\u00a0\u00bb alignment=\u00a0\u00bbcenter\u00a0\u00bb onclick=\u00a0\u00bbcustom_link\u00a0\u00bb css=\u00a0\u00bb\u00a0\u00bb link=\u00a0\u00bbhttps:\/\/www.bergtecprotection.com\/fr\/etudes-anti-inondation\/protection-veolia\/\u00a0\u00bb][vc_custom_heading text=\u00a0\u00bbProtection de la station d&rsquo;eau potable de Veolia\u00a0\u00bb font_container=\u00a0\u00bbtag:h3|text_align:left\u00a0\u00bb use_theme_fonts=\u00a0\u00bbyes\u00a0\u00bb css=\u00a0\u00bb.vc_custom_1739190415035{margin-top: 20px !important;}\u00a0\u00bb link=\u00a0\u00bburl:https%3A%2F%2Fwww.bergtecprotection.com%2Ffr%2Fetudes-anti-inondation%2Fprotection-veolia%2F\u00a0\u00bb][vc_column_text css=\u00a0\u00bb.vc_custom_1733470595643{margin-top: 20px !important;margin-bottom: 45px !important;}\u00a0\u00bb]<\/p>\n<p style=\"text-align: left;\"><strong>Site prot\u00e9g\u00e9:<\/strong> Enjeu strat\u00e9gique de production d&rsquo;eau potable, r\u00e9gion parisienne.<\/p>\n<p style=\"text-align: left;\"><strong>Solution:<\/strong> Adaptation des fondations et des barrages anti-inondation pour un terrain en pente et avec des \u00e9quipements performants, r\u00e9sistants et durables.<\/p>\n<p>[\/vc_column_text][vc_btn title=\u00a0\u00bbPlus sur le chantier de Veolia\u00a0\u00bb style=\u00a0\u00bbcustom\u00a0\u00bb custom_background=\u00a0\u00bb#2c34a4&Prime; custom_text=\u00a0\u00bb#ffffff\u00a0\u00bb shape=\u00a0\u00bbsquare\u00a0\u00bb align=\u00a0\u00bbleft\u00a0\u00bb i_align=\u00a0\u00bbright\u00a0\u00bb i_icon_fontawesome=\u00a0\u00bbfas fa-arrow-right\u00a0\u00bb css_animation=\u00a0\u00bbnone\u00a0\u00bb css=\u00a0\u00bb\u00a0\u00bb add_icon=\u00a0\u00bbtrue\u00a0\u00bb link=\u00a0\u00bburl:https%3A%2F%2Fwww.bergtecprotection.com%2Ffr%2Fetudes-anti-inondation%2Fprotection-veolia%2F|title:Protection%20Anti-Inondation%20Veolia\u00a0\u00bb][\/vc_column_inner][vc_column_inner width=\u00a0\u00bb1\/3&Prime;][vc_single_image image=\u00a0\u00bb6334&Prime; img_size=\u00a0\u00bbfull\u00a0\u00bb alignment=\u00a0\u00bbcenter\u00a0\u00bb onclick=\u00a0\u00bbcustom_link\u00a0\u00bb css=\u00a0\u00bb\u00a0\u00bb link=\u00a0\u00bbhttps:\/\/www.bergtecprotection.com\/fr\/etudes-anti-inondation\/protection-inondation-monuments-historiques-lourdes-sanctuaire\/\u00a0\u00bb][vc_custom_heading text=\u00a0\u00bbSanctuaire Notre Dame de Lourdes &#8211; Cath\u00e9drale et b\u00e2timents historiques\u00a0\u00bb font_container=\u00a0\u00bbtag:h3|text_align:left\u00a0\u00bb use_theme_fonts=\u00a0\u00bbyes\u00a0\u00bb css=\u00a0\u00bb.vc_custom_1739190694645{margin-top: 20px !important;}\u00a0\u00bb link=\u00a0\u00bburl:https%3A%2F%2Fwww.bergtecprotection.com%2Ffr%2Fetudes-anti-inondation%2Fprotection-inondation-monuments-historiques-lourdes-sanctuaire%2F\u00a0\u00bb][vc_column_text css=\u00a0\u00bb.vc_custom_1733470629218{margin-top: 20px !important;margin-bottom: 45px !important;}\u00a0\u00bb]<strong>Site prot\u00e9g\u00e9:<\/strong> Divers b\u00e2timents du Sanctuaire et h\u00f4tels en pleine ville.<\/p>\n<p><strong>Solution:<\/strong> Env. 450 m\u00e8tres lin\u00e9aire de barrages amovibles anti-inondation pour des terrains en pente avec des protections individuelles d&rsquo;ouvertures diverses (portes, fen\u00eatres) qui devaient remplir des contraintes d&rsquo;int\u00e9gration architecturale[\/vc_column_text][vc_btn title=\u00a0\u00bbPlus sur le chantier de Lourdes\u00a0\u00bb style=\u00a0\u00bbcustom\u00a0\u00bb custom_background=\u00a0\u00bb#2c34a4&Prime; custom_text=\u00a0\u00bb#ffffff\u00a0\u00bb shape=\u00a0\u00bbsquare\u00a0\u00bb align=\u00a0\u00bbleft\u00a0\u00bb i_align=\u00a0\u00bbright\u00a0\u00bb i_icon_fontawesome=\u00a0\u00bbfas fa-arrow-right\u00a0\u00bb css_animation=\u00a0\u00bbnone\u00a0\u00bb css=\u00a0\u00bb\u00a0\u00bb add_icon=\u00a0\u00bbtrue\u00a0\u00bb link=\u00a0\u00bburl:https%3A%2F%2Fwww.bergtecprotection.com%2Ffr%2Fetudes-anti-inondation%2Fprotection-inondation-monuments-historiques-lourdes-sanctuaire%2F\u00a0\u00bb][\/vc_column_inner][\/vc_row_inner][vc_empty_space height=\u00a0\u00bb40px\u00a0\u00bb][vc_empty_space height=\u00a0\u00bb40px\u00a0\u00bb][vc_row_inner gap=\u00a0\u00bb30&Prime;][vc_column_inner width=\u00a0\u00bb1\/3&Prime;][vc_single_image image=\u00a0\u00bb6247&Prime; img_size=\u00a0\u00bbfull\u00a0\u00bb alignment=\u00a0\u00bbcenter\u00a0\u00bb onclick=\u00a0\u00bbcustom_link\u00a0\u00bb css=\u00a0\u00bb\u00a0\u00bb link=\u00a0\u00bbhttps:\/\/www.bergtecprotection.com\/fr\/etudes-anti-inondation\/protection-zones-inondables-paris\/\u00a0\u00bb][vc_custom_heading text=\u00a0\u00bbProtection des Quais de Paris\u00a0\u00bb font_container=\u00a0\u00bbtag:h3|text_align:left\u00a0\u00bb use_theme_fonts=\u00a0\u00bbyes\u00a0\u00bb css=\u00a0\u00bb.vc_custom_1739190285411{margin-top: 20px !important;}\u00a0\u00bb link=\u00a0\u00bburl:https%3A%2F%2Fwww.bergtecprotection.com%2Ffr%2Fetudes-anti-inondation%2Fprotection-zones-inondables-paris%2F\u00a0\u00bb][vc_column_text css=\u00a0\u00bb.vc_custom_1732717289450{margin-top: 20px !important;margin-bottom: 45px !important;}\u00a0\u00bb]<\/p>\n<p style=\"text-align: left;\"><strong>Site prot\u00e9g\u00e9:<\/strong> Protection d&rsquo;un quartier (13\u00e8me arr.) au niveau du quai Panhard et Levassor pr\u00e8s de la biblioth\u00e8que Nationale, et du pont National .<\/p>\n<p style=\"text-align: left;\"><strong>Solution:<\/strong> Pose de barrage d\u00e9montable anti-inondation avec des pieds d&rsquo;ancrage sp\u00e9cifique \u00e0 la r\u00e9glementation de la Ville de Paris (int\u00e9gration compl\u00e8te dans le sol) et dimensionn\u00e9 pour r\u00e9sister \u00e0 de tr\u00e8s fortes pressions.<\/p>\n<p>[\/vc_column_text][vc_btn title=\u00a0\u00bbLes chantiers des protection anti-crues de Paris\u00a0\u00bb style=\u00a0\u00bbcustom\u00a0\u00bb custom_background=\u00a0\u00bb#2c34a4&Prime; custom_text=\u00a0\u00bb#ffffff\u00a0\u00bb shape=\u00a0\u00bbsquare\u00a0\u00bb align=\u00a0\u00bbleft\u00a0\u00bb i_align=\u00a0\u00bbright\u00a0\u00bb i_icon_fontawesome=\u00a0\u00bbfas fa-arrow-right\u00a0\u00bb css_animation=\u00a0\u00bbnone\u00a0\u00bb css=\u00a0\u00bb\u00a0\u00bb add_icon=\u00a0\u00bbtrue\u00a0\u00bb link=\u00a0\u00bburl:https%3A%2F%2Fwww.bergtecprotection.com%2Ffr%2Fetudes-anti-inondation%2Fprotection-zones-inondables-paris%2F|title:Protection%20Zones%20Inondables%20Paris\u00a0\u00bb][\/vc_column_inner][vc_column_inner width=\u00a0\u00bb1\/3&Prime;][vc_single_image image=\u00a0\u00bb292&Prime; img_size=\u00a0\u00bbfull\u00a0\u00bb alignment=\u00a0\u00bbcenter\u00a0\u00bb onclick=\u00a0\u00bbcustom_link\u00a0\u00bb css=\u00a0\u00bb\u00a0\u00bb link=\u00a0\u00bbhttps:\/\/www.bergtecprotection.com\/fr\/etudes-anti-inondation\/gestion-reseau-eau-inondation\/\u00a0\u00bb][vc_custom_heading text=\u00a0\u00bbGestion des r\u00e9seaux d&rsquo;eaux.\u00a0\u00bb font_container=\u00a0\u00bbtag:h3|text_align:left\u00a0\u00bb use_theme_fonts=\u00a0\u00bbyes\u00a0\u00bb css=\u00a0\u00bb.vc_custom_1739190525878{margin-top: 20px !important;}\u00a0\u00bb link=\u00a0\u00bburl:https%3A%2F%2Fwww.bergtecprotection.com%2Ffr%2Fetudes-anti-inondation%2Fgestion-reseau-eau-inondation%2F\u00a0\u00bb][vc_column_text css=\u00a0\u00bb.vc_custom_1733470647733{margin-top: 20px !important;margin-bottom: 20px !important;}\u00a0\u00bb]<\/p>\n<p style=\"text-align: left;\"><strong>Sites prot\u00e9g\u00e9s:<\/strong> R\u00e9servoirs d&rsquo;eau de et de canaux Stormwater reservoirs and upgraded waste inlets.<\/p>\n<p style=\"text-align: left;\"><strong>Solution:<\/strong> Conception sur-mesure de solutions de barrage amovible pour la maintenance de canal par ex. avec syst\u00e8me motoris\u00e9 (vannage) pour une gestion automatis\u00e9e et efficace de r\u00e9gulation des eaux.<\/p>\n<p>[\/vc_column_text][vc_btn title=\u00a0\u00bbIng\u00e9nierie ma\u00eetris\u00e9e de gestion des eaux\u00a0\u00bb style=\u00a0\u00bbcustom\u00a0\u00bb custom_background=\u00a0\u00bb#2c34a4&Prime; custom_text=\u00a0\u00bb#ffffff\u00a0\u00bb shape=\u00a0\u00bbsquare\u00a0\u00bb align=\u00a0\u00bbleft\u00a0\u00bb i_align=\u00a0\u00bbright\u00a0\u00bb i_icon_fontawesome=\u00a0\u00bbfas fa-arrow-right\u00a0\u00bb css_animation=\u00a0\u00bbnone\u00a0\u00bb css=\u00a0\u00bb\u00a0\u00bb add_icon=\u00a0\u00bbtrue\u00a0\u00bb link=\u00a0\u00bburl:https%3A%2F%2Fwww.bergtecprotection.com%2Ffr%2Fetudes-anti-inondation%2Fgestion-reseau-eau-inondation%2F|title:Gestion%20R%C3%A9seau%20Eau%20et%20Inondation\u00a0\u00bb][\/vc_column_inner][vc_column_inner width=\u00a0\u00bb1\/3&Prime;][\/vc_column_inner][\/vc_row_inner][vc_empty_space height=\u00a0\u00bb80px\u00a0\u00bb][\/vc_column][\/vc_row][vc_row full_width=\u00a0\u00bbstretch_row\u00a0\u00bb gap=\u00a0\u00bb25&Prime; css=\u00a0\u00bb.vc_custom_1718023216909{padding-top: 30px !important;padding-bottom: 30px !important;background-color: #2c34a4 !important;background-position: center !important;background-repeat: no-repeat !important;background-size: cover !important;}\u00a0\u00bb el_class=\u00a0\u00bbhome_quote\u00a0\u00bb][vc_column width=\u00a0\u00bb3\/4&Prime;][vc_custom_heading text=\u00a0\u00bbPourquoi choisir MSU-BERGTEC?\u00a0\u00bb font_container=\u00a0\u00bbtag:div|font_size:32|text_align:left|color:%23ffffff\u00a0\u00bb use_theme_fonts=\u00a0\u00bbyes\u00a0\u00bb css_animation=\u00a0\u00bbnone\u00a0\u00bb css=\u00a0\u00bb\u00a0\u00bb el_class=\u00a0\u00bbhome_quote_txt\u00a0\u00bb][vc_column_text css_animation=\u00a0\u00bbnone\u00a0\u00bb css=\u00a0\u00bb\u00a0\u00bb]<\/p>\n<p style=\"text-align: justify;\"><span style=\"color: #ffffff;\">Depuis 1970, Bergtec est un partenaire de confiance pour les solutions personnalis\u00e9es de protection contre les inondations, r\u00e9put\u00e9 pour sa qualit\u00e9 \u00e9prouv\u00e9e et son service client\u00e8le fiable. Nos produits sont fabriqu\u00e9s \u00e0 partir d&rsquo;alliages d&rsquo;aluminium de haute qualit\u00e9, ce qui leur conf\u00e8re une durabilit\u00e9, une r\u00e9sistance \u00e0 la corrosion et une r\u00e9sistance aux intemp\u00e9ries exceptionnelles. Gr\u00e2ce \u00e0 notre expertise approfondie et \u00e0 notre compr\u00e9hension des d\u00e9fis pos\u00e9s par les inondations, nous proposons des solutions adapt\u00e9es aux besoins uniques de chaque client et de chaque site.<\/span><\/p>\n<p>[\/vc_column_text][\/vc_column][vc_column width=\u00a0\u00bb1\/4&Prime;][vc_empty_space height=\u00a0\u00bb65px\u00a0\u00bb][vc_btn title=\u00a0\u00bbNOUS CONTACTER\u00a0\u00bb shape=\u00a0\u00bbsquare\u00a0\u00bb align=\u00a0\u00bbleft\u00a0\u00bb i_align=\u00a0\u00bbright\u00a0\u00bb i_icon_fontawesome=\u00a0\u00bbfas fa-arrow-right\u00a0\u00bb css_animation=\u00a0\u00bbnone\u00a0\u00bb css=\u00a0\u00bb\u00a0\u00bb button_block=\u00a0\u00bbtrue\u00a0\u00bb add_icon=\u00a0\u00bbtrue\u00a0\u00bb link=\u00a0\u00bburl:https%3A%2F%2Fwww.bergtecprotection.com%2Ffr%2Fcontact%2F\u00a0\u00bb el_class=\u00a0\u00bbhome_quote_btn\u00a0\u00bb][\/vc_column][\/vc_row]<\/p>\n<\/div>","protected":false},"excerpt":{"rendered":"<p>[vc_row gap=\u00a0\u00bb25&Prime;][vc_column width=\u00a0\u00bb1\/6&Prime;][\/vc_column][vc_column width=\u00a0\u00bb2\/3&Prime;][vc_custom_heading text=\u00a0\u00bbAper\u00e7u des diff\u00e9rentes solutions de protection inondation MSU-BERGTEC\u00a0\u00bb font_container=\u00a0\u00bbtag:h2|text_align:center|color:%2341b6e6&Prime; use_theme_fonts=\u00a0\u00bbyes\u00a0\u00bb css=\u00a0\u00bb\u00a0\u00bb][vc_column_text css=\u00a0\u00bb.vc_custom_1733472592395{margin-top: 30px !important;}\u00a0\u00bb] Les inondations [&hellip;]<\/p>\n","protected":false},"author":2,"featured_media":0,"parent":0,"menu_order":10,"comment_status":"closed","ping_status":"closed","template":"","meta":{"footnotes":""},"class_list":["post-6426","page","type-page","status-publish","hentry"],"aioseo_notices":[],"_links":{"self":[{"href":"https:\/\/www.bergtecprotection.com\/fr\/wp-json\/wp\/v2\/pages\/6426","targetHints":{"allow":["GET"]}}],"collection":[{"href":"https:\/\/www.bergtecprotection.com\/fr\/wp-json\/wp\/v2\/pages"}],"about":[{"href":"https:\/\/www.bergtecprotection.com\/fr\/wp-json\/wp\/v2\/types\/page"}],"author":[{"embeddable":true,"href":"https:\/\/www.bergtecprotection.com\/fr\/wp-json\/wp\/v2\/users\/2"}],"replies":[{"embeddable":true,"href":"https:\/\/www.bergtecprotection.com\/fr\/wp-json\/wp\/v2\/comments?post=6426"}],"version-history":[{"count":0,"href":"https:\/\/www.bergtecprotection.com\/fr\/wp-json\/wp\/v2\/pages\/6426\/revisions"}],"wp:attachment":[{"href":"https:\/\/www.bergtecprotection.com\/fr\/wp-json\/wp\/v2\/media?parent=6426"}],"curies":[{"name":"wp","href":"https:\/\/api.w.org\/{rel}","templated":true}]}}