{"id":323,"date":"2019-11-30T22:25:58","date_gmt":"2019-11-30T22:25:58","guid":{"rendered":"https:\/\/www.bergtecprotection.com\/conception-et-efficacite\/resistance-et-etancheite\/"},"modified":"2025-03-28T15:54:31","modified_gmt":"2025-03-28T15:54:31","slug":"resistance-etancheite","status":"publish","type":"page","link":"https:\/\/www.bergtecprotection.com\/fr\/conception-efficacite\/resistance-etancheite\/","title":{"rendered":"Etanch\u00e9it\u00e9 et durabilit\u00e9"},"content":{"rendered":"<div class=\"wpb-content-wrapper\"><p>[vc_row gap=\u00a0\u00bb25&Prime;][vc_column][vc_row_inner gap=\u00a0\u00bb30&Prime;][vc_column_inner width=\u00a0\u00bb1\/2&Prime;][vc_custom_heading text=\u00a0\u00bbAnti-inondation: Pression et \u00e9tanch\u00e9it\u00e9\u00a0\u00bb font_container=\u00a0\u00bbtag:h2|text_align:left|color:%2341b6e6&Prime; use_theme_fonts=\u00a0\u00bbyes\u00a0\u00bb css=\u00a0\u00bb\u00a0\u00bb][vc_column_text css=\u00a0\u00bb.vc_custom_1743176223650{margin-top: 30px !important;}\u00a0\u00bb]<\/p>\n<div style=\"font-size: 18px; color: #555555; text-align: justify;\">\n<p><strong>Probl\u00e8me :<\/strong> Les protection contre les inondations doivent \u00eatre \u00e9tanches et m\u00e9caniquement r\u00e9sistantes pour offrir une protection fiable contre les inondations. La destination des \u00e9quipements anti-inondation est la protection des biens et des personnes; il est donc essentiel de pouvoir garantir l&rsquo;\u00e9tanch\u00e9it\u00e9 et la r\u00e9sistance sur une longue p\u00e9riode.<\/p>\n<p><strong>Solution :<\/strong> Nos barri\u00e8res anti-inondation sont con\u00e7ues pour d\u00e9passer les normes strictes en mati\u00e8re d&rsquo;\u00e9tanch\u00e9it\u00e9 et de r\u00e9sistance m\u00e9canique. Con\u00e7ues selon les sp\u00e9cifications en mati\u00e8re de taux de fuite de la norme DIN 19569-4, nos barri\u00e8res anti-inondation sont jusqu&rsquo;\u00e0 10 fois plus performantes. Notre expertise, notre ing\u00e9nierie de pr\u00e9cision et nos mat\u00e9riaux de haute qualit\u00e9 permettent de r\u00e9aliser des solutions durables.<\/p>\n<\/div>\n<p>[\/vc_column_text][vc_empty_space height=\u00a0\u00bb30px\u00a0\u00bb][\/vc_column_inner][vc_column_inner width=\u00a0\u00bb1\/2&Prime;][vc_single_image image=\u00a0\u00bb386&Prime; img_size=\u00a0\u00bbfull\u00a0\u00bb css=\u00a0\u00bb.vc_custom_1731446448966{margin-top: 15px !important;}\u00a0\u00bb][vc_empty_space height=\u00a0\u00bb30px\u00a0\u00bb][\/vc_column_inner][\/vc_row_inner][\/vc_column][\/vc_row][vc_row full_width=\u00a0\u00bbstretch_row\u00a0\u00bb gap=\u00a0\u00bb25&Prime; css=\u00a0\u00bb.vc_custom_1731425935090{background: #f5f5f5 url(https:\/\/www.bergtecprotection.com\/wp-content\/uploads\/2020\/01\/home_pj_bg.jpg?id=182) !important;background-position: center !important;background-repeat: no-repeat !important;background-size: cover !important;}\u00a0\u00bb][vc_column][vc_custom_heading text=\u00a0\u00bbUn taux de fuite exceptionnellement bas\u00a0\u00bb font_container=\u00a0\u00bbtag:h2|text_align:left|color:%232c34a4&Prime; use_theme_fonts=\u00a0\u00bbyes\u00a0\u00bb css=\u00a0\u00bb.vc_custom_1743176294243{margin-top: 40px !important;}\u00a0\u00bb][vc_row_inner gap=\u00a0\u00bb30&Prime;][vc_column_inner width=\u00a0\u00bb1\/3&Prime;][vc_single_image image=\u00a0\u00bb381&Prime; img_size=\u00a0\u00bbfull\u00a0\u00bb css=\u00a0\u00bb\u00a0\u00bb][vc_empty_space height=\u00a0\u00bb30px\u00a0\u00bb][\/vc_column_inner][vc_column_inner width=\u00a0\u00bb2\/3&Prime;][vc_column_text css=\u00a0\u00bb.vc_custom_1743176827158{margin-top: 5px !important;margin-bottom: 40px !important;}\u00a0\u00bb]Nos barri\u00e8res anti-inondation sont con\u00e7ues pour avoir un taux de fuite tr\u00e8s faible (moins de 3 litres par heure et par m\u00e8tre carr\u00e9) un taux qui est bien plus bas que la classe 5 de la norme DIN 19569-4. La g\u00e9om\u00e9trie et la pr\u00e9cision des profil\u00e9s et de chaque joint, en EPDM extrud\u00e9, contribuent \u00e0 une \u00e9tanch\u00e9it\u00e9 quai totale sous condition que l&rsquo;ouvr\u00e2t b\u00e9ton soit r\u00e9alis\u00e9 dans les r\u00e8gles de l&rsquo;Art (Norme EN DIN 18202)<\/p>\n<p><strong>Caract\u00e9ristiques d&rsquo;\u00e9tanch\u00e9it\u00e9 renforc\u00e9es<\/strong> :<\/p>\n<p><strong>Assemblage profil\u00e9s-joints:<\/strong> Avec une tol\u00e9rance de +\/- 1 mm, chaque joint minimise le risque de fuite, assurant une \u00e9tanch\u00e9it\u00e9 \u00e0 l&rsquo;eau sous une pression intense.<br \/>\n<strong>Joints d&rsquo;\u00e9tanch\u00e9it\u00e9 en EPDM de haute qualit\u00e9 :<\/strong> Nos joints sont r\u00e9sistants m\u00e9caniquement pour r\u00e9sister aux frottements \u00a0et manipulation r\u00e9guli\u00e8res<br \/>\nIls ont \u00e9galement r\u00e9sistants \u00a0la corrosion chimique des eaux sales de crues, eaux us\u00e9es et \u00e0 l&rsquo;eau sal\u00e9e[\/vc_column_text][\/vc_column_inner][\/vc_row_inner][\/vc_column][\/vc_row][vc_row gap=\u00a0\u00bb25&Prime;][vc_column][vc_row_inner][vc_column_inner][vc_custom_heading text=\u00a0\u00bbMechanical Resistance: Stronger and More Durable\u00a0\u00bb font_container=\u00a0\u00bbtag:h2|text_align:left|color:%232c34a4&Prime; use_theme_fonts=\u00a0\u00bbyes\u00a0\u00bb css=\u00a0\u00bb.vc_custom_1731447957813{margin-top: 40px !important;}\u00a0\u00bb][\/vc_column_inner][\/vc_row_inner][vc_row_inner gap=\u00a0\u00bb30&Prime;][vc_column_inner width=\u00a0\u00bb2\/3&Prime;][vc_column_text css=\u00a0\u00bb.vc_custom_1743176946351{margin-top: 5px !important;margin-bottom: 5px !important;}\u00a0\u00bb]<\/p>\n<p style=\"text-align: justify;\">Toutes nos barri\u00e8res anti-inondation r\u00e9pondent \u00e0 des normes m\u00e9caniques rigoureuses, garantissant des performances \u00e9lev\u00e9es dans diverses conditions environnementales. Nous concevons et fabriquons nos produits conform\u00e9ment aux normes ISO EN 1090, AL76 et Eurocodes. Nos m\u00e9thodes de production sont conformes aux documents techniques unifi\u00e9s pour les ouvrages en aluminium, ce qui garantit que chaque barri\u00e8re offre une r\u00e9sistance \u00e9lev\u00e9e sous la pression des inondations et reste exempte de corrosion au fil du temps.<\/p>\n<p>[\/vc_column_text][vc_custom_heading text=\u00a0\u00bbDes performances garanties par test\u00a0\u00bb font_container=\u00a0\u00bbtag:h3|text_align:left\u00a0\u00bb use_theme_fonts=\u00a0\u00bbyes\u00a0\u00bb css=\u00a0\u00bb\u00a0\u00bb][vc_column_text css=\u00a0\u00bb.vc_custom_1743177191245{margin-top: 5px !important;margin-bottom: 40px !important;}\u00a0\u00bb]Pour garantir que nos barri\u00e8res anti-inondation r\u00e9pondent aux normes optimales d&rsquo;\u00e9tanch\u00e9it\u00e9 et de durabilit\u00e9, nous proc\u00e9dons \u00e0 des essais rigoureux :<\/p>\n<p><strong>Essais en usine :<\/strong> Des tests sont effectu\u00e9 dans notre usine dans notre bac d\u00e9di\u00e9.<br \/>\n<strong>Tests de performance sur site :<\/strong> Des tests ont \u00e9t\u00e9 conduits chez des clients ( par exemple dans un bassin de r\u00e9tention de 4 x 1 x 1 m), afin de v\u00e9rifier leurs performances.<br \/>\n<strong>Essais en laboratoire du CSTB:<\/strong> Des tests suppl\u00e9mentaires ont \u00e9t\u00e9 effectu\u00e9s chez et par le C.S.T.B. (Centre d&rsquo;Essais Scientifiques et Techniques des Ouvrages en B\u00e9ton), sous la supervision du Minist\u00e8re fran\u00e7ais de l&rsquo;Environnement.[\/vc_column_text][\/vc_column_inner][vc_column_inner width=\u00a0\u00bb1\/3&Prime;][vc_single_image image=\u00a0\u00bb385&Prime; img_size=\u00a0\u00bbfull\u00a0\u00bb css=\u00a0\u00bb.vc_custom_1731447821252{margin-top: 15px !important;}\u00a0\u00bb][vc_empty_space height=\u00a0\u00bb30px\u00a0\u00bb][\/vc_column_inner][\/vc_row_inner][\/vc_column][\/vc_row][vc_row full_width=\u00a0\u00bbstretch_row\u00a0\u00bb gap=\u00a0\u00bb25&Prime; css=\u00a0\u00bb.vc_custom_1731446759689{padding-top: 40px !important;background-color: #2c34a4 !important;background-position: center !important;background-repeat: no-repeat !important;background-size: cover !important;}\u00a0\u00bb el_class=\u00a0\u00bbhome_quote\u00a0\u00bb][vc_column][vc_custom_heading text=\u00a0\u00bbLa ma\u00eetrise de l&rsquo;\u00e9tanch\u00e9it\u00e9\u00a0\u00bb font_container=\u00a0\u00bbtag:div|font_size:32|text_align:left|color:%23ffffff\u00a0\u00bb use_theme_fonts=\u00a0\u00bbyes\u00a0\u00bb css_animation=\u00a0\u00bbnone\u00a0\u00bb css=\u00a0\u00bb.vc_custom_1743177229509{margin-bottom: 30px !important;}\u00a0\u00bb el_class=\u00a0\u00bbhome_quote_txt\u00a0\u00bb][vc_column_text css_animation=\u00a0\u00bbnone\u00a0\u00bb css=\u00a0\u00bb\u00a0\u00bb]<\/p>\n<p style=\"text-align: justify;\"><span style=\"color: #ffffff;\">Forte de plusieurs d\u00e9cennies d&rsquo;exp\u00e9rience, Bergtec se sp\u00e9cialise dans les barri\u00e8res anti-inondation \u00e9tanches et performantes qui respectent et d\u00e9passent les normes internationales. Notre engagement envers l&rsquo;excellence en mati\u00e8re de r\u00e9sistance \u00e0 la corrosion, de r\u00e9sistance m\u00e9canique et de conception durable garantit que chaque barri\u00e8re Bergtec offre une protection fiable et durable.<\/span><\/p>\n<p>[\/vc_column_text][vc_btn title=\u00a0\u00bbAPPRENEZ PLUS SUR NOS PROTECTIONS ANTI-INONDATION\u00a0\u00bb shape=\u00a0\u00bbsquare\u00a0\u00bb align=\u00a0\u00bbcenter\u00a0\u00bb css_animation=\u00a0\u00bbnone\u00a0\u00bb css=\u00a0\u00bb.vc_custom_1743177264781{margin-top: 40px !important;margin-bottom: 40px !important;}\u00a0\u00bb link=\u00a0\u00bburl:https%3A%2F%2Fwww.bergtecprotection.com%2Fflood-protection-equipment%2F|title:Flood%20Protection%20Equipment\u00a0\u00bb el_class=\u00a0\u00bbhome_quote_btn\u00a0\u00bb][\/vc_column][\/vc_row]<\/p>\n<\/div>","protected":false},"excerpt":{"rendered":"<p>[vc_row gap=\u00a0\u00bb25&Prime;][vc_column][vc_row_inner gap=\u00a0\u00bb30&Prime;][vc_column_inner width=\u00a0\u00bb1\/2&Prime;][vc_custom_heading text=\u00a0\u00bbAnti-inondation: Pression et \u00e9tanch\u00e9it\u00e9\u00a0\u00bb font_container=\u00a0\u00bbtag:h2|text_align:left|color:%2341b6e6&Prime; use_theme_fonts=\u00a0\u00bbyes\u00a0\u00bb css=\u00a0\u00bb\u00a0\u00bb][vc_column_text css=\u00a0\u00bb.vc_custom_1743176223650{margin-top: 30px !important;}\u00a0\u00bb] Probl\u00e8me : Les protection contre les [&hellip;]<\/p>\n","protected":false},"author":2,"featured_media":0,"parent":321,"menu_order":2,"comment_status":"closed","ping_status":"closed","template":"","meta":{"footnotes":""},"class_list":["post-323","page","type-page","status-publish","hentry"],"aioseo_notices":[],"_links":{"self":[{"href":"https:\/\/www.bergtecprotection.com\/fr\/wp-json\/wp\/v2\/pages\/323","targetHints":{"allow":["GET"]}}],"collection":[{"href":"https:\/\/www.bergtecprotection.com\/fr\/wp-json\/wp\/v2\/pages"}],"about":[{"href":"https:\/\/www.bergtecprotection.com\/fr\/wp-json\/wp\/v2\/types\/page"}],"author":[{"embeddable":true,"href":"https:\/\/www.bergtecprotection.com\/fr\/wp-json\/wp\/v2\/users\/2"}],"replies":[{"embeddable":true,"href":"https:\/\/www.bergtecprotection.com\/fr\/wp-json\/wp\/v2\/comments?post=323"}],"version-history":[{"count":0,"href":"https:\/\/www.bergtecprotection.com\/fr\/wp-json\/wp\/v2\/pages\/323\/revisions"}],"up":[{"embeddable":true,"href":"https:\/\/www.bergtecprotection.com\/fr\/wp-json\/wp\/v2\/pages\/321"}],"wp:attachment":[{"href":"https:\/\/www.bergtecprotection.com\/fr\/wp-json\/wp\/v2\/media?parent=323"}],"curies":[{"name":"wp","href":"https:\/\/api.w.org\/{rel}","templated":true}]}}