{"id":322,"date":"2019-11-30T22:25:58","date_gmt":"2019-11-30T22:25:58","guid":{"rendered":"https:\/\/www.bergtecprotection.com\/conception-et-efficacite\/pourquoi-laluminium\/"},"modified":"2025-03-28T15:27:59","modified_gmt":"2025-03-28T15:27:59","slug":"pourquoi-aluminium","status":"publish","type":"page","link":"https:\/\/www.bergtecprotection.com\/fr\/conception-efficacite\/pourquoi-aluminium\/","title":{"rendered":"Le choix ultime: Des protection en aluminium"},"content":{"rendered":"<div class=\"wpb-content-wrapper\"><p>[vc_row gap=\u00a0\u00bb25&Prime;][vc_column][vc_row_inner gap=\u00a0\u00bb30&Prime;][vc_column_inner width=\u00a0\u00bb1\/2&Prime;][vc_custom_heading text=\u00a0\u00bbPourquoi l&rsquo;Aluminium? R\u00e9sistance m\u00e9canique et durabilit\u00e9 \u00a0\u00bb font_container=\u00a0\u00bbtag:h2|text_align:left|color:%2341b6e6&Prime; use_theme_fonts=\u00a0\u00bbyes\u00a0\u00bb css=\u00a0\u00bb\u00a0\u00bb][vc_column_text css=\u00a0\u00bb.vc_custom_1743174223088{margin-top: 30px !important;}\u00a0\u00bb]<\/p>\n<div style=\"font-size: 18px; color: #555555; text-align: justify;\">\n<p><strong>Probl\u00e8me :<\/strong> une protection efficace contre les inondations exige des mat\u00e9riaux non seulement durables, mais aussi r\u00e9sistants \u00e0 la corrosion et l\u00e9gers. Les mat\u00e9riaux traditionnels (acier, composite) n&rsquo;ont souvent pas la long\u00e9vit\u00e9 et la facilit\u00e9 d&rsquo;assemblage et de manutention requises pour des protections anti-inondation.<\/p>\n<p><strong>La solution :<\/strong> Les alliages d&rsquo;aluminium constituent une solution optimale. Utilis\u00e9s depuis des d\u00e9cennies dans des secteurs tels que l&rsquo;a\u00e9rospatiale et la marine, les alliages d&rsquo;aluminium apportent une r\u00e9sistance m\u00e9canique et une r\u00e9sistance \u00e0 la corrosion sup\u00e9rieures. En tant que pionnier de l&rsquo;\u00e9quipement de protection contre les inondations en aluminium, MSU-Bergtec s&rsquo;appuie sur des d\u00e9cennies d&rsquo;expertise pour fournir des barri\u00e8res d&rsquo;inondation l\u00e9g\u00e8res, durables et p\u00e9rennes.<\/p>\n<\/div>\n<p>[\/vc_column_text][vc_empty_space height=\u00a0\u00bb30px\u00a0\u00bb][\/vc_column_inner][vc_column_inner width=\u00a0\u00bb1\/2&Prime;][vc_single_image image=\u00a0\u00bb386&Prime; img_size=\u00a0\u00bbfull\u00a0\u00bb css=\u00a0\u00bb.vc_custom_1731446448966{margin-top: 15px !important;}\u00a0\u00bb][vc_empty_space height=\u00a0\u00bb30px\u00a0\u00bb][\/vc_column_inner][\/vc_row_inner][\/vc_column][\/vc_row][vc_row full_width=\u00a0\u00bbstretch_row\u00a0\u00bb gap=\u00a0\u00bb25&Prime; css=\u00a0\u00bb.vc_custom_1731425935090{background: #f5f5f5 url(https:\/\/www.bergtecprotection.com\/wp-content\/uploads\/2020\/01\/home_pj_bg.jpg?id=182) !important;background-position: center !important;background-repeat: no-repeat !important;background-size: cover !important;}\u00a0\u00bb][vc_column][vc_custom_heading text=\u00a0\u00bbPourquoi choisir les solutions anti-inondation aluminium de MSU-Bergtec ?\u00a0\u00bb font_container=\u00a0\u00bbtag:h2|text_align:left|color:%232c34a4&Prime; use_theme_fonts=\u00a0\u00bbyes\u00a0\u00bb css=\u00a0\u00bb.vc_custom_1743174272543{margin-top: 40px !important;}\u00a0\u00bb][vc_row_inner gap=\u00a0\u00bb30&Prime;][vc_column_inner width=\u00a0\u00bb1\/3&Prime;][vc_single_image image=\u00a0\u00bb6309&Prime; img_size=\u00a0\u00bbfull\u00a0\u00bb css=\u00a0\u00bb.vc_custom_1731446576529{margin-top: 40px !important;}\u00a0\u00bb][vc_empty_space height=\u00a0\u00bb30px\u00a0\u00bb][\/vc_column_inner][vc_column_inner width=\u00a0\u00bb2\/3&Prime;][vc_column_text css=\u00a0\u00bb.vc_custom_1743174828546{margin-top: 5px !important;margin-bottom: 40px !important;}\u00a0\u00bb]<\/p>\n<ul>\n<li style=\"text-align: justify;\"><strong>L\u00e9ger et solide :<\/strong> L&rsquo;aluminium est \u00e0 la fois solide et l\u00e9ger, ce qui facilite la manipulation et l&rsquo;installation des barri\u00e8res anti-inondation. Contrairement aux mat\u00e9riaux plus lourds (ex. acier) l&rsquo;aluminium permet un d\u00e9ploiement et un d\u00e9montage rapides, ce qui est id\u00e9al pour les situations d&rsquo;urgence en cas d&rsquo;inondation.<\/li>\n<li style=\"text-align: justify;\"><strong>R\u00e9sistance \u00e0 la corrosion :<\/strong> Gr\u00e2ce \u00e0 leur r\u00e9sistance naturelle \u00e0 la corrosion, les alliages d&rsquo;aluminium sont bien adapt\u00e9s m\u00eames pour des utilisations en bord de mer. Cette r\u00e9sistance \u00e0 la corrosion est un avantage significatif car elle garantit que l&rsquo;\u00e9quipement reste structurellement sain et visuellement attrayant pendant des ann\u00e9es d&rsquo;utilisation.<\/li>\n<li style=\"text-align: justify;\"><strong>Une exp\u00e9rience \u00e9prouv\u00e9e dans des conditions extr\u00eames<\/strong> : Les propri\u00e9t\u00e9s remarquables de l&rsquo;aluminium ont conduit \u00e0 son utilisation dans divers domaines, notamment dans les usines de traitement des eaux us\u00e9es depuis les ann\u00e9es 1920 et dans les applications marines depuis 1895. MSU-Bergtec exploite ce mat\u00e9riau \u00e9prouv\u00e9 pour concevoir des syst\u00e8mes d&rsquo;inondation de haute performance adapt\u00e9s aux environnements urbains et industriels.<\/li>\n<li style=\"text-align: justify;\"><strong>Durable et \u00e9cologique :<\/strong> L&rsquo;aluminium est recyclable \u00e0 100 %, ce qui en fait un choix \u00e9cologiquement responsable. Notre engagement \u00e0 utiliser des mat\u00e9riaux durables s&rsquo;inscrit dans le cadre de notre gestion de la qualit\u00e9 en mati\u00e8re de r\u00e9duction de notre impact CO2 sur l&rsquo;environnement..<\/li>\n<\/ul>\n<p>[\/vc_column_text][\/vc_column_inner][\/vc_row_inner][\/vc_column][\/vc_row][vc_row full_width=\u00a0\u00bbstretch_row\u00a0\u00bb gap=\u00a0\u00bb25&Prime; css=\u00a0\u00bb.vc_custom_1731446759689{padding-top: 40px !important;background-color: #2c34a4 !important;background-position: center !important;background-repeat: no-repeat !important;background-size: cover !important;}\u00a0\u00bb el_class=\u00a0\u00bbhome_quote\u00a0\u00bb][vc_column][vc_custom_heading text=\u00a0\u00bbLe savoir-faire de MSU-Bergtec<br \/>\n\u00a0\u00bb font_container=\u00a0\u00bbtag:div|font_size:32|text_align:left|color:%23ffffff\u00a0\u00bb use_theme_fonts=\u00a0\u00bbyes\u00a0\u00bb css_animation=\u00a0\u00bbnone\u00a0\u00bb css=\u00a0\u00bb.vc_custom_1743174858417{margin-bottom: 30px !important;}\u00a0\u00bb el_class=\u00a0\u00bbhome_quote_txt\u00a0\u00bb][vc_column_text css_animation=\u00a0\u00bbnone\u00a0\u00bb css=\u00a0\u00bb\u00a0\u00bb]<span style=\"color: #ffffff;\">Depuis 1970, Bergtec s&rsquo;est sp\u00e9cialis\u00e9e dans la fabrication d&rsquo;alliages d&rsquo;aluminium, produisant des solutions de protection contre les inondations qui sont con\u00e7ues, fa\u00e7onn\u00e9es et soud\u00e9es de mani\u00e8re experte. Notre vaste gamme de profil\u00e9s en aluminium nous permet de personnaliser chaque projet, en garantissant une r\u00e9silience et une fonctionnalit\u00e9 maximales. Chaque produit refl\u00e8te nos normes de haute qualit\u00e9 et notre engagement \u00e0 l&rsquo;excellence dans les solutions de protection contre les inondations.<\/span>[\/vc_column_text][vc_btn title=\u00a0\u00bbAPPRENEZ PLUS SUR NOS EQUIPEMENTS DE PROTECTION ANTI-INONDATION\u00a0\u00bb shape=\u00a0\u00bbsquare\u00a0\u00bb align=\u00a0\u00bbcenter\u00a0\u00bb css_animation=\u00a0\u00bbnone\u00a0\u00bb css=\u00a0\u00bb.vc_custom_1743174909586{margin-top: 40px !important;margin-bottom: 40px !important;}\u00a0\u00bb link=\u00a0\u00bburl:https%3A%2F%2Fwww.bergtecprotection.com%2Fflood-protection-equipment%2F|title:Flood%20Protection%20Equipment\u00a0\u00bb el_class=\u00a0\u00bbhome_quote_btn\u00a0\u00bb][\/vc_column][\/vc_row]<\/p>\n<\/div>","protected":false},"excerpt":{"rendered":"<p>[vc_row gap=\u00a0\u00bb25&Prime;][vc_column][vc_row_inner gap=\u00a0\u00bb30&Prime;][vc_column_inner width=\u00a0\u00bb1\/2&Prime;][vc_custom_heading text=\u00a0\u00bbPourquoi l&rsquo;Aluminium? R\u00e9sistance m\u00e9canique et durabilit\u00e9 \u00a0\u00bb font_container=\u00a0\u00bbtag:h2|text_align:left|color:%2341b6e6&Prime; use_theme_fonts=\u00a0\u00bbyes\u00a0\u00bb css=\u00a0\u00bb\u00a0\u00bb][vc_column_text css=\u00a0\u00bb.vc_custom_1743174223088{margin-top: 30px !important;}\u00a0\u00bb] Probl\u00e8me : une [&hellip;]<\/p>\n","protected":false},"author":2,"featured_media":0,"parent":321,"menu_order":1,"comment_status":"closed","ping_status":"closed","template":"","meta":{"footnotes":""},"class_list":["post-322","page","type-page","status-publish","hentry"],"aioseo_notices":[],"_links":{"self":[{"href":"https:\/\/www.bergtecprotection.com\/fr\/wp-json\/wp\/v2\/pages\/322","targetHints":{"allow":["GET"]}}],"collection":[{"href":"https:\/\/www.bergtecprotection.com\/fr\/wp-json\/wp\/v2\/pages"}],"about":[{"href":"https:\/\/www.bergtecprotection.com\/fr\/wp-json\/wp\/v2\/types\/page"}],"author":[{"embeddable":true,"href":"https:\/\/www.bergtecprotection.com\/fr\/wp-json\/wp\/v2\/users\/2"}],"replies":[{"embeddable":true,"href":"https:\/\/www.bergtecprotection.com\/fr\/wp-json\/wp\/v2\/comments?post=322"}],"version-history":[{"count":0,"href":"https:\/\/www.bergtecprotection.com\/fr\/wp-json\/wp\/v2\/pages\/322\/revisions"}],"up":[{"embeddable":true,"href":"https:\/\/www.bergtecprotection.com\/fr\/wp-json\/wp\/v2\/pages\/321"}],"wp:attachment":[{"href":"https:\/\/www.bergtecprotection.com\/fr\/wp-json\/wp\/v2\/media?parent=322"}],"curies":[{"name":"wp","href":"https:\/\/api.w.org\/{rel}","templated":true}]}}