{"id":321,"date":"2019-11-30T22:25:58","date_gmt":"2019-11-30T22:25:58","guid":{"rendered":"https:\/\/www.bergtecprotection.com\/conception-et-efficacite\/"},"modified":"2025-03-28T14:56:47","modified_gmt":"2025-03-28T14:56:47","slug":"conception-efficacite","status":"publish","type":"page","link":"https:\/\/www.bergtecprotection.com\/fr\/conception-efficacite\/","title":{"rendered":"Qualit\u00e9 et performance pour des protections garanties"},"content":{"rendered":"<div class=\"wpb-content-wrapper\"><p>[vc_row gap=\u00a0\u00bb25&Prime;][vc_column width=\u00a0\u00bb1\/6&Prime;][\/vc_column][vc_column width=\u00a0\u00bb2\/3&Prime;][vc_custom_heading text=\u00a0\u00bbConception sur-mesure et performances garanties pour des protections anti-inondation efficaces\u00a0\u00bb font_container=\u00a0\u00bbtag:h2|text_align:center|color:%2341b6e6&Prime; use_theme_fonts=\u00a0\u00bbyes\u00a0\u00bb css=\u00a0\u00bb\u00a0\u00bb][vc_column_text css=\u00a0\u00bb.vc_custom_1743173790097{margin-top: 30px !important;}\u00a0\u00bb]<\/p>\n<div style=\"font-size: 18px; color: #555555; text-align: justify;\">\n<p><strong>Probl\u00e8me :<\/strong> Les \u00e9quipements de protection contre les inondations doivent \u00eatre durables, r\u00e9sistants \u00e0 la corrosion et aux fortes pressions et r\u00e9pondre aux normes \u00a0en mati\u00e8re d&rsquo;\u00e9tanch\u00e9it\u00e9. Tout en assurant une protection efficace et durable contre les inondations, les mat\u00e9riaux (profil\u00e9s) utilis\u00e9s doivent \u00eatre \u00e9galement l\u00e9gers pour faciliter la manipulation et l&rsquo;installation.<\/p>\n<p><strong>La solution :<\/strong> Chez MSU-Bergtec, nous sommes sp\u00e9cialis\u00e9s depuis plusieurs dizaines d&rsquo;ann\u00e9e dans les syst\u00e8mes de r\u00e9tention et r\u00e9gulation (batardeaux) des eaux \u00a0en alliages d&rsquo;aluminium hautes performances de qualit\u00e9 marine, con\u00e7us pour r\u00e9pondre aux normes les plus strictes en mati\u00e8re de r\u00e9sistance \u00e0 la corrosion, de solidit\u00e9 et de durabilit\u00e9 environnementale. Notre ma\u00eetrise de la m\u00e9tallurgie, ing\u00e9nierie et conception, nous permets de garantir des \u00e9quipements de protection contre les inondations durables en conformit\u00e9 \u00e0 toutes les normes ISO EN.<\/p>\n<\/div>\n<p>[\/vc_column_text][vc_empty_space height=\u00a0\u00bb30px\u00a0\u00bb][\/vc_column][vc_column width=\u00a0\u00bb1\/6&Prime;][\/vc_column][\/vc_row][vc_row full_width=\u00a0\u00bbstretch_row\u00a0\u00bb gap=\u00a0\u00bb25&Prime; css=\u00a0\u00bb.vc_custom_1731425935090{background: #f5f5f5 url(https:\/\/www.bergtecprotection.com\/wp-content\/uploads\/2020\/01\/home_pj_bg.jpg?id=182) !important;background-position: center !important;background-repeat: no-repeat !important;background-size: cover !important;}\u00a0\u00bb][vc_column][vc_custom_heading text=\u00a0\u00bbEl\u00e9ments cl\u00e9s des barrages anti-inondation\u00a0\u00bb font_container=\u00a0\u00bbtag:h2|text_align:left|color:%232c34a4&Prime; use_theme_fonts=\u00a0\u00bbyes\u00a0\u00bb css=\u00a0\u00bb.vc_custom_1743172339247{margin-top: 40px !important;}\u00a0\u00bb][vc_row_inner gap=\u00a0\u00bb30&Prime;][vc_column_inner width=\u00a0\u00bb1\/3&Prime;][vc_single_image image=\u00a0\u00bb362&Prime; img_size=\u00a0\u00bbfull\u00a0\u00bb css=\u00a0\u00bb.vc_custom_1731488800610{margin-top: 15px !important;}\u00a0\u00bb][vc_empty_space height=\u00a0\u00bb30px\u00a0\u00bb][\/vc_column_inner][vc_column_inner width=\u00a0\u00bb2\/3&Prime;][vc_column_text css=\u00a0\u00bb.vc_custom_1743172932449{margin-top: 5px !important;margin-bottom: 40px !important;}\u00a0\u00bb]<\/p>\n<h3 style=\"text-align: left;\">Alliages d&rsquo;aluminium de qualit\u00e9 marine pour une durabilit\u00e9 maximale<\/h3>\n<p style=\"text-align: justify;\">Nos \u00e9quipements de protection contre les inondations sont fabriqu\u00e9s \u00e0 partir d&rsquo;alliages d&rsquo;aluminium de qualit\u00e9 marine rigoureusement s\u00e9lectionn\u00e9s, qui offrent une r\u00e9sistance \u00e0 la corrosion (20 ann\u00e9es) et une r\u00e9sistance m\u00e9canique exceptionnelles. Ces mat\u00e9riaux, connus pour leur utilisation intensive dans des secteurs tels que l&rsquo;a\u00e9ronautique et la gestion des eaux us\u00e9es, sont extrud\u00e9s \u00e0 chaud afin d&rsquo;obtenir des performances optimales dans des environnements difficiles.<\/p>\n<h3 style=\"text-align: justify;\">Soudabilit\u00e9 et haute r\u00e9sistance<\/h3>\n<p style=\"text-align: justify;\">Nous combinons des alliages d&rsquo;aluminium avec des processus de fabrication et d&rsquo;assemblage par soudage, ce qui garantit que chaque composant pr\u00e9sente une durabilit\u00e9 sup\u00e9rieure. Nos syst\u00e8mes sont donc parfaitement adapt\u00e9s aux zones inondables, o\u00f9 les contraintes exigent une construction de haute qualit\u00e9 capable de r\u00e9sister \u00e0 la pression des eaux.<\/p>\n<h3 style=\"text-align: justify;\">Un savoir-faire et des r\u00e9sultats probants<\/h3>\n<p style=\"text-align: justify;\">Forte de plusieurs d\u00e9cennies d&rsquo;exp\u00e9rience, MSU-Bergtec apporte une ma\u00eetrise totale et une expertise \u00e9prouv\u00e9e \u00e0 chaque projet. Notre collaboration de longue date avec notre fournisseur historique d&rsquo;aluminium garantit une qualit\u00e9 d&rsquo;extrusion quasi parfaite. Nos \u00e9quipements de protection contre les inondations sont respectueux de l&rsquo;environnement, car nous travaillons avec des partenaires qui utilisent des processus certifi\u00e9s ISO 14000 et recyclent la quasi-totalit\u00e9 des d\u00e9chets d&rsquo;aluminium<\/p>\n<p>[\/vc_column_text][\/vc_column_inner][\/vc_row_inner][\/vc_column][\/vc_row][vc_row gap=\u00a0\u00bb25&Prime;][vc_column][vc_row_inner][vc_column_inner][vc_custom_heading text=\u00a0\u00bbWhy Aluminium Alloy?\u00a0\u00bb font_container=\u00a0\u00bbtag:h2|text_align:left|color:%232c34a4&Prime; use_theme_fonts=\u00a0\u00bbyes\u00a0\u00bb css=\u00a0\u00bb.vc_custom_1731487158687{margin-top: 40px !important;}\u00a0\u00bb][\/vc_column_inner][\/vc_row_inner][vc_row_inner gap=\u00a0\u00bb30&Prime;][vc_column_inner width=\u00a0\u00bb2\/3&Prime;][vc_column_text css=\u00a0\u00bb.vc_custom_1731487319948{margin-top: 5px !important;margin-bottom: 5px !important;}\u00a0\u00bb]<\/p>\n<h3 style=\"text-align: justify;\">Mechanical Strength and Corrosion Resistance<\/h3>\n<p style=\"text-align: justify;\">Aluminium alloys offer unparalleled strength-to-weight ratios, providing the same durability as heavier materials while being <strong>nearly three times lighter than steel<\/strong>. This lightweight design facilitates rapid installation and makes aluminium an ideal choice for <a href=\"https:\/\/www.bergtecprotection.com\/demountable-flood-barriers\/\"><strong>demountable\u00a0flood barriers<\/strong><\/a>. Additionally, aluminium\u2019s excellent chemical resistance ensures lasting protection against corrosion, even in highly corrosive environments like coastal or urban flood zones.<\/p>\n<h3 style=\"text-align: justify;\">Eco-Friendly and Sustainable Choice<\/h3>\n<p style=\"text-align: justify;\">Our flood protection equipments are designed with <strong>sustainability<\/strong> in mind. Our primary aluminium supplier operates in a <strong>100% environmentally friendly<\/strong> manner, recycling extrusion waste to <strong>minimise the carbon footprint<\/strong>. This commitment to sustainability aligns with Bergtec&rsquo;s dedication to offering <strong>eco-friendly flood protection solutions<\/strong>.<\/p>\n<p>[\/vc_column_text][\/vc_column_inner][vc_column_inner width=\u00a0\u00bb1\/3&Prime;][vc_single_image image=\u00a0\u00bb385&Prime; img_size=\u00a0\u00bbfull\u00a0\u00bb css=\u00a0\u00bb.vc_custom_1731487809369{margin-top: 15px !important;}\u00a0\u00bb][vc_empty_space height=\u00a0\u00bb30px\u00a0\u00bb][\/vc_column_inner][\/vc_row_inner][\/vc_column][\/vc_row][vc_row full_width=\u00a0\u00bbstretch_row\u00a0\u00bb gap=\u00a0\u00bb25&Prime; css=\u00a0\u00bb.vc_custom_1731489059607{background-color: #f5f5f5 !important;background-position: center !important;background-repeat: no-repeat !important;background-size: cover !important;}\u00a0\u00bb][vc_column][vc_custom_heading text=\u00a0\u00bbGeneral Design and Manufacturing Standards\u00a0\u00bb font_container=\u00a0\u00bbtag:h2|text_align:left|color:%232c34a4&Prime; use_theme_fonts=\u00a0\u00bbyes\u00a0\u00bb css=\u00a0\u00bb.vc_custom_1731487505750{margin-top: 40px !important;}\u00a0\u00bb][vc_row_inner gap=\u00a0\u00bb30&Prime;][vc_column_inner width=\u00a0\u00bb1\/3&Prime;][vc_single_image image=\u00a0\u00bb6394&Prime; img_size=\u00a0\u00bbfull\u00a0\u00bb css=\u00a0\u00bb.vc_custom_1731488099089{margin-top: 15px !important;}\u00a0\u00bb][vc_empty_space height=\u00a0\u00bb30px\u00a0\u00bb][\/vc_column_inner][vc_column_inner width=\u00a0\u00bb2\/3&Prime;][vc_column_text css=\u00a0\u00bb.vc_custom_1731488706094{margin-top: 5px !important;margin-bottom: 40px !important;}\u00a0\u00bb]<\/p>\n<h3 style=\"text-align: justify;\">ISO and European Standards Compliance<\/h3>\n<p style=\"text-align: justify;\">Bergtec\u2019s flood defence equipments are manufactured in accordance with <strong>ISO<\/strong> and <strong>European standards<\/strong>, ensuring <strong>maximum deflection<\/strong> under load and <strong>superior watertightness<\/strong>. Each component is designed to perform reliably under <strong>high-stress conditions<\/strong>, delivering consistent and effective<strong> flood protection<\/strong>.<\/p>\n<h3 style=\"text-align: justify;\">Advanced Engineering and Custom Design Capabilities<\/h3>\n<p style=\"text-align: justify;\">With a dedicated in-house technical department, Bergtec provides <strong>comprehensive design and engineering services<\/strong>. Our team uses the latest <strong>3D\/CAD software<\/strong> to create customised, high-quality flood protection equipments that meet the <strong>unique needs of every project<\/strong>. Since 1970, Bergtec has led the way in engineering flood protection systems that balance <strong>performance<\/strong>, <strong>ease of installation<\/strong>, and <strong>sustainability<\/strong>.<\/p>\n<p>[\/vc_column_text][vc_custom_heading text=\u00a0\u00bbExplore Our Design and Performance Pages:\u00a0\u00bb font_container=\u00a0\u00bbtag:h3|text_align:left\u00a0\u00bb use_theme_fonts=\u00a0\u00bbyes\u00a0\u00bb css=\u00a0\u00bb.vc_custom_1731488673736{margin-top: 40px !important;}\u00a0\u00bb][vc_column_text css=\u00a0\u00bb.vc_custom_1731488660388{margin-top: 5px !important;margin-bottom: 40px !important;}\u00a0\u00bb]<\/p>\n<ul style=\"list-style-type: square;\">\n<li><a href=\"https:\/\/www.bergtecprotection.com\/design-performances\/aluminium-flood-protection-equipment\/\" rel=\"noopener\">Why Aluminium for Flood Protection?<\/a><\/li>\n<li><a href=\"https:\/\/www.bergtecprotection.com\/design-performances\/watertight-durable-flood-protection-equipment\/\" rel=\"noopener\">Resistance and Watertightness<\/a><\/li>\n<li><a href=\"https:\/\/www.bergtecprotection.com\/design-performances\/flood-protection-equipment-strength-stability\/\" rel=\"noopener\">Foundation and Integration<\/a><\/li>\n<li><a href=\"https:\/\/www.bergtecprotection.com\/design-performances\/quick-modular-flood-protection-installation\/\" rel=\"noopener\">Installation<\/a><\/li>\n<\/ul>\n<p>[\/vc_column_text][\/vc_column_inner][\/vc_row_inner][\/vc_column][\/vc_row]<\/p>\n<\/div>","protected":false},"excerpt":{"rendered":"<p>GUARANTEED PERFORMANCES, TESTED WATER TIGHTNESS AND COLLISIONPROOF.<\/p>\n","protected":false},"author":2,"featured_media":0,"parent":0,"menu_order":9,"comment_status":"closed","ping_status":"closed","template":"","meta":{"footnotes":""},"class_list":["post-321","page","type-page","status-publish","hentry"],"aioseo_notices":[],"_links":{"self":[{"href":"https:\/\/www.bergtecprotection.com\/fr\/wp-json\/wp\/v2\/pages\/321","targetHints":{"allow":["GET"]}}],"collection":[{"href":"https:\/\/www.bergtecprotection.com\/fr\/wp-json\/wp\/v2\/pages"}],"about":[{"href":"https:\/\/www.bergtecprotection.com\/fr\/wp-json\/wp\/v2\/types\/page"}],"author":[{"embeddable":true,"href":"https:\/\/www.bergtecprotection.com\/fr\/wp-json\/wp\/v2\/users\/2"}],"replies":[{"embeddable":true,"href":"https:\/\/www.bergtecprotection.com\/fr\/wp-json\/wp\/v2\/comments?post=321"}],"version-history":[{"count":0,"href":"https:\/\/www.bergtecprotection.com\/fr\/wp-json\/wp\/v2\/pages\/321\/revisions"}],"wp:attachment":[{"href":"https:\/\/www.bergtecprotection.com\/fr\/wp-json\/wp\/v2\/media?parent=321"}],"curies":[{"name":"wp","href":"https:\/\/api.w.org\/{rel}","templated":true}]}}