{"id":316,"date":"2019-11-30T22:25:58","date_gmt":"2019-11-30T22:25:58","guid":{"rendered":"https:\/\/www.bergtecprotection.com\/accessoires\/entretien-et-pieces-de-rechange\/"},"modified":"2025-03-21T11:16:14","modified_gmt":"2025-03-21T11:16:14","slug":"entretien","status":"publish","type":"page","link":"https:\/\/www.bergtecprotection.com\/fr\/accessoires\/entretien\/","title":{"rendered":"Entretien et pi\u00e8ces de rechange"},"content":{"rendered":"<div class=\"wpb-content-wrapper\"><p>[vc_row gap=\u00a0\u00bb25&Prime;][vc_column][vc_row_inner gap=\u00a0\u00bb30&Prime;][vc_column_inner width=\u00a0\u00bb1\/2&Prime;][vc_custom_heading text=\u00a0\u00bbEnsure Longevity of Flood Protection Equipment with Maintenance and Replacement Parts\u00a0\u00bb font_container=\u00a0\u00bbtag:h2|text_align:left|color:%2341b6e6&Prime; use_theme_fonts=\u00a0\u00bbyes\u00a0\u00bb css=\u00a0\u00bb\u00a0\u00bb][vc_column_text css=\u00a0\u00bb.vc_custom_1731495859290{margin-top: 30px !important;}\u00a0\u00bb]<\/p>\n<div style=\"font-size: 18px; color: #555555; text-align: justify;\">\n<p><strong>Les probl\u00e8mes :<\/strong> Les syst\u00e8mes de protection contre les inondations sont soumis \u00e0 des contraintes environnementales (intemp\u00e9ries etc) permanentes et \u00e0 des impacts lors des manipulations, ce qui peut entra\u00eener leur usure au fil du temps. Un entretien ad\u00e9quat et la disponibilit\u00e9 de pi\u00e8ces de rechange de haute qualit\u00e9 sont essentiels pour garantir l&rsquo;efficacit\u00e9 de ces syst\u00e8mes au moment o\u00f9 ils sont le plus n\u00e9cessaires.<\/p>\n<p><strong>La solution :<\/strong> Les \u00e9quipements de protection contre les inondations de Bergtec-MSU sont con\u00e7us pour n\u00e9cessiter un minimum d&rsquo;entretien, gr\u00e2ce \u00e0 des alliages d&rsquo;aluminium r\u00e9sistants \u00e0 la corrosion et \u00e0 d&rsquo;autres mat\u00e9riaux de haute qualit\u00e9. Des contr\u00f4les r\u00e9guliers, en particulier des joints d&rsquo;\u00e9tanch\u00e9it\u00e9, ainsi qu&rsquo;un stockage et une manipulation appropri\u00e9s, permettront \u00e0 ces barri\u00e8res de fonctionner au mieux sur le long terme. Si des composants doivent \u00eatre remplac\u00e9s, MSU-Bergtec fournit des pi\u00e8ces fiables pour maintenir l&rsquo;int\u00e9grit\u00e9 et les performances d&rsquo;origine du syst\u00e8me.<\/p>\n<\/div>\n<p>[\/vc_column_text][vc_empty_space height=\u00a0\u00bb30px\u00a0\u00bb][\/vc_column_inner][vc_column_inner width=\u00a0\u00bb1\/2&Prime;][vc_single_image image=\u00a0\u00bb394&Prime; img_size=\u00a0\u00bbfull\u00a0\u00bb css=\u00a0\u00bb.vc_custom_1731497764626{margin-top: 30px !important;}\u00a0\u00bb][vc_empty_space height=\u00a0\u00bb30px\u00a0\u00bb][\/vc_column_inner][\/vc_row_inner][\/vc_column][\/vc_row][vc_row full_width=\u00a0\u00bbstretch_row\u00a0\u00bb gap=\u00a0\u00bb25&Prime; css=\u00a0\u00bb.vc_custom_1731425935090{background: #f5f5f5 url(https:\/\/www.bergtecprotection.com\/wp-content\/uploads\/2020\/01\/home_pj_bg.jpg?id=182) !important;background-position: center !important;background-repeat: no-repeat !important;background-size: cover !important;}\u00a0\u00bb][vc_column][vc_custom_heading text=\u00a0\u00bbKey Benefits of Maintenance and Replacement Parts for Flood Protection Equipment\u00a0\u00bb font_container=\u00a0\u00bbtag:h2|text_align:left|color:%232c34a4&Prime; use_theme_fonts=\u00a0\u00bbyes\u00a0\u00bb css=\u00a0\u00bb.vc_custom_1731497296193{margin-top: 40px !important;}\u00a0\u00bb][vc_column_text css=\u00a0\u00bb.vc_custom_1731495949934{margin-top: 30px !important;margin-bottom: 40px !important;}\u00a0\u00bb]<\/p>\n<p><strong>Alliages d&rsquo;aluminium r\u00e9sistants \u00e0 la corrosion<\/strong><\/p>\n<p>Nos alliages d&rsquo;aluminium de haute qualit\u00e9 sont con\u00e7us pour r\u00e9sister \u00e0 la corrosion sans n\u00e9cessiter d&rsquo;entretien fr\u00e9quent, comme le graissage ou la peinture. Un simple lavage sous pression suffit g\u00e9n\u00e9ralement \u00e0 maintenir les composants propres et exempts de salet\u00e9 ou de boue, ce qui garantit une r\u00e9sistance durable.<\/p>\n<p><strong>Mat\u00e9riaux de fabrication durables<\/strong><\/p>\n<p>Hormis les joints d&rsquo;\u00e9tanch\u00e9it\u00e9, tous les mat\u00e9riaux utilis\u00e9s dans nos barri\u00e8res anti-inondation sont con\u00e7us pour r\u00e9sister aux d\u00e9fis environnementaux et ne sont pas sujets \u00e0 l&rsquo;usure dans des conditions normales. Cependant, une mauvaise manipulation ou des chocs peuvent entra\u00eener le remplacement d&rsquo;une pi\u00e8ce. Dans ce cas, Bergtec propose des pi\u00e8ces de rechange fiables pour maintenir l&rsquo;int\u00e9grit\u00e9 structurelle du syst\u00e8me.<\/p>\n<p><strong>Inspection annuelle des joints d&rsquo;\u00e9tanch\u00e9it\u00e9<\/strong><\/p>\n<p>Les joints d&rsquo;\u00e9tanch\u00e9it\u00e9 sont les seuls composants qui peuvent n\u00e9cessiter un remplacement p\u00e9riodique. Sensibles \u00e0 l&rsquo;exposition aux UV et \u00e0 la s\u00e9cheresse, ces joints doivent \u00eatre inspect\u00e9s chaque ann\u00e9e pour d\u00e9tecter les signes de vieillissement, tels que des fissures ou des craquelures, qui pourraient compromettre l&rsquo;\u00e9tanch\u00e9it\u00e9. En rempla\u00e7ant les joints au fur et \u00e0 mesure des besoins, on s&rsquo;assure que le syst\u00e8me reste pleinement fonctionnel.<\/p>\n<p>[\/vc_column_text][\/vc_column][\/vc_row][vc_row gap=\u00a0\u00bb25&Prime;][vc_column][vc_custom_heading text=\u00a0\u00bbMaintenance and Replacement Parts: Specifications and Recommendations\u00a0\u00bb font_container=\u00a0\u00bbtag:h2|text_align:left|color:%232c34a4&Prime; use_theme_fonts=\u00a0\u00bbyes\u00a0\u00bb css=\u00a0\u00bb.vc_custom_1731496053550{margin-top: 40px !important;}\u00a0\u00bb][vc_row_inner gap=\u00a0\u00bb30&Prime;][vc_column_inner width=\u00a0\u00bb1\/3&Prime;][vc_single_image image=\u00a0\u00bb364&Prime; img_size=\u00a0\u00bbfull\u00a0\u00bb css=\u00a0\u00bb.vc_custom_1731497517905{margin-top: 20px !important;}\u00a0\u00bb][\/vc_column_inner][vc_column_inner width=\u00a0\u00bb2\/3&Prime;][vc_column_text css=\u00a0\u00bb\u00a0\u00bb]<\/p>\n<h3 style=\"text-align: justify;\"><strong>Maintenance\u00a0<\/strong><\/h3>\n<ul style=\"list-style-type: disc;\">\n<li style=\"text-align: justify;\"><strong>Lavage \u00e0 grande eau<\/strong>: Nettoyez r\u00e9guli\u00e8rement les \u00e9l\u00e9ments en aluminium tels que les rondins, les poutres en I, les bo\u00eetiers d&rsquo;ancrage et les membrures en U pour les maintenir en parfait \u00e9tat.<\/li>\n<li style=\"text-align: justify;\"><strong>Stockage appropri\u00e9 :<\/strong> Stockez l&rsquo;\u00e9quipement dans un endroit couvert pour le prot\u00e9ger de l&rsquo;exposition \u00e0 l&rsquo;environnement et des dommages caus\u00e9s par les UV, ce qui peut contribuer \u00e0 prolonger la dur\u00e9e de vie des pi\u00e8ces sensibles telles que les joints d&rsquo;\u00e9tanch\u00e9it\u00e9.<\/li>\n<\/ul>\n<p>[\/vc_column_text][vc_column_text css=\u00a0\u00bb.vc_custom_1731496313384{margin-top: 30px !important;margin-bottom: 40px !important;}\u00a0\u00bb]<\/p>\n<h3><strong>Pi\u00e8ces de rechange<\/strong><\/h3>\n<ul style=\"list-style-type: disc;\">\n<li style=\"text-align: justify;\"><strong>Joints d&rsquo;\u00e9tanch\u00e9it\u00e9 :<\/strong> Contr\u00f4ler annuellement et remplacer si des signes d&rsquo;usure ou de vieillissement apparaissent.<\/li>\n<li style=\"text-align: justify;\"><strong>Autres composants :<\/strong> Ne les remplacer que s&rsquo;ils sont endommag\u00e9s par une mauvaise manipulation ou un usage inappropri\u00e9, afin de garantir la fiabilit\u00e9 du syst\u00e8me de protection contre les inondations.[\/vc_column_text][\/vc_column_inner][\/vc_row_inner][\/vc_column][\/vc_row][vc_row full_width=\u00a0\u00bbstretch_row\u00a0\u00bb gap=\u00a0\u00bb25&Prime; css=\u00a0\u00bb.vc_custom_1731496895014{background-color: #f5f5f5 !important;background-position: center !important;background-repeat: no-repeat !important;background-size: cover !important;}\u00a0\u00bb][vc_column][vc_custom_heading text=\u00a0\u00bbProper Storage and Handling for Long-Lasting Flood Protection\u00a0\u00bb font_container=\u00a0\u00bbtag:h2|text_align:left|color:%232c34a4&Prime; use_theme_fonts=\u00a0\u00bbyes\u00a0\u00bb css=\u00a0\u00bb.vc_custom_1731496936093{margin-top: 40px !important;}\u00a0\u00bb][vc_row_inner gap=\u00a0\u00bb30&Prime;][vc_column_inner width=\u00a0\u00bb2\/3&Prime;][vc_column_text css=\u00a0\u00bb.vc_custom_1731497824804{margin-bottom: 40px !important;}\u00a0\u00bb]<\/li>\n<\/ul>\n<h3 style=\"text-align: justify;\"><strong>Instruction de stockage<\/strong><\/h3>\n<p style=\"text-align: justify;\"><a href=\"https:\/\/www.bergtecprotection.com\/handling-accessories\/custom-storage-trolleys-flood-barriers\/\">Un rangement ad\u00e9quat<\/a>\u00a0est essentiel pour maintenir votre barrage anti-inondation. Assurez-vos que tous vos \u00e9quipements soient stock\u00e9s correctement dan sun lieu couvert , prot\u00e9g\u00e9 des UV et d&rsquo;aggression dierses ce qui prolongera durablement la vie de votre protection.<\/p>\n<h3>Pr\u00e9cautions de manipulation<\/h3>\n<p>Pour \u00e9viter toute usure ou tout dommage inutile, \u00e9vitez toute manipulation incorrecte, telle que les collisions avec des v\u00e9hicules ou d&rsquo;autres \u00e9quipements lourds. Une manipulation correcte permet de maintenir les performances du syst\u00e8me et de minimiser le besoin de pi\u00e8ces de rechange.<\/p>\n<h3 style=\"text-align: justify;\"><span style=\"font-size: 16px;\">[\/vc_column_text][\/vc_column_inner][vc_column_inner width=\u00a0\u00bb1\/3&Prime;][vc_single_image image=\u00a0\u00bb396&Prime; img_size=\u00a0\u00bbfull\u00a0\u00bb css=\u00a0\u00bb\u00a0\u00bb][\/vc_column_inner][\/vc_row_inner][\/vc_column][\/vc_row][vc_row full_width=\u00a0\u00bbstretch_row\u00a0\u00bb gap=\u00a0\u00bb25&Prime; css=\u00a0\u00bb.vc_custom_1731446759689{padding-top: 40px !important;background-color: #2c34a4 !important;background-position: center !important;background-repeat: no-repeat !important;background-size: cover !important;}\u00a0\u00bb el_class=\u00a0\u00bbhome_quote\u00a0\u00bb][vc_column][vc_custom_heading text=\u00a0\u00bbBergtec\u2019s Expertise in Maintenance and Durable Flood Protection Equipment\u00a0\u00bb font_container=\u00a0\u00bbtag:div|font_size:32|text_align:left|color:%23ffffff\u00a0\u00bb use_theme_fonts=\u00a0\u00bbyes\u00a0\u00bb css_animation=\u00a0\u00bbnone\u00a0\u00bb css=\u00a0\u00bb.vc_custom_1731496609770{margin-bottom: 30px !important;}\u00a0\u00bb el_class=\u00a0\u00bbhome_quote_txt\u00a0\u00bb][vc_column_text css_animation=\u00a0\u00bbnone\u00a0\u00bb css=\u00a0\u00bb\u00a0\u00bb]<\/span><\/h3>\n<p style=\"text-align: justify;\"><span style=\"color: #ffffff;\">Les syst\u00e8mes de protection contre les inondations de Bergtec sont con\u00e7us pour n\u00e9cessiter un minimum de maintenance, ce qui permet aux utilisateurs de s&rsquo;en servir sans entretien constant. Notre exp\u00e9rience en mati\u00e8re d&rsquo;ing\u00e9nierie des mat\u00e9riaux et de protection contre les inondations garantit la r\u00e9sistance de nos produits, avec des pi\u00e8ces de rechange de haute qualit\u00e9 disponibles pour assurer une fonctionnalit\u00e9 \u00e0 long terme.<\/span><\/p>\n<p style=\"text-align: justify;\"><span style=\"color: #ffffff;\">D\u00e9couvrez la gamme compl\u00e8te d&rsquo;\u00e9quipements de protection contre les inondations de Bergtec.<\/span><\/p>\n<p>[\/vc_column_text][vc_btn title=\u00a0\u00bbEN SAVOIR PLUS SUR NOS \u00c9QUIPEMENTS DE PROTECTION CONTRE LES INONDATIONS\u00a0\u00bb shape=\u00a0\u00bbsquare\u00a0\u00bb align=\u00a0\u00bbcenter\u00a0\u00bb css_animation=\u00a0\u00bbnone\u00a0\u00bb css=\u00a0\u00bb.vc_custom_1742555742240{margin-top: 40px !important;margin-bottom: 40px !important;}\u00a0\u00bb link=\u00a0\u00bburl:https%3A%2F%2Fwww.bergtecprotection.com%2Ffr%2Fequipements-anti-inondation%2F\u00a0\u00bb el_class=\u00a0\u00bbhome_quote_btn\u00a0\u00bb][\/vc_column][\/vc_row]<\/p>\n<\/div>","protected":false},"excerpt":{"rendered":"<p>[vc_row gap=\u00a0\u00bb25&Prime;][vc_column][vc_row_inner gap=\u00a0\u00bb30&Prime;][vc_column_inner width=\u00a0\u00bb1\/2&Prime;][vc_custom_heading text=\u00a0\u00bbEnsure Longevity of Flood Protection Equipment with Maintenance and Replacement Parts\u00a0\u00bb font_container=\u00a0\u00bbtag:h2|text_align:left|color:%2341b6e6&Prime; use_theme_fonts=\u00a0\u00bbyes\u00a0\u00bb css=\u00a0\u00bb\u00a0\u00bb][vc_column_text css=\u00a0\u00bb.vc_custom_1731495859290{margin-top: 30px [&hellip;]<\/p>\n","protected":false},"author":2,"featured_media":0,"parent":313,"menu_order":3,"comment_status":"closed","ping_status":"closed","template":"","meta":{"footnotes":""},"class_list":["post-316","page","type-page","status-publish","hentry"],"aioseo_notices":[],"_links":{"self":[{"href":"https:\/\/www.bergtecprotection.com\/fr\/wp-json\/wp\/v2\/pages\/316","targetHints":{"allow":["GET"]}}],"collection":[{"href":"https:\/\/www.bergtecprotection.com\/fr\/wp-json\/wp\/v2\/pages"}],"about":[{"href":"https:\/\/www.bergtecprotection.com\/fr\/wp-json\/wp\/v2\/types\/page"}],"author":[{"embeddable":true,"href":"https:\/\/www.bergtecprotection.com\/fr\/wp-json\/wp\/v2\/users\/2"}],"replies":[{"embeddable":true,"href":"https:\/\/www.bergtecprotection.com\/fr\/wp-json\/wp\/v2\/comments?post=316"}],"version-history":[{"count":0,"href":"https:\/\/www.bergtecprotection.com\/fr\/wp-json\/wp\/v2\/pages\/316\/revisions"}],"up":[{"embeddable":true,"href":"https:\/\/www.bergtecprotection.com\/fr\/wp-json\/wp\/v2\/pages\/313"}],"wp:attachment":[{"href":"https:\/\/www.bergtecprotection.com\/fr\/wp-json\/wp\/v2\/media?parent=316"}],"curies":[{"name":"wp","href":"https:\/\/api.w.org\/{rel}","templated":true}]}}