{"id":315,"date":"2019-11-30T22:25:58","date_gmt":"2019-11-30T22:25:58","guid":{"rendered":"https:\/\/www.bergtecprotection.com\/accessoires\/accessoires-de-protection\/"},"modified":"2025-03-21T11:14:08","modified_gmt":"2025-03-21T11:14:08","slug":"protection","status":"publish","type":"page","link":"https:\/\/www.bergtecprotection.com\/fr\/accessoires\/protection\/","title":{"rendered":"Accessoires pour protection anti-inondation"},"content":{"rendered":"<div class=\"wpb-content-wrapper\"><p>[vc_row gap=\u00a0\u00bb25&Prime;][vc_column][vc_row_inner gap=\u00a0\u00bb30&Prime;][vc_column_inner width=\u00a0\u00bb1\/2&Prime;][vc_custom_heading text=\u00a0\u00bbDes accessoires pour une protection durable\u00a0\u00bb font_container=\u00a0\u00bbtag:h2|text_align:left|color:%2341b6e6&Prime; use_theme_fonts=\u00a0\u00bbyes\u00a0\u00bb css=\u00a0\u00bb\u00a0\u00bb][vc_column_text css=\u00a0\u00bb.vc_custom_1739371558742{margin-top: 30px !important;}\u00a0\u00bb]<\/p>\n<div style=\"font-size: 18px; color: #555555; text-align: justify;\">\n<p><strong>Le probl\u00e8me<\/strong> : Les barri\u00e8res anti-inondation install\u00e9es dans les zones urbaines sont expos\u00e9es \u00e0 des risques potentiels de vandalisme, ou de dommages dus \u00e0 la circulation des v\u00e9hicules. Ces risques peuvent r\u00e9duire les performances de la barri\u00e8re, entra\u00eenant une \u00e9tanch\u00e9it\u00e9 moindre ou un affaiblissement de la rigidit\u00e9 structurelle, compromettant ainsi l&rsquo;efficacit\u00e9 de la protection contre les inondations au moment o\u00f9 il est le plus n\u00e9cessaire.<\/p>\n<p><strong>La solution :<\/strong> MSU-Bergtec propose une gamme d&rsquo;accessoires con\u00e7us pour am\u00e9liorer la long\u00e9vit\u00e9 et les performances des barri\u00e8res anti-inondation. Qu&rsquo;il s&rsquo;agisse de housses de protection sur mesure ou de bo\u00eetes d&rsquo;ancrages au sol, nos accessoires offrent une protection essentielle aux \u00e9quipements de protection contre les inondations, garantissant que les barri\u00e8res restent s\u00fbres, fonctionnelles et visuellement discr\u00e8tes.<\/p>\n<\/div>\n<p>[\/vc_column_text][vc_empty_space height=\u00a0\u00bb30px\u00a0\u00bb][\/vc_column_inner][vc_column_inner width=\u00a0\u00bb1\/2&Prime;][vc_single_image image=\u00a0\u00bb389&Prime; img_size=\u00a0\u00bbfull\u00a0\u00bb css=\u00a0\u00bb.vc_custom_1731494499678{margin-top: 30px !important;}\u00a0\u00bb][vc_empty_space height=\u00a0\u00bb30px\u00a0\u00bb][\/vc_column_inner][\/vc_row_inner][\/vc_column][\/vc_row][vc_row full_width=\u00a0\u00bbstretch_row\u00a0\u00bb gap=\u00a0\u00bb25&Prime; css=\u00a0\u00bb.vc_custom_1731425935090{background: #f5f5f5 url(https:\/\/www.bergtecprotection.com\/wp-content\/uploads\/2020\/01\/home_pj_bg.jpg?id=182) !important;background-position: center !important;background-repeat: no-repeat !important;background-size: cover !important;}\u00a0\u00bb][vc_column][vc_custom_heading text=\u00a0\u00bbKey Protection Accessories for Flood Barrier Equipment\u00a0\u00bb font_container=\u00a0\u00bbtag:h2|text_align:left|color:%232c34a4&Prime; use_theme_fonts=\u00a0\u00bbyes\u00a0\u00bb css=\u00a0\u00bb.vc_custom_1731493592564{margin-top: 40px !important;}\u00a0\u00bb][vc_column_text css=\u00a0\u00bb.vc_custom_1731493689726{margin-top: 30px !important;margin-bottom: 40px !important;}\u00a0\u00bb]<\/p>\n<h3 style=\"text-align: justify;\"><strong>Capot de\u00a0protection des glissi\u00e8res lat\u00e9rales<\/strong><\/h3>\n<p>Dans les zones urbaines, les glissi\u00e8res lat\u00e9rales sont souvent expos\u00e9s aux contraintes environnementales et au vandalisme, ce qui peut compromettre leur \u00e9tanch\u00e9it\u00e9 et entra\u00eener des fuites. Nos housses de protection prot\u00e8gent ces \u00e9l\u00e9ments de l&rsquo;exposition aux UV, de la s\u00e9cheresse et d&rsquo;\u00e9ventuelles manipulations. Ces couvercles sur mesure sont con\u00e7us pour s&rsquo;int\u00e9grer parfaitement \u00e0 l&rsquo;environnement et peuvent \u00eatre recouverts d&rsquo;un rev\u00eatement durable par poudre \u00e0 chaud dans n&rsquo;importe quelle couleur RAL afin d&rsquo;en am\u00e9liorer l&rsquo;esth\u00e9tique.<\/p>\n<h3 style=\"text-align: justify;\"><strong>Bo\u00eetiers d&rsquo;ancrage au sol pour poteaux de soutien<\/strong><\/h3>\n<p>Nos bo\u00eetiers de fixation au sol sont con\u00e7us pour s\u00e9curiser l&rsquo;ancrage des poutres-poteaux interm\u00e9diaires, ils jouent un r\u00f4le essentiel dans la tenue des barri\u00e8res anti-inondation. Ces bo\u00eetiers emp\u00eachent la d\u00e9t\u00e9rioration et les dommages caus\u00e9s par la circulation de v\u00e9hicules, pr\u00e9servant ainsi l&rsquo;int\u00e9grit\u00e9 structurelle du barrage.<\/p>\n<h3 style=\"text-align: justify;\"><strong>Des ancrages et capots de haute qualit\u00e9<\/strong><\/h3>\n<p style=\"text-align: justify;\">Les ancrages sont r\u00e9alis\u00e9s en acier inoxydable con\u00e7us pour supporter des passages de v\u00e9hicules et garantir une long\u00e9vit\u00e9 aux barrages anti-inondation.<\/p>\n<p>[\/vc_column_text][\/vc_column][\/vc_row][vc_row gap=\u00a0\u00bb25&Prime;][vc_column][vc_custom_heading text=\u00a0\u00bbBergtec\u2019s Expertise in Protective Solutions\u00a0\u00bb font_container=\u00a0\u00bbtag:h2|text_align:left|color:%232c34a4&Prime; use_theme_fonts=\u00a0\u00bbyes\u00a0\u00bb css=\u00a0\u00bb.vc_custom_1731494327702{margin-top: 40px !important;}\u00a0\u00bb][vc_column_text css=\u00a0\u00bb.vc_custom_1731493743341{margin-top: 30px !important;}\u00a0\u00bb]<\/p>\n<p style=\"text-align: justify;\">Explorez les images ci-dessous pour voir comment MSU-Bergtec et ses accessoires de protection \u00a0prolongent la vie des \u00e9quipements face aux contraintes et agressions journali\u00e8res .<\/p>\n<p>[\/vc_column_text][vc_media_grid element_width=\u00a0\u00bb3&Prime; gap=\u00a0\u00bb15&Prime; css=\u00a0\u00bb.vc_custom_1731494526603{margin-top: 30px !important;margin-bottom: 60px !important;}\u00a0\u00bb grid_id=\u00a0\u00bbvc_gid:1742555641755-b8e14265-b615-7&Prime; include=\u00a0\u00bb387,388,389,390,392,6377,362&Prime;][\/vc_column][\/vc_row][vc_row full_width=\u00a0\u00bbstretch_row\u00a0\u00bb gap=\u00a0\u00bb25&Prime; css=\u00a0\u00bb.vc_custom_1731446759689{padding-top: 40px !important;background-color: #2c34a4 !important;background-position: center !important;background-repeat: no-repeat !important;background-size: cover !important;}\u00a0\u00bb el_class=\u00a0\u00bbhome_quote\u00a0\u00bb][vc_column][vc_custom_heading text=\u00a0\u00bbL&rsquo;expertise de Bergtec\u00a0\u00bb font_container=\u00a0\u00bbtag:div|font_size:32|text_align:left|color:%23ffffff\u00a0\u00bb use_theme_fonts=\u00a0\u00bbyes\u00a0\u00bb css_animation=\u00a0\u00bbnone\u00a0\u00bb css=\u00a0\u00bb.vc_custom_1742555417470{margin-bottom: 30px !important;}\u00a0\u00bb el_class=\u00a0\u00bbhome_quote_txt\u00a0\u00bb][vc_column_text css_animation=\u00a0\u00bbnone\u00a0\u00bb css=\u00a0\u00bb\u00a0\u00bb]<\/p>\n<p style=\"text-align: justify;\"><span style=\"color: #ffffff;\">Chez Bergtec, nous comprenons les d\u00e9fis que repr\u00e9sente la protection des barri\u00e8res de protection contre les inondations dans les environnements urbains et industriels. Gr\u00e2ce \u00e0 notre exp\u00e9rience et \u00e0 notre souci de qualit\u00e9, nos accessoires de protection sont con\u00e7us pour am\u00e9liorer \u00e0 la fois la fonctionnalit\u00e9 et l&rsquo;apparence, permettant ainsi aux barri\u00e8res d&rsquo;inondation de s&rsquo;int\u00e9grer parfaitement dans leur environnement tout en maintenant des performances optimales.<\/span><\/p>\n<p style=\"text-align: justify;\"><span style=\"color: #ffffff;\">D\u00e9couvrez notre gamme compl\u00e8te d&rsquo;\u00e9quipements de protection contre les inondations.<\/span><\/p>\n<p>[\/vc_column_text][vc_btn title=\u00a0\u00bbDECOUVREZ PLUS SUR NOS EQUIPEMENTS ANTI-INONDATION\u00a0\u00bb shape=\u00a0\u00bbsquare\u00a0\u00bb align=\u00a0\u00bbcenter\u00a0\u00bb css_animation=\u00a0\u00bbnone\u00a0\u00bb css=\u00a0\u00bb.vc_custom_1742555490639{margin-top: 40px !important;margin-bottom: 40px !important;}\u00a0\u00bb link=\u00a0\u00bburl:https%3A%2F%2Fwww.bergtecprotection.com%2Ffr%2Fequipements-anti-inondation%2F\u00a0\u00bb el_class=\u00a0\u00bbhome_quote_btn\u00a0\u00bb][\/vc_column][\/vc_row]<\/p>\n<\/div>","protected":false},"excerpt":{"rendered":"<p>[vc_row gap=\u00a0\u00bb25&Prime;][vc_column][vc_row_inner gap=\u00a0\u00bb30&Prime;][vc_column_inner width=\u00a0\u00bb1\/2&Prime;][vc_custom_heading text=\u00a0\u00bbDes accessoires pour une protection durable\u00a0\u00bb font_container=\u00a0\u00bbtag:h2|text_align:left|color:%2341b6e6&Prime; use_theme_fonts=\u00a0\u00bbyes\u00a0\u00bb css=\u00a0\u00bb\u00a0\u00bb][vc_column_text css=\u00a0\u00bb.vc_custom_1739371558742{margin-top: 30px !important;}\u00a0\u00bb] Le probl\u00e8me : Les [&hellip;]<\/p>\n","protected":false},"author":2,"featured_media":0,"parent":313,"menu_order":2,"comment_status":"closed","ping_status":"closed","template":"","meta":{"footnotes":""},"class_list":["post-315","page","type-page","status-publish","hentry"],"aioseo_notices":[],"_links":{"self":[{"href":"https:\/\/www.bergtecprotection.com\/fr\/wp-json\/wp\/v2\/pages\/315","targetHints":{"allow":["GET"]}}],"collection":[{"href":"https:\/\/www.bergtecprotection.com\/fr\/wp-json\/wp\/v2\/pages"}],"about":[{"href":"https:\/\/www.bergtecprotection.com\/fr\/wp-json\/wp\/v2\/types\/page"}],"author":[{"embeddable":true,"href":"https:\/\/www.bergtecprotection.com\/fr\/wp-json\/wp\/v2\/users\/2"}],"replies":[{"embeddable":true,"href":"https:\/\/www.bergtecprotection.com\/fr\/wp-json\/wp\/v2\/comments?post=315"}],"version-history":[{"count":0,"href":"https:\/\/www.bergtecprotection.com\/fr\/wp-json\/wp\/v2\/pages\/315\/revisions"}],"up":[{"embeddable":true,"href":"https:\/\/www.bergtecprotection.com\/fr\/wp-json\/wp\/v2\/pages\/313"}],"wp:attachment":[{"href":"https:\/\/www.bergtecprotection.com\/fr\/wp-json\/wp\/v2\/media?parent=315"}],"curies":[{"name":"wp","href":"https:\/\/api.w.org\/{rel}","templated":true}]}}