{"id":314,"date":"2019-11-30T22:25:58","date_gmt":"2019-11-30T22:25:58","guid":{"rendered":"https:\/\/www.bergtecprotection.com\/accessoires\/accessoires-et-support-daide-au-montage\/"},"modified":"2025-03-21T11:08:23","modified_gmt":"2025-03-21T11:08:23","slug":"support","status":"publish","type":"page","link":"https:\/\/www.bergtecprotection.com\/fr\/accessoires\/support\/","title":{"rendered":"Chariots de manutention et de stockage pour barrage anti-inondation"},"content":{"rendered":"<div class=\"wpb-content-wrapper\"><p>[vc_row gap=\u00a0\u00bb25&Prime;][vc_column][vc_row_inner gap=\u00a0\u00bb30&Prime;][vc_column_inner width=\u00a0\u00bb1\/2&Prime;][vc_custom_heading text=\u00a0\u00bbDes aides \u00e0 l&rsquo;installation : Des chariots de manutention et de rangement sur-mesure\u00a0\u00bb font_container=\u00a0\u00bbtag:h2|text_align:left|color:%2341b6e6&Prime; use_theme_fonts=\u00a0\u00bbyes\u00a0\u00bb css=\u00a0\u00bb\u00a0\u00bb][vc_column_text css=\u00a0\u00bb.vc_custom_1739367962912{margin-top: 30px !important;}\u00a0\u00bb]<\/p>\n<div style=\"font-size: 18px; color: #555555; text-align: justify;\">\n<p><strong>Probl\u00e9matique :<\/strong> La manipulation, le transport et le stockage correct des nombreux \u00e9l\u00e9ments d&rsquo;un barrage anti-inondation sont essentiels pour pr\u00e9server l&rsquo;int\u00e9grit\u00e9 des \u00e9quipements (planches et joints) et garantir un d\u00e9ploiement rapide \u00e0 l&rsquo;endroit pr\u00e9cis. Les barri\u00e8res anti-inondation et leurs composants sont souvent volumineux, lourds et susceptibles d&rsquo;\u00eatre endommag\u00e9s en cas de mauvaise manipulation, ce qui peut compromettre leurs performances dans les moments critiques.<\/p>\n<p><strong>La solution :<\/strong> Les chariots de manutention et de stockage con\u00e7us sur mesure par Bergtec-MSU rationalisent le transport et le stockage des diff\u00e9rentes pi\u00e8ces, en pr\u00e9servant tous les composants des chocs et dans un ordre pr\u00e9alablement \u00e9tiquet\u00e9 et d\u00e9fini. D&rsquo;une capacit\u00e9 allant jusqu&rsquo;\u00e0 1000 kg, nos chariots sont con\u00e7us pour \u00eatre manipul\u00e9s facilement par une ou deux personnes. Des roulettes directionnelles surdimensionn\u00e9es avec assistance au freinage garantissent un d\u00e9placement s\u00fbr et sans effort, ce qui permet d&rsquo;amener les composants directement sur le site d&rsquo;installation en toute simplicit\u00e9.<\/p>\n<\/div>\n<p>[\/vc_column_text][vc_empty_space height=\u00a0\u00bb30px\u00a0\u00bb][\/vc_column_inner][vc_column_inner width=\u00a0\u00bb1\/2&Prime;][vc_single_image image=\u00a0\u00bb6384&Prime; img_size=\u00a0\u00bbfull\u00a0\u00bb css=\u00a0\u00bb.vc_custom_1731497626315{margin-top: 30px !important;}\u00a0\u00bb][vc_empty_space height=\u00a0\u00bb30px\u00a0\u00bb][\/vc_column_inner][\/vc_row_inner][\/vc_column][\/vc_row][vc_row full_width=\u00a0\u00bbstretch_row\u00a0\u00bb gap=\u00a0\u00bb25&Prime; css=\u00a0\u00bb.vc_custom_1731425935090{background: #f5f5f5 url(https:\/\/www.bergtecprotection.com\/wp-content\/uploads\/2020\/01\/home_pj_bg.jpg?id=182) !important;background-position: center !important;background-repeat: no-repeat !important;background-size: cover !important;}\u00a0\u00bb][vc_column][vc_custom_heading text=\u00a0\u00bbLes principaux avantages des chariots de rangement sur rouletts\u00a0\u00bb font_container=\u00a0\u00bbtag:h2|text_align:left|color:%232c34a4&Prime; use_theme_fonts=\u00a0\u00bbyes\u00a0\u00bb css=\u00a0\u00bb.vc_custom_1739368007336{margin-top: 40px !important;}\u00a0\u00bb][vc_column_text css=\u00a0\u00bb.vc_custom_1739370469372{margin-top: 30px !important;margin-bottom: 40px !important;}\u00a0\u00bb]<\/p>\n<h3>Protection des composants des barri\u00e8res anti-inondation<\/h3>\n<p>Nos chariots prot\u00e8gent les \u00e9quipements, en particulier les joints et les planches-batardeaux, pendant le transport et le stockage. Chaque pi\u00e8ce est maintenue dans de logements ad hoc afin d&rsquo;\u00e9viter les frottements, les d\u00e9formations et les dommages caus\u00e9s lors du stockage et ainsi garantir la rectitudes des profil\u00e9s et l&rsquo;\u00e9tanch\u00e9it\u00e9.<\/p>\n<h3 style=\"text-align: justify;\"><strong>Une mise en place simple et rapide<\/strong><\/h3>\n<p style=\"text-align: justify;\">Avec des pi\u00e8ces \u00e9tiquet\u00e9es qui facilitent l&rsquo;identification, nos chariots simplifient l&rsquo;installation. Chaque composant est marqu\u00e9 sur le chariot avec son emplacement et son num\u00e9ro de s\u00e9rie, ce qui facilite l&rsquo;assemblage rapide et garantit que les barri\u00e8res anti-inondation sont install\u00e9es dans le bon ordre.<\/p>\n<h3 style=\"text-align: justify;\"><strong>Un chargement optimis\u00e9<\/strong><\/h3>\n<p style=\"text-align: justify;\">Con\u00e7us pour contenir environ 20 m\u00e8tres carr\u00e9s ou environ 1000 kg de mat\u00e9riel, nos chariots peuvent \u00eatre empil\u00e9s les uns sur le sautres r\u00e9duisant ainsi le volume de stockage global requis pour les projets de plusieurs dizaines ou centaines de m\u00e8tre lin\u00e9aire.<\/p>\n<h3 style=\"text-align: justify;\"><strong>Des plans d\u00e9taill\u00e9s et de montage\u00a0<\/strong><\/h3>\n<p style=\"text-align: justify;\">Notre prestation comprend la fourniture de plans d&rsquo;atelier et d&rsquo;installation d\u00e9taill\u00e9s, garantissant que chaque syst\u00e8me de barri\u00e8re anti-inondation est install\u00e9 avec pr\u00e9cision. Chaque solution de manutention comprend un dossier d\u00e9taill\u00e9 du fabricant pour une r\u00e9f\u00e9rence fiable.<\/p>\n<p>[\/vc_column_text][\/vc_column][\/vc_row][vc_row gap=\u00a0\u00bb25&Prime;][vc_column][vc_custom_heading text=\u00a0\u00bbDes chariots en action\u00a0\u00bb font_container=\u00a0\u00bbtag:h2|text_align:left|color:%232c34a4&Prime; use_theme_fonts=\u00a0\u00bbyes\u00a0\u00bb css=\u00a0\u00bb.vc_custom_1739370500368{margin-top: 40px !important;}\u00a0\u00bb][vc_column_text css=\u00a0\u00bb.vc_custom_1739368353701{margin-top: 30px !important;}\u00a0\u00bb]Nos chariots de manutention et de stockage sont fabriqu\u00e9s sur mesure en alliages d&rsquo;aluminium pour optimiser le poids total en charge. Ils optimise le rangement et la protection des pi\u00e8ces gr\u00e2ce \u00e0 un syst\u00e8me de calage et en m\u00eame temps c&rsquo;est une solution de manutention, d&rsquo;amen\u00e9 du mat\u00e9riel au lieu du montage du barrage. Vous trouverez ci-dessous des exemples de nos chariots, illustrant la conception robuste, la facilit\u00e9 de transport et l&rsquo;organisation (num\u00e9rotage&#8230;) qui permettent \u00e0 vos ensembles de protection contre les inondations d&rsquo;\u00eatre pr\u00eats \u00e0 \u00eatre utilis\u00e9s imm\u00e9diatement.<\/p>\n<p>D\u00e9couvrez les images pour voir comment les \u00e9quipements de manutention de Bergtec-MSU am\u00e9liorent l&rsquo;installation et prot\u00e8gent chaque composant.[\/vc_column_text][vc_media_grid element_width=\u00a0\u00bb3&Prime; gap=\u00a0\u00bb15&Prime; css=\u00a0\u00bb.vc_custom_1731494809337{margin-top: 30px !important;margin-bottom: 60px !important;}\u00a0\u00bb grid_id=\u00a0\u00bbvc_gid:1742555297554-6c4ce235-bc10-6&Prime; include=\u00a0\u00bb395,394,6132,6384,6272,396&Prime;][\/vc_column][\/vc_row][vc_row full_width=\u00a0\u00bbstretch_row\u00a0\u00bb gap=\u00a0\u00bb25&Prime; css=\u00a0\u00bb.vc_custom_1731446759689{padding-top: 40px !important;background-color: #2c34a4 !important;background-position: center !important;background-repeat: no-repeat !important;background-size: cover !important;}\u00a0\u00bb el_class=\u00a0\u00bbhome_quote\u00a0\u00bb][vc_column][vc_custom_heading text=\u00a0\u00bbMSU-Bergtec et un savoir-faire certain dans la logistique des diff\u00e9rents \u00e9l\u00e9ments de la protection\u00a0\u00bb font_container=\u00a0\u00bbtag:div|font_size:32|text_align:left|color:%23ffffff\u00a0\u00bb use_theme_fonts=\u00a0\u00bbyes\u00a0\u00bb css_animation=\u00a0\u00bbnone\u00a0\u00bb css=\u00a0\u00bb.vc_custom_1739368443356{margin-bottom: 30px !important;}\u00a0\u00bb el_class=\u00a0\u00bbhome_quote_txt\u00a0\u00bb][vc_column_text css_animation=\u00a0\u00bbnone\u00a0\u00bb css=\u00a0\u00bb\u00a0\u00bb]<\/p>\n<p style=\"text-align: justify;\"><span style=\"color: #ffffff;\">Nos chariots de manutention et de stockage, con\u00e7us sur mesure, sont fabriqu\u00e9s avec pr\u00e9cision pour assurer le stockage, le transport et le d\u00e9ploiement optimaux des syst\u00e8mes de protection contre les inondations. Con\u00e7ues pour l&rsquo;efficacit\u00e9 et la s\u00e9curit\u00e9, ces solutions de manutention rationalisent l&rsquo;installation des barri\u00e8res anti-inondation, en maintenant votre \u00e9quipement en parfait \u00e9tat et pr\u00eat \u00e0 \u00eatre d\u00e9ploy\u00e9 rapidement et de mani\u00e8re fiable \u00e0 tout moment.<\/span><\/p>\n<p style=\"text-align: justify;\"><span style=\"color: #ffffff;\">D\u00e9couvrez la gamme compl\u00e8te d&rsquo;\u00e9quipements de protection contre les inondations de Bergtec.<\/span><\/p>\n<p>[\/vc_column_text][vc_btn title=\u00a0\u00bbPlus sur nos \u00e9quipements contre les inondations\u00a0\u00bb shape=\u00a0\u00bbsquare\u00a0\u00bb align=\u00a0\u00bbcenter\u00a0\u00bb css_animation=\u00a0\u00bbnone\u00a0\u00bb css=\u00a0\u00bb.vc_custom_1739368490842{margin-top: 40px !important;margin-bottom: 40px !important;}\u00a0\u00bb link=\u00a0\u00bburl:https%3A%2F%2Fwww.bergtecprotection.com%2Fflood-protection-equipment%2F|title:Flood%20Protection%20Equipment\u00a0\u00bb el_class=\u00a0\u00bbhome_quote_btn\u00a0\u00bb][\/vc_column][\/vc_row]<\/p>\n<\/div>","protected":false},"excerpt":{"rendered":"<p>[vc_row gap=\u00a0\u00bb25&Prime;][vc_column][vc_row_inner gap=\u00a0\u00bb30&Prime;][vc_column_inner width=\u00a0\u00bb1\/2&Prime;][vc_custom_heading text=\u00a0\u00bbDes aides \u00e0 l&rsquo;installation : Des chariots de manutention et de rangement sur-mesure\u00a0\u00bb font_container=\u00a0\u00bbtag:h2|text_align:left|color:%2341b6e6&Prime; use_theme_fonts=\u00a0\u00bbyes\u00a0\u00bb css=\u00a0\u00bb\u00a0\u00bb][vc_column_text [&hellip;]<\/p>\n","protected":false},"author":2,"featured_media":0,"parent":313,"menu_order":1,"comment_status":"closed","ping_status":"closed","template":"","meta":{"footnotes":""},"class_list":["post-314","page","type-page","status-publish","hentry"],"aioseo_notices":[],"_links":{"self":[{"href":"https:\/\/www.bergtecprotection.com\/fr\/wp-json\/wp\/v2\/pages\/314","targetHints":{"allow":["GET"]}}],"collection":[{"href":"https:\/\/www.bergtecprotection.com\/fr\/wp-json\/wp\/v2\/pages"}],"about":[{"href":"https:\/\/www.bergtecprotection.com\/fr\/wp-json\/wp\/v2\/types\/page"}],"author":[{"embeddable":true,"href":"https:\/\/www.bergtecprotection.com\/fr\/wp-json\/wp\/v2\/users\/2"}],"replies":[{"embeddable":true,"href":"https:\/\/www.bergtecprotection.com\/fr\/wp-json\/wp\/v2\/comments?post=314"}],"version-history":[{"count":0,"href":"https:\/\/www.bergtecprotection.com\/fr\/wp-json\/wp\/v2\/pages\/314\/revisions"}],"up":[{"embeddable":true,"href":"https:\/\/www.bergtecprotection.com\/fr\/wp-json\/wp\/v2\/pages\/313"}],"wp:attachment":[{"href":"https:\/\/www.bergtecprotection.com\/fr\/wp-json\/wp\/v2\/media?parent=314"}],"curies":[{"name":"wp","href":"https:\/\/api.w.org\/{rel}","templated":true}]}}