{"id":302,"date":"2019-11-30T22:25:58","date_gmt":"2019-11-30T22:25:58","guid":{"rendered":"https:\/\/www.bergtecprotection.com\/barrage-anti-inondation\/waterproof-chimney\/"},"modified":"2025-03-21T11:03:32","modified_gmt":"2025-03-21T11:03:32","slug":"grille-ventilation-anti-inondation","status":"publish","type":"page","link":"https:\/\/www.bergtecprotection.com\/fr\/grille-ventilation-anti-inondation\/","title":{"rendered":"Grille de ventilation anti-inondation"},"content":{"rendered":"<div class=\"wpb-content-wrapper\"><p>[vc_row gap=\u00a0\u00bb25&Prime;][vc_column][vc_row_inner gap=\u00a0\u00bb30&Prime;][vc_column_inner width=\u00a0\u00bb1\/2&Prime;][vc_custom_heading text=\u00a0\u00bbAdaptation sur-mesure de protection des grilles et bouches de ventilation\u00a0\u00bb font_container=\u00a0\u00bbtag:h2|text_align:center|color:%2341b6e6&Prime; use_theme_fonts=\u00a0\u00bbyes\u00a0\u00bb css=\u00a0\u00bb\u00a0\u00bb][vc_column_text css=\u00a0\u00bb.vc_custom_1737020341176{margin-top: 30px !important;}\u00a0\u00bb]<\/p>\n<div style=\"font-size: 18px; color: #555555; text-align: justify;\">\n<p>MSU-Bergtec propose des \u00e9quipements de protection contre les inondations sur-mesure, con\u00e7us pour prot\u00e9ger les grilles de ventilation et les bouches d&rsquo;a\u00e9ration des zones urbaines. Nos protections \u00e9tanches sont amovibles et sont fabriqu\u00e9s en aluminium afin d&rsquo;offrir une protection fiable sans emp\u00eacher la ventilation des b\u00e2timents. Ces solutions d\u00e9montables sont ais\u00e9es gr\u00e2ce leur poids r\u00e9duit (aluminium) et s&rsquo;int\u00e8grent parfaitement aux b\u00e2timents. Que vous soyez <strong>ing\u00e9nieur, entreprise de construction, ma\u00eetre d&rsquo;oeuvre ou d&rsquo;ouvrage<\/strong>, notre \u00e9quipement de protection contre les inondations pour les bouches d&rsquo;a\u00e9ration offre une protection fiable et pratique.<\/p>\n<\/div>\n<p>[\/vc_column_text][vc_empty_space height=\u00a0\u00bb30px\u00a0\u00bb][\/vc_column_inner][vc_column_inner width=\u00a0\u00bb1\/2&Prime;][vc_single_image image=\u00a0\u00bb400&Prime; img_size=\u00a0\u00bbfull\u00a0\u00bb css=\u00a0\u00bb.vc_custom_1731435043556{margin-top: 15px !important;}\u00a0\u00bb][vc_empty_space height=\u00a0\u00bb30px\u00a0\u00bb][\/vc_column_inner][\/vc_row_inner][\/vc_column][\/vc_row][vc_row full_width=\u00a0\u00bbstretch_row\u00a0\u00bb gap=\u00a0\u00bb25&Prime; css=\u00a0\u00bb.vc_custom_1731425935090{background: #f5f5f5 url(https:\/\/www.bergtecprotection.com\/wp-content\/uploads\/2020\/01\/home_pj_bg.jpg?id=182) !important;background-position: center !important;background-repeat: no-repeat !important;background-size: cover !important;}\u00a0\u00bb][vc_column][vc_custom_heading text=\u00a0\u00bbEn bref: comment r\u00e9soudre la protection de vos bouches d&rsquo;a\u00e9ration\u00a0\u00bb font_container=\u00a0\u00bbtag:h2|text_align:left|color:%232c34a4&Prime; use_theme_fonts=\u00a0\u00bbyes\u00a0\u00bb css=\u00a0\u00bb.vc_custom_1737020410358{margin-top: 40px !important;}\u00a0\u00bb][vc_row_inner gap=\u00a0\u00bb30&Prime;][vc_column_inner width=\u00a0\u00bb1\/3&Prime;][vc_single_image image=\u00a0\u00bb401&Prime; img_size=\u00a0\u00bbfull\u00a0\u00bb css=\u00a0\u00bb.vc_custom_1731434882264{margin-top: 40px !important;}\u00a0\u00bb][vc_empty_space height=\u00a0\u00bb30px\u00a0\u00bb][\/vc_column_inner][vc_column_inner width=\u00a0\u00bb2\/3&Prime;][vc_custom_heading text=\u00a0\u00bbLes probl\u00e8mes\u00a0\u00bb font_container=\u00a0\u00bbtag:h3|text_align:left\u00a0\u00bb use_theme_fonts=\u00a0\u00bbyes\u00a0\u00bb css=\u00a0\u00bb.vc_custom_1737020439948{margin-top: 25px !important;}\u00a0\u00bb][vc_column_text css=\u00a0\u00bb.vc_custom_1737022158737{margin-top: 5px !important;margin-bottom: 24px !important;}\u00a0\u00bb]<\/p>\n<ul style=\"list-style-type: disc;\">\n<li style=\"text-align: justify;\"><strong>Pr\u00e9vention des inondation au travers des syst\u00e8mes de ventilation:<\/strong> Par la pose de protection sur-mesure des a\u00e9rations sans bloquer la circulation de l&rsquo;air.<\/li>\n<li style=\"text-align: justify;\"><strong>Ne pas obstruer les a\u00e9rations: <\/strong>Par la pose d&rsquo;\u00e9l\u00e9ments efficaces, simples \u00e0 poser et d\u00e9montables \u00e0 tout moment .<\/li>\n<li style=\"text-align: justify;\"><strong>Diversit\u00e9 des cas<\/strong>: Une fabrication sur-mesure pour r\u00e9pondre \u00e0 chaque situation.<\/li>\n<\/ul>\n<p>[\/vc_column_text][vc_custom_heading text=\u00a0\u00bbLes solutions\u00a0\u00bb font_container=\u00a0\u00bbtag:h3|text_align:left\u00a0\u00bb use_theme_fonts=\u00a0\u00bbyes\u00a0\u00bb css=\u00a0\u00bb\u00a0\u00bb][vc_column_text css=\u00a0\u00bb.vc_custom_1737022556620{margin-top: 5px !important;margin-bottom: 24px !important;}\u00a0\u00bb]<\/p>\n<ul style=\"list-style-type: disc;\">\n<li style=\"text-align: justify;\"><strong>Des \u00e9quipements \u00e9tanches<\/strong>: Caisson ou panneaux de protection pouvant \u00eatre mis rapidement en place<\/li>\n<li style=\"text-align: justify;\"><strong>Conception sur-mesure<\/strong>: Choix des mat\u00e9riaux et dimensions adapt\u00e9s \u00e0 chaque ouvertures.<\/li>\n<li style=\"text-align: justify;\"><strong>Une r\u00e9sistance garantie<\/strong>: Con\u00e7u par nos ing\u00e9nieurs les protections peuvent retenir des hauteurs d&rsquo;eau variables.<\/li>\n<li style=\"text-align: justify;\"><strong>Int\u00e9gration au b\u00e2timent<\/strong>: En collaboration avec le client, notre \u00e9quipe prend soin d&rsquo;int\u00e9grer la protection dans l&rsquo;architecture du b\u00e2timent par exemple en peignant des pi\u00e8ces (couleurs RAL).<\/li>\n<\/ul>\n<p>[\/vc_column_text][vc_custom_heading text=\u00a0\u00bbPour qui ?\u00a0\u00bb font_container=\u00a0\u00bbtag:h3|text_align:left\u00a0\u00bb use_theme_fonts=\u00a0\u00bbyes\u00a0\u00bb css=\u00a0\u00bb\u00a0\u00bb][vc_column_text css=\u00a0\u00bb.vc_custom_1737022655086{margin-top: 5px !important;}\u00a0\u00bb]<\/p>\n<ul style=\"list-style-type: disc;\">\n<li style=\"text-align: justify;\"><strong>Ing\u00e9nieurs, entreprise de travaux publiques, ma\u00eetres d&rsquo;ouvrage ou d&rsquo;oeuvre de sites industriels, commerciaux, ou r\u00e9sidentiels<\/strong><\/li>\n<\/ul>\n<p>[\/vc_column_text][vc_empty_space height=\u00a0\u00bb30px\u00a0\u00bb][\/vc_column_inner][\/vc_row_inner][\/vc_column][\/vc_row][vc_row gap=\u00a0\u00bb25&Prime;][vc_column][vc_custom_heading text=\u00a0\u00bbAspect principaux et avantages de nos protections de bouches d&rsquo;a\u00e9ration\u00a0\u00bb font_container=\u00a0\u00bbtag:h2|text_align:left|color:%232c34a4&Prime; use_theme_fonts=\u00a0\u00bbyes\u00a0\u00bb css=\u00a0\u00bb.vc_custom_1737022714330{margin-top: 40px !important;}\u00a0\u00bb][vc_column_text css=\u00a0\u00bb.vc_custom_1737023404438{margin-top: 25px !important;margin-bottom: 40px !important;}\u00a0\u00bb]<\/p>\n<h3 style=\"text-align: justify;\">Une conception enti\u00e8rement d\u00e9montable<\/h3>\n<p style=\"text-align: justify;\">Installation simple et rapide gr\u00e2ce aux alliages d&rsquo;aluminium pour la continuation sans interruption de l&rsquo;a\u00e9ration de b\u00e2timents.<\/p>\n<h3 style=\"text-align: justify;\">Construction robuste<\/h3>\n<p style=\"text-align: justify;\">Construction selon les normes en cours avec des profil\u00e9s sp\u00e9cialement s\u00e9lectionn\u00e9s pour leur haute valeur m\u00e9canique, une efficacit\u00e9 garantie par notre longue exp\u00e9rience.<\/p>\n<h3 style=\"text-align: justify;\">Adaptation \u00e0 chaque cas<\/h3>\n<p style=\"text-align: justify;\">Nous somme capables de nous adapter \u00e0 chaque sp\u00e9cification technique gr\u00e2ce \u00e0 notre bureau d&rsquo;\u00e9tudes interne afin de vous garantir une efficacit\u00e9, int\u00e9gration dans l&rsquo;architecture du b\u00e2timent avec une \u00e9tanch\u00e9it\u00e9 maximale.<\/p>\n<p>[\/vc_column_text][\/vc_column][\/vc_row][vc_row full_width=\u00a0\u00bbstretch_row\u00a0\u00bb gap=\u00a0\u00bb25&Prime; css=\u00a0\u00bb.vc_custom_1718098214740{background-color: #f5f5f5 !important;}\u00a0\u00bb][vc_column][vc_custom_heading text=\u00a0\u00bbDes performances garanties.\u00a0\u00bb font_container=\u00a0\u00bbtag:h2|text_align:left|color:%232c34a4&Prime; use_theme_fonts=\u00a0\u00bbyes\u00a0\u00bb css=\u00a0\u00bb.vc_custom_1737023446335{margin-top: 40px !important;margin-bottom: 15px !important;}\u00a0\u00bb][vc_column_text css=\u00a0\u00bb.vc_custom_1737025202314{margin-top: 5px !important;margin-bottom: 24px !important;}\u00a0\u00bb]<\/p>\n<p style=\"text-align: justify;\">Nous avons r\u00e9alis\u00e9 de nombreux projets aupr\u00e8s d&rsquo;acteurs majeurs comme par exemple les Chaufferies de Paris (CPCU) qui ne peuvent se permettre d&rsquo;arr\u00eater leur activit\u00e9 m\u00eame en cas d&rsquo;inondation de la Seine.<\/p>\n<p>[\/vc_column_text][vc_media_grid element_width=\u00a0\u00bb3&Prime; gap=\u00a0\u00bb15&Prime; css=\u00a0\u00bb.vc_custom_1731435172166{margin-top: 25px !important;margin-bottom: 40px !important;}\u00a0\u00bb grid_id=\u00a0\u00bbvc_gid:1742554960566-1bf7d984-afa0-6&Prime; include=\u00a0\u00bb400,401,399&Prime;][vc_empty_space height=\u00a0\u00bb40px\u00a0\u00bb][\/vc_column][\/vc_row][vc_row gap=\u00a0\u00bb25&Prime;][vc_column][vc_custom_heading text=\u00a0\u00bbDes protections \u00e9tanches d\u00e9montables pour grille d&rsquo;a\u00e9ration\u00a0\u00bb font_container=\u00a0\u00bbtag:h2|text_align:left|color:%232c34a4&Prime; use_theme_fonts=\u00a0\u00bbyes\u00a0\u00bb css=\u00a0\u00bb.vc_custom_1737031336865{margin-top: 40px !important;}\u00a0\u00bb][vc_custom_heading text=\u00a0\u00bbNous ma\u00eetrisons tout le processus de fabrication\u00a0\u00bb font_container=\u00a0\u00bbtag:h3|text_align:left|color:%2341b6e6&Prime; use_theme_fonts=\u00a0\u00bbyes\u00a0\u00bb css=\u00a0\u00bb\u00a0\u00bb][vc_tta_tabs style=\u00a0\u00bbmodern\u00a0\u00bb shape=\u00a0\u00bbsquare\u00a0\u00bb spacing=\u00a0\u00bb2&Prime; active_section=\u00a0\u00bb1&Prime; css=\u00a0\u00bb.vc_custom_1718270190099{margin-top: 34px !important;}\u00a0\u00bb][vc_tta_section i_icon_fontawesome=\u00a0\u00bbfas fa-medal\u00a0\u00bb add_icon=\u00a0\u00bbtrue\u00a0\u00bb title=\u00a0\u00bbGarantie &amp; Expertise\u00a0\u00bb tab_id=\u00a0\u00bbguarantee\u00a0\u00bb][vc_row_inner][vc_column_inner width=\u00a0\u00bb1\/2&Prime;][vc_custom_heading text=\u00a0\u00bbNotre garantie: Protection longue dur\u00e9e et \u00e9conomique\u00a0\u00bb font_container=\u00a0\u00bbtag:h4|text_align:left\u00a0\u00bb use_theme_fonts=\u00a0\u00bbyes\u00a0\u00bb css=\u00a0\u00bb.vc_custom_1737038313876{margin-top: 30px !important;margin-left: 25px !important;}\u00a0\u00bb][vc_column_text css=\u00a0\u00bb.vc_custom_1718270081451{margin-top: 30px !important;margin-bottom: 30px !important;margin-left: 30px !important;}\u00a0\u00bb]<\/p>\n<ul style=\"list-style-type: disc;\">\n<li><strong>Very low leak rate<\/strong>: &lt; 3 liters\/hour\/sqm.<\/li>\n<li><strong>Quick and easy installation<\/strong>: 5 minutes\/sqm.<\/li>\n<li>Entirely <strong>removable\/movable<\/strong> system.<\/li>\n<li>Alloys with<strong> high mechanical resistance<\/strong>.<\/li>\n<li>Suitable for <strong>warm or freezing regions<\/strong> (tested below -60\u00b0C).<\/li>\n<li><strong>Maintenance-free<\/strong>.<\/li>\n<li><strong>No corrosion<\/strong> from contact with river water, seawater, or other types of water (e.g., wastewater).<\/li>\n<li>Flood protection <strong>guaranteed for a minimum of 20 years<\/strong>.<\/li>\n<\/ul>\n<p>[\/vc_column_text][\/vc_column_inner][vc_column_inner width=\u00a0\u00bb1\/2&Prime;][vc_custom_heading text=\u00a0\u00bbUn savoir-faire exceptionnel dans le domaine des protections anti-inondation\u00a0\u00bb font_container=\u00a0\u00bbtag:h4|text_align:left\u00a0\u00bb use_theme_fonts=\u00a0\u00bbyes\u00a0\u00bb css=\u00a0\u00bb.vc_custom_1737038374303{margin-top: 30px !important;margin-left: 25px !important;}\u00a0\u00bb][vc_column_text css=\u00a0\u00bb.vc_custom_1737038636727{margin-top: 30px !important;margin-bottom: 30px !important;margin-left: 30px !important;}\u00a0\u00bb]<\/p>\n<p style=\"text-align: justify;\">Depuis plus de 50 ann\u00e9es nous sommes actives dans la r\u00e9alisation d&rsquo;\u00e9quipements de haute qualit\u00e9. Nos solutions sur-mesure de protection de grilles d&rsquo;a\u00e9ration offrent une protection r\u00e9elle, efficace et fonctionnelle par la d\u00e9montabilit\u00e9 de l&rsquo;ensemble. Vous pouvez nous faire confiance car nos mots d&rsquo;ordre sont qualit\u00e9 et service.<\/p>\n<p>[\/vc_column_text][\/vc_column_inner][\/vc_row_inner][\/vc_tta_section][vc_tta_section i_icon_fontawesome=\u00a0\u00bbfas fa-tasks\u00a0\u00bb add_icon=\u00a0\u00bbtrue\u00a0\u00bb title=\u00a0\u00bbSpecifications techniques\u00a0\u00bb tab_id=\u00a0\u00bbtechnical-specifications\u00a0\u00bb][vc_custom_heading text=\u00a0\u00bbTechnical Specifications: Precision Design and Customisation for Flood Protection Air Vents\u00a0\u00bb font_container=\u00a0\u00bbtag:h4|text_align:left\u00a0\u00bb use_theme_fonts=\u00a0\u00bbyes\u00a0\u00bb css=\u00a0\u00bb.vc_custom_1731435438727{margin-top: 30px !important;margin-left: 25px !important;}\u00a0\u00bb][vc_column_text css=\u00a0\u00bb.vc_custom_1731435479233{margin-top: 30px !important;margin-bottom: 30px !important;margin-left: 30px !important;}\u00a0\u00bb]<\/p>\n<ul style=\"list-style-type: disc;\">\n<li style=\"text-align: justify;\"><strong>Material Selection for Strength and Durability: <\/strong>Our air vent protection equipment is manufactured from <strong>aluminium<\/strong> or <strong>steel<\/strong>, selected for its strength and ability to endure environmental challenges. This ensures robust, long-lasting flood protection in demanding settings.<\/li>\n<li style=\"text-align: justify;\"><strong>Customised to Meet Local Requirements: <\/strong>Each flood protection air vent solution is tailored to specific site dimensions, water pressure requirements, and design criteria, ensuring a secure fit and reliable performance in challenging flood conditions.<\/li>\n<li style=\"text-align: justify;\"><strong>Compliance and Quality Assurance: <\/strong>Our products are manufactured with strict adherence to industry standards, with quality control and welding tests performed in-house. This ensures each component meets the high standards required for urban flood protection.<\/li>\n<\/ul>\n<p>[\/vc_column_text][\/vc_tta_section][vc_tta_section i_icon_fontawesome=\u00a0\u00bbfas fa-wrench\u00a0\u00bb add_icon=\u00a0\u00bbtrue\u00a0\u00bb title=\u00a0\u00bbInstallation\u00a0\u00bb tab_id=\u00a0\u00bbinstallation\u00a0\u00bb][vc_custom_heading text=\u00a0\u00bbInstallation: Efficient and Streamlined Process for Flood Protection Air Vents\u00a0\u00bb font_container=\u00a0\u00bbtag:h4|text_align:left\u00a0\u00bb use_theme_fonts=\u00a0\u00bbyes\u00a0\u00bb css=\u00a0\u00bb.vc_custom_1731435541532{margin-top: 30px !important;margin-left: 25px !important;}\u00a0\u00bb][vc_column_text css=\u00a0\u00bb.vc_custom_1731435565153{margin-top: 30px !important;margin-bottom: 30px !important;margin-left: 30px !important;}\u00a0\u00bb]<\/p>\n<ul style=\"list-style-type: disc;\">\n<li style=\"text-align: justify;\"><strong>Simple Installation and Removability: <\/strong>Our demountable air vent protection is designed for quick setup and removal, providing easy handling for maintenance staff. Stainless steel screws and bushings allow secure floor or wall mounting without the need for permanent fixtures.<\/li>\n<li style=\"text-align: justify;\"><strong>Adaptable Installation Options: <\/strong>The air vent covers can be installed on both new and existing structures, ensuring flexibility for various site requirements. This adaptability ensures effective flood protection while maintaining access for ventilation purposes.<\/li>\n<\/ul>\n<p>[\/vc_column_text][\/vc_tta_section][vc_tta_section i_icon_fontawesome=\u00a0\u00bbfas fa-drafting-compass\u00a0\u00bb add_icon=\u00a0\u00bbtrue\u00a0\u00bb title=\u00a0\u00bbR\u00e9sistance m\u00e9canique\u00a0\u00bb tab_id=\u00a0\u00bbmechanical-resistance\u00a0\u00bb][vc_custom_heading text=\u00a0\u00bbMechanical Resistance: Engineered for Robust Performance\u00a0\u00bb font_container=\u00a0\u00bbtag:h4|text_align:left\u00a0\u00bb use_theme_fonts=\u00a0\u00bbyes\u00a0\u00bb css=\u00a0\u00bb.vc_custom_1731435584795{margin-top: 30px !important;margin-left: 25px !important;}\u00a0\u00bb][vc_column_text css=\u00a0\u00bb.vc_custom_1731435596721{margin-top: 30px !important;margin-bottom: 30px !important;margin-left: 30px !important;}\u00a0\u00bb]<\/p>\n<p style=\"text-align: justify;\">Our <strong>air vent flood protection equipment<\/strong> is engineered to handle high water pressure and challenging environmental conditions. Manufactured to industry standards, each product includes a built-in safety coefficient to ensure reliable performance. <strong>TIG\/MIG welding<\/strong> and <strong>stainless steel fasteners<\/strong> contribute to the durability and structural integrity of each piece.<\/p>\n<p>[\/vc_column_text][\/vc_tta_section][vc_tta_section i_icon_fontawesome=\u00a0\u00bbfas fa-joint\u00a0\u00bb add_icon=\u00a0\u00bbtrue\u00a0\u00bb title=\u00a0\u00bbJoints d&rsquo;\u00e9tanch\u00e9it\u00e9\u00a0\u00bb tab_id=\u00a0\u00bbsealing-joints\u00a0\u00bb][vc_custom_heading text=\u00a0\u00bbJoints d&rsquo;\u00e9tanch\u00e9it\u00e9: Joints de qualit\u00e9 sup\u00e9rieure EPDM\u00a0\u00bb font_container=\u00a0\u00bbtag:h4|text_align:left\u00a0\u00bb use_theme_fonts=\u00a0\u00bbyes\u00a0\u00bb css=\u00a0\u00bb.vc_custom_1737032343145{margin-top: 30px !important;margin-left: 25px !important;}\u00a0\u00bb][vc_column_text css=\u00a0\u00bb.vc_custom_1737032532318{margin-top: 30px !important;margin-bottom: 30px !important;margin-left: 30px !important;}\u00a0\u00bb]<strong>Joint EPDM de haute qualit\u00e9 :<\/strong> Notre \u00e9quipement est \u00e9quip\u00e9 de joints d&rsquo;\u00e9tanch\u00e9it\u00e9 en EPDM extrud\u00e9 qui assurent une protection fiable et \u00e9tanche. Ces joints sont r\u00e9sistants :<\/p>\n<ul>\n<li>aux manipulations et utilisations fr\u00e9quentes, en conservant leur int\u00e9grit\u00e9 au fil du temps.<br \/>\n\u00e0 la corrosion due \u00e0 l&rsquo;exposition \u00e0 l&rsquo;eau, ce qui garantit leur durabilit\u00e9 dans les environnements difficiles<\/li>\n<li>aux dommages caus\u00e9s par les UV, ce qui pr\u00e9serve leurs propri\u00e9t\u00e9s d&rsquo;\u00e9tanch\u00e9it\u00e9 et leur efficacit\u00e9 au fil des ans.<\/li>\n<\/ul>\n<p>Ces joints sont con\u00e7us pour assurer une protection durable.[\/vc_column_text][\/vc_tta_section][\/vc_tta_tabs][vc_empty_space height=\u00a0\u00bb40px\u00a0\u00bb][\/vc_column][\/vc_row][vc_row full_width=\u00a0\u00bbstretch_row\u00a0\u00bb gap=\u00a0\u00bb25&Prime; css=\u00a0\u00bb.vc_custom_1718023216909{padding-top: 30px !important;padding-bottom: 30px !important;background-color: #2c34a4 !important;background-position: center !important;background-repeat: no-repeat !important;background-size: cover !important;}\u00a0\u00bb el_class=\u00a0\u00bbhome_quote\u00a0\u00bb][vc_column width=\u00a0\u00bb3\/4&Prime;][vc_custom_heading text=\u00a0\u00bbNous contacter\u00a0\u00bb font_container=\u00a0\u00bbtag:div|font_size:32|text_align:left|color:%23ffffff\u00a0\u00bb use_theme_fonts=\u00a0\u00bbyes\u00a0\u00bb css_animation=\u00a0\u00bbzoomIn\u00a0\u00bb css=\u00a0\u00bb\u00a0\u00bb el_class=\u00a0\u00bbhome_quote_txt\u00a0\u00bb][vc_column_text css_animation=\u00a0\u00bbzoomIn\u00a0\u00bb css=\u00a0\u00bb\u00a0\u00bb]<span style=\"color: #ffffff;\">Pour plus d&rsquo;informations ou pour demander un devis, contactez notre \u00e9quipe d\u00e8s aujourd&rsquo;hui. Faites \u00e9quipe avec Bergtec pour prot\u00e9ger votre projet gr\u00e2ce \u00e0 nos solutions expertes en mati\u00e8re d&rsquo;\u00e9quipement de protection contre les inondations.<\/span>[\/vc_column_text][\/vc_column][vc_column width=\u00a0\u00bb1\/4&Prime;][vc_empty_space][vc_btn title=\u00a0\u00bbNOUS CONTACTER\u00a0\u00bb shape=\u00a0\u00bbsquare\u00a0\u00bb align=\u00a0\u00bbleft\u00a0\u00bb i_align=\u00a0\u00bbright\u00a0\u00bb i_icon_fontawesome=\u00a0\u00bbfas fa-arrow-right\u00a0\u00bb css_animation=\u00a0\u00bbslideInRight\u00a0\u00bb css=\u00a0\u00bb\u00a0\u00bb button_block=\u00a0\u00bbtrue\u00a0\u00bb add_icon=\u00a0\u00bbtrue\u00a0\u00bb link=\u00a0\u00bburl:https%3A%2F%2Fwww.bergtecprotection.com%2Ffr%2Fcontact%2F\u00a0\u00bb el_class=\u00a0\u00bbhome_quote_btn\u00a0\u00bb][\/vc_column][\/vc_row]<\/p>\n<\/div>","protected":false},"excerpt":{"rendered":"<p>[vc_row gap=\u00a0\u00bb25&Prime;][vc_column][vc_row_inner gap=\u00a0\u00bb30&Prime;][vc_column_inner width=\u00a0\u00bb1\/2&Prime;][vc_custom_heading text=\u00a0\u00bbAdaptation sur-mesure de protection des grilles et bouches de ventilation\u00a0\u00bb font_container=\u00a0\u00bbtag:h2|text_align:center|color:%2341b6e6&Prime; use_theme_fonts=\u00a0\u00bbyes\u00a0\u00bb css=\u00a0\u00bb\u00a0\u00bb][vc_column_text css=\u00a0\u00bb.vc_custom_1737020341176{margin-top: 30px !important;}\u00a0\u00bb] [&hellip;]<\/p>\n","protected":false},"author":2,"featured_media":0,"parent":0,"menu_order":7,"comment_status":"closed","ping_status":"closed","template":"","meta":{"footnotes":""},"class_list":["post-302","page","type-page","status-publish","hentry"],"aioseo_notices":[],"_links":{"self":[{"href":"https:\/\/www.bergtecprotection.com\/fr\/wp-json\/wp\/v2\/pages\/302","targetHints":{"allow":["GET"]}}],"collection":[{"href":"https:\/\/www.bergtecprotection.com\/fr\/wp-json\/wp\/v2\/pages"}],"about":[{"href":"https:\/\/www.bergtecprotection.com\/fr\/wp-json\/wp\/v2\/types\/page"}],"author":[{"embeddable":true,"href":"https:\/\/www.bergtecprotection.com\/fr\/wp-json\/wp\/v2\/users\/2"}],"replies":[{"embeddable":true,"href":"https:\/\/www.bergtecprotection.com\/fr\/wp-json\/wp\/v2\/comments?post=302"}],"version-history":[{"count":0,"href":"https:\/\/www.bergtecprotection.com\/fr\/wp-json\/wp\/v2\/pages\/302\/revisions"}],"wp:attachment":[{"href":"https:\/\/www.bergtecprotection.com\/fr\/wp-json\/wp\/v2\/media?parent=302"}],"curies":[{"name":"wp","href":"https:\/\/api.w.org\/{rel}","templated":true}]}}