{"id":290,"date":"2019-11-30T22:25:58","date_gmt":"2019-11-30T22:25:58","guid":{"rendered":"https:\/\/www.bergtecprotection.com\/barrage-anti-inondation\/waterproof-cover\/"},"modified":"2025-03-21T11:02:04","modified_gmt":"2025-03-21T11:02:04","slug":"trappes","status":"publish","type":"page","link":"https:\/\/www.bergtecprotection.com\/fr\/trappes\/","title":{"rendered":"Trappe \u00e9tanche"},"content":{"rendered":"<div class=\"wpb-content-wrapper\"><p>[vc_row gap=\u00a0\u00bb25&Prime;][vc_column][vc_row_inner gap=\u00a0\u00bb30&Prime;][vc_column_inner width=\u00a0\u00bb1\/2&Prime;][vc_custom_heading text=\u00a0\u00bbCapot et trappe \u00e9tanche anti-inondation\u00a0\u00bb font_container=\u00a0\u00bbtag:h2|text_align:center|color:%2341b6e6&Prime; use_theme_fonts=\u00a0\u00bbyes\u00a0\u00bb css=\u00a0\u00bb\u00a0\u00bb][vc_column_text css=\u00a0\u00bb.vc_custom_1734687549080{margin-top: 30px !important;}\u00a0\u00bb]<\/p>\n<div style=\"font-size: 18px; color: #555555; text-align: justify;\">\n<p>MSU-Bergtec propose des couvertures anti-inondation personnalisables con\u00e7ues pour assurer une protection des regards, des sous-sols et d&rsquo;autres espaces vuln\u00e9rables. Ces couvertures sont con\u00e7ues pour prot\u00e9ger les points d&rsquo;acc\u00e8s contre les inondations, facilitant la manipulation par le personnel d&rsquo;entretien tout en r\u00e9sistant \u00e0 des charges lourdes. Fabriqu\u00e9es \u00e0 partir de mat\u00e9riaux de haute qualit\u00e9 tels que l&rsquo;acier ou l&rsquo;aluminium, nos couvertures sont adapt\u00e9es \u00e0 vos sp\u00e9cifications, garantissant une protection robuste et s\u00fbre contre les inondations. Que vous soyez ing\u00e9nieur, entreprise de construction, urbaniste ou propri\u00e9taire, nos couvertures de protection contre les inondations vous offrent la qualit\u00e9 et la r\u00e9silience dont vous avez besoin.<\/p>\n<\/div>\n<p>[\/vc_column_text][vc_empty_space height=\u00a0\u00bb30px\u00a0\u00bb][\/vc_column_inner][vc_column_inner width=\u00a0\u00bb1\/2&Prime;][vc_single_image image=\u00a0\u00bb295&Prime; img_size=\u00a0\u00bbfull\u00a0\u00bb css=\u00a0\u00bb.vc_custom_1731432977905{margin-top: 15px !important;}\u00a0\u00bb][vc_empty_space height=\u00a0\u00bb30px\u00a0\u00bb][\/vc_column_inner][\/vc_row_inner][\/vc_column][\/vc_row][vc_row full_width=\u00a0\u00bbstretch_row\u00a0\u00bb gap=\u00a0\u00bb25&Prime; css=\u00a0\u00bb.vc_custom_1731425935090{background: #f5f5f5 url(https:\/\/www.bergtecprotection.com\/wp-content\/uploads\/2020\/01\/home_pj_bg.jpg?id=182) !important;background-position: center !important;background-repeat: no-repeat !important;background-size: cover !important;}\u00a0\u00bb][vc_column][vc_custom_heading text=\u00a0\u00bbAper\u00e7u: Des solutions de protection par nos trappes \u00e9tanches\u00a0\u00bb font_container=\u00a0\u00bbtag:h2|text_align:left|color:%232c34a4&Prime; use_theme_fonts=\u00a0\u00bbyes\u00a0\u00bb css=\u00a0\u00bb.vc_custom_1734687606052{margin-top: 40px !important;}\u00a0\u00bb][vc_row_inner gap=\u00a0\u00bb30&Prime;][vc_column_inner width=\u00a0\u00bb1\/3&Prime;][vc_single_image image=\u00a0\u00bb297&Prime; img_size=\u00a0\u00bbfull\u00a0\u00bb css=\u00a0\u00bb.vc_custom_1731433036237{margin-top: 40px !important;}\u00a0\u00bb][vc_empty_space height=\u00a0\u00bb30px\u00a0\u00bb][\/vc_column_inner][vc_column_inner width=\u00a0\u00bb2\/3&Prime;][vc_custom_heading text=\u00a0\u00bbLe cahier des charges\u00a0\u00bb font_container=\u00a0\u00bbtag:h3|text_align:left\u00a0\u00bb use_theme_fonts=\u00a0\u00bbyes\u00a0\u00bb css=\u00a0\u00bb.vc_custom_1734687636193{margin-top: 25px !important;}\u00a0\u00bb][vc_column_text css=\u00a0\u00bb.vc_custom_1734687786520{margin-top: 5px !important;margin-bottom: 24px !important;}\u00a0\u00bb]<\/p>\n<ul style=\"list-style-type: disc;\">\n<li><strong>Protection contre les inondations des regards et chambres souterraines :<\/strong> Con\u00e7ue pour emp\u00eacher les infiltrations d&rsquo;eau dans les sous-sols et autres points d&rsquo;acc\u00e8s vuln\u00e9rables.<\/li>\n<li><strong>Durabilit\u00e9 \u00e0 toute \u00e9preuve :<\/strong> Con\u00e7us pour r\u00e9sister \u00e0 des colonnes d&rsquo;eau qui peuvent \u00eatre importantes, ils garantissent des performances durables.<\/li>\n<li><strong>Personnalisation pour r\u00e9pondre \u00e0 des besoins sp\u00e9cifiques :<\/strong> Couvertures sur mesure adapt\u00e9es aux dimensions uniques et aux exigences de charge de chaque site.<\/li>\n<\/ul>\n<p>[\/vc_column_text][vc_custom_heading text=\u00a0\u00bbLes solutions propos\u00e9es\u00a0\u00bb font_container=\u00a0\u00bbtag:h3|text_align:left\u00a0\u00bb use_theme_fonts=\u00a0\u00bbyes\u00a0\u00bb css=\u00a0\u00bb\u00a0\u00bb][vc_column_text css=\u00a0\u00bb.vc_custom_1734687911576{margin-top: 5px !important;margin-bottom: 24px !important;}\u00a0\u00bb]<\/p>\n<ul style=\"list-style-type: disc;\">\n<li style=\"text-align: justify;\"><strong>Couvertures \u00e9tanches tr\u00e8s r\u00e9sistantes :<\/strong> Con\u00e7ues pour supporter diff\u00e9rentes classes de charge, elles garantissent une protection fiable des points d&rsquo;acc\u00e8s fr\u00e9quemment utilis\u00e9s.<\/li>\n<li style=\"text-align: justify;\"><strong>Dimensionnement sur mesure :<\/strong> Adapt\u00e9s aux dimensions et aux besoins sp\u00e9cifiques de votre projet, ils garantissent un ajustement pr\u00e9cis et des performances fiables.<\/li>\n<li style=\"text-align: justify;\"><strong>Conformit\u00e9 aux normes industrielles<\/strong> : Fabriqu\u00e9s selon des normes strictes de contr\u00f4le de la qualit\u00e9 et de soudage, ils sont conformes aux r\u00e9glementations industrielles en mati\u00e8re de durabilit\u00e9 et de s\u00e9curit\u00e9.<\/li>\n<\/ul>\n<p>[\/vc_column_text][vc_custom_heading text=\u00a0\u00bbA qui est-ce adress\u00e9 ?\u00a0\u00bb font_container=\u00a0\u00bbtag:h3|text_align:left\u00a0\u00bb use_theme_fonts=\u00a0\u00bbyes\u00a0\u00bb css=\u00a0\u00bb\u00a0\u00bb][vc_column_text css=\u00a0\u00bb.vc_custom_1734688002843{margin-top: 5px !important;}\u00a0\u00bb]<\/p>\n<ul style=\"list-style-type: disc;\">\n<li>Ing\u00e9nieurs, entreprises de construction, autorit\u00e9s publiques (conseils municipaux et r\u00e9gionaux), propri\u00e9taires de biens immobiliers (y compris industriels, commerciaux, sites d&rsquo;affaires et particuliers).<\/li>\n<\/ul>\n<p>[\/vc_column_text][vc_empty_space height=\u00a0\u00bb30px\u00a0\u00bb][\/vc_column_inner][\/vc_row_inner][\/vc_column][\/vc_row][vc_row gap=\u00a0\u00bb25&Prime;][vc_column][vc_custom_heading text=\u00a0\u00bbCaract\u00e9ristiques principales et avantages\u00a0\u00bb font_container=\u00a0\u00bbtag:h2|text_align:left|color:%232c34a4&Prime; use_theme_fonts=\u00a0\u00bbyes\u00a0\u00bb css=\u00a0\u00bb.vc_custom_1734688228090{margin-top: 40px !important;}\u00a0\u00bb][vc_column_text css=\u00a0\u00bb.vc_custom_1734688682271{margin-top: 25px !important;margin-bottom: 40px !important;}\u00a0\u00bb]<strong>Conception robuste pour une utilisation durable<\/strong><\/p>\n<p>Nos couvertures de protection contre les inondations sont con\u00e7ues pour r\u00e9sister \u00e0 de lourdes charges dans le cadre d&rsquo;une utilisation fr\u00e9quente. Fabriqu\u00e9es en acier ou en aluminium \u00e0 haute r\u00e9sistance, elles offrent une protection fiable tout en conservant leur int\u00e9grit\u00e9 structurelle au fil du temps.<\/p>\n<p><strong>Couvertures sur mesure et personnalisables<\/strong><\/p>\n<p>Chaque couverture anti-inondation est adapt\u00e9e aux exigences sp\u00e9cifiques de votre projet, permettant ainsi une adaptation parfaite aux dimensions et besoins propres. Cette personnalisation garantit une protection s\u00fbre et efficace contre les inondations dans divers environnements.<\/p>\n<p><strong>Installation et d\u00e9montage ais\u00e9s<\/strong><\/p>\n<p>Nos couvertures sont con\u00e7ues pour \u00eatre rapidement install\u00e9es et retir\u00e9es, par la seule force humaines ce qui facilite la t\u00e2che des \u00e9quipes de maintenance.<\/p>\n<p><strong>Taux de fuite r\u00e9duit\u00a0<\/strong><\/p>\n<p>Gamme et mat\u00e9riaux sp\u00e9cialement con\u00e7us \u00a0permettent d&rsquo;obtenir des couvertures de protection contre les inondations fiable et efficace, prot\u00e9geant votre propri\u00e9t\u00e9 contre l&rsquo;infiltration des eaux de crue.<\/p>\n<p><strong>Qualit\u00e9, conformit\u00e9 et s\u00e9curit\u00e9<\/strong><\/p>\n<p>Fabriqu\u00e9es conform\u00e9ment aux normes industrielles en vigueur, nos couvertures anti-inondation font l&rsquo;objet d&rsquo;un contr\u00f4le de qualit\u00e9 strict, y compris des tests de soudure si n\u00e9cessaire, ce qui garantit leur fiabilit\u00e9 et leur s\u00e9curit\u00e9 dans des conditions difficiles.[\/vc_column_text][\/vc_column][\/vc_row][vc_row full_width=\u00a0\u00bbstretch_row\u00a0\u00bb gap=\u00a0\u00bb25&Prime; css=\u00a0\u00bb.vc_custom_1718098214740{background-color: #f5f5f5 !important;}\u00a0\u00bb][vc_column][vc_custom_heading text=\u00a0\u00bbDes performances garanties: Nos trappes en action\u00a0\u00bb font_container=\u00a0\u00bbtag:h2|text_align:left|color:%232c34a4&Prime; use_theme_fonts=\u00a0\u00bbyes\u00a0\u00bb css=\u00a0\u00bb.vc_custom_1734688732306{margin-top: 40px !important;margin-bottom: 15px !important;}\u00a0\u00bb][vc_column_text css=\u00a0\u00bb.vc_custom_1734688786117{margin-top: 5px !important;margin-bottom: 24px !important;}\u00a0\u00bb]<\/p>\n<p style=\"text-align: justify;\">Nos couvertures \u00e9tanches ont prouv\u00e9 leur efficacit\u00e9 dans divers contextes, en prot\u00e9geant les installations souterraines, les sous-sols contre les infiltrations d&rsquo;eau et en garantissant un acc\u00e8s facile pour les \u00e9quipes charg\u00e9es de la maintenance.<\/p>\n<p>[\/vc_column_text][vc_media_grid element_width=\u00a0\u00bb3&Prime; gap=\u00a0\u00bb15&Prime; css=\u00a0\u00bb.vc_custom_1731433487597{margin-top: 25px !important;margin-bottom: 40px !important;}\u00a0\u00bb grid_id=\u00a0\u00bbvc_gid:1742554588319-327b1745-fd6e-9&Prime; include=\u00a0\u00bb294,293,296,297,295&Prime;][vc_empty_space height=\u00a0\u00bb40px\u00a0\u00bb][\/vc_column][\/vc_row][vc_row gap=\u00a0\u00bb25&Prime;][vc_column][vc_custom_heading text=\u00a0\u00bbDes trappes performantes\u00a0\u00bb font_container=\u00a0\u00bbtag:h2|text_align:left|color:%232c34a4&Prime; use_theme_fonts=\u00a0\u00bbyes\u00a0\u00bb css=\u00a0\u00bb.vc_custom_1734688818356{margin-top: 40px !important;}\u00a0\u00bb][vc_custom_heading text=\u00a0\u00bbUne ma\u00eetrise de la conception \u00e0 la fabrication\u00a0\u00bb font_container=\u00a0\u00bbtag:h3|text_align:left|color:%2341b6e6&Prime; use_theme_fonts=\u00a0\u00bbyes\u00a0\u00bb css=\u00a0\u00bb\u00a0\u00bb][vc_tta_tabs style=\u00a0\u00bbmodern\u00a0\u00bb shape=\u00a0\u00bbsquare\u00a0\u00bb spacing=\u00a0\u00bb2&Prime; active_section=\u00a0\u00bb1&Prime; css=\u00a0\u00bb.vc_custom_1718270190099{margin-top: 34px !important;}\u00a0\u00bb][vc_tta_section i_icon_fontawesome=\u00a0\u00bbfas fa-medal\u00a0\u00bb add_icon=\u00a0\u00bbtrue\u00a0\u00bb title=\u00a0\u00bbGuarantee &amp; Expertise\u00a0\u00bb tab_id=\u00a0\u00bbguarantee\u00a0\u00bb][vc_row_inner][vc_column_inner width=\u00a0\u00bb1\/2&Prime;][vc_custom_heading text=\u00a0\u00bbOur Guarantee: Long-Term Protection and Durability\u00a0\u00bb font_container=\u00a0\u00bbtag:h4|text_align:left\u00a0\u00bb use_theme_fonts=\u00a0\u00bbyes\u00a0\u00bb css=\u00a0\u00bb.vc_custom_1718051428315{margin-top: 30px !important;margin-left: 25px !important;}\u00a0\u00bb][vc_column_text css=\u00a0\u00bb.vc_custom_1734689115652{margin-top: 30px !important;margin-bottom: 30px !important;margin-left: 30px !important;}\u00a0\u00bb]<\/p>\n<ul style=\"list-style-type: disc;\">\n<li><strong>Taux de fuite tr\u00e8s faible :<\/strong> &lt; 3 litres\/heure\/m\u00b2.<\/li>\n<li><strong>Installation rapide et facile :<\/strong> 5 minutes\/m\u00b2.<\/li>\n<li><strong>Syst\u00e8me enti\u00e8rement d\u00e9montable\/amovible.<\/strong><\/li>\n<li><strong>Alliages \u00e0 haute r\u00e9sistance m\u00e9canique.<\/strong><\/li>\n<li><strong>Pas de corrosion<\/strong> au contact de l&rsquo;eau de rivi\u00e8re, de l&rsquo;eau de mer ou d&rsquo;autres types d&rsquo;eau (par exemple, les eaux us\u00e9es).<\/li>\n<li><strong>Garantie pour un minimum de 20 ans.<\/strong><\/li>\n<\/ul>\n<p>[\/vc_column_text][\/vc_column_inner][vc_column_inner width=\u00a0\u00bb1\/2&Prime;][vc_custom_heading text=\u00a0\u00bbOur Expertise: Decades of Proven Expertise\u00a0\u00bb font_container=\u00a0\u00bbtag:h4|text_align:left\u00a0\u00bb use_theme_fonts=\u00a0\u00bbyes\u00a0\u00bb css=\u00a0\u00bb.vc_custom_1731432297820{margin-top: 30px !important;margin-left: 25px !important;}\u00a0\u00bb][vc_column_text css=\u00a0\u00bb.vc_custom_1734688988530{margin-top: 30px !important;margin-bottom: 30px !important;margin-left: 30px !important;}\u00a0\u00bb]<\/p>\n<p style=\"text-align: justify;\">Avec plus de 50 ans d&rsquo;expertise dans le domaine des \u00e9quipements serrures et chaudronnerie industrielles et notamment les organes de r\u00e9tention des eaux , MSU-Bergtec s&rsquo;est impos\u00e9 comme un leader dans le domaine des protections anti-inondation sur-mesure. Construites pour r\u00e9sister \u00e0 des environnements difficiles, nos couvertures allient fonctionnalit\u00e9 et conformit\u00e9 aux normes industrielles, garantissant ainsi la s\u00e9curit\u00e9 et l&rsquo;accessibilit\u00e9 de votre infrastructure.<\/p>\n<p>[\/vc_column_text][\/vc_column_inner][\/vc_row_inner][\/vc_tta_section][vc_tta_section i_icon_fontawesome=\u00a0\u00bbfas fa-tasks\u00a0\u00bb add_icon=\u00a0\u00bbtrue\u00a0\u00bb title=\u00a0\u00bbTechnical Specifications\u00a0\u00bb tab_id=\u00a0\u00bbtechnical-specifications\u00a0\u00bb][vc_custom_heading text=\u00a0\u00bbTechnical Specifications: Precision Design and Customisation for Flood Protection Covers\u00a0\u00bb font_container=\u00a0\u00bbtag:h4|text_align:left\u00a0\u00bb use_theme_fonts=\u00a0\u00bbyes\u00a0\u00bb css=\u00a0\u00bb.vc_custom_1731432337842{margin-top: 30px !important;margin-left: 25px !important;}\u00a0\u00bb][vc_column_text css=\u00a0\u00bb.vc_custom_1731432386497{margin-top: 30px !important;margin-bottom: 30px !important;margin-left: 30px !important;}\u00a0\u00bb]<\/p>\n<ul style=\"list-style-type: disc;\">\n<li style=\"text-align: justify;\"><strong>Materials for Strength and Durability: <\/strong>Our flood covers are manufactured using high-quality <strong>steel<\/strong> or <strong>aluminium<\/strong>, selected based on project-specific requirements. This allows for robust performance, even under heavy loads, and provides long-lasting flood protection.<\/li>\n<li style=\"text-align: justify;\"><strong>Customised Dimensions: <\/strong>Each cover is designed to precise measurements, ensuring a secure and watertight fit. Customised dimensions and load-bearing capabilities make our covers ideal for below-ground and heavy-duty applications.<\/li>\n<li style=\"text-align: justify;\"><strong>Quality Control and Compliance: <\/strong>Our production process includes strict adherence to industry standards, with in-house quality control and welding testing. All work complies with relevant standards and is inspected by quality control surveyors (e.g., <strong>APAVE<\/strong>, <strong>VERITAS<\/strong>, <strong>SOCOTEC<\/strong>) as needed.<\/li>\n<\/ul>\n<p>[\/vc_column_text][\/vc_tta_section][vc_tta_section i_icon_fontawesome=\u00a0\u00bbfas fa-wrench\u00a0\u00bb add_icon=\u00a0\u00bbtrue\u00a0\u00bb title=\u00a0\u00bbInstallation\u00a0\u00bb tab_id=\u00a0\u00bbinstallation\u00a0\u00bb][vc_custom_heading text=\u00a0\u00bbInstallation: Efficient and Streamlined Process for Flood Protection Covers\u00a0\u00bb font_container=\u00a0\u00bbtag:h4|text_align:left\u00a0\u00bb use_theme_fonts=\u00a0\u00bbyes\u00a0\u00bb css=\u00a0\u00bb.vc_custom_1731432409903{margin-top: 30px !important;margin-left: 25px !important;}\u00a0\u00bb][vc_column_text css=\u00a0\u00bb.vc_custom_1731433566034{margin-top: 30px !important;margin-bottom: 30px !important;margin-left: 30px !important;}\u00a0\u00bb]<\/p>\n<ul style=\"list-style-type: disc;\">\n<li style=\"text-align: justify;\">\n<p style=\"text-align: justify;\"><strong>Adaptable Installation Options: <\/strong>Bergtec\u2019s flood protection covers can be installed in both new and existing structures. Designed for quick and straightforward setup, they come with all necessary fixtures to ensure secure and reliable installation.<\/p>\n<\/li>\n<li style=\"text-align: justify;\">\n<p style=\"text-align: justify;\"><strong>Simple Installation and Removal: <\/strong>The covers are designed to be easily removable, providing hassle-free access for maintenance teams while maintaining watertight protection when in place. This adaptability ensures optimal use in frequently accessed areas.<\/p>\n<\/li>\n<\/ul>\n<p>[\/vc_column_text][\/vc_tta_section][vc_tta_section i_icon_fontawesome=\u00a0\u00bbfas fa-drafting-compass\u00a0\u00bb add_icon=\u00a0\u00bbtrue\u00a0\u00bb title=\u00a0\u00bbMechanical Resistance\u00a0\u00bb tab_id=\u00a0\u00bbmechanical-resistance\u00a0\u00bb][vc_custom_heading text=\u00a0\u00bbMechanical Resistance: Engineered for Robust Performance\u00a0\u00bb font_container=\u00a0\u00bbtag:h4|text_align:left\u00a0\u00bb use_theme_fonts=\u00a0\u00bbyes\u00a0\u00bb css=\u00a0\u00bb.vc_custom_1731432477509{margin-top: 30px !important;margin-left: 25px !important;}\u00a0\u00bb][vc_column_text css=\u00a0\u00bb.vc_custom_1731432494470{margin-top: 30px !important;margin-bottom: 30px !important;margin-left: 30px !important;}\u00a0\u00bb]<\/p>\n<p style=\"text-align: justify;\">Our <strong>flood protection covers<\/strong> are built to withstand high pressure and heavy loads. Manufactured to meet <strong>industry standards<\/strong> for metal structures, each cover includes a safety coefficient to guarantee dependable performance. <strong>TIG\/MIG welding<\/strong> and <strong>stainless steel fasteners<\/strong> ensure strength and durability, delivering reliable protection in harsh conditions.<\/p>\n<p>[\/vc_column_text][\/vc_tta_section][vc_tta_section i_icon_fontawesome=\u00a0\u00bbfas fa-joint\u00a0\u00bb add_icon=\u00a0\u00bbtrue\u00a0\u00bb title=\u00a0\u00bbSealing Joints\u00a0\u00bb tab_id=\u00a0\u00bbsealing-joints\u00a0\u00bb][vc_custom_heading text=\u00a0\u00bbSealing Joints: Advanced Sealing Technology for Flood Protection Covers\u00a0\u00bb font_container=\u00a0\u00bbtag:h4|text_align:left\u00a0\u00bb use_theme_fonts=\u00a0\u00bbyes\u00a0\u00bb css=\u00a0\u00bb.vc_custom_1731432572302{margin-top: 30px !important;margin-left: 25px !important;}\u00a0\u00bb][vc_column_text css=\u00a0\u00bb.vc_custom_1731432564172{margin-top: 30px !important;margin-bottom: 30px !important;margin-left: 30px !important;}\u00a0\u00bb]<\/p>\n<p style=\"text-align: justify;\"><strong>Superior Sealing for Watertight Protection: <\/strong>Our <strong>flood covers<\/strong> are equipped with <strong>high-quality sealing materials<\/strong> designed to provide a watertight barrier. These gaskets are resistant to:<\/p>\n<ul style=\"list-style-type: disc; text-align: justify;\">\n<li><strong>Repetitive handling and movement<\/strong>, ensuring they retain their sealing properties.<\/li>\n<li><strong>Environmental exposure<\/strong>, including corrosion from water and debris.<\/li>\n<li><strong>UV damage<\/strong>, which preserves their effectiveness over time, ensuring long-lasting water tightness.<\/li>\n<\/ul>\n<p style=\"text-align: justify;\">These sealing joints are crafted to maintain their properties, offering reliable protection against water ingress for years to come.<\/p>\n<p>[\/vc_column_text][\/vc_tta_section][\/vc_tta_tabs][vc_empty_space height=\u00a0\u00bb40px\u00a0\u00bb][\/vc_column][\/vc_row][vc_row full_width=\u00a0\u00bbstretch_row\u00a0\u00bb gap=\u00a0\u00bb25&Prime; css=\u00a0\u00bb.vc_custom_1718023216909{padding-top: 30px !important;padding-bottom: 30px !important;background-color: #2c34a4 !important;background-position: center !important;background-repeat: no-repeat !important;background-size: cover !important;}\u00a0\u00bb el_class=\u00a0\u00bbhome_quote\u00a0\u00bb][vc_column width=\u00a0\u00bb3\/4&Prime;][vc_custom_heading text=\u00a0\u00bbNous Contacter\u00a0\u00bb font_container=\u00a0\u00bbtag:div|font_size:32|text_align:left|color:%23ffffff\u00a0\u00bb use_theme_fonts=\u00a0\u00bbyes\u00a0\u00bb css_animation=\u00a0\u00bbzoomIn\u00a0\u00bb css=\u00a0\u00bb\u00a0\u00bb el_class=\u00a0\u00bbhome_quote_txt\u00a0\u00bb][vc_column_text css_animation=\u00a0\u00bbzoomIn\u00a0\u00bb css=\u00a0\u00bb\u00a0\u00bb]<span style=\"color: #ffffff;\">Pour plus d&rsquo;informations ou pour demander un devis, contactez notre \u00e9quipe d\u00e8s aujourd&rsquo;hui. Faites \u00e9quipe avec Bergtec pour prot\u00e9ger votre projet gr\u00e2ce \u00e0 nos solutions expertes en mati\u00e8re d&rsquo;\u00e9quipement de protection contre les inondations.<\/span>[\/vc_column_text][\/vc_column][vc_column width=\u00a0\u00bb1\/4&Prime;][vc_empty_space][vc_btn title=\u00a0\u00bbNOUS CONTACTER\u00a0\u00bb shape=\u00a0\u00bbsquare\u00a0\u00bb align=\u00a0\u00bbleft\u00a0\u00bb i_align=\u00a0\u00bbright\u00a0\u00bb i_icon_fontawesome=\u00a0\u00bbfas fa-arrow-right\u00a0\u00bb css_animation=\u00a0\u00bbslideInRight\u00a0\u00bb css=\u00a0\u00bb\u00a0\u00bb button_block=\u00a0\u00bbtrue\u00a0\u00bb add_icon=\u00a0\u00bbtrue\u00a0\u00bb link=\u00a0\u00bburl:https%3A%2F%2Fwww.bergtecprotection.com%2Ffr%2Fcontact%2F\u00a0\u00bb el_class=\u00a0\u00bbhome_quote_btn\u00a0\u00bb][\/vc_column][\/vc_row]<\/p>\n<\/div>","protected":false},"excerpt":{"rendered":"<p>[vc_row gap=\u00a0\u00bb25&Prime;][vc_column][vc_row_inner gap=\u00a0\u00bb30&Prime;][vc_column_inner width=\u00a0\u00bb1\/2&Prime;][vc_custom_heading text=\u00a0\u00bbCapot et trappe \u00e9tanche anti-inondation\u00a0\u00bb font_container=\u00a0\u00bbtag:h2|text_align:center|color:%2341b6e6&Prime; use_theme_fonts=\u00a0\u00bbyes\u00a0\u00bb css=\u00a0\u00bb\u00a0\u00bb][vc_column_text css=\u00a0\u00bb.vc_custom_1734687549080{margin-top: 30px !important;}\u00a0\u00bb] MSU-Bergtec propose des couvertures anti-inondation [&hellip;]<\/p>\n","protected":false},"author":2,"featured_media":0,"parent":0,"menu_order":6,"comment_status":"closed","ping_status":"closed","template":"","meta":{"footnotes":""},"class_list":["post-290","page","type-page","status-publish","hentry"],"aioseo_notices":[],"_links":{"self":[{"href":"https:\/\/www.bergtecprotection.com\/fr\/wp-json\/wp\/v2\/pages\/290","targetHints":{"allow":["GET"]}}],"collection":[{"href":"https:\/\/www.bergtecprotection.com\/fr\/wp-json\/wp\/v2\/pages"}],"about":[{"href":"https:\/\/www.bergtecprotection.com\/fr\/wp-json\/wp\/v2\/types\/page"}],"author":[{"embeddable":true,"href":"https:\/\/www.bergtecprotection.com\/fr\/wp-json\/wp\/v2\/users\/2"}],"replies":[{"embeddable":true,"href":"https:\/\/www.bergtecprotection.com\/fr\/wp-json\/wp\/v2\/comments?post=290"}],"version-history":[{"count":0,"href":"https:\/\/www.bergtecprotection.com\/fr\/wp-json\/wp\/v2\/pages\/290\/revisions"}],"wp:attachment":[{"href":"https:\/\/www.bergtecprotection.com\/fr\/wp-json\/wp\/v2\/media?parent=290"}],"curies":[{"name":"wp","href":"https:\/\/api.w.org\/{rel}","templated":true}]}}