{"id":244,"date":"2019-11-30T22:25:58","date_gmt":"2019-11-30T22:25:58","guid":{"rendered":"https:\/\/www.bergtecprotection.com\/barrage-anti-inondation\/"},"modified":"2025-03-21T10:38:01","modified_gmt":"2025-03-21T10:38:01","slug":"equipements-anti-inondation","status":"publish","type":"page","link":"https:\/\/www.bergtecprotection.com\/fr\/equipements-anti-inondation\/","title":{"rendered":"EQUIPEMENT DE PROTECTION ANTI-CRUES"},"content":{"rendered":"<div class=\"wpb-content-wrapper\"><p>[vc_row gap=\u00a0\u00bb25&Prime;][vc_column width=\u00a0\u00bb1\/6&Prime;][\/vc_column][vc_column width=\u00a0\u00bb2\/3&Prime;][vc_custom_heading text=\u00a0\u00bbProtect Your Infrastructure and Property with Bergtec\u2019s Reliable Flood Protection Equipment\u00a0\u00bb font_container=\u00a0\u00bbtag:h2|text_align:center|color:%2341b6e6&Prime; use_theme_fonts=\u00a0\u00bbyes\u00a0\u00bb css=\u00a0\u00bb\u00a0\u00bb][vc_column_text css=\u00a0\u00bb.vc_custom_1731257022146{margin-top: 30px !important;margin-bottom: 30px !important;}\u00a0\u00bb]<\/p>\n<div class=\"vc_custom_heading vc_do_custom_heading our_services_heading1 vc_custom_1731078620267\" style=\"font-size: 18px; color: #555555; text-align: justify;\">Les crues des fleuves constituent une menace s\u00e9rieuse pour les infrastructures d&rsquo;une r\u00e9gion, les sites industrial et commercial et des r\u00e9sidences d&rsquo;habitation, entrainant pas seulement des dommages \u00e9lev\u00e9s mais des co\u00fbts de remise en \u00e9tat substantiels. Nous, MSU-Bergtec proposons des \u00e9quipements de protection con\u00e7us et fabriqu\u00e9s sur-mesure avec des mat\u00e9riaux de haute qualit\u00e9 technologiques destin\u00e9s a sauvegarder vos biens et apportant ainsi la s\u00e9r\u00e9nit\u00e9 aux propri\u00e9taires des immeubles; ma\u00eetres d&rsquo;oeuvre et d&rsquo;ouvrage.<\/div>\n<div class=\"vc_custom_heading vc_do_custom_heading our_services_heading1 vc_custom_1731078620267\" style=\"font-size: 18px; color: #555555; text-align: justify;\">Nos solutions sont r\u00e9alis\u00e9s pour durer; mis en place simplement et rapidement et adaptable a tous les terrains.<\/div>\n<p>[\/vc_column_text][vc_custom_heading text=\u00a0\u00bbAddressing the Problem with Customised Solutions\u00a0\u00bb font_container=\u00a0\u00bbtag:h2|text_align:center|color:%232c34a4&Prime; use_theme_fonts=\u00a0\u00bbyes\u00a0\u00bb css=\u00a0\u00bb\u00a0\u00bb][vc_column_text css=\u00a0\u00bb.vc_custom_1731257037265{margin-top: 30px !important;}\u00a0\u00bb]<\/p>\n<div class=\"vc_custom_heading vc_do_custom_heading our_services_heading1 vc_custom_1731078620267\" style=\"font-size: 18px; color: #555555; text-align: justify;\">De par leur nature les inondations sont impr\u00e9visibles et destructrices , causant des d\u00e9g\u00e2ts aux am\u00e9nagements urbains et ruinant des b\u00e2timents. Le solutions que nous mettons en oeuvre sont con\u00e7ues pour r\u00e9sister aux fortes pressions et install\u00e9es manuellement pour \u00eatre op\u00e9rationnelles dans un laps de temps le plus court possible. Nos protections r\u00e9pondent aux normes et directives techniques internationales en mati\u00e8re d&rsquo;\u00e9tanch\u00e9it\u00e9 et r\u00e9sistance m\u00e9canique.<\/div>\n<p>[\/vc_column_text][vc_empty_space height=\u00a0\u00bb40px\u00a0\u00bb][\/vc_column][vc_column width=\u00a0\u00bb1\/6&Prime;][\/vc_column][\/vc_row][vc_row full_width=\u00a0\u00bbstretch_row\u00a0\u00bb gap=\u00a0\u00bb25&Prime; css=\u00a0\u00bb.vc_custom_1731078904950{background: #f5f5f5 url(https:\/\/www.bergtecprotection.com\/wp-content\/uploads\/2020\/01\/home_pj_bg.jpg?id=182) !important;}\u00a0\u00bb][vc_column][vc_custom_heading text=\u00a0\u00bbExplore Our Comprehensive Range of Flood Protection Equipment\u00a0\u00bb font_container=\u00a0\u00bbtag:h2|text_align:center|color:%232c34a4&Prime; use_theme_fonts=\u00a0\u00bbyes\u00a0\u00bb css=\u00a0\u00bb.vc_custom_1731079063377{margin-top: 40px !important;margin-bottom: 40px !important;}\u00a0\u00bb][vc_row_inner gap=\u00a0\u00bb30&Prime;][vc_column_inner width=\u00a0\u00bb1\/3&Prime;][vc_single_image image=\u00a0\u00bb347&Prime; img_size=\u00a0\u00bbfull\u00a0\u00bb alignment=\u00a0\u00bbcenter\u00a0\u00bb onclick=\u00a0\u00bbcustom_link\u00a0\u00bb css=\u00a0\u00bb\u00a0\u00bb link=\u00a0\u00bbhttps:\/\/www.bergtecprotection.com\/demountable-flood-barriers\/\u00a0\u00bb][vc_custom_heading text=\u00a0\u00bbDemountable Flood Barriers\u00a0\u00bb font_container=\u00a0\u00bbtag:h3|text_align:left\u00a0\u00bb use_theme_fonts=\u00a0\u00bbyes\u00a0\u00bb css=\u00a0\u00bb.vc_custom_1731079398553{margin-top: 20px !important;}\u00a0\u00bb link=\u00a0\u00bburl:https%3A%2F%2Fwww.bergtecprotection.com%2Fdemountable-flood-barriers%2F|title:Project%20Case%20Study%3A%20Protecting%20the%20French%20Ministry%20of%20Economy%2C%20Industry%2C%20and%20Finance%20Against%20Century%20Floods\u00a0\u00bb][vc_column_text css=\u00a0\u00bb.vc_custom_1731079270206{margin-top: 20px !important;margin-bottom: 20px !important;}\u00a0\u00bb]<\/p>\n<p style=\"text-align: justify;\">Tous nos barrages anti-inondation sont d\u00e9montables et destin\u00e9s id\u00e9alement aux zones \u00e0 prot\u00e9ger \u00e9pisodiquement; fabriqu\u00e9s \u00e0 la mesure pour r\u00e9pondre aux contraintes locales de terrain et pression et ils sont d\u00e9montables rapidement gr\u00e2ce \u00e0 nos bo\u00eetiers d&rsquo;ancrage rapide procurant une grande flexibilit\u00e9 tout en garantissant des performances exceptionnelles et durables.<\/p>\n<p>[\/vc_column_text][vc_btn title=\u00a0\u00bbDemountable Flood Barriers\u00a0\u00bb style=\u00a0\u00bbcustom\u00a0\u00bb custom_background=\u00a0\u00bb#2c34a4&Prime; custom_text=\u00a0\u00bb#ffffff\u00a0\u00bb shape=\u00a0\u00bbsquare\u00a0\u00bb align=\u00a0\u00bbleft\u00a0\u00bb i_align=\u00a0\u00bbright\u00a0\u00bb i_icon_fontawesome=\u00a0\u00bbfas fa-arrow-right\u00a0\u00bb css_animation=\u00a0\u00bbnone\u00a0\u00bb css=\u00a0\u00bb\u00a0\u00bb add_icon=\u00a0\u00bbtrue\u00a0\u00bb link=\u00a0\u00bburl:https%3A%2F%2Fwww.bergtecprotection.com%2Fdemountable-flood-barriers%2F|title:Project%20Case%20Study%3A%20Protecting%20the%20French%20Ministry%20of%20Economy%2C%20Industry%2C%20and%20Finance%20Against%20Century%20Floods\u00a0\u00bb][\/vc_column_inner][vc_column_inner width=\u00a0\u00bb1\/3&Prime;][vc_single_image image=\u00a0\u00bb292&Prime; img_size=\u00a0\u00bbfull\u00a0\u00bb alignment=\u00a0\u00bbcenter\u00a0\u00bb onclick=\u00a0\u00bbcustom_link\u00a0\u00bb css=\u00a0\u00bb\u00a0\u00bb link=\u00a0\u00bbhttps:\/\/www.bergtecprotection.com\/stop-log-flood-barriers\/\u00a0\u00bb][vc_custom_heading text=\u00a0\u00bbStop Log Flood Barriers\u00a0\u00bb font_container=\u00a0\u00bbtag:h3|text_align:left\u00a0\u00bb use_theme_fonts=\u00a0\u00bbyes\u00a0\u00bb css=\u00a0\u00bb.vc_custom_1731257374578{margin-top: 20px !important;}\u00a0\u00bb link=\u00a0\u00bburl:https%3A%2F%2Fwww.bergtecprotection.com%2Fstop-log-flood-barriers%2F|title:Stop%20Log%20Flood%20Barriers\u00a0\u00bb][vc_column_text css=\u00a0\u00bb.vc_custom_1731079810400{margin-top: 20px !important;margin-bottom: 20px !important;}\u00a0\u00bb]<\/p>\n<p style=\"text-align: justify;\"><strong>Stop logs<\/strong> are versatile and effective for areas needing temporary but strong flood protection. Custom-built from durable aluminium, they offer quick installation and seamless integration, ensuring reliable water management and long-lasting performance.<\/p>\n<p>[\/vc_column_text][vc_btn title=\u00a0\u00bbStop Log Flood Barriers\u00a0\u00bb style=\u00a0\u00bbcustom\u00a0\u00bb custom_background=\u00a0\u00bb#2c34a4&Prime; custom_text=\u00a0\u00bb#ffffff\u00a0\u00bb shape=\u00a0\u00bbsquare\u00a0\u00bb align=\u00a0\u00bbleft\u00a0\u00bb i_align=\u00a0\u00bbright\u00a0\u00bb i_icon_fontawesome=\u00a0\u00bbfas fa-arrow-right\u00a0\u00bb css_animation=\u00a0\u00bbnone\u00a0\u00bb css=\u00a0\u00bb\u00a0\u00bb add_icon=\u00a0\u00bbtrue\u00a0\u00bb link=\u00a0\u00bburl:https%3A%2F%2Fwww.bergtecprotection.com%2Fstop-log-flood-barriers%2F|title:Stop%20Log%20Flood%20Barriers\u00a0\u00bb][\/vc_column_inner][vc_column_inner width=\u00a0\u00bb1\/3&Prime;][vc_single_image image=\u00a0\u00bb6321&Prime; img_size=\u00a0\u00bbfull\u00a0\u00bb alignment=\u00a0\u00bbcenter\u00a0\u00bb onclick=\u00a0\u00bbcustom_link\u00a0\u00bb css=\u00a0\u00bb\u00a0\u00bb link=\u00a0\u00bbhttps:\/\/www.bergtecprotection.com\/flood-doors\/\u00a0\u00bb][vc_custom_heading text=\u00a0\u00bbSecure Flood doors\u00a0\u00bb font_container=\u00a0\u00bbtag:h3|text_align:left\u00a0\u00bb use_theme_fonts=\u00a0\u00bbyes\u00a0\u00bb css=\u00a0\u00bb.vc_custom_1731427573701{margin-top: 20px !important;}\u00a0\u00bb link=\u00a0\u00bburl:https%3A%2F%2Fwww.bergtecprotection.com%2Fflood-doors%2F|title:Flood%20Doors\u00a0\u00bb][vc_column_text css=\u00a0\u00bb.vc_custom_1731080185719{margin-top: 20px !important;margin-bottom: 20px !important;}\u00a0\u00bb]<\/p>\n<p style=\"text-align: justify;\"><strong>Portes \u00e9tanches prot\u00e8gent vos entr\u00e9es\u00a0contre les inondations en \u00e9tant pr\u00eates \u00e0 servir \u00e0 tout moment<\/strong>. Elles sont \u00e9galement dimensionn\u00e9es sur-mesure pour des hauteures d&rsquo;eau variables pour des fonctionnalit\u00e9s garanties et durables.<\/p>\n<p>[\/vc_column_text][vc_btn title=\u00a0\u00bbSecure Flood Doors\u00a0\u00bb style=\u00a0\u00bbcustom\u00a0\u00bb custom_background=\u00a0\u00bb#2c34a4&Prime; custom_text=\u00a0\u00bb#ffffff\u00a0\u00bb shape=\u00a0\u00bbsquare\u00a0\u00bb align=\u00a0\u00bbleft\u00a0\u00bb i_align=\u00a0\u00bbright\u00a0\u00bb i_icon_fontawesome=\u00a0\u00bbfas fa-arrow-right\u00a0\u00bb css_animation=\u00a0\u00bbnone\u00a0\u00bb css=\u00a0\u00bb\u00a0\u00bb add_icon=\u00a0\u00bbtrue\u00a0\u00bb link=\u00a0\u00bburl:https%3A%2F%2Fwww.bergtecprotection.com%2Fflood-doors%2F|title:Flood%20Doors\u00a0\u00bb][\/vc_column_inner][\/vc_row_inner][vc_empty_space height=\u00a0\u00bb40px\u00a0\u00bb][vc_empty_space height=\u00a0\u00bb40px\u00a0\u00bb][vc_row_inner gap=\u00a0\u00bb30&Prime;][vc_column_inner width=\u00a0\u00bb1\/3&Prime;][vc_single_image image=\u00a0\u00bb6326&Prime; img_size=\u00a0\u00bbfull\u00a0\u00bb alignment=\u00a0\u00bbcenter\u00a0\u00bb onclick=\u00a0\u00bbcustom_link\u00a0\u00bb css=\u00a0\u00bb\u00a0\u00bb link=\u00a0\u00bbhttps:\/\/www.bergtecprotection.com\/flood-protection-covers\/\u00a0\u00bb][vc_custom_heading text=\u00a0\u00bbFlood Protection Covers\u00a0\u00bb font_container=\u00a0\u00bbtag:h3|text_align:left\u00a0\u00bb use_theme_fonts=\u00a0\u00bbyes\u00a0\u00bb css=\u00a0\u00bb.vc_custom_1731258215254{margin-top: 20px !important;}\u00a0\u00bb link=\u00a0\u00bburl:https%3A%2F%2Fwww.bergtecprotection.com%2Fflood-protection-covers%2F|title:Flood%20Protection%20Covers\u00a0\u00bb][vc_column_text css=\u00a0\u00bb.vc_custom_1731081618315{margin-top: 20px !important;margin-bottom: 20px !important;}\u00a0\u00bb]<\/p>\n<p style=\"text-align: justify;\"><strong>Trappe \u00e9tanche int\u00e9gr\u00e9e au g\u00e9nie civile offre\u00a0une protection\u00a0efficace pour les regards mais aussi les grilles d&rsquo;a\u00e9ration\u00a0<\/strong>. Facile \u00e0 poser et enlever gr\u00e2ce \u00e0 la l\u00e9g\u00e8ret\u00e9 relative de l&rsquo;aluminium ils bouchent les entr\u00e9es d&rsquo;eau avec un impact minimal sur les b\u00e2timents.<\/p>\n<p>[\/vc_column_text][vc_btn title=\u00a0\u00bbFlood Protection Covers\u00a0\u00bb style=\u00a0\u00bbcustom\u00a0\u00bb custom_background=\u00a0\u00bb#2c34a4&Prime; custom_text=\u00a0\u00bb#ffffff\u00a0\u00bb shape=\u00a0\u00bbsquare\u00a0\u00bb align=\u00a0\u00bbleft\u00a0\u00bb i_align=\u00a0\u00bbright\u00a0\u00bb i_icon_fontawesome=\u00a0\u00bbfas fa-arrow-right\u00a0\u00bb css_animation=\u00a0\u00bbnone\u00a0\u00bb css=\u00a0\u00bb\u00a0\u00bb add_icon=\u00a0\u00bbtrue\u00a0\u00bb link=\u00a0\u00bburl:https%3A%2F%2Fwww.bergtecprotection.com%2Fflood-protection-covers%2F|title:Flood%20Protection%20Covers\u00a0\u00bb][\/vc_column_inner][vc_column_inner width=\u00a0\u00bb1\/3&Prime;][vc_single_image image=\u00a0\u00bb400&Prime; img_size=\u00a0\u00bbfull\u00a0\u00bb alignment=\u00a0\u00bbcenter\u00a0\u00bb onclick=\u00a0\u00bbcustom_link\u00a0\u00bb css=\u00a0\u00bb\u00a0\u00bb link=\u00a0\u00bbhttps:\/\/www.bergtecprotection.com\/flood-protection-air-vents\/\u00a0\u00bb][vc_custom_heading text=\u00a0\u00bbFlood Protection Air Vents\u00a0\u00bb font_container=\u00a0\u00bbtag:h3|text_align:left\u00a0\u00bb use_theme_fonts=\u00a0\u00bbyes\u00a0\u00bb css=\u00a0\u00bb.vc_custom_1731258098699{margin-top: 20px !important;}\u00a0\u00bb link=\u00a0\u00bburl:https%3A%2F%2Fwww.bergtecprotection.com%2Fflood-protection-air-vents%2F|title:Flood%20Protection%20Air%20Vents%20Equipment\u00a0\u00bb][vc_column_text css=\u00a0\u00bb.vc_custom_1731081686392{margin-top: 20px !important;margin-bottom: 20px !important;}\u00a0\u00bb]<\/p>\n<p style=\"text-align: justify;\"><strong>Protection des bouches d&rsquo;a\u00e9ration sont adapt\u00e9es aux\u00a0environnements urbains\u00a0sous la forme de chemin\u00e9e d&rsquo;a\u00e9ration\u00a0\u00e9tanche<\/strong>. Nos solutions sur-mesure remplissent par d\u00e9finition tous les cahiers de charge et remplissent avec toutes les garanties des protection performantes et durables facilement manipulable \u00e0 la main.<\/p>\n<p>[\/vc_column_text][vc_btn title=\u00a0\u00bbFlood Protection Air Vents Equipment\u00a0\u00bb style=\u00a0\u00bbcustom\u00a0\u00bb custom_background=\u00a0\u00bb#2c34a4&Prime; custom_text=\u00a0\u00bb#ffffff\u00a0\u00bb shape=\u00a0\u00bbsquare\u00a0\u00bb align=\u00a0\u00bbleft\u00a0\u00bb i_align=\u00a0\u00bbright\u00a0\u00bb i_icon_fontawesome=\u00a0\u00bbfas fa-arrow-right\u00a0\u00bb css_animation=\u00a0\u00bbnone\u00a0\u00bb css=\u00a0\u00bb\u00a0\u00bb add_icon=\u00a0\u00bbtrue\u00a0\u00bb link=\u00a0\u00bburl:https%3A%2F%2Fwww.bergtecprotection.com%2Fflood-protection-air-vents%2F|title:Flood%20Protection%20Air%20Vents%20Equipment\u00a0\u00bb][\/vc_column_inner][vc_column_inner width=\u00a0\u00bb1\/3&Prime;][\/vc_column_inner][\/vc_row_inner][vc_empty_space height=\u00a0\u00bb80px\u00a0\u00bb][\/vc_column][\/vc_row][vc_row full_width=\u00a0\u00bbstretch_row\u00a0\u00bb gap=\u00a0\u00bb25&Prime; css=\u00a0\u00bb.vc_custom_1718023216909{padding-top: 30px !important;padding-bottom: 30px !important;background-color: #2c34a4 !important;background-position: center !important;background-repeat: no-repeat !important;background-size: cover !important;}\u00a0\u00bb el_class=\u00a0\u00bbhome_quote\u00a0\u00bb][vc_column width=\u00a0\u00bb3\/4&Prime;][vc_custom_heading text=\u00a0\u00bbPourquoi choisir Bergtec ?\u00a0\u00bb font_container=\u00a0\u00bbtag:div|font_size:32|text_align:left|color:%23ffffff\u00a0\u00bb use_theme_fonts=\u00a0\u00bbyes\u00a0\u00bb css_animation=\u00a0\u00bbnone\u00a0\u00bb css=\u00a0\u00bb\u00a0\u00bb el_class=\u00a0\u00bbhome_quote_txt\u00a0\u00bb][vc_column_text css_animation=\u00a0\u00bbnone\u00a0\u00bb css=\u00a0\u00bb\u00a0\u00bb]<\/p>\n<p style=\"text-align: justify;\"><span style=\"color: #ffffff;\">Depuis 1970, Bergtec est un partenaire de confiance pour les solutions personnalis\u00e9es de protection contre les inondations, r\u00e9put\u00e9 pour sa qualit\u00e9 \u00e9prouv\u00e9e et son service \u00e0 la client\u00e8le fiable. Nos produits sont fabriqu\u00e9s \u00e0 partir d&rsquo;alliages d&rsquo;aluminium de haute qualit\u00e9, ce qui garantit une durabilit\u00e9, une r\u00e9sistance \u00e0 la corrosion et une r\u00e9sistance aux intemp\u00e9ries exceptionnelles. Gr\u00e2ce \u00e0 notre expertise approfondie et \u00e0 notre compr\u00e9hension des d\u00e9fis pos\u00e9s par les inondations, nous proposons des solutions adapt\u00e9es aux besoins uniques de chaque client et de chaque site.<\/span><\/p>\n<p>[\/vc_column_text][\/vc_column][vc_column width=\u00a0\u00bb1\/4&Prime;][vc_empty_space height=\u00a0\u00bb65px\u00a0\u00bb][vc_btn title=\u00a0\u00bbNOUS CONTACTER\u00a0\u00bb shape=\u00a0\u00bbsquare\u00a0\u00bb align=\u00a0\u00bbleft\u00a0\u00bb i_align=\u00a0\u00bbright\u00a0\u00bb i_icon_fontawesome=\u00a0\u00bbfas fa-arrow-right\u00a0\u00bb css_animation=\u00a0\u00bbnone\u00a0\u00bb css=\u00a0\u00bb\u00a0\u00bb button_block=\u00a0\u00bbtrue\u00a0\u00bb add_icon=\u00a0\u00bbtrue\u00a0\u00bb link=\u00a0\u00bburl:https%3A%2F%2Fwww.bergtecprotection.com%2Ffr%2Fcontact%2F\u00a0\u00bb el_class=\u00a0\u00bbhome_quote_btn\u00a0\u00bb][\/vc_column][\/vc_row]<\/p>\n<\/div>","protected":false},"excerpt":{"rendered":"<p>A PERFECT MASTER OF DAMMING SOLUTION.<\/p>\n","protected":false},"author":2,"featured_media":0,"parent":0,"menu_order":2,"comment_status":"closed","ping_status":"closed","template":"","meta":{"footnotes":""},"class_list":["post-244","page","type-page","status-publish","hentry"],"aioseo_notices":[],"_links":{"self":[{"href":"https:\/\/www.bergtecprotection.com\/fr\/wp-json\/wp\/v2\/pages\/244","targetHints":{"allow":["GET"]}}],"collection":[{"href":"https:\/\/www.bergtecprotection.com\/fr\/wp-json\/wp\/v2\/pages"}],"about":[{"href":"https:\/\/www.bergtecprotection.com\/fr\/wp-json\/wp\/v2\/types\/page"}],"author":[{"embeddable":true,"href":"https:\/\/www.bergtecprotection.com\/fr\/wp-json\/wp\/v2\/users\/2"}],"replies":[{"embeddable":true,"href":"https:\/\/www.bergtecprotection.com\/fr\/wp-json\/wp\/v2\/comments?post=244"}],"version-history":[{"count":0,"href":"https:\/\/www.bergtecprotection.com\/fr\/wp-json\/wp\/v2\/pages\/244\/revisions"}],"wp:attachment":[{"href":"https:\/\/www.bergtecprotection.com\/fr\/wp-json\/wp\/v2\/media?parent=244"}],"curies":[{"name":"wp","href":"https:\/\/api.w.org\/{rel}","templated":true}]}}