{"id":235,"date":"2019-11-28T11:19:59","date_gmt":"2019-11-28T11:19:59","guid":{"rendered":"https:\/\/www.bergtecprotection.com\/home\/"},"modified":"2025-02-10T12:18:15","modified_gmt":"2025-02-10T12:18:15","slug":"home","status":"publish","type":"page","link":"https:\/\/www.bergtecprotection.com\/fr\/","title":{"rendered":"Accueil"},"content":{"rendered":"<div class=\"wpb-content-wrapper\"><p>[vc_row][vc_column][rev_slider_vc alias=\u00a0\u00bbhome-slider-v2-1&Prime;][\/vc_column][\/vc_row][vc_row full_width=\u00a0\u00bbstretch_row\u00a0\u00bb el_id=\u00a0\u00bbhome_quote\u00a0\u00bb el_class=\u00a0\u00bbhome_quote\u00a0\u00bb css=\u00a0\u00bb.vc_custom_1678721277877{padding-top: 30px !important;padding-bottom: 30px !important;background-color: #2c34a4 !important;}\u00a0\u00bb][vc_column width=\u00a0\u00bb4\/5&Prime;][vc_custom_heading text=\u00a0\u00bbDes barrages anti-inondation, sur-mesure, robustes et durables\u00a0\u00bb font_container=\u00a0\u00bbtag:h1|font_size:28|text_align:justify|color:%23ffffff\u00a0\u00bb google_fonts=\u00a0\u00bbfont_family:Roboto%3A100%2C100italic%2C300%2C300italic%2Cregular%2Citalic%2C500%2C500italic%2C700%2C700italic%2C900%2C900italic|font_style:400%20regular%3A400%3Anormal\u00a0\u00bb css_animation=\u00a0\u00bbnone\u00a0\u00bb css=\u00a0\u00bb\u00a0\u00bb el_class=\u00a0\u00bbhome_quote_txt\u00a0\u00bb][\/vc_column][vc_column width=\u00a0\u00bb1\/5&Prime;][vc_btn title=\u00a0\u00bbA PROPOS DE LA SOCIETE\u00a0\u00bb shape=\u00a0\u00bbsquare\u00a0\u00bb size=\u00a0\u00bbsm\u00a0\u00bb align=\u00a0\u00bbright\u00a0\u00bb css=\u00a0\u00bb\u00a0\u00bb el_class=\u00a0\u00bbhome_quote_btn\u00a0\u00bb link=\u00a0\u00bburl:https%3A%2F%2Fwww.bergtecprotection.com%2Ffr%2Fsociete%2F|title:Soci%C3%A9t%C3%A9&Prime;][\/vc_column][\/vc_row][vc_row css_animation=\u00a0\u00bbnone\u00a0\u00bb el_id=\u00a0\u00bbhome_our_solutions\u00a0\u00bb css=\u00a0\u00bb.vc_custom_1719839691106{padding-top: 50px !important;}\u00a0\u00bb][vc_column][vc_custom_heading text=\u00a0\u00bbNos solutions de protection pour les personnes et les biens\u00a0\u00bb google_fonts=\u00a0\u00bbfont_family:Roboto%3A100%2C100italic%2C300%2C300italic%2Cregular%2Citalic%2C500%2C500italic%2C700%2C700italic%2C900%2C900italic|font_style:400%20regular%3A400%3Anormal\u00a0\u00bb css=\u00a0\u00bb.vc_custom_1734009033758{margin-bottom: 30px !important;}\u00a0\u00bb el_class=\u00a0\u00bbprojects_btn\u00a0\u00bb][vc_column_text css=\u00a0\u00bb.vc_custom_1734010217741{margin-bottom: 40px !important;}\u00a0\u00bb]<\/p>\n<p style=\"text-align: justify;\">Les inondations par d\u00e9finition sont impr\u00e9visibles et destructrices et repr\u00e9sentent de s\u00e9rieux risques pour les infrastructures et les biens et cause des d\u00e9g\u00e2ts tr\u00e8s importants en r\u00e9paration et remis en \u00e9tat. Nous nous sommes sp\u00e9cialis\u00e9s dans la fourniture d&rsquo;une large gamme de protections \u00a0con\u00e7us pour sauvegarder vos b\u00e2timents . Notre offre comprend des barrages d\u00e9montables, des batardeaux anti-inondation, des porte set des capots industriel \u00e9tanches ,tous fabriqu\u00e9s pour r\u00e9sister aux fortes pressions et durer dans le temps.<\/p>\n<p style=\"text-align: justify;\">Cr\u00e9\u00e9e en 1970, la soci\u00e9t\u00e9 s&rsquo;est d\u00e9velopp\u00e9e sur 3 principes fondamentaux, qualit\u00e9, sur-mesure et durabilit\u00e9 et a acquis une notori\u00e9t\u00e9 incontestable dans la fourniture de protections \u00a0anti-inondation. Nos \u00e9quipements sont dimensionn\u00e9s pour r\u00e9sister aux fortes charge d&rsquo;eau gr\u00e2ce \u00e0 l&#8217;emploi d&rsquo;alliages d&rsquo;aluminium sp\u00e9cifiques garantissant une excellent r\u00e9sistance m\u00e9canique et durabilit\u00e9. Notre syt\u00e8me de fabrication enti\u00e8rement \u00a0modulaire permet un d\u00e9ploiement rapide des protections et une installation facile enti\u00e8rement \u00e0 la main \u00a0pour r\u00e9pondre au caract\u00e8re soudain des crues.<\/p>\n<p>[\/vc_column_text][vc_btn title=\u00a0\u00bbDECOUVREZ NOTRE PROGRAMME COMPLET DE PROTECTIONS ANTI-INONDATION\u00a0\u00bb style=\u00a0\u00bboutline-custom\u00a0\u00bb outline_custom_color=\u00a0\u00bb#2c34a4&Prime; outline_custom_hover_background=\u00a0\u00bb#2c34a4&Prime; outline_custom_hover_text=\u00a0\u00bb#ffffff\u00a0\u00bb shape=\u00a0\u00bbsquare\u00a0\u00bb align=\u00a0\u00bbcenter\u00a0\u00bb i_icon_fontawesome=\u00a0\u00bbfas fa-warehouse\u00a0\u00bb css=\u00a0\u00bb.vc_custom_1739189867735{margin-top: 35px !important;margin-bottom: 50px !important;}\u00a0\u00bb add_icon=\u00a0\u00bbtrue\u00a0\u00bb link=\u00a0\u00bburl:https%3A%2F%2Fwww.bergtecprotection.com%2Ffr%2Fequipements-anti-inondation%2F|title:Equipements%20Anti-crues\u00a0\u00bb][\/vc_column][\/vc_row][vc_row full_width=\u00a0\u00bbstretch_row\u00a0\u00bb el_id=\u00a0\u00bbhome_our_projects\u00a0\u00bb el_class=\u00a0\u00bbhome_our_projects\u00a0\u00bb css=\u00a0\u00bb.vc_custom_1580075509000{padding-top: 50px !important;padding-bottom: 50px !important;background: #f5f5f5 url(https:\/\/www.bergtecprotection.com\/wp-content\/uploads\/2020\/01\/home_pj_bg.jpg?id=182) !important;background-position: center !important;background-repeat: no-repeat !important;background-size: cover !important;}\u00a0\u00bb][vc_column][vc_custom_heading text=\u00a0\u00bbNos r\u00e9f\u00e9rences: Des chantiers prestigieux pour r\u00e9pondre \u00e0 vos besoins\u00a0\u00bb google_fonts=\u00a0\u00bbfont_family:Roboto%3A100%2C100italic%2C300%2C300italic%2Cregular%2Citalic%2C500%2C500italic%2C700%2C700italic%2C900%2C900italic|font_style:400%20regular%3A400%3Anormal\u00a0\u00bb css=\u00a0\u00bb\u00a0\u00bb el_class=\u00a0\u00bbprojects_btn\u00a0\u00bb][vc_row_inner gap=\u00a0\u00bb30&Prime; css=\u00a0\u00bb.vc_custom_1730989956941{margin-top: 30px !important;}\u00a0\u00bb][vc_column_inner width=\u00a0\u00bb4\/6&Prime;][vc_column_text css=\u00a0\u00bb.vc_custom_1734100370283{margin-bottom: 40px !important;}\u00a0\u00bb]<\/p>\n<p style=\"text-align: justify;\">MSU-BERGTEC, est le partenaire des bureaux d&rsquo;\u00e9tudes, des entreprises de g\u00e9nie civils et des autorit\u00e9s publiques pour r\u00e9pondent aux enjeux de protection contre les crues. Nos listes de r\u00e9f\u00e9rences montrent notre savoir-faire et comment nos avons r\u00e9solu les contraintes de chantier afin de garantir une protection effectivement efficace.<\/p>\n<p style=\"text-align: justify;\">De la protection des b\u00e2timents historiques de Paris aux Sanctuaires de Lourdes, a la gestion de r\u00e9sauq fluviaux de grands centre urbains, de la protection de b\u00e2timents commercial et industriel comme des r\u00e9sidence priv\u00e9es, toutes ces r\u00e9f\u00e9rences vous montrent notre engagement \u00e0 trouver des solutions efficaces et sur-mesure.<\/p>\n<p>[\/vc_column_text][\/vc_column_inner][vc_column_inner width=\u00a0\u00bb2\/6&Prime;][vc_single_image image=\u00a0\u00bb6303&Prime; img_size=\u00a0\u00bbfull\u00a0\u00bb alignment=\u00a0\u00bbcenter\u00a0\u00bb css=\u00a0\u00bb\u00a0\u00bb][\/vc_column_inner][\/vc_row_inner][vc_btn title=\u00a0\u00bbNOS CHANTIERS\u00a0\u00bb style=\u00a0\u00bbcustom\u00a0\u00bb custom_background=\u00a0\u00bb#2c34a4&Prime; custom_text=\u00a0\u00bb#ffffff\u00a0\u00bb shape=\u00a0\u00bbsquare\u00a0\u00bb align=\u00a0\u00bbcenter\u00a0\u00bb i_icon_fontawesome=\u00a0\u00bbfas fa-tasks\u00a0\u00bb css=\u00a0\u00bb.vc_custom_1739189166709{margin-top: 30px !important;}\u00a0\u00bb add_icon=\u00a0\u00bbtrue\u00a0\u00bb link=\u00a0\u00bburl:https%3A%2F%2Fwww.bergtecprotection.com%2Ffr%2Fetudes-anti-inondation%2F|title:Etudes%20Anti-Inondation\u00a0\u00bb][\/vc_column][\/vc_row][vc_row css=\u00a0\u00bb.vc_custom_1580072357213{padding-top: 50px !important;}\u00a0\u00bb][vc_column][vc_custom_heading text=\u00a0\u00bbUne valeur s\u00fbre \u2013 Un savoir-faire depuis 1970&Prime; google_fonts=\u00a0\u00bbfont_family:Roboto%3A100%2C100italic%2C300%2C300italic%2Cregular%2Citalic%2C500%2C500italic%2C700%2C700italic%2C900%2C900italic|font_style:400%20regular%3A400%3Anormal\u00a0\u00bb css=\u00a0\u00bb.vc_custom_1734098078251{margin-bottom: 30px !important;}\u00a0\u00bb el_class=\u00a0\u00bbprojects_btn\u00a0\u00bb][vc_row_inner gap=\u00a0\u00bb30&Prime;][vc_column_inner width=\u00a0\u00bb1\/3&Prime;][vc_single_image image=\u00a0\u00bb6309&Prime; img_size=\u00a0\u00bbfull\u00a0\u00bb css=\u00a0\u00bb.vc_custom_1730990421021{margin-top: 15px !important;}\u00a0\u00bb][\/vc_column_inner][vc_column_inner width=\u00a0\u00bb2\/3&Prime;][vc_column_text css=\u00a0\u00bb.vc_custom_1734099642302{margin-bottom: 40px !important;}\u00a0\u00bb]<\/p>\n<p style=\"text-align: justify;\">Chez MSU-BERGTEC nous prenons soin de fournir des \u00e9quipements de protection de qualit\u00e9 gr\u00e2ce \u00e0 longue expertise assortis d&rsquo;un service \u00e0 la client\u00e8le qui met le client au centre de nos pr\u00e9occupations . Depuis plusieurs d\u00e9cennies nous concevons, fabriquons et livrons des protections contre les inondations \u00e0 la satisfaction de notre client\u00e8le.<\/p>\n<p style=\"text-align: justify;\">Notre syst\u00e8me sur-mesure est conch pour r\u00e9pondre aux environnement sp\u00e9cifiques de chaque projet , garantissant par l\u00e0-m\u00eame que chaque protection r\u00e9pondent effectivement aux enjeux de chaque cas pr\u00e9cis. Nous utilisons des mat\u00e9riaux de base performants comme des alliages d&rsquo;aluminium sp\u00e9cialement s\u00e9lectionn\u00e9s pour leur r\u00e9sistance m\u00e9canique et r\u00e9sistance \u00e0 la corrosion <b>sans entretien et applicables dans n&rsquo;importe quelle r\u00e9gion chaque ou froide<\/b>s. Des d\u00e9cennies d&rsquo;utilisations dans l&rsquo;industrie ont d\u00e9montr\u00e9es la qualit\u00e9, les performances et durabilit\u00e9 de nos solutions technologiques utilis\u00e9es pour la fabrication des diff\u00e9rentes protections anti-inondation de notre \u00a0programme. Gr\u00e2ce \u00e0 cette ma\u00eetrise de l&#8217;emploi des divers alliages d&rsquo;aluminium nous avons \u00e9t\u00e9 pr\u00e9curseurs dans la r\u00e9alisation de barrages anti-inondations qui doivent r\u00e9pondent \u00e0 des imp\u00e9ratifs de r\u00e9sistance aux fortes pressions et de maniabilit\u00e9 pour une installation simple et rapide. Notre savoir-faire est votre garantie d&rsquo;avoir des solutions efficaces et durables dans n&rsquo;importe quelle environnement.<\/p>\n<p style=\"text-align: justify;\">Engineers, construction companies, public authorities, and individuals have trusted us for decades to protect their most valuable assets. We invite you to join our esteemed roster of clients in France, Europe, and beyond, and experience the proven quality and reliability of our<strong>\u00a0flood protection equipments<\/strong>.<\/p>\n<p>[\/vc_column_text][\/vc_column_inner][\/vc_row_inner][vc_btn title=\u00a0\u00bbDECOUVREZ PLUS SUR NOS CONCEPTIONS ET PERFORMANCES\u00a0\u00bb style=\u00a0\u00bboutline-custom\u00a0\u00bb outline_custom_color=\u00a0\u00bb#2c34a4&Prime; outline_custom_hover_background=\u00a0\u00bb#2c34a4&Prime; outline_custom_hover_text=\u00a0\u00bb#ffffff\u00a0\u00bb shape=\u00a0\u00bbsquare\u00a0\u00bb align=\u00a0\u00bbcenter\u00a0\u00bb i_icon_fontawesome=\u00a0\u00bbfas fa-drafting-compass\u00a0\u00bb css=\u00a0\u00bb.vc_custom_1739189219473{margin-top: 10px !important;margin-bottom: 50px !important;}\u00a0\u00bb add_icon=\u00a0\u00bbtrue\u00a0\u00bb link=\u00a0\u00bburl:https%3A%2F%2Fwww.bergtecprotection.com%2Ffr%2Fconception-efficacite%2F|title:Conception%20et%20Efficacit%C3%A9%20Anti-Inondation\u00a0\u00bb][\/vc_column][\/vc_row]<\/p>\n<\/div>","protected":false},"excerpt":{"rendered":"<p>[vc_row][vc_column][rev_slider_vc alias=\u00a0\u00bbhome-slider-v2-1&Prime;][\/vc_column][\/vc_row][vc_row full_width=\u00a0\u00bbstretch_row\u00a0\u00bb el_id=\u00a0\u00bbhome_quote\u00a0\u00bb el_class=\u00a0\u00bbhome_quote\u00a0\u00bb css=\u00a0\u00bb.vc_custom_1678721277877{padding-top: 30px !important;padding-bottom: 30px !important;background-color: #2c34a4 !important;}\u00a0\u00bb][vc_column width=\u00a0\u00bb4\/5&Prime;][vc_custom_heading text=\u00a0\u00bbDes barrages anti-inondation, sur-mesure, robustes et durables\u00a0\u00bb [&hellip;]<\/p>\n","protected":false},"author":2,"featured_media":0,"parent":0,"menu_order":1,"comment_status":"closed","ping_status":"closed","template":"","meta":{"footnotes":""},"class_list":["post-235","page","type-page","status-publish","hentry"],"aioseo_notices":[],"_links":{"self":[{"href":"https:\/\/www.bergtecprotection.com\/fr\/wp-json\/wp\/v2\/pages\/235","targetHints":{"allow":["GET"]}}],"collection":[{"href":"https:\/\/www.bergtecprotection.com\/fr\/wp-json\/wp\/v2\/pages"}],"about":[{"href":"https:\/\/www.bergtecprotection.com\/fr\/wp-json\/wp\/v2\/types\/page"}],"author":[{"embeddable":true,"href":"https:\/\/www.bergtecprotection.com\/fr\/wp-json\/wp\/v2\/users\/2"}],"replies":[{"embeddable":true,"href":"https:\/\/www.bergtecprotection.com\/fr\/wp-json\/wp\/v2\/comments?post=235"}],"version-history":[{"count":0,"href":"https:\/\/www.bergtecprotection.com\/fr\/wp-json\/wp\/v2\/pages\/235\/revisions"}],"wp:attachment":[{"href":"https:\/\/www.bergtecprotection.com\/fr\/wp-json\/wp\/v2\/media?parent=235"}],"curies":[{"name":"wp","href":"https:\/\/api.w.org\/{rel}","templated":true}]}}