{"id":506,"date":"2019-11-30T22:25:58","date_gmt":"2019-11-30T22:25:58","guid":{"rendered":"https:\/\/www.bergtecprotection.com\/design-performances\/installation\/"},"modified":"2020-12-22T08:47:52","modified_gmt":"2020-12-22T08:47:52","slug":"instalacion","status":"publish","type":"page","link":"https:\/\/www.bergtecprotection.com\/es\/diseno-prestaciones\/instalacion\/","title":{"rendered":"Instalaci\u00f3n de los embalses"},"content":{"rendered":"<div class=\"wpb-content-wrapper\"><p>[vc_row][vc_column][vc_custom_heading text=\u00bbInstalaci\u00f3n de los embalses\u00bb use_theme_fonts=\u00bbyes\u00bb][vc_custom_heading text=\u00bbUna gesti\u00f3n controlada del espacio\u00bb font_container=\u00bbtag:div|text_align:left\u00bb use_theme_fonts=\u00bbyes\u00bb css=\u00bb.vc_custom_1605706020797{margin-bottom: 34px !important;}\u00bb][vc_tta_tabs style=\u00bbmodern\u00bb shape=\u00bbsquare\u00bb spacing=\u00bb2&#8243; active_section=\u00bb1&#8243; css=\u00bb.vc_custom_1579979045895{margin-top: 34px !important;margin-bottom: 60px !important;}\u00bb][vc_tta_section i_icon_fontawesome=\u00bbfa fa-file-text-o\u00bb add_icon=\u00bbtrue\u00bb title=\u00bbDescripci\u00f3n\u00bb tab_id=\u00bb1579979003987-bf6b0eac-f77b7e94-6da5&#8243;][vc_column_text css=\u00bb.vc_custom_1605706274328{margin-top: 34px !important;margin-bottom: 34px !important;}\u00bb]<strong>A quickly installation thanks to:<\/strong><\/p>\n<p>1. A modular system: retention logs and supporting beams are independent from one another and are entirely removable.<\/p>\n<p>2. Manufacturing on measure with detailed drawings and nomenclature list.<\/p>\n<p>3. Light handling: Aluminium is almost 3 times lighter than steel in weight.<\/p>\n<p><strong>Assembly (dissambly) of the flood protection:<\/strong><\/p>\n<p>The installation of the flood protection can only be done on perfectly flat concrete works. For quick installation, ensure that the mounting areas have an easy and free \u00a0access to reach.<\/p>\n<p>Apart from the constraints of bringing the materials, the storage facilities into the assembly site, the only means necessary are manpower alone: the choice of the number of people will depend on the resources of the contractor and on the quantity of the protection components.<\/p>\n<p><strong>All retention logs and beams can be manipulated by hand.<\/strong><br \/>\nThe beams will be placed and fixed to the ground in \u00ab anchorage boxes\u00bb.<\/p>\n<p>Our modular system enables an effective assembly of an average of 5 mn per sqm of protection.[\/vc_column_text][\/vc_tta_section][vc_tta_section i_icon_fontawesome=\u00bbfa fa-handshake-o\u00bb add_icon=\u00bbtrue\u00bb title=\u00bbGarantizar\u00bb tab_id=\u00bb1579979985630-25d11eaf-c97d7e94-6da5&#8243;][vc_column_text css=\u00bb.vc_custom_1606225590283{margin-top: 34px !important;margin-bottom: 34px !important;}\u00bb]<\/p>\n<div class=\"t\"><strong>GARANT\u00cdAS DE MSU-BERGTEC<\/strong><\/div>\n<div class=\"s\">\n<ul>\n<li>Un \u00edndice de fuga muy bajo &lt; 2,3 litros \/ hora \/ m\u00b2<\/li>\n<li>Una instalaci\u00f3n r\u00e1pida y f\u00e1cil: 5 min \/ m\u00b2 de barrera<\/li>\n<li>Sistema m\u00f3vil\/totalmente desmontable<\/li>\n<li>Unas aleaciones con una elevada resistencia mec\u00e1nica<\/li>\n<li>Unos materiales adecuados para zonas con temperaturas extremas (probados por debajo de -60 \u00b0C)<\/li>\n<li>Ninguna necesidad de mantenimiento<\/li>\n<li>Diques fluviales con una garant\u00eda de 20 a\u00f1os<\/li>\n<\/ul>\n<\/div>\n<p>&nbsp;<\/p>\n<div class=\"t\"><strong>CONTROLAMOS TODO EL PROCESO DE FABRICACI\u00d3N A LA PERFECCI\u00d3N<\/strong><\/div>\n<div class=\"s\">\n<ul>\n<li>Protecci\u00f3n completamente fabricada con aleaciones de aluminio marino y suministrado por una compa\u00f1\u00eda internacional suiza de extrusi\u00f3n de aluminio.<\/li>\n<li>Disponemos de nuestra propia oficina de ingenieros con personal experimentado.<\/li>\n<li>A la hora de planificar la cimentaci\u00f3n sobre la que van a ir nuestros pilotes intermedios junto con nuestros clientes, nos basamos en estudios del terreno.<\/li>\n<li>Las mercanc\u00edas se entregan listas para su instalaci\u00f3n gracias a nuestra producci\u00f3n de precisi\u00f3n milim\u00e9trica.<\/li>\n<li>Gracias a nuestra amplia experiencia acumulada desde 1970, podemos idear y proporcionar el mejor sistema de protecci\u00f3n contra las inundaciones adaptado a SUS necesidades!<\/li>\n<\/ul>\n<\/div>\n<p>[\/vc_column_text][\/vc_tta_section][\/vc_tta_tabs][\/vc_column][\/vc_row]<\/p>\n<\/div>","protected":false},"excerpt":{"rendered":"<p>[vc_row][vc_column][vc_custom_heading text=\u00bbInstalaci\u00f3n de los embalses\u00bb use_theme_fonts=\u00bbyes\u00bb][vc_custom_heading text=\u00bbUna gesti\u00f3n controlada del espacio\u00bb font_container=\u00bbtag:div|text_align:left\u00bb use_theme_fonts=\u00bbyes\u00bb css=\u00bb.vc_custom_1605706020797{margin-bottom: 34px !important;}\u00bb][vc_tta_tabs style=\u00bbmodern\u00bb shape=\u00bbsquare\u00bb spacing=\u00bb2&#8243; active_section=\u00bb1&#8243; [&hellip;]<\/p>\n","protected":false},"author":2,"featured_media":0,"parent":494,"menu_order":4,"comment_status":"closed","ping_status":"closed","template":"","meta":{"footnotes":""},"class_list":["post-506","page","type-page","status-publish","hentry"],"aioseo_notices":[],"_links":{"self":[{"href":"https:\/\/www.bergtecprotection.com\/es\/wp-json\/wp\/v2\/pages\/506","targetHints":{"allow":["GET"]}}],"collection":[{"href":"https:\/\/www.bergtecprotection.com\/es\/wp-json\/wp\/v2\/pages"}],"about":[{"href":"https:\/\/www.bergtecprotection.com\/es\/wp-json\/wp\/v2\/types\/page"}],"author":[{"embeddable":true,"href":"https:\/\/www.bergtecprotection.com\/es\/wp-json\/wp\/v2\/users\/2"}],"replies":[{"embeddable":true,"href":"https:\/\/www.bergtecprotection.com\/es\/wp-json\/wp\/v2\/comments?post=506"}],"version-history":[{"count":0,"href":"https:\/\/www.bergtecprotection.com\/es\/wp-json\/wp\/v2\/pages\/506\/revisions"}],"up":[{"embeddable":true,"href":"https:\/\/www.bergtecprotection.com\/es\/wp-json\/wp\/v2\/pages\/494"}],"wp:attachment":[{"href":"https:\/\/www.bergtecprotection.com\/es\/wp-json\/wp\/v2\/media?parent=506"}],"curies":[{"name":"wp","href":"https:\/\/api.w.org\/{rel}","templated":true}]}}