{"id":503,"date":"2019-11-30T22:25:58","date_gmt":"2019-11-30T22:25:58","guid":{"rendered":"https:\/\/www.bergtecprotection.com\/design-performances\/integration-foundation\/"},"modified":"2020-12-22T08:46:26","modified_gmt":"2020-12-22T08:46:26","slug":"integracion-cimentacion","status":"publish","type":"page","link":"https:\/\/www.bergtecprotection.com\/es\/diseno-prestaciones\/integracion-cimentacion\/","title":{"rendered":"Integraci\u00f3n y cimentaci\u00f3n"},"content":{"rendered":"<div class=\"wpb-content-wrapper\"><p>[vc_row][vc_column][vc_custom_heading text=\u00bbIntegraci\u00f3n y cimentaci\u00f3n\u00bb use_theme_fonts=\u00bbyes\u00bb][vc_custom_heading text=\u00bb\u00bb font_container=\u00bbtag:div|text_align:left\u00bb use_theme_fonts=\u00bbyes\u00bb][vc_tta_tabs style=\u00bbmodern\u00bb shape=\u00bbsquare\u00bb spacing=\u00bb2&#8243; active_section=\u00bb1&#8243; css=\u00bb.vc_custom_1579979045895{margin-top: 34px !important;margin-bottom: 60px !important;}\u00bb][vc_tta_section i_icon_fontawesome=\u00bbfa fa-file-text-o\u00bb add_icon=\u00bbtrue\u00bb title=\u00bbDescripci\u00f3n\u00bb tab_id=\u00bb1579979003987-bf6b0eac-f77b2320-2ba6&#8243;][vc_column_text css=\u00bb.vc_custom_1605706619783{margin-top: 34px !important;margin-bottom: 34px !important;}\u00bb]<strong>Integraci\u00f3n y cimentaci\u00f3n<\/strong><\/p>\n<p>Cuando los diques deben implementarse en largos tramos, se utilizan vigas en I como soporte intermedio. Estos elementos son esenciales porque deben soportan una parte considerable de la tensi\u00f3n (hidr\u00e1ulica) que recibe la base de la viga en I. La metodolog\u00eda empleada para fijar el pilote resulta crucial dado el efecto multiplicador de las grandes cargas aplicadas en ciertas situaciones.<\/p>\n<p>As\u00ed pues, las dimensiones del anclaje de la caja o placa base de fijaci\u00f3n deben ajustarse tras efectuar un c\u00e1lculo de resistencia preciso.<\/p>\n<p>En general, el terreno bajo los diques no puede soportar la elevada tensi\u00f3n transmitida por las protecciones (metalurgia), por lo que debe construirse una cimentaci\u00f3n con barras de refuerzo para contrarrestar la presi\u00f3n del agua. Por ejemplo, X toneladas de estr\u00e9s h\u00eddrico precisan el \u201cvertido\u201d de X toneladas de hormig\u00f3n.<\/p>\n<p>Cada sitio requerir\u00e1 una soluci\u00f3n espec\u00edfica en t\u00e9rminos de grado de fijaci\u00f3n de la caja o placa base y el tama\u00f1o de la cimentaci\u00f3n.<\/p>\n<p>Los cimientos se configurar\u00e1n en funci\u00f3n de la naturaleza del subsuelo y la profundidad disponible. Gracias a nuestra dilatada experiencia e iniciativas de colaboraci\u00f3n, le ayudaremos a encontrar la soluci\u00f3n adecuada.[\/vc_column_text][\/vc_tta_section][vc_tta_section i_icon_fontawesome=\u00bbfa fa-handshake-o\u00bb add_icon=\u00bbtrue\u00bb title=\u00bbGarantizar\u00bb tab_id=\u00bb1579979985630-25d11eaf-c97d2320-2ba6&#8243;][vc_column_text css=\u00bb.vc_custom_1606224865423{margin-top: 34px !important;margin-bottom: 34px !important;}\u00bb]<\/p>\n<div class=\"t\"><strong>GARANT\u00cdAS DE MSU-BERGTEC<\/strong><\/div>\n<div class=\"s\">\n<ul>\n<li>Un \u00edndice de fuga muy bajo &lt; 2,3 litros \/ hora \/ m\u00b2<\/li>\n<li>Una instalaci\u00f3n r\u00e1pida y f\u00e1cil: 5 min \/ m\u00b2 de barrera<\/li>\n<li>Sistema m\u00f3vil\/totalmente desmontable<\/li>\n<li>Unas aleaciones con una elevada resistencia mec\u00e1nica<\/li>\n<li>Unos materiales adecuados para zonas con temperaturas extremas (probados por debajo de -60 \u00b0C)<\/li>\n<li>Ninguna necesidad de mantenimiento<\/li>\n<li>Diques fluviales con una garant\u00eda de 20 a\u00f1os<\/li>\n<\/ul>\n<\/div>\n<p>&nbsp;<\/p>\n<div class=\"t\"><strong>CONTROLAMOS TODO EL PROCESO DE FABRICACI\u00d3N A LA PERFECCI\u00d3N<\/strong><\/div>\n<div class=\"s\">\n<ul>\n<li>Protecci\u00f3n completamente fabricada con aleaciones de aluminio marino y suministrado por una compa\u00f1\u00eda internacional suiza de extrusi\u00f3n de aluminio.<\/li>\n<li>Disponemos de nuestra propia oficina de ingenieros con personal experimentado.<\/li>\n<li>A la hora de planificar la cimentaci\u00f3n sobre la que van a ir nuestros pilotes intermedios junto con nuestros clientes, nos basamos en estudios del terreno.<\/li>\n<li>Las mercanc\u00edas se entregan listas para su instalaci\u00f3n gracias a nuestra producci\u00f3n de precisi\u00f3n milim\u00e9trica.<\/li>\n<li>Gracias a nuestra amplia experiencia acumulada desde 1970, podemos idear y proporcionar el mejor sistema de protecci\u00f3n contra las inundaciones adaptado a SUS necesidades!<\/li>\n<\/ul>\n<\/div>\n<p>[\/vc_column_text][\/vc_tta_section][vc_tta_section i_icon_fontawesome=\u00bbfa fa-picture-o\u00bb add_icon=\u00bbtrue\u00bb title=\u00bbGaler\u00eda\u00bb tab_id=\u00bb1579979004025-7d17bdc9-51742320-2ba6&#8243;][vc_masonry_media_grid item=\u00bbmasonryMedia_SlideTop\u00bb initial_loading_animation=\u00bbfadeIn\u00bb grid_id=\u00bbvc_gid:1606224787132-93d6efb2-67d4-2&#8243; include=\u00bb773,774,775,751,749,747&#8243; css=\u00bb.vc_custom_1581533646705{margin-top: 60px !important;margin-bottom: 60px !important;}\u00bb][\/vc_tta_section][\/vc_tta_tabs][\/vc_column][\/vc_row]<\/p>\n<\/div>","protected":false},"excerpt":{"rendered":"<p>[vc_row][vc_column][vc_custom_heading text=\u00bbIntegraci\u00f3n y cimentaci\u00f3n\u00bb use_theme_fonts=\u00bbyes\u00bb][vc_custom_heading text=\u00bb\u00bb font_container=\u00bbtag:div|text_align:left\u00bb use_theme_fonts=\u00bbyes\u00bb][vc_tta_tabs style=\u00bbmodern\u00bb shape=\u00bbsquare\u00bb spacing=\u00bb2&#8243; active_section=\u00bb1&#8243; css=\u00bb.vc_custom_1579979045895{margin-top: 34px !important;margin-bottom: 60px !important;}\u00bb][vc_tta_section i_icon_fontawesome=\u00bbfa fa-file-text-o\u00bb add_icon=\u00bbtrue\u00bb [&hellip;]<\/p>\n","protected":false},"author":2,"featured_media":0,"parent":494,"menu_order":3,"comment_status":"closed","ping_status":"closed","template":"","meta":{"footnotes":""},"class_list":["post-503","page","type-page","status-publish","hentry"],"aioseo_notices":[],"_links":{"self":[{"href":"https:\/\/www.bergtecprotection.com\/es\/wp-json\/wp\/v2\/pages\/503","targetHints":{"allow":["GET"]}}],"collection":[{"href":"https:\/\/www.bergtecprotection.com\/es\/wp-json\/wp\/v2\/pages"}],"about":[{"href":"https:\/\/www.bergtecprotection.com\/es\/wp-json\/wp\/v2\/types\/page"}],"author":[{"embeddable":true,"href":"https:\/\/www.bergtecprotection.com\/es\/wp-json\/wp\/v2\/users\/2"}],"replies":[{"embeddable":true,"href":"https:\/\/www.bergtecprotection.com\/es\/wp-json\/wp\/v2\/comments?post=503"}],"version-history":[{"count":0,"href":"https:\/\/www.bergtecprotection.com\/es\/wp-json\/wp\/v2\/pages\/503\/revisions"}],"up":[{"embeddable":true,"href":"https:\/\/www.bergtecprotection.com\/es\/wp-json\/wp\/v2\/pages\/494"}],"wp:attachment":[{"href":"https:\/\/www.bergtecprotection.com\/es\/wp-json\/wp\/v2\/media?parent=503"}],"curies":[{"name":"wp","href":"https:\/\/api.w.org\/{rel}","templated":true}]}}