{"id":500,"date":"2019-11-30T22:25:58","date_gmt":"2019-11-30T22:25:58","guid":{"rendered":"https:\/\/www.bergtecprotection.com\/design-performances\/resistance-water-tightness\/"},"modified":"2020-12-11T10:57:54","modified_gmt":"2020-12-11T10:57:54","slug":"resistencia-estanqueidad","status":"publish","type":"page","link":"https:\/\/www.bergtecprotection.com\/es\/diseno-prestaciones\/resistencia-estanqueidad\/","title":{"rendered":"Resistencia y estanqueidad"},"content":{"rendered":"<div class=\"wpb-content-wrapper\"><p>[vc_row][vc_column][vc_custom_heading text=\u00bbResistencia y estanqueidad\u00bb use_theme_fonts=\u00bbyes\u00bb][vc_custom_heading text=\u00bbPruebas de estanqueidad conforme a las normas ISO\/EU\u00bb font_container=\u00bbtag:div|text_align:left\u00bb use_theme_fonts=\u00bbyes\u00bb][vc_tta_tabs style=\u00bbmodern\u00bb shape=\u00bbsquare\u00bb spacing=\u00bb2&#8243; active_section=\u00bb1&#8243; css=\u00bb.vc_custom_1579979045895{margin-top: 34px !important;margin-bottom: 60px !important;}\u00bb][vc_tta_section i_icon_fontawesome=\u00bbfa fa-file-text-o\u00bb add_icon=\u00bbtrue\u00bb title=\u00bbDescripci\u00f3n\u00bb tab_id=\u00bb1579979003987-bf6b0eac-f77b4ff2-354b\u00bb][vc_column_text css=\u00bb.vc_custom_1605707272905{margin-top: 34px !important;margin-bottom: 34px !important;}\u00bb]<br \/>\n<strong>Estanqueidad al agua de nuestro programa de construcci\u00f3n de diques.<\/strong><\/p>\n<p>Hasta la fecha, a\u00fan no se dispon\u00eda de ninguna norma espec\u00edfica ni de un \u00edndice de fuga m\u00e1ximo determinado de forma espec\u00edfica para los diques.<\/p>\n<p>Sin embargo, se ha convenido de com\u00fan acuerdo utilizar la norma alemana DIN 19569-4 que determina un \u00edndice de fuga m\u00e1ximo para los \u201cdispositivos hidr\u00e1ulicos\u201d. Esta norma divide estos elementos en 5 clases distintas con un \u00edndice de fuga m\u00e1ximo permitido, calculado en \u201clitros por segundo y por metro lineal de junta\u201d. Las 5 clases de productos, desde el valor de fuga m\u00e1ximo admisible al m\u00ednimo, son los siguientes: atagu\u00eda, m\u00e1x. 1,0 litros (1), tablestacado, m\u00e1x. 0,3 litros (2), v\u00e1lvula de retenci\u00f3n y v\u00e1lvula reguladora de la compuerta, m\u00e1x. 0,1 litros (3), conducto deslizante, m\u00e1x. 0,05 litros (4), y el resto de elementos con un dise\u00f1o especial por encargo (5), m\u00e1x. 0,02 litros.<\/p>\n<p>En vista de que las soluciones de protecci\u00f3n contra las inundaciones deben ser lo m\u00e1s herm\u00e9ticas posible y tras una amplia labor de I+D, hemos conseguido minimizar el \u00edndice de fuga por debajo de los 3 litros\/hora\/m\u00b2 de protecci\u00f3n, lo que equivale a una estanqueidad 10 veces superior a la de la clase 5 de la norma DIN (ver prueba APAVE).<\/p>\n<p>La estanqueidad de nuestros diques es el resultado de una fabricaci\u00f3n resistente, con una tolerancia de fabricaci\u00f3n baja (+\/- 1mm), y de un dise\u00f1o de sellos especialmente elaborado que se adapta perfectamente a los perfiles optimizados.<\/p>\n<p>1. Puesto que contribuyen a mantener unos niveles muy peque\u00f1os de tolerancia de montaje, le hemos prestado una especial atenci\u00f3n a la geometr\u00eda de las distintas juntas, reduciendo al m\u00e1ximo el riesgo de fugas.<\/p>\n<p>2. La calidad del material EPDM y el proceso de fabricaci\u00f3n por extrusi\u00f3n garantizan la resistencia de las juntas sellantes contra:<\/p>\n<p>3. \u00a0Una fricci\u00f3n reiterada e inesperada<\/p>\n<p>4. \u00a0Desgarros accidentales (golpes durante la manipulaci\u00f3n&#8230;)<\/p>\n<p>5. \u00a0 Corrosi\u00f3n por el contacto con las aguas fluviales o de otro tipo (aguas residuales&#8230;)<\/p>\n<p>6. \u00a0Envejecimiento bajo la acci\u00f3n de los rayos UV, que alteran sus propiedades mec\u00e1nicas.<\/p>\n<p><strong>Resistencia mec\u00e1nica<\/strong><\/p>\n<p>Todos nuestros equipos se dise\u00f1an y fabrican conforme a:<\/p>\n<ul>\n<li>Las normas ISO EN 1090, AL76 \/ EUROCODE<\/li>\n<li>El m\u00e9todo de c\u00e1lculo y la fabricaci\u00f3n de la metalister\u00eda del aluminio cumplen con los requisitos de los Documentos T\u00e9cnicos Unificados (normas generales sobre la construcci\u00f3n del metal) as\u00ed como con la reglamentaci\u00f3n adicional de la norma \u201cAL76\u201d para las obras con aluminio.<\/li>\n<\/ul>\n<p><strong>Una estanqueidad \u00f3ptima, garantizada por varias pruebas,<\/strong><strong>\u00a0como se detalla a continuaci\u00f3n:<\/strong><\/p>\n<p>1. Ensayos en la f\u00e1brica, en nuestro banco de pruebas (dep\u00f3sito de agua), certificadas por un organismo de inspecci\u00f3n oficial (APAVE)<\/p>\n<p>2. Construcci\u00f3n de un sumidero in situ para el hom\u00f3logo de la autoridad p\u00fablica, con unas dimensiones de 4 x 1 x 1 m. Instalaci\u00f3n de la protecci\u00f3n de la \u201cbarrera con unos pilotes de soporte intermedio\u201d. Revisi\u00f3n de las fugas por parte de nuestro cliente y el Departamento de Ingenier\u00eda empleado por el contratista general.<\/p>\n<p>3. Pruebas en el laboratorio oficial al lado del centro franc\u00e9s C.S.T.B. dedicado al an\u00e1lisis cient\u00edfico y t\u00e9cnico para obras con hormig\u00f3n ubicado en Marne-la-Vall\u00e9e (regi\u00f3n de Par\u00eds) y a nombre del ministerio franc\u00e9s de medio ambiente y desarrollo sostenible.[\/vc_column_text][\/vc_tta_section][vc_tta_section i_icon_fontawesome=\u00bbfa fa-handshake-o\u00bb add_icon=\u00bbtrue\u00bb title=\u00bbGarantizar\u00bb tab_id=\u00bb1579979985630-25d11eaf-c97d4ff2-354b\u00bb][vc_column_text css=\u00bb.vc_custom_1606224759566{margin-top: 34px !important;margin-bottom: 34px !important;}\u00bb]<\/p>\n<div class=\"t\"><strong>GARANT\u00cdAS DE MSU-BERGTEC<\/strong><\/div>\n<div class=\"s\">\n<ul>\n<li>Un \u00edndice de fuga muy bajo &lt; 2,3 litros \/ hora \/ m\u00b2<\/li>\n<li>Una instalaci\u00f3n r\u00e1pida y f\u00e1cil: 5 min \/ m\u00b2 de barrera<\/li>\n<li>Sistema m\u00f3vil\/totalmente desmontable<\/li>\n<li>Unas aleaciones con una elevada resistencia mec\u00e1nica<\/li>\n<li>Unos materiales adecuados para zonas con temperaturas extremas (probados por debajo de -60 \u00b0C)<\/li>\n<li>Ninguna necesidad de mantenimiento<\/li>\n<li>Diques fluviales con una garant\u00eda de 20 a\u00f1os<\/li>\n<\/ul>\n<\/div>\n<p>&nbsp;<\/p>\n<div class=\"t\"><strong>CONTROLAMOS TODO EL PROCESO DE FABRICACI\u00d3N A LA PERFECCI\u00d3N<\/strong><\/div>\n<div class=\"s\">\n<ul>\n<li>Protecci\u00f3n completamente fabricada con aleaciones de aluminio marino y suministrado por una compa\u00f1\u00eda internacional suiza de extrusi\u00f3n de aluminio.<\/li>\n<li>Disponemos de nuestra propia oficina de ingenieros con personal experimentado.<\/li>\n<li>A la hora de planificar la cimentaci\u00f3n sobre la que van a ir nuestros pilotes intermedios junto con nuestros clientes, nos basamos en estudios del terreno.<\/li>\n<li>Las mercanc\u00edas se entregan listas para su instalaci\u00f3n gracias a nuestra producci\u00f3n de precisi\u00f3n milim\u00e9trica.<\/li>\n<li>Gracias a nuestra amplia experiencia acumulada desde 1970, podemos idear y proporcionar el mejor sistema de protecci\u00f3n contra las inundaciones adaptado a SUS necesidades!<\/li>\n<\/ul>\n<\/div>\n<p>[\/vc_column_text][\/vc_tta_section][vc_tta_section i_icon_fontawesome=\u00bbfa fa-picture-o\u00bb add_icon=\u00bbtrue\u00bb title=\u00bbGaler\u00eda\u00bb tab_id=\u00bb1579979004025-7d17bdc9-51744ff2-354b\u00bb][vc_masonry_media_grid item=\u00bbmasonryMedia_SlideTop\u00bb initial_loading_animation=\u00bbfadeIn\u00bb grid_id=\u00bbvc_gid:1606224712949-38b2b4e7-1cd0-10&#8243; include=\u00bb767,768,770,769&#8243; css=\u00bb.vc_custom_1581533593143{margin-top: 60px !important;margin-bottom: 60px !important;}\u00bb][\/vc_tta_section][\/vc_tta_tabs][\/vc_column][\/vc_row]<\/p>\n<\/div>","protected":false},"excerpt":{"rendered":"<p>[vc_row][vc_column][vc_custom_heading text=\u00bbResistencia y estanqueidad\u00bb use_theme_fonts=\u00bbyes\u00bb][vc_custom_heading text=\u00bbPruebas de estanqueidad conforme a las normas ISO\/EU\u00bb font_container=\u00bbtag:div|text_align:left\u00bb use_theme_fonts=\u00bbyes\u00bb][vc_tta_tabs style=\u00bbmodern\u00bb shape=\u00bbsquare\u00bb spacing=\u00bb2&#8243; active_section=\u00bb1&#8243; css=\u00bb.vc_custom_1579979045895{margin-top: [&hellip;]<\/p>\n","protected":false},"author":2,"featured_media":0,"parent":494,"menu_order":2,"comment_status":"closed","ping_status":"closed","template":"","meta":{"footnotes":""},"class_list":["post-500","page","type-page","status-publish","hentry"],"aioseo_notices":[],"_links":{"self":[{"href":"https:\/\/www.bergtecprotection.com\/es\/wp-json\/wp\/v2\/pages\/500","targetHints":{"allow":["GET"]}}],"collection":[{"href":"https:\/\/www.bergtecprotection.com\/es\/wp-json\/wp\/v2\/pages"}],"about":[{"href":"https:\/\/www.bergtecprotection.com\/es\/wp-json\/wp\/v2\/types\/page"}],"author":[{"embeddable":true,"href":"https:\/\/www.bergtecprotection.com\/es\/wp-json\/wp\/v2\/users\/2"}],"replies":[{"embeddable":true,"href":"https:\/\/www.bergtecprotection.com\/es\/wp-json\/wp\/v2\/comments?post=500"}],"version-history":[{"count":0,"href":"https:\/\/www.bergtecprotection.com\/es\/wp-json\/wp\/v2\/pages\/500\/revisions"}],"up":[{"embeddable":true,"href":"https:\/\/www.bergtecprotection.com\/es\/wp-json\/wp\/v2\/pages\/494"}],"wp:attachment":[{"href":"https:\/\/www.bergtecprotection.com\/es\/wp-json\/wp\/v2\/media?parent=500"}],"curies":[{"name":"wp","href":"https:\/\/api.w.org\/{rel}","templated":true}]}}