{"id":494,"date":"2019-11-30T22:25:58","date_gmt":"2019-11-30T22:25:58","guid":{"rendered":"https:\/\/www.bergtecprotection.com\/design-performances\/"},"modified":"2020-12-10T13:22:38","modified_gmt":"2020-12-10T13:22:38","slug":"diseno-prestaciones","status":"publish","type":"page","link":"https:\/\/www.bergtecprotection.com\/es\/diseno-prestaciones\/","title":{"rendered":"Dise\u00f1o y Prestaciones"},"content":{"rendered":"<div class=\"wpb-content-wrapper\"><p>[vc_row][vc_column][vc_custom_heading text=\u00bbMETAL-WORKS\u00bb font_container=\u00bbtag:div|font_size:15|text_align:center|color:%23878787&#8243; use_theme_fonts=\u00bbyes\u00bb el_class=\u00bbour_services_heading1&#8243;][vc_custom_heading text=\u00bbDise\u00f1o y prestaciones\u00bb font_container=\u00bbtag:h2|font_size:36|text_align:center|color:%23000000&#8243; use_theme_fonts=\u00bbyes\u00bb el_class=\u00bbour_services_heading2&#8243; css=\u00bb.vc_custom_1580067718153{margin-bottom: 30px !important;}\u00bb][vc_column_text css=\u00bb.vc_custom_1604582687616{margin-bottom: 30px !important;}\u00bb]<br \/>\nNuestro programa de protecci\u00f3n contra las inundaciones emplea principalmente selectas aleaciones de aluminio marino que ofrecen resistencia a la corrosi\u00f3n, incluso en los entornos agresivos menos favorables. Adem\u00e1s, las piezas se fabrican con perfiles extruidos en caliente u hojas laminadas, a los que se les da un tratamiento t\u00e9rmico adicional para su endurecimiento. Tanto los perfiles como las hojas presentan una excelente capacidad de soldadura.<\/p>\n<p><strong>\u00bfPor qu\u00e9 hemos elegido la aleaci\u00f3n de aluminio?<\/strong><\/p>\n<p>La moderna transformaci\u00f3n del aluminio de hoy en d\u00eda ofrece una gran variedad de perfiles (distintas formas y tama\u00f1os), adecuados para soportar varias condiciones de tensi\u00f3n o satisfacer ciertos requisitos de ingenier\u00eda, adem\u00e1s de presentar una excelente resistencia qu\u00edmica a la corrosi\u00f3n. Entre sus numerosas aplicaciones, se incluyen la industria del motor y la aeron\u00e1utica. La industria de las aguas residuales, por su parte, tambi\u00e9n lleva muchos a\u00f1os utilizando el aluminio de forma generalizada.<\/p>\n<p><strong>Principios generales:<\/strong><\/p>\n<p>Las aleaciones de aluminio se obtienen a partir de aluminio puro (aproximadamente el 97%), al que se a\u00f1aden varios componentes, en medidas espec\u00edficas, controladas por las normas internacionales. Entre ellos, destacamos el magnesio (Mg), el silicio (Si), el manganeso (Mn) y el cobre (Cu).<\/p>\n<p>BERGTEC-MSU cuenta con el respaldo de su principal proveedor de aluminio, con sede en Suiza, con el que lleva tiempo colaborando ya que le garantiza el m\u00e1ximo nivel de calidad en la fabricaci\u00f3n, en t\u00e9rminos de precisi\u00f3n y rendimiento.\u00a0 Adem\u00e1s, la extrusora suiza es una sociedad 100% ecol\u00f3gica que recicla m\u00e1s del 80% de sus residuos de extrusi\u00f3n, reduciendo as\u00ed sustancialmente su \u201chuella de carbono\u201d.<\/p>\n<p>Sus garant\u00edas: los elementos de protecci\u00f3n contra las inundaciones se dise\u00f1an y producen seg\u00fan las normas ISO y europeas, adem\u00e1s de imponerse una flecha bajo carga m\u00e1xima (para garantizar la excelente estanqueidad al agua).<\/p>\n<p>Desde 1970, contamos con una excelente trayectoria en dise\u00f1o y construcci\u00f3n, adem\u00e1s de experiencia en la prestaci\u00f3n de un servicio completo de ingenier\u00eda, garantizado por nuestro propio departamento t\u00e9cnico, compuesto por un equipo de ingenieros que trabajan con el \u00faltimo software CAD en 3D.<br \/>\n[\/vc_column_text][vc_raw_html]W2Vzc19ncmlkIGFsaWFzPSJncmlkLTQiXQ==[\/vc_raw_html][vc_raw_html css=\u00bb.vc_custom_1580071296324{padding-top: 5px !important;}\u00bb]W2Vzc19ncmlkIGFsaWFzPSJncmlkLTUiXQ==[\/vc_raw_html][vc_empty_space height=\u00bb60px\u00bb][\/vc_column][\/vc_row]<\/p>\n<\/div>","protected":false},"excerpt":{"rendered":"<p>RESISTENCIA Y ESTANQUEIDAD TESTADAS Y GARANTIZADAS. <\/p>\n","protected":false},"author":2,"featured_media":0,"parent":0,"menu_order":9,"comment_status":"closed","ping_status":"closed","template":"","meta":{"footnotes":""},"class_list":["post-494","page","type-page","status-publish","hentry"],"aioseo_notices":[],"_links":{"self":[{"href":"https:\/\/www.bergtecprotection.com\/es\/wp-json\/wp\/v2\/pages\/494","targetHints":{"allow":["GET"]}}],"collection":[{"href":"https:\/\/www.bergtecprotection.com\/es\/wp-json\/wp\/v2\/pages"}],"about":[{"href":"https:\/\/www.bergtecprotection.com\/es\/wp-json\/wp\/v2\/types\/page"}],"author":[{"embeddable":true,"href":"https:\/\/www.bergtecprotection.com\/es\/wp-json\/wp\/v2\/users\/2"}],"replies":[{"embeddable":true,"href":"https:\/\/www.bergtecprotection.com\/es\/wp-json\/wp\/v2\/comments?post=494"}],"version-history":[{"count":0,"href":"https:\/\/www.bergtecprotection.com\/es\/wp-json\/wp\/v2\/pages\/494\/revisions"}],"wp:attachment":[{"href":"https:\/\/www.bergtecprotection.com\/es\/wp-json\/wp\/v2\/media?parent=494"}],"curies":[{"name":"wp","href":"https:\/\/api.w.org\/{rel}","templated":true}]}}