{"id":491,"date":"2019-11-30T22:25:58","date_gmt":"2019-11-30T22:25:58","guid":{"rendered":"https:\/\/www.bergtecprotection.com\/handling-accessories\/maintenance-and-replacement-parts\/"},"modified":"2020-12-11T10:55:48","modified_gmt":"2020-12-11T10:55:48","slug":"piezas-repuesto-mantenimiento","status":"publish","type":"page","link":"https:\/\/www.bergtecprotection.com\/es\/manipulacion-accesorios\/piezas-repuesto-mantenimiento\/","title":{"rendered":"Piezas de repuesto y mantenimiento"},"content":{"rendered":"<div class=\"wpb-content-wrapper\"><p>[vc_row][vc_column][vc_custom_heading text=\u00bbPiezas de repuesto y mantenimiento\u00bb use_theme_fonts=\u00bbyes\u00bb][vc_custom_heading text=\u00bb\u00a1Ninguna necesidad de mantenimiento!\u00bb font_container=\u00bbtag:div|text_align:left\u00bb use_theme_fonts=\u00bbyes\u00bb][vc_tta_tabs style=\u00bbmodern\u00bb shape=\u00bbsquare\u00bb spacing=\u00bb2&#8243; active_section=\u00bb1&#8243; css=\u00bb.vc_custom_1579979045895{margin-top: 34px !important;margin-bottom: 60px !important;}\u00bb][vc_tta_section i_icon_fontawesome=\u00bbfa fa-file-text-o\u00bb add_icon=\u00bbtrue\u00bb title=\u00bbDescripci\u00f3n\u00bb tab_id=\u00bb1579979003987-bf6b0eac-f77b25dd-1395&#8243;][vc_column_text css=\u00bb.vc_custom_1605707617504{margin-top: 34px !important;margin-bottom: 34px !important;}\u00bb]Dada la gran resistencia a la corrosi\u00f3n que presentan nuestras aleaciones de aluminio, en principio, no es necesario realizar ning\u00fan mantenimiento, ni siquiera engrasar o apretar piezas. Lo \u00fanico que debe preverse es el lavado a presi\u00f3n del equipo cuando se mancha de barro o cualquier otra materia.<\/p>\n<p>Aparte de las juntas, en condiciones normales de uso, el resto de materiales empleados durante la fabricaci\u00f3n de nuestros diques no se ve afectado por la corrosi\u00f3n o el desgaste. Obviamente, cuando los componentes del dique m\u00f3vil se utilizan mal (manipulaci\u00f3n o almacenamiento sin precauciones&#8230;)\u00a0 o se le da un uso inapropiado al producto con respecto al fin para el que se ha dise\u00f1ado (por ejemplo, recibe impactos o colisiones de veh\u00edculos de ruedas o a flote, restos flotantes, etc.), puede resultar necesario sustituir ciertas piezas debido al da\u00f1o ocasionado.<\/p>\n<p>Las juntas de estanqueidad, que sufren los efectos de la desecaci\u00f3n y el envejecimiento bajo la acci\u00f3n de los rayos UV, deben revisarse anualmente y de ser necesario, reemplazarse tras un per\u00edodo de 10 a\u00f1os. La presencia de fisuras o grietas es un indicio de este envejecimiento, lo que reducir\u00e1 sus propiedades mec\u00e1nicas y, por ende su estanqueidad al agua.<\/p>\n<p>En cualquier caso, el equipo debe almacenarse en una zona cubierta.[\/vc_column_text][\/vc_tta_section][vc_tta_section i_icon_fontawesome=\u00bbfa fa-handshake-o\u00bb add_icon=\u00bbtrue\u00bb title=\u00bbGarantizar\u00bb tab_id=\u00bb1579979985630-25d11eaf-c97d25dd-1395&#8243;][vc_column_text css=\u00bb.vc_custom_1606224564018{margin-top: 34px !important;margin-bottom: 34px !important;}\u00bb]<\/p>\n<div class=\"t\"><strong>GARANT\u00cdAS DE MSU-BERGTEC<\/strong><\/div>\n<div class=\"s\">\n<ul>\n<li>Un \u00edndice de fuga muy bajo &lt; 2,3 litros \/ hora \/ m\u00b2<\/li>\n<li>Una instalaci\u00f3n r\u00e1pida y f\u00e1cil: 5 min \/ m\u00b2 de barrera<\/li>\n<li>Sistema m\u00f3vil\/totalmente desmontable<\/li>\n<li>Unas aleaciones con una elevada resistencia mec\u00e1nica<\/li>\n<li>Unos materiales adecuados para zonas con temperaturas extremas (probados por debajo de -60 \u00b0C)<\/li>\n<li>Ninguna necesidad de mantenimiento<\/li>\n<li>Diques fluviales con una garant\u00eda de 20 a\u00f1os<\/li>\n<\/ul>\n<\/div>\n<p>&nbsp;<\/p>\n<div class=\"t\"><strong>CONTROLAMOS TODO EL PROCESO DE FABRICACI\u00d3N A LA PERFECCI\u00d3N<\/strong><\/div>\n<div class=\"s\">\n<ul>\n<li>Protecci\u00f3n completamente fabricada con aleaciones de aluminio marino y suministrado por una compa\u00f1\u00eda internacional suiza de extrusi\u00f3n de aluminio.<\/li>\n<li>Disponemos de nuestra propia oficina de ingenieros con personal experimentado.<\/li>\n<li>A la hora de planificar la cimentaci\u00f3n sobre la que van a ir nuestros pilotes intermedios junto con nuestros clientes, nos basamos en estudios del terreno.<\/li>\n<li>Las mercanc\u00edas se entregan listas para su instalaci\u00f3n gracias a nuestra producci\u00f3n de precisi\u00f3n milim\u00e9trica.<\/li>\n<li>Gracias a nuestra amplia experiencia acumulada desde 1970, podemos idear y proporcionar el mejor sistema de protecci\u00f3n contra las inundaciones adaptado a SUS necesidades!<\/li>\n<\/ul>\n<\/div>\n<p>[\/vc_column_text][\/vc_tta_section][\/vc_tta_tabs][\/vc_column][\/vc_row]<\/p>\n<\/div>","protected":false},"excerpt":{"rendered":"<p>[vc_row][vc_column][vc_custom_heading text=\u00bbPiezas de repuesto y mantenimiento\u00bb use_theme_fonts=\u00bbyes\u00bb][vc_custom_heading text=\u00bb\u00a1Ninguna necesidad de mantenimiento!\u00bb font_container=\u00bbtag:div|text_align:left\u00bb use_theme_fonts=\u00bbyes\u00bb][vc_tta_tabs style=\u00bbmodern\u00bb shape=\u00bbsquare\u00bb spacing=\u00bb2&#8243; active_section=\u00bb1&#8243; css=\u00bb.vc_custom_1579979045895{margin-top: 34px !important;margin-bottom: [&hellip;]<\/p>\n","protected":false},"author":2,"featured_media":0,"parent":482,"menu_order":3,"comment_status":"closed","ping_status":"closed","template":"","meta":{"footnotes":""},"class_list":["post-491","page","type-page","status-publish","hentry"],"aioseo_notices":[],"_links":{"self":[{"href":"https:\/\/www.bergtecprotection.com\/es\/wp-json\/wp\/v2\/pages\/491","targetHints":{"allow":["GET"]}}],"collection":[{"href":"https:\/\/www.bergtecprotection.com\/es\/wp-json\/wp\/v2\/pages"}],"about":[{"href":"https:\/\/www.bergtecprotection.com\/es\/wp-json\/wp\/v2\/types\/page"}],"author":[{"embeddable":true,"href":"https:\/\/www.bergtecprotection.com\/es\/wp-json\/wp\/v2\/users\/2"}],"replies":[{"embeddable":true,"href":"https:\/\/www.bergtecprotection.com\/es\/wp-json\/wp\/v2\/comments?post=491"}],"version-history":[{"count":0,"href":"https:\/\/www.bergtecprotection.com\/es\/wp-json\/wp\/v2\/pages\/491\/revisions"}],"up":[{"embeddable":true,"href":"https:\/\/www.bergtecprotection.com\/es\/wp-json\/wp\/v2\/pages\/482"}],"wp:attachment":[{"href":"https:\/\/www.bergtecprotection.com\/es\/wp-json\/wp\/v2\/media?parent=491"}],"curies":[{"name":"wp","href":"https:\/\/api.w.org\/{rel}","templated":true}]}}