{"id":479,"date":"2019-11-30T22:25:58","date_gmt":"2019-11-30T22:25:58","guid":{"rendered":"https:\/\/www.bergtecprotection.com\/flood-barrier-protection\/waterproof-chimney\/"},"modified":"2020-12-11T10:52:45","modified_gmt":"2020-12-11T10:52:45","slug":"tapa-ventilacion-estanca","status":"publish","type":"page","link":"https:\/\/www.bergtecprotection.com\/es\/tapa-ventilacion-estanca\/","title":{"rendered":"Tapa de Ventilaci\u00f3n Estanca"},"content":{"rendered":"<div class=\"wpb-content-wrapper\"><p>[vc_row][vc_column][vc_custom_heading text=\u00bbTapa de Ventilaci\u00f3n Estanca\u00bb use_theme_fonts=\u00bbyes\u00bb css=\u00bb.vc_custom_1580038424628{margin-bottom: 34px !important;}\u00bb][vc_custom_heading text=\u00bb\u00bb font_container=\u00bbtag:div|text_align:left\u00bb use_theme_fonts=\u00bbyes\u00bb css=\u00bb.vc_custom_1579979175621{margin-bottom: 34px !important;}\u00bb][vc_tta_tabs style=\u00bbmodern\u00bb shape=\u00bbsquare\u00bb spacing=\u00bb2&#8243; active_section=\u00bb1&#8243; css=\u00bb.vc_custom_1579979045895{margin-top: 34px !important;margin-bottom: 60px !important;}\u00bb][vc_tta_section i_icon_fontawesome=\u00bbfa fa-file-text-o\u00bb add_icon=\u00bbtrue\u00bb title=\u00bbDescripci\u00f3n\u00bb tab_id=\u00bb1579979003987-bf6b0eac-f77b1f26-df74&#8243;][vc_column_text css=\u00bb.vc_custom_1605811653646{margin-top: 34px !important;margin-bottom: 34px !important;}\u00bb]<strong>Funci\u00f3n:<\/strong><\/p>\n<p>En las zonas urbanas, puede resultar complicado estancar algunas compuertas de ventilaci\u00f3n en caso de inundaci\u00f3n. Para estos casos, proponemos como soluci\u00f3n la fijaci\u00f3n de una chimenea port\u00e1til estanca a base de aluminio al suelo o la pared, la cual incluye una rejilla sellada con una junta sellante perif\u00e9rica en la parte superior.<\/p>\n<p><strong>Dise\u00f1o:<\/strong><\/p>\n<p>Nuestro dise\u00f1o se ha ideado de tal forma que permite manipular y desmontar f\u00e1cilmente el material sin necesidad de asistencia mec\u00e1nica (gr\u00faas, etc.). Las unidades pueden fabricarse siguiendo unos criterios de dise\u00f1o espec\u00edficos, basados en las condiciones locales.<\/p>\n<p>En funci\u00f3n de sus necesidades, los tornillos y tapones de acero inoxidable pueden protegerse contra la suciedad o cualquier otro tipo de degradaci\u00f3n.<\/p>\n<p><strong>Prestaciones:<\/strong><\/p>\n<p>Podemos adaptar el dise\u00f1o y la fabricaci\u00f3n a las necesidades espec\u00edficas de cada cliente proporcionando soluciones mec\u00e1nicas e hidr\u00e1ulicas para profundidades de entre 1 y 3 metros.[\/vc_column_text][\/vc_tta_section][vc_tta_section i_icon_fontawesome=\u00bbfa fa-handshake-o\u00bb add_icon=\u00bbtrue\u00bb title=\u00bbGarantizar\u00bb tab_id=\u00bb1579979985630-25d11eaf-c97d1f26-df74&#8243;][vc_column_text css=\u00bb.vc_custom_1606224237275{margin-top: 34px !important;margin-bottom: 34px !important;}\u00bb]<\/p>\n<div class=\"t\"><strong>GARANT\u00cdAS DE MSU-BERGTEC<\/strong><\/div>\n<div class=\"s\">\n<ul>\n<li>Un \u00edndice de fuga muy bajo &lt; 2,3 litros \/ hora \/ m\u00b2<\/li>\n<li>Una instalaci\u00f3n r\u00e1pida y f\u00e1cil: 5 min \/ m\u00b2 de barrera<\/li>\n<li>Sistema m\u00f3vil\/totalmente desmontable<\/li>\n<li>Unas aleaciones con una elevada resistencia mec\u00e1nica<\/li>\n<li>Unos materiales adecuados para zonas con temperaturas extremas (probados por debajo de -60 \u00b0C)<\/li>\n<li>Ninguna necesidad de mantenimiento<\/li>\n<li>Diques fluviales con una garant\u00eda de 20 a\u00f1os<\/li>\n<\/ul>\n<\/div>\n<p>&nbsp;<\/p>\n<div class=\"t\"><strong>CONTROLAMOS TODO EL PROCESO DE FABRICACI\u00d3N A LA PERFECCI\u00d3N<\/strong><\/div>\n<div class=\"s\">\n<ul>\n<li>Protecci\u00f3n completamente fabricada con aleaciones de aluminio marino y suministrado por una compa\u00f1\u00eda internacional suiza de extrusi\u00f3n de aluminio.<\/li>\n<li>Disponemos de nuestra propia oficina de ingenieros con personal experimentado.<\/li>\n<li>A la hora de planificar la cimentaci\u00f3n sobre la que van a ir nuestros pilotes intermedios junto con nuestros clientes, nos basamos en estudios del terreno.<\/li>\n<li>Las mercanc\u00edas se entregan listas para su instalaci\u00f3n gracias a nuestra producci\u00f3n de precisi\u00f3n milim\u00e9trica.<\/li>\n<li>Gracias a nuestra amplia experiencia acumulada desde 1970, podemos idear y proporcionar el mejor sistema de protecci\u00f3n contra las inundaciones adaptado a SUS necesidades!<\/li>\n<\/ul>\n<\/div>\n<p>[\/vc_column_text][\/vc_tta_section][vc_tta_section i_icon_fontawesome=\u00bbfa fa-picture-o\u00bb add_icon=\u00bbtrue\u00bb title=\u00bbGaler\u00eda\u00bb tab_id=\u00bb1579979004025-7d17bdc9-51741f26-df74&#8243;][vc_masonry_media_grid item=\u00bbmasonryMedia_SlideTop\u00bb initial_loading_animation=\u00bbfadeIn\u00bb grid_id=\u00bbvc_gid:1606224134520-2ca37a22-d620-0&#8243; include=\u00bb800,802,801&#8243; css=\u00bb.vc_custom_1581520515491{margin-top: 30px !important;margin-bottom: 60px !important;}\u00bb][\/vc_tta_section][\/vc_tta_tabs][\/vc_column][\/vc_row]<\/p>\n<\/div>","protected":false},"excerpt":{"rendered":"<p>[vc_row][vc_column][vc_custom_heading text=\u00bbTapa de Ventilaci\u00f3n Estanca\u00bb use_theme_fonts=\u00bbyes\u00bb css=\u00bb.vc_custom_1580038424628{margin-bottom: 34px !important;}\u00bb][vc_custom_heading text=\u00bb\u00bb font_container=\u00bbtag:div|text_align:left\u00bb use_theme_fonts=\u00bbyes\u00bb css=\u00bb.vc_custom_1579979175621{margin-bottom: 34px !important;}\u00bb][vc_tta_tabs style=\u00bbmodern\u00bb shape=\u00bbsquare\u00bb spacing=\u00bb2&#8243; active_section=\u00bb1&#8243; css=\u00bb.vc_custom_1579979045895{margin-top: [&hellip;]<\/p>\n","protected":false},"author":2,"featured_media":0,"parent":0,"menu_order":7,"comment_status":"closed","ping_status":"closed","template":"","meta":{"footnotes":""},"class_list":["post-479","page","type-page","status-publish","hentry"],"aioseo_notices":[],"_links":{"self":[{"href":"https:\/\/www.bergtecprotection.com\/es\/wp-json\/wp\/v2\/pages\/479","targetHints":{"allow":["GET"]}}],"collection":[{"href":"https:\/\/www.bergtecprotection.com\/es\/wp-json\/wp\/v2\/pages"}],"about":[{"href":"https:\/\/www.bergtecprotection.com\/es\/wp-json\/wp\/v2\/types\/page"}],"author":[{"embeddable":true,"href":"https:\/\/www.bergtecprotection.com\/es\/wp-json\/wp\/v2\/users\/2"}],"replies":[{"embeddable":true,"href":"https:\/\/www.bergtecprotection.com\/es\/wp-json\/wp\/v2\/comments?post=479"}],"version-history":[{"count":0,"href":"https:\/\/www.bergtecprotection.com\/es\/wp-json\/wp\/v2\/pages\/479\/revisions"}],"wp:attachment":[{"href":"https:\/\/www.bergtecprotection.com\/es\/wp-json\/wp\/v2\/media?parent=479"}],"curies":[{"name":"wp","href":"https:\/\/api.w.org\/{rel}","templated":true}]}}