{"id":253,"date":"2019-11-30T22:25:58","date_gmt":"2019-11-30T22:25:58","guid":{"rendered":"https:\/\/www.bergtecprotection.com\/flood-barrier-protection\/"},"modified":"2020-11-26T10:24:51","modified_gmt":"2020-11-26T10:24:51","slug":"proteccion-contra-inundaciones","status":"publish","type":"page","link":"https:\/\/www.bergtecprotection.com\/es\/proteccion-contra-inundaciones\/","title":{"rendered":"Protecci\u00f3n Contra Inundaciones"},"content":{"rendered":"<div class=\"wpb-content-wrapper\"><p>[vc_row][vc_column][vc_custom_heading text=\u00bbPROTECCIONES TESTADAS Y CERTIFICADA\u00bb font_container=\u00bbtag:div|font_size:15|text_align:center|color:%23878787&#8243; use_theme_fonts=\u00bbyes\u00bb el_class=\u00bbour_services_heading1&#8243;][vc_custom_heading text=\u00bbProtecci\u00f3n Contra Inundaciones\u00bb font_container=\u00bbtag:h2|font_size:36|text_align:center|color:%23000000&#8243; use_theme_fonts=\u00bbyes\u00bb el_class=\u00bbour_services_heading2&#8243; css=\u00bb.vc_custom_1580058587407{margin-bottom: 30px !important;}\u00bb][vc_column_text css=\u00bb.vc_custom_1604059149174{margin-bottom: 30px !important;}\u00bb]Partiendo de la inseguridad ante\u00a0<strong>inundaciones<\/strong>: imprevisibles y destructivas; hemos dise\u00f1ado soluciones flexibles para eliminar sus efectos.<\/p>\n<p>Las inundaciones suelen producirse de forma impredecible y en muy poco tiempo, suponiendo una amenaza para las personas y sus bienes; nuestro dise\u00f1o parte de un sistema modular de metal ligero (aluminio), con las ventajas que ello supone.<\/p>\n<p>Para responder a la fuerza destructora de las inundaciones, recurrimos a perfiles de aleaciones de aluminio de alta calidad, sometidos a procesos de endurecimiento y finalizados por nuestros soldadores TIG\/MIG certificados.<\/p>\n<ol>\n<li>Secciones de aleaci\u00f3n de<strong>\u00a0aluminio marino extruido<\/strong>, fabricadas por una compa\u00f1\u00eda extrusora l\u00edder en Suiza, son resistentes a la corrosi\u00f3n en la mayor\u00eda de los ambientes.<\/li>\n<li>La ventaja de un dise\u00f1o modular permite una instalaci\u00f3n f\u00e1cil y r\u00e1pida. Adem\u00e1s, todas las piezas que componen los diques (tableros y pilotes de soporte) son independientes entre s\u00ed y\u00a0<strong>completamente desmontables.<\/strong><\/li>\n<li>Gracias a las tolerancias de montaje (+\/- 1mm) y al uso de juntas sellantes fabricadas especialmente para tal fin, logramos obtener un\u00a0<strong>\u00edndice de fuga realmente bajo<\/strong>.<\/li>\n<\/ol>\n<p>Estos principios clave y nuestra dilatada experiencia avalan nuestra garant\u00eda.[\/vc_column_text][vc_raw_html]W2Vzc19ncmlkIGFsaWFzPSJvdXItc2VydmljZXMtYmVzdCJd[\/vc_raw_html][vc_raw_html css=\u00bb.vc_custom_1580071338920{padding-top: 5px !important;}\u00bb]W2Vzc19ncmlkIGFsaWFzPSJncmlkLTIiXQ==[\/vc_raw_html][vc_empty_space height=\u00bb60px\u00bb][\/vc_column][\/vc_row]<\/p>\n<\/div>","protected":false},"excerpt":{"rendered":"<p>UN DOMINIO ACURADO EN LA FABRICACION DE EMBALSES ANTI-INUNDACION. <\/p>\n","protected":false},"author":2,"featured_media":0,"parent":0,"menu_order":2,"comment_status":"closed","ping_status":"closed","template":"","meta":{"footnotes":""},"class_list":["post-253","page","type-page","status-publish","hentry"],"aioseo_notices":[],"_links":{"self":[{"href":"https:\/\/www.bergtecprotection.com\/es\/wp-json\/wp\/v2\/pages\/253","targetHints":{"allow":["GET"]}}],"collection":[{"href":"https:\/\/www.bergtecprotection.com\/es\/wp-json\/wp\/v2\/pages"}],"about":[{"href":"https:\/\/www.bergtecprotection.com\/es\/wp-json\/wp\/v2\/types\/page"}],"author":[{"embeddable":true,"href":"https:\/\/www.bergtecprotection.com\/es\/wp-json\/wp\/v2\/users\/2"}],"replies":[{"embeddable":true,"href":"https:\/\/www.bergtecprotection.com\/es\/wp-json\/wp\/v2\/comments?post=253"}],"version-history":[{"count":0,"href":"https:\/\/www.bergtecprotection.com\/es\/wp-json\/wp\/v2\/pages\/253\/revisions"}],"wp:attachment":[{"href":"https:\/\/www.bergtecprotection.com\/es\/wp-json\/wp\/v2\/media?parent=253"}],"curies":[{"name":"wp","href":"https:\/\/api.w.org\/{rel}","templated":true}]}}