{"id":248,"date":"2019-11-30T22:25:58","date_gmt":"2019-11-30T22:25:58","guid":{"rendered":"https:\/\/www.bergtecprotection.com\/flood-stoplog\/"},"modified":"2020-11-26T10:38:30","modified_gmt":"2020-11-26T10:38:30","slug":"compuerta","status":"publish","type":"page","link":"https:\/\/www.bergtecprotection.com\/es\/compuerta\/","title":{"rendered":"Compuerta"},"content":{"rendered":"<div class=\"wpb-content-wrapper\"><p>[vc_row][vc_column][vc_custom_heading text=\u00bbCompuerta\u00bb use_theme_fonts=\u00bbyes\u00bb][vc_custom_heading text=\u00bb\u00bb font_container=\u00bbtag:div|text_align:left\u00bb use_theme_fonts=\u00bbyes\u00bb][vc_tta_tabs style=\u00bbmodern\u00bb shape=\u00bbsquare\u00bb spacing=\u00bb2&#8243; active_section=\u00bb1&#8243; css=\u00bb.vc_custom_1579979045895{margin-top: 34px !important;margin-bottom: 60px !important;}\u00bb][vc_tta_section i_icon_fontawesome=\u00bbfa fa-file-text-o\u00bb add_icon=\u00bbtrue\u00bb title=\u00bbDescripci\u00f3n\u00bb tab_id=\u00bb1579979003987-bf6b0eac-f77b\u00bb][vc_column_text css=\u00bb.vc_custom_1605813177431{margin-top: 30px !important;margin-bottom: 30px !important;}\u00bb]<strong>Estructuras de retenci\u00f3n (tablestacas):<\/strong><\/p>\n<p>Las compuertas constituidas por estructuras de retenci\u00f3n (tablestacas) se fabrican con perfiles de aluminio. Disponemos de cuatro (4) tama\u00f1os distintos de perfiles extruidos (refs. 1603, 1604, 1606 y 1609 mm) con una secci\u00f3n cada vez mayor, que va desde 30, 60 y 100 hasta 150 mm, en fin de soportar distintas cargas. El perfil seleccionado depende de varios factores tal como la carga hidr\u00e1ulica o dimensiones de las obras de ingenier\u00eda civil y la abertura que debe protegerse (ver nuestro diagrama de uso). Adem\u00e1s, podemos contemplar cargas adicionales, como piezas flotantes o una presi\u00f3n elevada (superior a 5 cbm\/hora) para satisfacer sus necesidades espec\u00edficas.<\/p>\n<p><strong>Componentes en forma de herradura (bastidor) y capas protectoras:<\/strong><\/p>\n<p>Los tablones disponen de carriles de rodadura y se mantienen gracias a unos componentes laterales en forma de herradura, empotrados (fundici\u00f3n) o fijados a la pared mediante pernos. Todos los pernos y tuercas incluidos en nuestra entrega son de tipo AISI 36ti. Tambi\u00e9n puede realizarse una fijaci\u00f3n \u201cqu\u00edmica\u201d, necesaria cuando el muro de contenci\u00f3n se encuentra en mal estado o no permite al fabricante del perno efectuar un c\u00e1lculo de tensi\u00f3n preciso, como ocurre, por ejemplo, cuando las paredes son de ladrillo, hormig\u00f3n no armado, etc.<\/p>\n<p>En general, la superficie vertical de los componentes en forma de herradura puede fijarse a la pared de forma permanente (para una instalaci\u00f3n r\u00e1pida), aunque tambi\u00e9n puede atornillarse mediante pernos desmontables con fines est\u00e9ticos.<\/p>\n<p>Cuando los componentes laterales en forma de herradura se fijan de forma permanente en zonas urbanas, existe cierto riesgo de que se produzcan actos de vandalismo. En esos casos, podemos proporcionarle unas cubiertas de protecci\u00f3n que son, adem\u00e1s, resistentes a la radiaci\u00f3n UV y pueden pintarse en cualquier color de la carta RAL (si bien dicha posibilidad requiere ciertas exigencias desde el punto de vista arquitect\u00f3nico).<\/p>\n<p><strong>Juntas sellantes:<\/strong><\/p>\n<p>Todas nuestras juntas sellantes se fabrican con material EPDM extruido, lo que garantiza la perfecta estanqueidad del tablestacado. Presentan una resistencia mec\u00e1nica y qu\u00edmica a los ambientes agresivos y, al ir insertadas en una ranura especial del perfil, pueden sustituirse f\u00e1cilmente. En caso de deteriorarse, basta con retirarlas y reemplazarlas.<\/p>\n<p><strong>Cantidad de juntas sellantes:\u00a0<\/strong>dos (2) juntas en L en la parte superior de cada tablestaca (ranura especial)<\/p>\n<p>&#8211; Una (1) o dos (2) juntas, en funci\u00f3n del tama\u00f1o del perfil, en la parte inferior del mismo, montadas sobre el primer elemento sumergido, situado en la parte inferior de la superficie horizontal.<\/p>\n<p>&#8211; Dos (2) juntas de labio insertadas en cada uno de los componentes laterales en forma de herradura, en el perfil del bastidor.<\/p>\n<p><strong>Abrazaderas de compresi\u00f3n<\/strong><\/p>\n<p>Para garantizar la estanqueidad del dique, proporcionamos un par de abrazaderas de compresi\u00f3n adicional para garantizar la sujeci\u00f3n vertical de la parte superior. Estos elementos son esenciales para pre-comprimir todos los sellos (perfiles) de un modo eficaz.<\/p>\n<p>F\u00e1cil manipulaci\u00f3n:\u00a0la altura de nuestras abrazaderas puede ajustarse en cualquier posici\u00f3n, sin necesidad de usar ninguna llave especial. Adem\u00e1s, se suministran con un v\u00e1stago ya montado.<\/p>\n<p><strong>Plano de taller y gu\u00eda de instalaci\u00f3n:<\/strong><\/p>\n<p>Nuestro paquete de servicios b\u00e1sico y est\u00e1ndar incluye toda una serie de detalles t\u00e9cnicos e instrucciones sobre la instalaci\u00f3n y uso de nuestros componentes.<\/p>\n<p>F\u00e1cil instalaci\u00f3n:\u00a0despu\u00e9s de examinar todas las superficies de la pared y llevar a cabo todos los retoques necesarios (alba\u00f1iler\u00eda), hay que seguir la fase de ajuste dedicada al pre-montaje, perforando y atornillando los bastidores con los pernos y tuercas suministrados con el dique.[\/vc_column_text][\/vc_tta_section][vc_tta_section i_icon_fontawesome=\u00bbfa fa-handshake-o\u00bb add_icon=\u00bbtrue\u00bb title=\u00bbGarant\u00edas\u00bb tab_id=\u00bb1579979985630-25d11eaf-c97d\u00bb][vc_column_text css=\u00bb.vc_custom_1606210678300{margin-top: 34px !important;margin-bottom: 34px !important;}\u00bb]<\/p>\n<div class=\"t\"><strong>GARANT\u00cdAS DE MSU-BERGTEC<\/strong><\/div>\n<div class=\"s\">\n<ul>\n<li>Un \u00edndice de fuga muy bajo &lt; 3 litros \/ hora \/ m\u00b2<\/li>\n<li>Una instalaci\u00f3n r\u00e1pida y f\u00e1cil: 5 min \/ m\u00b2 de barrera<\/li>\n<li>Sistema m\u00f3vil\/totalmente desmontable<\/li>\n<li>Unas aleaciones con una resistencia elevada y mec\u00e1nica<\/li>\n<li>Unos materiales adecuados para zonas con temperaturas extremas (probados por debajo de -60 \u00b0C)<\/li>\n<li>Ninguna necesidad de mantenimiento<\/li>\n<li>Diques fluviales con una garant\u00eda de 20 a\u00f1os<\/li>\n<\/ul>\n<\/div>\n<p>&nbsp;<\/p>\n<div class=\"t\"><strong>CONTROLAMOS TODO EL PROCESO DE FABRICACI\u00d3N A LA PERFECCI\u00d3N<\/strong><\/div>\n<div class=\"s\">\n<ul>\n<li>Una protecci\u00f3n completamente fabricada con aleaciones de aluminio marino y suministrado por una compa\u00f1\u00eda internacional suiza de extrusi\u00f3n de aluminio.<\/li>\n<li>Disponemos de nuestra propia oficina de ingenieros con personal experimentado.<\/li>\n<li>A la hora de planificar la cimentaci\u00f3n sobre la que van a ir nuestros pilotes intermedios junto con nuestros clientes, nos basamos en estudios del terreno.<\/li>\n<li>Las mercanc\u00edas se entregan listas para su instalaci\u00f3n gracias a nuestra producci\u00f3n de precisi\u00f3n milim\u00e9trica.<\/li>\n<li>Gracias a nuestra amplia experiencia acumulada desde 1970, podemos idear y proporcionar el mejor sistema de protecci\u00f3n contra las inundaciones adaptado a SUS necesidades!<\/li>\n<\/ul>\n<\/div>\n<p>[\/vc_column_text][\/vc_tta_section][vc_tta_section i_icon_fontawesome=\u00bbfa fa-picture-o\u00bb add_icon=\u00bbtrue\u00bb title=\u00bbGaler\u00eda\u00bb tab_id=\u00bb1579979004025-7d17bdc9-5174&#8243;][vc_masonry_media_grid item=\u00bbmasonryMedia_SlideTop\u00bb initial_loading_animation=\u00bbfadeIn\u00bb grid_id=\u00bbvc_gid:1606386353353-2b599dea-e176-10&#8243; include=\u00bb649,677,675,673,669&#8243; css=\u00bb.vc_custom_1581518635760{margin-top: 30px !important;margin-bottom: 60px !important;}\u00bb][\/vc_tta_section][\/vc_tta_tabs][\/vc_column][\/vc_row]<\/p>\n<\/div>","protected":false},"excerpt":{"rendered":"<p>[vc_row][vc_column][vc_custom_heading text=\u00bbCompuerta\u00bb use_theme_fonts=\u00bbyes\u00bb][vc_custom_heading text=\u00bb\u00bb font_container=\u00bbtag:div|text_align:left\u00bb use_theme_fonts=\u00bbyes\u00bb][vc_tta_tabs style=\u00bbmodern\u00bb shape=\u00bbsquare\u00bb spacing=\u00bb2&#8243; active_section=\u00bb1&#8243; css=\u00bb.vc_custom_1579979045895{margin-top: 34px !important;margin-bottom: 60px !important;}\u00bb][vc_tta_section i_icon_fontawesome=\u00bbfa fa-file-text-o\u00bb add_icon=\u00bbtrue\u00bb title=\u00bbDescripci\u00f3n\u00bb tab_id=\u00bb1579979003987-bf6b0eac-f77b\u00bb][vc_column_text [&hellip;]<\/p>\n","protected":false},"author":2,"featured_media":0,"parent":0,"menu_order":4,"comment_status":"closed","ping_status":"closed","template":"","meta":{"footnotes":""},"class_list":["post-248","page","type-page","status-publish","hentry"],"aioseo_notices":[],"_links":{"self":[{"href":"https:\/\/www.bergtecprotection.com\/es\/wp-json\/wp\/v2\/pages\/248","targetHints":{"allow":["GET"]}}],"collection":[{"href":"https:\/\/www.bergtecprotection.com\/es\/wp-json\/wp\/v2\/pages"}],"about":[{"href":"https:\/\/www.bergtecprotection.com\/es\/wp-json\/wp\/v2\/types\/page"}],"author":[{"embeddable":true,"href":"https:\/\/www.bergtecprotection.com\/es\/wp-json\/wp\/v2\/users\/2"}],"replies":[{"embeddable":true,"href":"https:\/\/www.bergtecprotection.com\/es\/wp-json\/wp\/v2\/comments?post=248"}],"version-history":[{"count":0,"href":"https:\/\/www.bergtecprotection.com\/es\/wp-json\/wp\/v2\/pages\/248\/revisions"}],"wp:attachment":[{"href":"https:\/\/www.bergtecprotection.com\/es\/wp-json\/wp\/v2\/media?parent=248"}],"curies":[{"name":"wp","href":"https:\/\/api.w.org\/{rel}","templated":true}]}}