{"id":241,"date":"2019-11-28T11:19:59","date_gmt":"2019-11-28T11:19:59","guid":{"rendered":"https:\/\/www.bergtecprotection.com\/home\/"},"modified":"2023-03-13T15:44:48","modified_gmt":"2023-03-13T15:44:48","slug":"home","status":"publish","type":"page","link":"https:\/\/www.bergtecprotection.com\/es\/","title":{"rendered":"Inicio"},"content":{"rendered":"<div class=\"wpb-content-wrapper\"><p>[vc_row][vc_column]\n\t\t\t<!-- START Home_ES REVOLUTION SLIDER 6.7.40 --><p class=\"rs-p-wp-fix\"><\/p>\n\t\t\t<rs-module-wrap id=\"rev_slider_5_1_wrapper\" data-source=\"gallery\" style=\"visibility:hidden;background:#E9E9E9;padding:0;margin:0px auto;margin-top:0;margin-bottom:0;\">\n\t\t\t\t<rs-module id=\"rev_slider_5_1\" style=\"\" data-version=\"6.7.40\">\n\t\t\t\t\t<rs-slides style=\"overflow: hidden; position: absolute;\">\n\t\t\t\t\t\t<rs-slide style=\"position: absolute;\" data-key=\"rs-11\" data-title=\"Slide\" data-thumb=\"\/\/www.bergtecprotection.com\/wp-content\/uploads\/2019\/12\/flood-barrier-ministry-economy-paris-100x50.jpg\" data-anim=\"p:dark;f:slidebased;\" data-in=\"prst:rndany;y:(100%);m:true;col:5;\">\n\t\t\t\t\t\t\t<img decoding=\"async\" src=\"\/\/www.bergtecprotection.com\/wp-content\/plugins\/revslider\/sr6\/assets\/assets\/dummy.png\" alt=\"\" title=\"Inicio\" class=\"rev-slidebg tp-rs-img rs-lazyload\" data-lazyload=\"\/\/www.bergtecprotection.com\/wp-content\/uploads\/2019\/12\/flood-barrier-ministry-economy-paris.jpg\" data-bg=\"p:center top;\" data-panzoom=\"d:9000;ss:100;se:110;\" data-no-retina>\n<!--\n\t\t\t\t\t\t\t--><rs-layer\n\t\t\t\t\t\t\t\tid=\"slider-5-slide-11-layer-6\" \n\t\t\t\t\t\t\t\tclass=\"slidetxt1\"\n\t\t\t\t\t\t\t\tdata-type=\"text\"\n\t\t\t\t\t\t\t\tdata-color=\"rgba(134, 134, 134, 1)\"\n\t\t\t\t\t\t\t\tdata-rsp_ch=\"on\"\n\t\t\t\t\t\t\t\tdata-xy=\"x:l,l,l,c;xo:420px,170px,170px,-1px;y:t,t,t,m;yo:165px,164px,164px,-104px;\"\n\t\t\t\t\t\t\t\tdata-text=\"s:15;fw:100;\"\n\t\t\t\t\t\t\t\tdata-frame_1=\"st:2000.0003051758;sp:200;sR:2000.0003051758;\"\n\t\t\t\t\t\t\t\tdata-frame_999=\"o:0;e:nothing;st:8400.0003051758;sR:6200;\"\n\t\t\t\t\t\t\t\tstyle=\"z-index:6;font-family:'Arial';\"\n\t\t\t\t\t\t\t>PROTECCI\u00d3N CONTRA INUNDACIONES \n\t\t\t\t\t\t\t<\/rs-layer><!--\n\n\t\t\t\t\t\t\t--><rs-layer\n\t\t\t\t\t\t\t\tid=\"slider-5-slide-11-layer-8\" \n\t\t\t\t\t\t\t\tclass=\"slidetxt2\"\n\t\t\t\t\t\t\t\tdata-type=\"text\"\n\t\t\t\t\t\t\t\tdata-color=\"rgba(0, 49, 100, 1)\"\n\t\t\t\t\t\t\t\tdata-rsp_ch=\"on\"\n\t\t\t\t\t\t\t\tdata-xy=\"x:l,l,l,c;xo:420px,170px,170px,0;y:t,t,t,m;yo:216px,216px,216px,-40px;\"\n\t\t\t\t\t\t\t\tdata-text=\"s:36;l:60;\"\n\t\t\t\t\t\t\t\tdata-frame_1=\"st:2000.0003051758;sp:200;sR:2000.0003051758;\"\n\t\t\t\t\t\t\t\tdata-frame_999=\"o:0;e:nothing;st:8400.0003051758;sR:6200;\"\n\t\t\t\t\t\t\t\tstyle=\"z-index:7;font-family:'Roboto';\"\n\t\t\t\t\t\t\t>Embalse \n\t\t\t\t\t\t\t<\/rs-layer><!--\n\n\t\t\t\t\t\t\t--><rs-layer\n\t\t\t\t\t\t\t\tid=\"slider-5-slide-11-layer-9\" \n\t\t\t\t\t\t\t\tclass=\"slidetxt2\"\n\t\t\t\t\t\t\t\tdata-type=\"text\"\n\t\t\t\t\t\t\t\tdata-color=\"rgba(0, 49, 100, 1)\"\n\t\t\t\t\t\t\t\tdata-rsp_ch=\"on\"\n\t\t\t\t\t\t\t\tdata-xy=\"x:l,l,l,c;xo:419px,170px,170px,0;y:t,t,t,m;yo:258px,260px,260px,0;\"\n\t\t\t\t\t\t\t\tdata-text=\"s:36;l:60;\"\n\t\t\t\t\t\t\t\tdata-frame_1=\"st:2000.0003051758;sp:200;sR:2000.0003051758;\"\n\t\t\t\t\t\t\t\tdata-frame_999=\"o:0;e:nothing;st:8400.0003051758;sR:6200;\"\n\t\t\t\t\t\t\t\tstyle=\"z-index:8;font-family:'Roboto';\"\n\t\t\t\t\t\t\t>Desmontable \n\t\t\t\t\t\t\t<\/rs-layer><!--\n\n\t\t\t\t\t\t\t--><a\n\t\t\t\t\t\t\t\tid=\"slider-5-slide-11-layer-12\" \n\t\t\t\t\t\t\t\tclass=\"rs-layer rev-btn\"\n\t\t\t\t\t\t\t\thref=\"https:\/\/www.bergtecprotection.com\/es\/proteccion-contra-inundaciones\/\" target=\"_self\"\n\t\t\t\t\t\t\t\tdata-type=\"button\"\n\t\t\t\t\t\t\t\tdata-color=\"rgba(255, 255, 255, 1)\"\n\t\t\t\t\t\t\t\tdata-xy=\"xo:420px,170px,170px,40px;y:t,t,t,m;yo:338px,338px,338px,78px;\"\n\t\t\t\t\t\t\t\tdata-text=\"s:15;l:12;\"\n\t\t\t\t\t\t\t\tdata-padding=\"t:15;r:20;b:15;l:20;\"\n\t\t\t\t\t\t\t\tdata-border=\"bos:solid;boc:rgba(0, 45, 104, 1);bow:1px,1px,1px,1px;\"\n\t\t\t\t\t\t\t\tdata-frame_1=\"e:power2.inOut;st:2000.0003051758;sp:200;sR:2000.0003051758;\"\n\t\t\t\t\t\t\t\tdata-frame_999=\"o:0;e:nothing;st:8400.0003051758;sR:6200;\"\n\t\t\t\t\t\t\t\tdata-frame_hover=\"c:#002d68;bgc:#fff;boc:#002d68;bor:0px,0px,0px,0px;bos:solid;bow:1px,1px,1px,1px;oX:50;oY:50;\"\n\t\t\t\t\t\t\t\tstyle=\"z-index:9;background-color:#2c34a4;font-family:'Roboto';cursor:pointer;outline:none;box-shadow:none;box-sizing:border-box;-moz-box-sizing:border-box;-webkit-box-sizing:border-box;\"\n\t\t\t\t\t\t\t>Lee M\u00e1s \n\t\t\t\t\t\t\t<\/a><!--\n\n\t\t\t\t\t\t\t--><rs-layer\n\t\t\t\t\t\t\t\tid=\"slider-5-slide-11-layer-14\" \n\t\t\t\t\t\t\t\tclass=\"tp-shape tp-shapewrapper\"\n\t\t\t\t\t\t\t\tdata-type=\"shape\"\n\t\t\t\t\t\t\t\tdata-rsp_ch=\"on\"\n\t\t\t\t\t\t\t\tdata-xy=\"xo:385px,135px,135px,0;yo:135px;\"\n\t\t\t\t\t\t\t\tdata-dim=\"w:500px;h:280px;\"\n\t\t\t\t\t\t\t\tdata-frame_0=\"sX:0.9;sY:0.9;\"\n\t\t\t\t\t\t\t\tdata-frame_1=\"st:1600.0003051758;sp:400;sR:1600.0003051758;\"\n\t\t\t\t\t\t\t\tdata-frame_999=\"o:0;e:nothing;st:8650.0003051758;sR:6650;\"\n\t\t\t\t\t\t\t\tstyle=\"z-index:5;background-color:rgba(255,255,255,1);\"\n\t\t\t\t\t\t\t> \n\t\t\t\t\t\t\t<\/rs-layer><!--\n-->\t\t\t\t\t<\/rs-slide>\n\t\t\t\t\t\t<rs-slide style=\"position: absolute;\" data-key=\"rs-12\" data-title=\"Slide\" data-thumb=\"\/\/www.bergtecprotection.com\/wp-content\/uploads\/2020\/02\/flood-barrier-accessorie-100x50.jpg\" data-anim=\"f:slidebased;\" data-in=\"prst:rndany;x:(100%);m:true;col:5;\">\n\t\t\t\t\t\t\t<img decoding=\"async\" src=\"\/\/www.bergtecprotection.com\/wp-content\/plugins\/revslider\/sr6\/assets\/assets\/dummy.png\" alt=\"\" title=\"Inicio\" class=\"rev-slidebg tp-rs-img rs-lazyload\" data-lazyload=\"\/\/www.bergtecprotection.com\/wp-content\/uploads\/2020\/02\/flood-barrier-accessorie.jpg\" data-bg=\"p:center top;\" data-panzoom=\"d:9000;ss:100;se:110;\" data-no-retina>\n<!--\n\t\t\t\t\t\t\t--><rs-layer\n\t\t\t\t\t\t\t\tid=\"slider-5-slide-12-layer-6\" \n\t\t\t\t\t\t\t\tclass=\"slidetxt1\"\n\t\t\t\t\t\t\t\tdata-type=\"text\"\n\t\t\t\t\t\t\t\tdata-color=\"rgba(134, 134, 134, 1)\"\n\t\t\t\t\t\t\t\tdata-rsp_ch=\"on\"\n\t\t\t\t\t\t\t\tdata-xy=\"x:l,l,l,c;xo:420px,170px,170px,-1px;y:t,t,t,m;yo:165px,164px,164px,-104px;\"\n\t\t\t\t\t\t\t\tdata-text=\"s:15;fw:100;\"\n\t\t\t\t\t\t\t\tdata-frame_1=\"st:2000.0003051758;sp:200;sR:2000.0003051758;\"\n\t\t\t\t\t\t\t\tdata-frame_999=\"o:0;e:nothing;st:8400.0003051758;sR:6200;\"\n\t\t\t\t\t\t\t\tstyle=\"z-index:6;font-family:'Arial';\"\n\t\t\t\t\t\t\t>MANIPULACION DE ACCESORIOS \n\t\t\t\t\t\t\t<\/rs-layer><!--\n\n\t\t\t\t\t\t\t--><rs-layer\n\t\t\t\t\t\t\t\tid=\"slider-5-slide-12-layer-8\" \n\t\t\t\t\t\t\t\tclass=\"slidetxt2\"\n\t\t\t\t\t\t\t\tdata-type=\"text\"\n\t\t\t\t\t\t\t\tdata-color=\"rgba(0, 49, 100, 1)\"\n\t\t\t\t\t\t\t\tdata-rsp_ch=\"on\"\n\t\t\t\t\t\t\t\tdata-xy=\"x:l,l,l,c;xo:420px,170px,170px,0;y:t,t,t,m;yo:215px,216px,216px,-40px;\"\n\t\t\t\t\t\t\t\tdata-text=\"s:36;l:60;\"\n\t\t\t\t\t\t\t\tdata-frame_1=\"st:2000.0003051758;sp:200;sR:2000.0003051758;\"\n\t\t\t\t\t\t\t\tdata-frame_999=\"o:0;e:nothing;st:8400.0003051758;sR:6200;\"\n\t\t\t\t\t\t\t\tstyle=\"z-index:7;font-family:'Roboto';\"\n\t\t\t\t\t\t\t>Protecci\u00f3n, Almacenaje, \n\t\t\t\t\t\t\t<\/rs-layer><!--\n\n\t\t\t\t\t\t\t--><rs-layer\n\t\t\t\t\t\t\t\tid=\"slider-5-slide-12-layer-9\" \n\t\t\t\t\t\t\t\tclass=\"slidetxt2\"\n\t\t\t\t\t\t\t\tdata-type=\"text\"\n\t\t\t\t\t\t\t\tdata-color=\"rgba(0, 49, 100, 1)\"\n\t\t\t\t\t\t\t\tdata-rsp_ch=\"on\"\n\t\t\t\t\t\t\t\tdata-xy=\"x:l,l,l,c;xo:422px,170px,170px,0;y:t,t,t,m;yo:259px,260px,260px,0;\"\n\t\t\t\t\t\t\t\tdata-text=\"s:36;l:60;\"\n\t\t\t\t\t\t\t\tdata-frame_1=\"st:2000.0003051758;sp:200;sR:2000.0003051758;\"\n\t\t\t\t\t\t\t\tdata-frame_999=\"o:0;e:nothing;st:8400.0003051758;sR:6200;\"\n\t\t\t\t\t\t\t\tstyle=\"z-index:8;font-family:'Roboto';\"\n\t\t\t\t\t\t\t>Mantenimiento y Accesorios \n\t\t\t\t\t\t\t<\/rs-layer><!--\n\n\t\t\t\t\t\t\t--><a\n\t\t\t\t\t\t\t\tid=\"slider-5-slide-12-layer-12\" \n\t\t\t\t\t\t\t\tclass=\"rs-layer rev-btn\"\n\t\t\t\t\t\t\t\thref=\"https:\/\/www.bergtecprotection.com\/es\/manipulacion-accesorios\/\" target=\"_self\"\n\t\t\t\t\t\t\t\tdata-type=\"button\"\n\t\t\t\t\t\t\t\tdata-color=\"rgba(255, 255, 255, 1)\"\n\t\t\t\t\t\t\t\tdata-xy=\"xo:420px,170px,170px,40px;y:t,t,t,m;yo:336px,338px,338px,78px;\"\n\t\t\t\t\t\t\t\tdata-text=\"s:15;l:12;\"\n\t\t\t\t\t\t\t\tdata-padding=\"t:15;r:20;b:15;l:20;\"\n\t\t\t\t\t\t\t\tdata-border=\"bos:solid;boc:rgba(0, 45, 104, 1);bow:1px,1px,1px,1px;\"\n\t\t\t\t\t\t\t\tdata-frame_1=\"e:power2.inOut;st:2000.0003051758;sp:200;sR:2000.0003051758;\"\n\t\t\t\t\t\t\t\tdata-frame_999=\"o:0;e:nothing;st:8400.0003051758;sR:6200;\"\n\t\t\t\t\t\t\t\tdata-frame_hover=\"c:#002d68;bgc:#fff;boc:#002d68;bor:0px,0px,0px,0px;bos:solid;bow:1px,1px,1px,1px;oX:50;oY:50;\"\n\t\t\t\t\t\t\t\tstyle=\"z-index:9;background-color:#2c34a4;font-family:'Roboto';cursor:pointer;outline:none;box-shadow:none;box-sizing:border-box;-moz-box-sizing:border-box;-webkit-box-sizing:border-box;\"\n\t\t\t\t\t\t\t>Lee M\u00e1s \n\t\t\t\t\t\t\t<\/a><!--\n\n\t\t\t\t\t\t\t--><rs-layer\n\t\t\t\t\t\t\t\tid=\"slider-5-slide-12-layer-14\" \n\t\t\t\t\t\t\t\tclass=\"tp-shape tp-shapewrapper\"\n\t\t\t\t\t\t\t\tdata-type=\"shape\"\n\t\t\t\t\t\t\t\tdata-rsp_ch=\"on\"\n\t\t\t\t\t\t\t\tdata-xy=\"xo:385px,135px,135px,0;yo:135px;\"\n\t\t\t\t\t\t\t\tdata-dim=\"w:500px;h:280px;\"\n\t\t\t\t\t\t\t\tdata-frame_0=\"sX:0.9;sY:0.9;\"\n\t\t\t\t\t\t\t\tdata-frame_1=\"st:1600.0003051758;sp:400;sR:1600.0003051758;\"\n\t\t\t\t\t\t\t\tdata-frame_999=\"o:0;e:nothing;st:8650.0003051758;sR:6650;\"\n\t\t\t\t\t\t\t\tstyle=\"z-index:5;background-color:rgba(255,255,255,1);\"\n\t\t\t\t\t\t\t> \n\t\t\t\t\t\t\t<\/rs-layer><!--\n-->\t\t\t\t\t<\/rs-slide>\n\t\t\t\t\t<\/rs-slides>\n\t\t\t\t<\/rs-module>\n\t\t\t\t<script>\n\t\t\t\t\tsetREVStartSize({c: 'rev_slider_5_1',rl:[1240,1024,778,480],el:[550,550,550,550],gw:[1920,1024,778,480],gh:[550,550,550,550],type:'standard',justify:'',layout:'fullwidth',mh:\"550\"});if (window.RS_MODULES!==undefined && window.RS_MODULES.modules!==undefined && window.RS_MODULES.modules[\"revslider51\"]!==undefined) {window.RS_MODULES.modules[\"revslider51\"].once = false;window.revapi5 = undefined;if (window.RS_MODULES.checkMinimal!==undefined) window.RS_MODULES.checkMinimal()}\n\t\t\t\t<\/script>\n\t\t\t<\/rs-module-wrap>\n\t\t\t<!-- END REVOLUTION SLIDER -->\n[\/vc_column][\/vc_row][vc_row full_width=\u00bbstretch_row\u00bb el_id=\u00bbhome_quote\u00bb el_class=\u00bbhome_quote\u00bb css=\u00bb.vc_custom_1678721277877{padding-top: 30px !important;padding-bottom: 30px !important;background-color: #2c34a4 !important;}\u00bb][vc_column width=\u00bb3\/4&#8243;][vc_custom_heading text=\u00bbEXPERTOS DESDE 1970&#8243; font_container=\u00bbtag:div|font_size:31|text_align:left|color:%23ffffff\u00bb use_theme_fonts=\u00bbyes\u00bb css_animation=\u00bbzoomIn\u00bb el_class=\u00bbhome_quote_txt\u00bb][\/vc_column][vc_column width=\u00bb1\/4&#8243;][vc_btn title=\u00bbCONOCENOS\u00bb shape=\u00bbsquare\u00bb size=\u00bbsm\u00bb align=\u00bbright\u00bb el_class=\u00bbhome_quote_btn\u00bb link=\u00bburl:https%3A%2F%2Fwww.bergtecprotection.com%2Fes%2Fconocenos%2F|title:Con%C3%B3cenos|\u00bb][\/vc_column][\/vc_row][vc_row css_animation=\u00bbzoomIn\u00bb el_id=\u00bbhome_our_solutions\u00bb css=\u00bb.vc_custom_1580075849279{padding-top: 50px !important;}\u00bb][vc_column][vc_column_text el_class=\u00bbprojects_btn\u00bb css=\u00bb.vc_custom_1580072491642{margin-bottom: 30px !important;}\u00bb]Soluciones dedicadas a la protecci\u00f3n de personas y bienes [ess_grid_nav id=\u00bbleft\u00bb \u00a0alias=\u00bbhome-our-projects\u00bb][ess_grid_nav id=\u00bbright\u00bb alias=\u00bbhome-our-projects\u00bb][\/vc_column_text][vc_column_text css=\u00bb.vc_custom_1606385607384{margin-bottom: 40px !important;}\u00bb]Partiendo de la inseguridad ante\u00a0<strong>inundaciones<\/strong>: las cuales son imprevisibles y destructivas; hemos dise\u00f1ado soluciones flexibles para eliminar sus efectos.<\/p>\n<p>Las inundaciones suelen producirse de forma impredecible y en muy poco de tiempo. Resultan entonces en una amenaza para las personas y sus bienes. Nuestro dise\u00f1o parte de un sistema modular de metal ligero (aluminio), con las ventajas que ello supone.[\/vc_column_text][vc_raw_html]W2Vzc19ncmlkIGFsaWFzPSJvdXItc2VydmljZXMtMSJd[\/vc_raw_html][\/vc_column][\/vc_row][vc_row full_width=\u00bbstretch_row\u00bb el_id=\u00bbhome_our_projects\u00bb el_class=\u00bbhome_our_projects\u00bb css=\u00bb.vc_custom_1580075509000{padding-top: 50px !important;padding-bottom: 50px !important;background: #f5f5f5 url(https:\/\/www.bergtecprotection.com\/wp-content\/uploads\/2020\/01\/home_pj_bg.jpg?id=182) !important;background-position: center !important;background-repeat: no-repeat !important;background-size: cover !important;}\u00bb][vc_column][vc_column_text el_class=\u00bbprojects_btn\u00bb css=\u00bb.vc_custom_1606227059059{margin-bottom: 30px !important;}\u00bb]Nuestras referencias: C\u00f3mo resolvemos tus problemas [ess_grid_nav id=\u00bbleft\u00bb \u00a0alias=\u00bbhome-our-projects\u00bb][ess_grid_nav id=\u00bbright\u00bb alias=\u00bbhome-our-projects\u00bb][\/vc_column_text][ess_grid alias=\u00bbhome-our-projects-161408&#8243;][\/vc_column][\/vc_row][vc_row css=\u00bb.vc_custom_1580072357213{padding-top: 50px !important;}\u00bb][vc_column][vc_column_text el_class=\u00bbprojects_btn\u00bb]\u00bfPor qu\u00e9 protegerse? [ess_grid_nav id=\u00bbleft\u00bb \u00a0alias=\u00bbhome-our-projects\u00bb][ess_grid_nav id=\u00bbright\u00bb alias=\u00bbhome-our-projects\u00bb][\/vc_column_text][\/vc_column][\/vc_row][vc_row css=\u00bb.vc_custom_1580075355048{padding-top: 30px !important;}\u00bb][vc_column width=\u00bb1\/2&#8243;][vc_column_text css=\u00bb.vc_custom_1606227178807{margin-bottom: 40px !important;}\u00bb]<strong>\u00a1Cuando un r\u00edo se desborda, otro desborde vendr\u00e1!<\/strong><\/p>\n<p>La definici\u00f3n oficial de inundaci\u00f3n \u201cdesbordamiento del agua que resulta del aumento y exceso del curso del agua, muchas veces superior a su capacidad normal\u00bb nos ense\u00f1a acerca de los medios de protecci\u00f3n que deber\u00edamos prever para nosotros mismos y para aquellas zonas en riesgo.<\/p>\n<h3>\u00bfPor qu\u00e9 protegerse ahora?<\/h3>\n<p>Porque \u00ablas causas son un acto de Dios, pero las consecuencias son un hecho por el hombre\u00bb. Las causas de las inundaciones pueden ser varias:<\/p>\n<p>Ocurrencia de fen\u00f3menos clim\u00e1ticos excepcionales, deshielo brusco de la nieve, lluvias torrenciales, mareas vivas, etc.,[\/vc_column_text][vc_empty_space height=\u00bb60px\u00bb][\/vc_column][vc_column width=\u00bb1\/2&#8243;][vc_column_text css=\u00bb.vc_custom_1606227437510{margin-bottom: 40px !important;}\u00bb]<\/p>\n<ul>\n<li>Edificios que usurpan espacios naturales tradicionalmente reservados para zonas de inundaci\u00f3n,<\/li>\n<li>La agricultura intensiva que potencia la deforestaci\u00f3n y fomenta el flujo de agua y barro&#8230;<\/li>\n<\/ul>\n<p><strong><br \/>\nLa gesti\u00f3n de los riesgos naturales nos ha ense\u00f1ado que el futuro est\u00e1 escrito en el pasado: cuando un r\u00edo se ha desbordado, usted sabe que puede volver a ocurrir.<\/strong><\/p>\n<p>Entonces es necesario poner en marcha todas las medidas preventivas para evitar o limitar sus consecuencias. Las inundaciones, tanto si se repiten por ciclos naturales (se cree que cada 10 o 100 a\u00f1os) como por el resultado de \u00abexcepcionales\u00bb circunstancias, tienen consecuencias muy graves en la actualidad, tanto para personas como para sus bienes.[\/vc_column_text][\/vc_column][\/vc_row]<\/p>\n<\/div>","protected":false},"excerpt":{"rendered":"<p>[vc_row][vc_column][\/vc_column][\/vc_row][vc_row full_width=\u00bbstretch_row\u00bb el_id=\u00bbhome_quote\u00bb el_class=\u00bbhome_quote\u00bb css=\u00bb.vc_custom_1678721277877{padding-top: 30px !important;padding-bottom: 30px !important;background-color: #2c34a4 !important;}\u00bb][vc_column width=\u00bb3\/4&#8243;][vc_custom_heading text=\u00bbEXPERTOS DESDE 1970&#8243; font_container=\u00bbtag:div|font_size:31|text_align:left|color:%23ffffff\u00bb use_theme_fonts=\u00bbyes\u00bb css_animation=\u00bbzoomIn\u00bb el_class=\u00bbhome_quote_txt\u00bb][\/vc_column][vc_column width=\u00bb1\/4&#8243;][vc_btn [&hellip;]<\/p>\n","protected":false},"author":2,"featured_media":0,"parent":0,"menu_order":1,"comment_status":"closed","ping_status":"closed","template":"","meta":{"footnotes":""},"class_list":["post-241","page","type-page","status-publish","hentry"],"aioseo_notices":[],"_links":{"self":[{"href":"https:\/\/www.bergtecprotection.com\/es\/wp-json\/wp\/v2\/pages\/241","targetHints":{"allow":["GET"]}}],"collection":[{"href":"https:\/\/www.bergtecprotection.com\/es\/wp-json\/wp\/v2\/pages"}],"about":[{"href":"https:\/\/www.bergtecprotection.com\/es\/wp-json\/wp\/v2\/types\/page"}],"author":[{"embeddable":true,"href":"https:\/\/www.bergtecprotection.com\/es\/wp-json\/wp\/v2\/users\/2"}],"replies":[{"embeddable":true,"href":"https:\/\/www.bergtecprotection.com\/es\/wp-json\/wp\/v2\/comments?post=241"}],"version-history":[{"count":0,"href":"https:\/\/www.bergtecprotection.com\/es\/wp-json\/wp\/v2\/pages\/241\/revisions"}],"wp:attachment":[{"href":"https:\/\/www.bergtecprotection.com\/es\/wp-json\/wp\/v2\/media?parent=241"}],"curies":[{"name":"wp","href":"https:\/\/api.w.org\/{rel}","templated":true}]}}