{"id":504,"date":"2019-11-30T22:25:58","date_gmt":"2019-11-30T22:25:58","guid":{"rendered":"https:\/\/www.bergtecprotection.com\/design-performances\/installation\/"},"modified":"2020-12-10T08:33:38","modified_gmt":"2020-12-10T08:33:38","slug":"installation-hochwassersperren","status":"publish","type":"page","link":"https:\/\/www.bergtecprotection.com\/de\/konstruktion-leistungen\/installation-hochwassersperren\/","title":{"rendered":"Montage der Hochwasserschutz"},"content":{"rendered":"<div class=\"wpb-content-wrapper\"><p>[vc_row][vc_column][vc_custom_heading text=&#8220;Montage der Hochwasserschutz&#8220; use_theme_fonts=&#8220;yes&#8220;][vc_custom_heading text=&#8220;Ein Erfahrenes Baustellenmanagement &#8220; font_container=&#8220;tag:div|text_align:left&#8220; use_theme_fonts=&#8220;yes&#8220; css=&#8220;.vc_custom_1605706020797{margin-bottom: 34px !important;}&#8220;][vc_tta_tabs style=&#8220;modern&#8220; shape=&#8220;square&#8220; spacing=&#8220;2&#8243; active_section=&#8220;1&#8243; css=&#8220;.vc_custom_1579979045895{margin-top: 34px !important;margin-bottom: 60px !important;}&#8220;][vc_tta_section i_icon_fontawesome=&#8220;fa fa-file-text-o&#8220; add_icon=&#8220;true&#8220; title=&#8220;Beschreibung&#8220; tab_id=&#8220;1579979003987-bf6b0eac-f77b7e94-6da5&#8243;][vc_column_text css=&#8220;.vc_custom_1605706274328{margin-top: 34px !important;margin-bottom: 34px !important;}&#8220;]<\/p>\n<p aria-level=\"2\"><span data-contrast=\"none\">Eine kontrollierte Baustellenleitung\u00a0<\/span><span data-ccp-props=\"{&quot;134233279&quot;:true,&quot;201341983&quot;:0,&quot;335559738&quot;:200,&quot;335559739&quot;:160,&quot;335559740&quot;:288}\">\u00a0<\/span><\/p>\n<p><b><span data-contrast=\"none\">Schnelle Installation durch:<\/span><\/b><span data-ccp-props=\"{&quot;201341983&quot;:0,&quot;335551550&quot;:6,&quot;335551620&quot;:6,&quot;335559738&quot;:60,&quot;335559740&quot;:312}\">\u00a0<\/span><\/p>\n<ol>\n<li><span data-contrast=\"none\"> Ein Modulsystem: Dammbalken und Zwischenst\u00fctzen sind voneinander unabh\u00e4ngig und komplett zerlegbar.<\/span><\/li>\n<li><span data-contrast=\"none\"> Ma\u00dfgefertigte Herstellung mit detaillierten Pl\u00e4nen und einem Verzeichnis der Einzelteile.<\/span><\/li>\n<li><span data-contrast=\"none\"> Einfachen Zusammenbau: Aluminium ist dreimal leichter als Edelstahl.<\/span><\/li>\n<\/ol>\n<p><span data-contrast=\"none\">\u00a0<\/span><span data-ccp-props=\"{&quot;201341983&quot;:0,&quot;335551550&quot;:6,&quot;335551620&quot;:6,&quot;335559738&quot;:60,&quot;335559740&quot;:312}\">\u00a0<\/span><\/p>\n<p><b><span data-contrast=\"none\">Montage (Demontage) des Hochwasserschutzes<\/span><\/b><span data-ccp-props=\"{&quot;201341983&quot;:0,&quot;335551550&quot;:6,&quot;335551620&quot;:6,&quot;335559738&quot;:60,&quot;335559740&quot;:312}\">\u00a0<\/span><\/p>\n<p><span data-contrast=\"none\">Montagebereiche, also B\u00f6den oder Mauern ohne perfekt ebene Oberfl\u00e4chen oder aus einem Material, das sich nicht f\u00fcr die Positionierung der seitlichen Tr\u00e4ger eignet, muss entweder durch Estrich, zus\u00e4tzlichen M\u00f6rtel und Gl\u00e4tten oder durch Maurerarbeiten vorbereitet werden.<\/span><span data-ccp-props=\"{&quot;201341983&quot;:0,&quot;335551550&quot;:6,&quot;335551620&quot;:6,&quot;335559738&quot;:60,&quot;335559740&quot;:312}\">\u00a0<\/span><\/p>\n<p><span data-contrast=\"none\">Die <\/span><span data-contrast=\"none\">Montagestelle muss<\/span><span data-contrast=\"none\"> offen und leicht zug\u00e4nglich sein.<\/span><span data-ccp-props=\"{&quot;201341983&quot;:0,&quot;335551550&quot;:6,&quot;335551620&quot;:6,&quot;335559738&quot;:60,&quot;335559740&quot;:312}\">\u00a0<\/span><\/p>\n<p><span data-contrast=\"none\">Die einzigen Anforderungen neben dem Transport des Materials und den Lagerkapazit\u00e4ten an der Montagestelle liegt in der menschlichen Arbeitskraft:\u00a0 die Wahl der Anzahl der Personen ist abh\u00e4ngig von den Ressourcen des Auftragnehmers&#8230; und der Ausdehnung des Hochwasserschutzes.\u00a0<\/span><span data-ccp-props=\"{&quot;201341983&quot;:0,&quot;335551550&quot;:6,&quot;335551620&quot;:6,&quot;335559738&quot;:60,&quot;335559740&quot;:312}\">\u00a0<\/span><\/p>\n<p><span data-contrast=\"none\">Unser Modulsystem erm\u00f6glicht einen sehr schnellen Auf- und Abbau, da:<\/span><span data-ccp-props=\"{&quot;201341983&quot;:0,&quot;335551550&quot;:6,&quot;335551620&quot;:6,&quot;335559738&quot;:60,&quot;335559740&quot;:312}\">\u00a0<\/span><\/p>\n<ul>\n<li data-leveltext=\"\u25cf\" data-font=\"Arial\" data-listid=\"4\" aria-setsize=\"-1\" data-aria-posinset=\"1\" data-aria-level=\"1\"><span data-contrast=\"none\">die Dammbalken auf der Grundlage unserer Montageanweisungen manuell eingesetzt werden k\u00f6nnen und<\/span><span data-ccp-props=\"{&quot;134233279&quot;:true,&quot;201341983&quot;:0,&quot;335559685&quot;:800,&quot;335559738&quot;:60,&quot;335559740&quot;:276,&quot;335559991&quot;:360}\">\u00a0<\/span><\/li>\n<li data-leveltext=\"\u25cf\" data-font=\"Arial\" data-listid=\"4\" aria-setsize=\"-1\" data-aria-posinset=\"2\" data-aria-level=\"1\"><span data-contrast=\"none\">die Zwischenst\u00fctzen ebenfalls von Hand \u201eeinfach\u201c in den zu diesem Zweck angelegten \u201eVertiefungen\u201c platziert werden k\u00f6nnen.<\/span><span data-ccp-props=\"{&quot;134233279&quot;:true,&quot;201341983&quot;:0,&quot;335559685&quot;:800,&quot;335559738&quot;:60,&quot;335559740&quot;:276,&quot;335559991&quot;:360}\">\u00a0<\/span><\/li>\n<li data-leveltext=\"\u25cf\" data-font=\"Arial\" data-listid=\"4\" aria-setsize=\"-1\" data-aria-posinset=\"3\" data-aria-level=\"1\"><span data-ccp-props=\"{&quot;134233279&quot;:true,&quot;201341983&quot;:0,&quot;335559685&quot;:800,&quot;335559738&quot;:60,&quot;335559740&quot;:276,&quot;335559991&quot;:360}\">\u00a0<\/span><\/li>\n<\/ul>\n<p><b><span data-contrast=\"none\">\u00a0Durch die zahlreichen<\/span><\/b> <b><span data-contrast=\"none\">Implementierungen und Versuchsmontagen, an denen wir beteiligt waren, k\u00f6nnen wir eine Aufbauzeit von rund 5 Minuten pro m\u00b2 erreichen!<\/span><\/b><span data-ccp-props=\"{&quot;201341983&quot;:0,&quot;335551550&quot;:6,&quot;335551620&quot;:6,&quot;335559738&quot;:60,&quot;335559740&quot;:312}\">\u00a0<\/span>[\/vc_column_text][\/vc_tta_section][vc_tta_section i_icon_fontawesome=&#8220;fa fa-handshake-o&#8220; add_icon=&#8220;true&#8220; title=&#8220;Garantie&#8220; tab_id=&#8220;1579979985630-25d11eaf-c97d7e94-6da5&#8243;][vc_column_text css=&#8220;.vc_custom_1606225590283{margin-top: 34px !important;margin-bottom: 34px !important;}&#8220;]<\/p>\n<div class=\"t\"><strong>DIE GARANTIE MSU-BERGTEC<\/strong><\/div>\n<div class=\"s\">\n<ul>\n<li>Eine sehr niedrige Leckrat von &lt; 2,3 Litern \/ Stunde \/ m\u00b2<\/li>\n<li>Schnelle und einfache Installation: 5 min \/ m\u00b2 Wand<\/li>\n<li>Komplett zerlegbares\/mobiles System<\/li>\n<li>Legierungen mit hoher mechanischer Festigkeit<\/li>\n<li>F\u00fcr sehr hei\u00dfe oder sehr kalte Regionen geeignet (getestet bei -60\u00b0C)<\/li>\n<li>Wartungsfrei<\/li>\n<li>Hochwasserschutzw\u00e4nde mit 20-Jahre-Garantie<\/li>\n<\/ul>\n<\/div>\n<p>&nbsp;<\/p>\n<div class=\"t\"><strong>WIR BEHERRSCHEN DEN GESAMTEN HERSTELLUNGSPROZESS<\/strong><\/div>\n<div class=\"s\">\n<ul>\n<li>Komplett aus von einem schweizerischen Presswerk hergestellten Alulegierungen in Marinequalit\u00e4t gefertigte Hochwasserschutzwand<\/li>\n<li>Wir verf\u00fcgen \u00fcber unser eigenes Entwicklungsb\u00fcro mit erfahrenen Mitarbeitern<\/li>\n<li>Wir ber\u00fccksichtigen Bodenuntersuchungen, um gemeinsam mit dem Auftragsnehmer die Fundamente f\u00fcr unsere Zwischenst\u00fctzen zu konzipieren<\/li>\n<li>Die Waren werden dank unserer millimetergenauen Produktion einsatzbereit geliefert<\/li>\n<li>Dank unserer seit 1970 gesammelten Erfahrung sind wir in der Lage, das IHREN Anforderungen entsprechende Hochwasserschutzsystem zu entwickeln und bereitzustellen!<\/li>\n<\/ul>\n<\/div>\n<p>[\/vc_column_text][\/vc_tta_section][\/vc_tta_tabs][\/vc_column][\/vc_row]<\/p>\n<\/div>","protected":false},"excerpt":{"rendered":"<p>[vc_row][vc_column][vc_custom_heading text=&#8220;Montage der Hochwasserschutz&#8220; use_theme_fonts=&#8220;yes&#8220;][vc_custom_heading text=&#8220;Ein Erfahrenes Baustellenmanagement &#8220; font_container=&#8220;tag:div|text_align:left&#8220; use_theme_fonts=&#8220;yes&#8220; css=&#8220;.vc_custom_1605706020797{margin-bottom: 34px !important;}&#8220;][vc_tta_tabs style=&#8220;modern&#8220; shape=&#8220;square&#8220; spacing=&#8220;2&#8243; active_section=&#8220;1&#8243; css=&#8220;.vc_custom_1579979045895{margin-top: 34px [&hellip;]<\/p>\n","protected":false},"author":2,"featured_media":0,"parent":492,"menu_order":4,"comment_status":"closed","ping_status":"closed","template":"","meta":{"footnotes":""},"class_list":["post-504","page","type-page","status-publish","hentry"],"aioseo_notices":[],"_links":{"self":[{"href":"https:\/\/www.bergtecprotection.com\/de\/wp-json\/wp\/v2\/pages\/504","targetHints":{"allow":["GET"]}}],"collection":[{"href":"https:\/\/www.bergtecprotection.com\/de\/wp-json\/wp\/v2\/pages"}],"about":[{"href":"https:\/\/www.bergtecprotection.com\/de\/wp-json\/wp\/v2\/types\/page"}],"author":[{"embeddable":true,"href":"https:\/\/www.bergtecprotection.com\/de\/wp-json\/wp\/v2\/users\/2"}],"replies":[{"embeddable":true,"href":"https:\/\/www.bergtecprotection.com\/de\/wp-json\/wp\/v2\/comments?post=504"}],"version-history":[{"count":0,"href":"https:\/\/www.bergtecprotection.com\/de\/wp-json\/wp\/v2\/pages\/504\/revisions"}],"up":[{"embeddable":true,"href":"https:\/\/www.bergtecprotection.com\/de\/wp-json\/wp\/v2\/pages\/492"}],"wp:attachment":[{"href":"https:\/\/www.bergtecprotection.com\/de\/wp-json\/wp\/v2\/media?parent=504"}],"curies":[{"name":"wp","href":"https:\/\/api.w.org\/{rel}","templated":true}]}}