{"id":501,"date":"2019-11-30T22:25:58","date_gmt":"2019-11-30T22:25:58","guid":{"rendered":"https:\/\/www.bergtecprotection.com\/design-performances\/integration-foundation\/"},"modified":"2020-11-26T13:13:03","modified_gmt":"2020-11-26T13:13:03","slug":"integration-fundament","status":"publish","type":"page","link":"https:\/\/www.bergtecprotection.com\/de\/konstruktion-leistungen\/integration-fundament\/","title":{"rendered":"Verankerung und Fundament"},"content":{"rendered":"<div class=\"wpb-content-wrapper\"><p>[vc_row][vc_column][vc_custom_heading text=&#8220;Verankerung und Fundament&#8220; use_theme_fonts=&#8220;yes&#8220;][vc_custom_heading text=&#8220;&#8220; font_container=&#8220;tag:div|text_align:left&#8220; use_theme_fonts=&#8220;yes&#8220;][vc_tta_tabs style=&#8220;modern&#8220; shape=&#8220;square&#8220; spacing=&#8220;2&#8243; active_section=&#8220;1&#8243; css=&#8220;.vc_custom_1579979045895{margin-top: 34px !important;margin-bottom: 60px !important;}&#8220;][vc_tta_section i_icon_fontawesome=&#8220;fa fa-file-text-o&#8220; add_icon=&#8220;true&#8220; title=&#8220;Beschreibung&#8220; tab_id=&#8220;1579979003987-bf6b0eac-f77b2320-2ba6&#8243;][vc_column_text css=&#8220;.vc_custom_1605706619783{margin-top: 34px !important;margin-bottom: 34px !important;}&#8220;]<strong>Integration &amp; Fundament<\/strong><\/p>\n<p>Wenn der Hochwasserschutz \u00fcber l\u00e4ngere Strecken angebracht werden muss, werden Zwischenst\u00fctzen verwendet. Diese St\u00fctzen sind kritisch, denn auf Ihnen lastet ein Gro\u00dfteil des Wasserdrucks. Die Methode zur Befestigung der St\u00fctzen ist aufgrund des Multiplikatoreffekts der breiten Belastung in einigen Situationen extrem wichtig.<\/p>\n<p>Aus diesem Grund muss die Gr\u00f6\u00dfe der Verankerung der Befestigungsplatte oder des Befestigungsgeh\u00e4uses sehr genau berechnet werden.<\/p>\n<p>Im Allgemeinen ist der Boden unter den Hochwasserschutzsperren nicht in der Lage, der hohen Belastung standzuhalten, die durch den mobilen Damm (Metallkonstruktion) auf den Boden rund um die Basis der St\u00fctze geleitet wird. Aus diesem Grund muss ein Fundament mit Armierungen installiert werden, um dem Wasserdruck entgegenzuwirken, da z.B. \u201ex Tonnen Wasserdruck das \u201eEinf\u00fcllen\u201c von x Tonnen Beton erfordern\u201c!<\/p>\n<p>Jeder Standort ben\u00f6tigt eine spezifische L\u00f6sung, was Gr\u00f6\u00dfe der Befestigungsplatte oder des Geh\u00e4uses und der Gr\u00f6\u00dfe des Fundaments betrifft.<\/p>\n<p>Die Gr\u00f6\u00dfe des Fundaments wird von der Struktur des Untergrunds und von der verf\u00fcgbaren Tiefe bestimmt. Durch unsere langj\u00e4hrige Erfahrung und gemeinsame Anstrengungen unterst\u00fctzen wir Sie bei der Wahl der richtigen L\u00f6sung.[\/vc_column_text][\/vc_tta_section][vc_tta_section i_icon_fontawesome=&#8220;fa fa-handshake-o&#8220; add_icon=&#8220;true&#8220; title=&#8220;Garantie&#8220; tab_id=&#8220;1579979985630-25d11eaf-c97d2320-2ba6&#8243;][vc_column_text css=&#8220;.vc_custom_1606224865423{margin-top: 34px !important;margin-bottom: 34px !important;}&#8220;]<\/p>\n<div class=\"t\"><strong>Unsere Garantie\u00a0<\/strong><\/div>\n<div class=\"s\">\n<ul>\n<li>Eine sehr niedrige Leckrat von &lt;2, 3 Litern \/ Stunde \/ m\u00b2<\/li>\n<li>Schnelle und einfache Installation: 5 min \/ m\u00b2 Wand<\/li>\n<li>Komplett zerlegbares\/mobiles System<\/li>\n<li>Legierungen mit hoher mechanischer Festigkeit<\/li>\n<li>F\u00fcr sehr hei\u00dfe oder sehr kalte Regionen geeignet (getestet bei -60\u00b0C)<\/li>\n<li>Wartungsfrei<\/li>\n<li>Hochwasserschutzw\u00e4nde mit 20-Jahre-Garantie<\/li>\n<\/ul>\n<\/div>\n<p>&nbsp;<\/p>\n<div class=\"t\"><strong>WIR BEHERRSCHEN DEN GESAMTEN HERSTELLUNGSPROZESS<\/strong><\/div>\n<div class=\"s\">\n<ul>\n<li>Komplett aus von einem schweizerischen Presswerk hergestellten in Seefest Aluminium Legierung gefertigte Hochwasserschutzwand<\/li>\n<li>Eigenes Entwicklungsb\u00fcro mit erfahrenen Mitarbeitern<\/li>\n<li>Wir ber\u00fccksichtigen Bodenuntersuchungen, um gemeinsam mit dem Auftragsnehmer die Fundamente f\u00fcr unsere Zwischenst\u00fctzen zu konzipieren<\/li>\n<li>Die Waren werden dank unserer millimetergenauen Produktion einsatzbereit geliefert<\/li>\n<li>Dank unserer seit 1970 gesammelten Erfahrung sind wir in der Lage, das IHREN Anforderungen entsprechende Hochwasserschutzsystem zu entwickeln und bereitzustellen!<\/li>\n<\/ul>\n<\/div>\n<p>[\/vc_column_text][\/vc_tta_section][vc_tta_section i_icon_fontawesome=&#8220;fa fa-picture-o&#8220; add_icon=&#8220;true&#8220; title=&#8220;Galerie&#8220; tab_id=&#8220;1579979004025-7d17bdc9-51742320-2ba6&#8243;][vc_masonry_media_grid item=&#8220;masonryMedia_SlideTop&#8220; initial_loading_animation=&#8220;fadeIn&#8220; grid_id=&#8220;vc_gid:1606224787132-93d6efb2-67d4-2&#8243; include=&#8220;594,593,592,591,590,589&#8243; css=&#8220;.vc_custom_1581533646705{margin-top: 60px !important;margin-bottom: 60px !important;}&#8220;][\/vc_tta_section][\/vc_tta_tabs][\/vc_column][\/vc_row]<\/p>\n<\/div>","protected":false},"excerpt":{"rendered":"<p>[vc_row][vc_column][vc_custom_heading text=&#8220;Verankerung und Fundament&#8220; use_theme_fonts=&#8220;yes&#8220;][vc_custom_heading text=&#8220;&#8220; font_container=&#8220;tag:div|text_align:left&#8220; use_theme_fonts=&#8220;yes&#8220;][vc_tta_tabs style=&#8220;modern&#8220; shape=&#8220;square&#8220; spacing=&#8220;2&#8243; active_section=&#8220;1&#8243; css=&#8220;.vc_custom_1579979045895{margin-top: 34px !important;margin-bottom: 60px !important;}&#8220;][vc_tta_section i_icon_fontawesome=&#8220;fa fa-file-text-o&#8220; add_icon=&#8220;true&#8220; [&hellip;]<\/p>\n","protected":false},"author":2,"featured_media":0,"parent":492,"menu_order":3,"comment_status":"closed","ping_status":"closed","template":"","meta":{"footnotes":""},"class_list":["post-501","page","type-page","status-publish","hentry"],"aioseo_notices":[],"_links":{"self":[{"href":"https:\/\/www.bergtecprotection.com\/de\/wp-json\/wp\/v2\/pages\/501","targetHints":{"allow":["GET"]}}],"collection":[{"href":"https:\/\/www.bergtecprotection.com\/de\/wp-json\/wp\/v2\/pages"}],"about":[{"href":"https:\/\/www.bergtecprotection.com\/de\/wp-json\/wp\/v2\/types\/page"}],"author":[{"embeddable":true,"href":"https:\/\/www.bergtecprotection.com\/de\/wp-json\/wp\/v2\/users\/2"}],"replies":[{"embeddable":true,"href":"https:\/\/www.bergtecprotection.com\/de\/wp-json\/wp\/v2\/comments?post=501"}],"version-history":[{"count":0,"href":"https:\/\/www.bergtecprotection.com\/de\/wp-json\/wp\/v2\/pages\/501\/revisions"}],"up":[{"embeddable":true,"href":"https:\/\/www.bergtecprotection.com\/de\/wp-json\/wp\/v2\/pages\/492"}],"wp:attachment":[{"href":"https:\/\/www.bergtecprotection.com\/de\/wp-json\/wp\/v2\/media?parent=501"}],"curies":[{"name":"wp","href":"https:\/\/api.w.org\/{rel}","templated":true}]}}