{"id":498,"date":"2019-11-30T22:25:58","date_gmt":"2019-11-30T22:25:58","guid":{"rendered":"https:\/\/www.bergtecprotection.com\/design-performances\/resistance-water-tightness\/"},"modified":"2020-11-25T16:22:13","modified_gmt":"2020-11-25T16:22:13","slug":"bestaendigkeit-dichtigkeit","status":"publish","type":"page","link":"https:\/\/www.bergtecprotection.com\/de\/konstruktion-leistungen\/bestaendigkeit-dichtigkeit\/","title":{"rendered":"Best\u00e4ndigkeit und Dichtigkeit"},"content":{"rendered":"<div class=\"wpb-content-wrapper\"><p>[vc_row][vc_column][vc_custom_heading text=&#8220;Best\u00e4ndigkeit und Dichtigkeit&#8220; use_theme_fonts=&#8220;yes&#8220;][vc_custom_heading text=&#8220;Dichtigkeitspr\u00fcfungen nach DIN Normen&#8220; font_container=&#8220;tag:div|text_align:left&#8220; use_theme_fonts=&#8220;yes&#8220;][vc_tta_tabs style=&#8220;modern&#8220; shape=&#8220;square&#8220; spacing=&#8220;2&#8243; active_section=&#8220;1&#8243; css=&#8220;.vc_custom_1579979045895{margin-top: 34px !important;margin-bottom: 60px !important;}&#8220;][vc_tta_section i_icon_fontawesome=&#8220;fa fa-file-text-o&#8220; add_icon=&#8220;true&#8220; title=&#8220;Beschreibung&#8220; tab_id=&#8220;1579979003987-bf6b0eac-f77b4ff2-354b&#8220;][vc_column_text css=&#8220;.vc_custom_1605707272905{margin-top: 34px !important;margin-bottom: 34px !important;}&#8220;]<br \/>\n<strong>Wasserdichtigkeit unserer Hochwasserschutz<\/strong>.<\/p>\n<p>\u00dcbereinstimmend wurde vereinbart, die deutsche Norm DIN 19569-4 zu verwenden, die die maximale Leckrate f\u00fcr \u201ehydraulische Ger\u00e4te\u201c festlegt. Diese Norm nimmt eine Unterteilung in 5 verschiedene Klassen vor, mit maximal zul\u00e4ssigen Leckraten, die nach \u201eLiter pro Sekunde und pro Meter Dichtlinie\u201c berechnet werden.\u00a0 Diese 5 Produktklassen teilen sich von der h\u00f6chsten annehmbaren Leckage bis zur niedrigsten wie folgt auf: Dammbalken max. 1,0 Liter (1) Dammtafeln 0,3 Liter (2) R\u00fcckstauklappen &amp; Sch\u00fctze max. 0,1 Liter (3) Schieber max. 0,05 Liter (4) und alle besonderen Anwendungen max. 0,02 Liter (5).<\/p>\n<p>Nach einer umfassenden Forschungs- und Entwicklungsarbeit und unter Ber\u00fccksichtigung, dass Hochwasserschutz so dicht wie m\u00f6glich sein sollten, gelang es uns, die Leckrat auf unter 2,3 Liter\/Stunde\/m\u00b2 zu reduzieren<\/p>\n<p>also merhmals dichter als die Klasse 5 der DIN-Norm (siehe APAVE-Test).<\/p>\n<p>Die Dichtigkeit unserer Hochwasserschutzsysteme ist das Ergebnis eines harten Herstellungsverfahrens mit einer geringen Herstellungstoleranz (+\/- 1mm) und unserer speziellen Dichtungskonstruktion, die perfekt zu den optimierten Profilen passt.<\/p>\n<p><strong>Mechanischer Widerstand<\/strong><\/p>\n<p>Unser gesamtes Material wird entsprechend der folgenden Normen entwickelt und hergestellt:<\/p>\n<p>ISO EN 1090, AL76 \/ EUROCODE<\/p>\n<p>Die Methoden der Berechnung und der Herstellung der Aluminiumkonstruktionen entsprechen den Unified Technical Documents (allgemeine Normen im Metallbau) und zus\u00e4tzlichen Bestimmungen im Aluminiumbau unter der Norm \u201eAL76\u201c<\/p>\n<p><strong>Optimale Wasserdichtigkeit garantiert durch die im Folgenden beschriebenen Tests<\/strong><\/p>\n<p>1. Durchf\u00fchrung in der Fabrik an unserem Pr\u00fcfstand (Wasserreservoir) und von einer offiziellen Pr\u00fcfstelle (APAVE) best\u00e4tigt<\/p>\n<p>2. Durchf\u00fchrung vor Ort f\u00fcr eine Beh\u00f6rde mit Aufbau eines Auffangbeckens mit einer Gr\u00f6\u00dfe von 4x1x1 Meter. Wir haben einen Schutz des Typs \u201eHochwassersperre mit Zwischenst\u00fctzen\u201c aufgebaut. Die Messungen der Leckrate wurden von unserem Kunden sowie von der vom Generalunternehmer bestellten technischen Abteilung durchgef\u00fchrt.<\/p>\n<p>3. Im offiziellen Labor im franz\u00f6sischen C.S.T.B. (wissenschaftliches und technisches Testzentrum) in Marne-la-Vall\u00e9e (bei Paris) im Auftrag des franz\u00f6sischen Ministeriums f\u00fcr Umwelt und nachhaltige Entwicklung.[\/vc_column_text][\/vc_tta_section][vc_tta_section i_icon_fontawesome=&#8220;fa fa-handshake-o&#8220; add_icon=&#8220;true&#8220; title=&#8220;Garantie&#8220; tab_id=&#8220;1579979985630-25d11eaf-c97d4ff2-354b&#8220;][vc_column_text css=&#8220;.vc_custom_1606224759566{margin-top: 34px !important;margin-bottom: 34px !important;}&#8220;]<\/p>\n<div class=\"t\"><strong>Unsere Garantie\u00a0<\/strong><\/div>\n<div class=\"s\">\n<ul>\n<li>Eine sehr niedrige Leckrat von &lt;2, 3 Litern \/ Stunde \/ m\u00b2<\/li>\n<li>Schnelle und einfache Installation: 5 min \/ m\u00b2 Wand<\/li>\n<li>Komplett zerlegbares\/mobiles System<\/li>\n<li>Legierungen mit hoher mechanischer Festigkeit<\/li>\n<li>F\u00fcr sehr hei\u00dfe oder sehr kalte Regionen geeignet (getestet bei -60\u00b0C)<\/li>\n<li>Wartungsfrei<\/li>\n<li>Hochwasserschutzw\u00e4nde mit 20-Jahre-Garantie<\/li>\n<\/ul>\n<\/div>\n<p>&nbsp;<\/p>\n<div class=\"t\"><strong>WIR BEHERRSCHEN DEN GESAMTEN HERSTELLUNGSPROZESS<\/strong><\/div>\n<div class=\"s\">\n<ul>\n<li>Komplett aus von einem schweizerischen Presswerk hergestellten in Seefest Aluminium Legierung gefertigte Hochwasserschutzwand<\/li>\n<li>Eigenes Entwicklungsb\u00fcro mit erfahrenen Mitarbeitern<\/li>\n<li>Wir ber\u00fccksichtigen Bodenuntersuchungen, um gemeinsam mit dem Auftragsnehmer die Fundamente f\u00fcr unsere Zwischenst\u00fctzen zu konzipieren<\/li>\n<li>Die Waren werden dank unserer millimetergenauen Produktion einsatzbereit geliefert<\/li>\n<li>Dank unserer seit 1970 gesammelten Erfahrung sind wir in der Lage, das IHREN Anforderungen entsprechende Hochwasserschutzsystem zu entwickeln und bereitzustellen!<\/li>\n<\/ul>\n<\/div>\n<p>[\/vc_column_text][\/vc_tta_section][vc_tta_section i_icon_fontawesome=&#8220;fa fa-picture-o&#8220; add_icon=&#8220;true&#8220; title=&#8220;Galerie&#8220; tab_id=&#8220;1579979004025-7d17bdc9-51744ff2-354b&#8220;][vc_masonry_media_grid item=&#8220;masonryMedia_SlideTop&#8220; initial_loading_animation=&#8220;fadeIn&#8220; grid_id=&#8220;vc_gid:1606224712949-38b2b4e7-1cd0-10&#8243; include=&#8220;600,599,597,598&#8243; css=&#8220;.vc_custom_1581533593143{margin-top: 60px !important;margin-bottom: 60px !important;}&#8220;][\/vc_tta_section][\/vc_tta_tabs][\/vc_column][\/vc_row]<\/p>\n<\/div>","protected":false},"excerpt":{"rendered":"<p>[vc_row][vc_column][vc_custom_heading text=&#8220;Best\u00e4ndigkeit und Dichtigkeit&#8220; use_theme_fonts=&#8220;yes&#8220;][vc_custom_heading text=&#8220;Dichtigkeitspr\u00fcfungen nach DIN Normen&#8220; font_container=&#8220;tag:div|text_align:left&#8220; use_theme_fonts=&#8220;yes&#8220;][vc_tta_tabs style=&#8220;modern&#8220; shape=&#8220;square&#8220; spacing=&#8220;2&#8243; active_section=&#8220;1&#8243; css=&#8220;.vc_custom_1579979045895{margin-top: 34px !important;margin-bottom: 60px !important;}&#8220;][vc_tta_section [&hellip;]<\/p>\n","protected":false},"author":2,"featured_media":0,"parent":492,"menu_order":2,"comment_status":"closed","ping_status":"closed","template":"","meta":{"footnotes":""},"class_list":["post-498","page","type-page","status-publish","hentry"],"aioseo_notices":[],"_links":{"self":[{"href":"https:\/\/www.bergtecprotection.com\/de\/wp-json\/wp\/v2\/pages\/498","targetHints":{"allow":["GET"]}}],"collection":[{"href":"https:\/\/www.bergtecprotection.com\/de\/wp-json\/wp\/v2\/pages"}],"about":[{"href":"https:\/\/www.bergtecprotection.com\/de\/wp-json\/wp\/v2\/types\/page"}],"author":[{"embeddable":true,"href":"https:\/\/www.bergtecprotection.com\/de\/wp-json\/wp\/v2\/users\/2"}],"replies":[{"embeddable":true,"href":"https:\/\/www.bergtecprotection.com\/de\/wp-json\/wp\/v2\/comments?post=498"}],"version-history":[{"count":0,"href":"https:\/\/www.bergtecprotection.com\/de\/wp-json\/wp\/v2\/pages\/498\/revisions"}],"up":[{"embeddable":true,"href":"https:\/\/www.bergtecprotection.com\/de\/wp-json\/wp\/v2\/pages\/492"}],"wp:attachment":[{"href":"https:\/\/www.bergtecprotection.com\/de\/wp-json\/wp\/v2\/media?parent=498"}],"curies":[{"name":"wp","href":"https:\/\/api.w.org\/{rel}","templated":true}]}}