{"id":495,"date":"2019-11-30T22:25:58","date_gmt":"2019-11-30T22:25:58","guid":{"rendered":"https:\/\/www.bergtecprotection.com\/design-performances\/why-aluminium\/"},"modified":"2020-11-26T13:10:42","modified_gmt":"2020-11-26T13:10:42","slug":"aluminium","status":"publish","type":"page","link":"https:\/\/www.bergtecprotection.com\/de\/konstruktion-leistungen\/aluminium\/","title":{"rendered":"Warum Aluminium?"},"content":{"rendered":"<div class=\"wpb-content-wrapper\"><p>[vc_row][vc_column][vc_custom_heading text=&#8220;Warum Aluminium?&#8220; use_theme_fonts=&#8220;yes&#8220;][vc_custom_heading text=&#8220;Metallbau&#8220; font_container=&#8220;tag:div|text_align:left&#8220; use_theme_fonts=&#8220;yes&#8220;][vc_tta_tabs style=&#8220;modern&#8220; shape=&#8220;square&#8220; spacing=&#8220;2&#8243; active_section=&#8220;1&#8243; css=&#8220;.vc_custom_1579979045895{margin-top: 34px !important;margin-bottom: 60px !important;}&#8220;][vc_tta_section i_icon_fontawesome=&#8220;fa fa-file-text-o&#8220; add_icon=&#8220;true&#8220; title=&#8220;Beschreibung&#8220; tab_id=&#8220;1579979003987-bf6b0eac-f77bf9e2-69e2&#8243;][vc_column_text css=&#8220;.vc_custom_1605719326005{margin-top: 34px !important;margin-bottom: 34px !important;}&#8220;]<strong>Warum Aluminium ?<\/strong><\/p>\n<p>Die aktuelle Aluminiummetallurgie versorgt uns mit Profilen von hohem mechanischem Standard und ausgezeichneter chemischer Best\u00e4ndigkeit gegen Korrosion.\u00a0 Aluminium wird in vielen Bereichen eingesetzt, darunter auch in der Luftfahrt (z.B. im Airbus A380) oder in der Autoindustrie (Karosserie und Motor zu 100 % aus Aluminium).<\/p>\n<p>Seine bemerkenswerte Korrosionsbest\u00e4ndigkeit hat Manager von Wasseraufbereitungsanlagen in den USA seit den 1920er Jahren von der Verwendung dieses Materials \u00fcberzeugt (siehe Artikel \u201eSewage Works Engineering\u201c von RC.\u00a0 Wilson). Aluminium wurde als erstes von der Marine eingesetzt. Die franz\u00f6sische Marine bestellte schon 1895 ein 18 Meter langes Torpedoboot mit dem Namen \u201eLe Lansquenet\u201c, das aus Aluminiumblechen mit einem Kupferanteil von 6 % hergestellt wurde.<\/p>\n<p><strong>Der bemerkenswerte mechanische Widerstand wird bei niedrigen Temperaturen (-100\u00b0C) noch verst\u00e4rkt, so dass seine Nutzung in Polarregionen der von Stahl vorzuziehen ist, der seinerseits anf\u00e4lliger wird.<\/strong><\/p>\n<p>Unser 1970 gegr\u00fcndetes Unternehmen verf\u00fcgt \u00fcber eine betr\u00e4chtliche Erfahrung auf dem Gebiet der kundenspezifischen Sicherheitsausstattungen, f\u00fcr Zug\u00e4nge und Sicherheitsl\u00f6sungen f\u00fcr Maschinen und Geb\u00e4ude und Sicherheitsausr\u00fcstungen f\u00fcr Kl\u00e4ranlagen und Kanalnetze usw.<\/p>\n<p><strong>Die Dichtungen<\/strong><\/p>\n<p>Die Geometrie der verschiedenen Dichtungen wurde speziell entwickelt, da sie eine wichtige Rolle in den sehr engen von uns geforderten Passtoleranzen spielen, um so das Leckrat Risiko maximal einzuschr\u00e4nken.<\/p>\n<p>Die Qualit\u00e4t des EPDM bewahren die Integrit\u00e4t der Dichtungen bei:<\/p>\n<ol>\n<li>Unerwarteten wiederholten Reibungen<\/li>\n<li>Ungewollten Rissen (Kollisionen bei der Handhabung&#8230;)<\/li>\n<li>Korrosion aufgrund von Kontakt mit Hochwasser oder anderem Wasser (Kanalisation&#8230;)<\/li>\n<li>\u00c4lterung durch UV-Strahlen, welche die mechanischen Eigenschaften beeinflussen.<\/li>\n<\/ol>\n<p>[\/vc_column_text][\/vc_tta_section][vc_tta_section i_icon_fontawesome=&#8220;fa fa-handshake-o&#8220; add_icon=&#8220;true&#8220; title=&#8220;Garantie&#8220; tab_id=&#8220;1579979985630-25d11eaf-c97df9e2-69e2&#8243;][vc_column_text css=&#8220;.vc_custom_1606224673896{margin-top: 34px !important;margin-bottom: 34px !important;}&#8220;]<\/p>\n<div class=\"t\"><strong>DIE GARANTIE MSU-BERGTEC<\/strong><\/div>\n<div class=\"s\">\n<ul>\n<li>Eine sehr niedrige Leckrat von &lt; 2,3 Litern \/ Stunde \/ m\u00b2<\/li>\n<li>Schnelle und einfache Installation: 5 min \/ m\u00b2 Wand<\/li>\n<li>Komplett zerlegbares\/mobiles System<\/li>\n<li>Legierungen mit hoher mechanischer Festigkeit<\/li>\n<li>F\u00fcr sehr hei\u00dfe oder sehr kalte Regionen geeignet (getestet bei -60\u00b0C)<\/li>\n<li>Wartungsfrei<\/li>\n<li>Hochwasserschutzw\u00e4nde mit 20-Jahre-Garantie<\/li>\n<\/ul>\n<\/div>\n<p>&nbsp;<\/p>\n<div class=\"t\"><strong>WIR BEHERRSCHEN DEN GESAMTEN HERSTELLUNGSPROZESS<\/strong><\/div>\n<div class=\"s\">\n<ul>\n<li>Komplett aus von einem schweizerischen Presswerk hergestellten Alulegierungen in Marinequalit\u00e4t gefertigte Hochwasserschutzwand<\/li>\n<li>Wir verf\u00fcgen \u00fcber unser eigenes Entwicklungsb\u00fcro mit erfahrenen Mitarbeitern<\/li>\n<li>Wir ber\u00fccksichtigen Bodenuntersuchungen, um gemeinsam mit dem Auftragsnehmer die Fundamente f\u00fcr unsere Zwischenst\u00fctzen zu konzipieren<\/li>\n<li>Die Waren werden dank unserer millimetergenauen Produktion einsatzbereit geliefert<\/li>\n<li>Dank unserer seit 1970 gesammelten Erfahrung sind wir in der Lage, das IHREN Anforderungen entsprechende Hochwasserschutzsystem zu entwickeln und bereitzustellen!<\/li>\n<\/ul>\n<\/div>\n<p>[\/vc_column_text][\/vc_tta_section][\/vc_tta_tabs][\/vc_column][\/vc_row]<\/p>\n<\/div>","protected":false},"excerpt":{"rendered":"<p>[vc_row][vc_column][vc_custom_heading text=&#8220;Warum Aluminium?&#8220; use_theme_fonts=&#8220;yes&#8220;][vc_custom_heading text=&#8220;Metallbau&#8220; font_container=&#8220;tag:div|text_align:left&#8220; use_theme_fonts=&#8220;yes&#8220;][vc_tta_tabs style=&#8220;modern&#8220; shape=&#8220;square&#8220; spacing=&#8220;2&#8243; active_section=&#8220;1&#8243; css=&#8220;.vc_custom_1579979045895{margin-top: 34px !important;margin-bottom: 60px !important;}&#8220;][vc_tta_section i_icon_fontawesome=&#8220;fa fa-file-text-o&#8220; add_icon=&#8220;true&#8220; title=&#8220;Beschreibung&#8220; [&hellip;]<\/p>\n","protected":false},"author":2,"featured_media":0,"parent":492,"menu_order":1,"comment_status":"closed","ping_status":"closed","template":"","meta":{"footnotes":""},"class_list":["post-495","page","type-page","status-publish","hentry"],"aioseo_notices":[],"_links":{"self":[{"href":"https:\/\/www.bergtecprotection.com\/de\/wp-json\/wp\/v2\/pages\/495","targetHints":{"allow":["GET"]}}],"collection":[{"href":"https:\/\/www.bergtecprotection.com\/de\/wp-json\/wp\/v2\/pages"}],"about":[{"href":"https:\/\/www.bergtecprotection.com\/de\/wp-json\/wp\/v2\/types\/page"}],"author":[{"embeddable":true,"href":"https:\/\/www.bergtecprotection.com\/de\/wp-json\/wp\/v2\/users\/2"}],"replies":[{"embeddable":true,"href":"https:\/\/www.bergtecprotection.com\/de\/wp-json\/wp\/v2\/comments?post=495"}],"version-history":[{"count":0,"href":"https:\/\/www.bergtecprotection.com\/de\/wp-json\/wp\/v2\/pages\/495\/revisions"}],"up":[{"embeddable":true,"href":"https:\/\/www.bergtecprotection.com\/de\/wp-json\/wp\/v2\/pages\/492"}],"wp:attachment":[{"href":"https:\/\/www.bergtecprotection.com\/de\/wp-json\/wp\/v2\/media?parent=495"}],"curies":[{"name":"wp","href":"https:\/\/api.w.org\/{rel}","templated":true}]}}