{"id":492,"date":"2019-11-30T22:25:58","date_gmt":"2019-11-30T22:25:58","guid":{"rendered":"https:\/\/www.bergtecprotection.com\/design-performances\/"},"modified":"2020-11-26T13:09:39","modified_gmt":"2020-11-26T13:09:39","slug":"konstruktion-leistungen","status":"publish","type":"page","link":"https:\/\/www.bergtecprotection.com\/de\/konstruktion-leistungen\/","title":{"rendered":"Konstruktion &#038; Leistungen"},"content":{"rendered":"<div class=\"wpb-content-wrapper\"><p>[vc_row][vc_column][vc_custom_heading text=&#8220;METALLBAUARBEITEN&#8220; font_container=&#8220;tag:div|font_size:15|text_align:center|color:%23878787&#8243; use_theme_fonts=&#8220;yes&#8220; el_class=&#8220;our_services_heading1&#8243;][vc_custom_heading text=&#8220;Konstruktion &#038; Leistungen&#8220; font_container=&#8220;tag:h2|font_size:36|text_align:center|color:%23000000&#8243; use_theme_fonts=&#8220;yes&#8220; el_class=&#8220;our_services_heading2&#8243; css=&#8220;.vc_custom_1580067718153{margin-bottom: 30px !important;}&#8220;][vc_column_text css=&#8220;.vc_custom_1604582687616{margin-bottom: 30px !important;}&#8220;]<br \/>\nUnser gesamtes Hochwasserschutzangebot wird gr\u00f6\u00dftenteils aus ausgew\u00e4hlten Hochwertigen Aluminiumlegierungen hergestellt, die auch in extrem aggressiver Umgebung ( Meeres, Abwasser\u2026) korrosionsbest\u00e4ndig sind. Au\u00dferdem werden die Elemente entweder aus stranggepressten Profilen oder laminiertem Bleche gefertigt und zus\u00e4tzlich zur H\u00e4rtung hitzebehandelt. Diese Profile zeigen ausgezeichnete Schwei\u00dfeigenschaften.<\/p>\n<p><strong>Allgemeines:<\/strong><\/p>\n<p>Aluminiumlegierungen werden aus 97 % reinem Aluminium hergestellt, zu dem verschiedene Komponenten in unterschiedlichen Mengen hinzugef\u00fcgt werden, die in internationalen Normen festgelegt sind. Zu diesen Zus\u00e4tzen geh\u00f6ren in erster Linie Magnesium (Mg), Silikon (Si), Mangan (Mn) und Kupfer (Cu).<\/p>\n<p>Unser Firma wird durch seine langj\u00e4hrige Zusammenarbeit mit seinem in der Schweiz basierten Lieferanten f\u00fcr Aluminium unterst\u00fctzt, der bei Genauigkeit und Leistung h\u00f6chste Qualit\u00e4t liefert. Au\u00dferdem ist das schweizerische Strangpresswerk eine umweltfreundlich arbeitende Firma, deren Extrusionsabf\u00e4lle zu \u00fcber 80 % recycelt werden, wodurch sie ihren \u00f6kologischen Fu\u00dfabdruck wesentlich reduzieren kann.<\/p>\n<p>Unsere Garantie:\u00a0 Die Elemente der Hochwasserschutzsystem werden nach geltenden europ\u00e4ischen und ISO-Standards entwickelt und produziert, mit einer Durchbiegung von Max. 1\/300 (um hervorragende Dichtigkeit zu gew\u00e4hrleisten).<\/p>\n<p>Unser Track-Record im Bereich Design-and-Build geht bis in das Jahr 1970 zur\u00fcck und wir verf\u00fcgen \u00fcber gro\u00dfe Erfahrung bei der Bereitstellung von kompletten Engineering-Services durch unsere interne Technikabteilung, in der Ingenieure mit den neuesten 3D\/CAD-Software arbeiten.<br \/>\n[\/vc_column_text][vc_raw_html]W2Vzc19ncmlkIGFsaWFzPSJncmlkLTQiXQ==[\/vc_raw_html][vc_raw_html css=&#8220;.vc_custom_1580071296324{padding-top: 5px !important;}&#8220;]W2Vzc19ncmlkIGFsaWFzPSJncmlkLTUiXQ==[\/vc_raw_html][vc_empty_space height=&#8220;60px&#8220;][\/vc_column][\/vc_row]<\/p>\n<\/div>","protected":false},"excerpt":{"rendered":"<p>GEPR\u00dcFTE FESTIGKEIT UND DICHTIGKEIT.<\/p>\n","protected":false},"author":2,"featured_media":0,"parent":0,"menu_order":9,"comment_status":"closed","ping_status":"closed","template":"","meta":{"footnotes":""},"class_list":["post-492","page","type-page","status-publish","hentry"],"aioseo_notices":[],"_links":{"self":[{"href":"https:\/\/www.bergtecprotection.com\/de\/wp-json\/wp\/v2\/pages\/492","targetHints":{"allow":["GET"]}}],"collection":[{"href":"https:\/\/www.bergtecprotection.com\/de\/wp-json\/wp\/v2\/pages"}],"about":[{"href":"https:\/\/www.bergtecprotection.com\/de\/wp-json\/wp\/v2\/types\/page"}],"author":[{"embeddable":true,"href":"https:\/\/www.bergtecprotection.com\/de\/wp-json\/wp\/v2\/users\/2"}],"replies":[{"embeddable":true,"href":"https:\/\/www.bergtecprotection.com\/de\/wp-json\/wp\/v2\/comments?post=492"}],"version-history":[{"count":0,"href":"https:\/\/www.bergtecprotection.com\/de\/wp-json\/wp\/v2\/pages\/492\/revisions"}],"wp:attachment":[{"href":"https:\/\/www.bergtecprotection.com\/de\/wp-json\/wp\/v2\/media?parent=492"}],"curies":[{"name":"wp","href":"https:\/\/api.w.org\/{rel}","templated":true}]}}