{"id":486,"date":"2019-11-30T22:25:58","date_gmt":"2019-11-30T22:25:58","guid":{"rendered":"https:\/\/www.bergtecprotection.com\/handling-accessories\/protection-accessories\/"},"modified":"2020-11-26T13:08:16","modified_gmt":"2020-11-26T13:08:16","slug":"zubehor-hochwasserschutz","status":"publish","type":"page","link":"https:\/\/www.bergtecprotection.com\/de\/handhabung-zubehor\/zubehor-hochwasserschutz\/","title":{"rendered":"Zubeh\u00f6r f\u00fcr den Hochwasserschutz"},"content":{"rendered":"<div class=\"wpb-content-wrapper\"><p>[vc_row][vc_column][vc_custom_heading text=&#8220;Zubeh\u00f6r f\u00fcr den Hochwasserschutz&#8220; use_theme_fonts=&#8220;yes&#8220;][vc_custom_heading text=&#8220;&#8220; font_container=&#8220;tag:div|text_align:left&#8220; use_theme_fonts=&#8220;yes&#8220;][vc_tta_tabs style=&#8220;modern&#8220; shape=&#8220;square&#8220; spacing=&#8220;2&#8243; active_section=&#8220;1&#8243; css=&#8220;.vc_custom_1579979045895{margin-top: 34px !important;margin-bottom: 60px !important;}&#8220;][vc_tta_section i_icon_fontawesome=&#8220;fa fa-file-text-o&#8220; add_icon=&#8220;true&#8220; title=&#8220;Beschreibung&#8220; tab_id=&#8220;1579979003987-bf6b0eac-f77b5dcc-0997&#8243;][vc_column_text css=&#8220;.vc_custom_1605813470483{margin-top: 34px !important;margin-bottom: 34px !important;}&#8220;]<strong>Schutzabdeckung f\u00fcr Seitenschiene:<\/strong><\/p>\n<p>In st\u00e4dtische Bereichen, in denen das Risiko von Vandalismus oder einer Besch\u00e4digung der permanenten Befestigungen besteht, was zu einer Reduzierung der Leistung f\u00fchren k\u00f6nnte, bieten wir unseren Schutzabdeckungen an.<\/p>\n<p>Diese Abdeckungen werden individuell angefertigt um die Wandefestigte Rahmen ab zudecken und k\u00f6nnen mit hoher \u00e4sthetischer Qualit\u00e4t hergestellt werden.<\/p>\n<p>Die Abdeckungen werden mit Edelstahlschrauben befestigt.<\/p>\n<p><strong>Schutzdeckel f\u00fcr die Bodenbefestigungsgeh\u00e4use der St\u00fctze:<\/strong><\/p>\n<p>Normalerweise sind die Befestigungsgeh\u00e4use zur Sicherung der Zwischenst\u00fctzen in den Boden eingelassen und m\u00fcssen vor Fahrzeugen oder Kontaminierung ( Schmutz, Schlamm, \u00d6l, Steinen\u2026) gesch\u00fctzt werden, die ein Anziehen der Schrauben &amp; Muttern blockieren oder verhindern k\u00f6nnten. Aus diesem Grund bieten wir speziell entwickelte Deckel an die f\u00fcr hohe Belastungen vorgesehen sind<strong>.<\/strong>[\/vc_column_text][\/vc_tta_section][vc_tta_section i_icon_fontawesome=&#8220;fa fa-handshake-o&#8220; add_icon=&#8220;true&#8220; title=&#8220;Garantie&#8220; tab_id=&#8220;1579979985630-25d11eaf-c97d5dcc-0997&#8243;][vc_column_text css=&#8220;.vc_custom_1606224472695{margin-top: 34px !important;margin-bottom: 34px !important;}&#8220;]<\/p>\n<div class=\"t\"><strong>DIE GARANTIE MSU-BERGTEC<\/strong><\/div>\n<div class=\"s\">\n<ul>\n<li>Eine sehr niedrige Leckrat von &lt;2,3 Litern \/ Stunde \/ m\u00b2<\/li>\n<li>Schnelle und einfache Installation: 5 min \/ m\u00b2 Wand<\/li>\n<li>Komplett zerlegbares\/mobiles System<\/li>\n<li>Legierungen mit hoher mechanischer Festigkeit<\/li>\n<li>F\u00fcr sehr hei\u00dfe oder sehr kalte Regionen geeignet (getestet bei -60\u00b0C)<\/li>\n<li>Wartungsfrei<\/li>\n<li>Hochwasserschutzw\u00e4nde mit 20-Jahre-Garantie<\/li>\n<\/ul>\n<\/div>\n<p>&nbsp;<\/p>\n<div class=\"t\"><strong>WIR BEHERRSCHEN DEN GESAMTEN HERSTELLUNGSPROZESS<\/strong><\/div>\n<div class=\"s\">\n<ul>\n<li>Komplett aus von einem schweizerischen Presswerk hergestellten Alulegierungen in Marinequalit\u00e4t gefertigte Hochwasserschutzwand<\/li>\n<li>Wir verf\u00fcgen \u00fcber unser eigenes Entwicklungsb\u00fcro mit erfahrenen Mitarbeitern<\/li>\n<li>Wir ber\u00fccksichtigen Bodenuntersuchungen, um gemeinsam mit dem Auftragsnehmer die Fundamente f\u00fcr unsere Zwischenst\u00fctzen zu konzipieren<\/li>\n<li>Die Waren werden dank unserer millimetergenauen Produktion einsatzbereit geliefert<\/li>\n<li>Dank unserer seit 1970 gesammelten Erfahrung sind wir in der Lage, das IHREN Anforderungen entsprechende Hochwasserschutzsystem zu entwickeln und bereitzustellen!<\/li>\n<\/ul>\n<\/div>\n<p>[\/vc_column_text][\/vc_tta_section][vc_tta_section i_icon_fontawesome=&#8220;fa fa-picture-o&#8220; add_icon=&#8220;true&#8220; title=&#8220;Galerie&#8220; tab_id=&#8220;1579979004025-7d17bdc9-51745dcc-0997&#8243;][vc_masonry_media_grid item=&#8220;masonryMedia_SlideTop&#8220; initial_loading_animation=&#8220;fadeIn&#8220; grid_id=&#8220;vc_gid:1606224415637-4941428c-c012-10&#8243; include=&#8220;606,605,604,603,602,601&#8243; css=&#8220;.vc_custom_1581533432134{margin-top: 60px !important;margin-bottom: 60px !important;}&#8220;][\/vc_tta_section][\/vc_tta_tabs][\/vc_column][\/vc_row]<\/p>\n<\/div>","protected":false},"excerpt":{"rendered":"<p>[vc_row][vc_column][vc_custom_heading text=&#8220;Zubeh\u00f6r f\u00fcr den Hochwasserschutz&#8220; use_theme_fonts=&#8220;yes&#8220;][vc_custom_heading text=&#8220;&#8220; font_container=&#8220;tag:div|text_align:left&#8220; use_theme_fonts=&#8220;yes&#8220;][vc_tta_tabs style=&#8220;modern&#8220; shape=&#8220;square&#8220; spacing=&#8220;2&#8243; active_section=&#8220;1&#8243; css=&#8220;.vc_custom_1579979045895{margin-top: 34px !important;margin-bottom: 60px !important;}&#8220;][vc_tta_section i_icon_fontawesome=&#8220;fa fa-file-text-o&#8220; [&hellip;]<\/p>\n","protected":false},"author":2,"featured_media":0,"parent":480,"menu_order":2,"comment_status":"closed","ping_status":"closed","template":"","meta":{"footnotes":""},"class_list":["post-486","page","type-page","status-publish","hentry"],"aioseo_notices":[],"_links":{"self":[{"href":"https:\/\/www.bergtecprotection.com\/de\/wp-json\/wp\/v2\/pages\/486","targetHints":{"allow":["GET"]}}],"collection":[{"href":"https:\/\/www.bergtecprotection.com\/de\/wp-json\/wp\/v2\/pages"}],"about":[{"href":"https:\/\/www.bergtecprotection.com\/de\/wp-json\/wp\/v2\/types\/page"}],"author":[{"embeddable":true,"href":"https:\/\/www.bergtecprotection.com\/de\/wp-json\/wp\/v2\/users\/2"}],"replies":[{"embeddable":true,"href":"https:\/\/www.bergtecprotection.com\/de\/wp-json\/wp\/v2\/comments?post=486"}],"version-history":[{"count":0,"href":"https:\/\/www.bergtecprotection.com\/de\/wp-json\/wp\/v2\/pages\/486\/revisions"}],"up":[{"embeddable":true,"href":"https:\/\/www.bergtecprotection.com\/de\/wp-json\/wp\/v2\/pages\/480"}],"wp:attachment":[{"href":"https:\/\/www.bergtecprotection.com\/de\/wp-json\/wp\/v2\/media?parent=486"}],"curies":[{"name":"wp","href":"https:\/\/api.w.org\/{rel}","templated":true}]}}