{"id":483,"date":"2019-11-30T22:25:58","date_gmt":"2019-11-30T22:25:58","guid":{"rendered":"https:\/\/www.bergtecprotection.com\/handling-accessories\/installation-and-equipment-support\/"},"modified":"2020-12-10T08:31:46","modified_gmt":"2020-12-10T08:31:46","slug":"installation-monatgehilfmitteln","status":"publish","type":"page","link":"https:\/\/www.bergtecprotection.com\/de\/handhabung-zubehor\/installation-monatgehilfmitteln\/","title":{"rendered":"Montage und Zubeh\u00f6re"},"content":{"rendered":"<div class=\"wpb-content-wrapper\"><p>[vc_row][vc_column][vc_custom_heading text=&#8220;Installation und Montage Zubeh\u00f6re&#8220; use_theme_fonts=&#8220;yes&#8220;][vc_custom_heading text=&#8220;&#8220; font_container=&#8220;tag:div|text_align:left&#8220; use_theme_fonts=&#8220;yes&#8220;][vc_tta_tabs style=&#8220;modern&#8220; shape=&#8220;square&#8220; spacing=&#8220;2&#8243; active_section=&#8220;1&#8243; css=&#8220;.vc_custom_1579979045895{margin-top: 34px !important;margin-bottom: 60px !important;}&#8220;][vc_tta_section i_icon_fontawesome=&#8220;fa fa-file-text-o&#8220; add_icon=&#8220;true&#8220; title=&#8220;Beschreibung&#8220; tab_id=&#8220;1579979003987-bf6b0eac-f77bce0a-e69b&#8220;][vc_column_text css=&#8220;.vc_custom_1605809756012{margin-top: 34px !important;margin-bottom: 34px !important;}&#8220;]<b><span data-contrast=\"none\">Transport- und Lagerwagen (siehe Abb. 1 und 2 unten)<\/span><\/b><span data-ccp-props=\"{&quot;201341983&quot;:0,&quot;335559738&quot;:60,&quot;335559740&quot;:312}\">\u00a0<\/span><\/p>\n<p><span data-contrast=\"none\">\u00a0Die <\/span><span data-contrast=\"none\">Lagerwagen w\u00fc<\/span><span data-contrast=\"none\">rden so konzipiert, dass sie einen <\/span><span data-contrast=\"auto\">sicheren Halt f\u00fcr die einzelnen Elemente bieten<\/span><span data-contrast=\"none\"> und dabei f\u00fcr eine unbesch\u00e4digte Lagerung der <\/span><span data-contrast=\"none\">HWS-elemente<\/span><span data-contrast=\"none\">n zu sorgen. Ein weiterer Zweck des Wagens ist eine grobe Behandlung der verschiedenen Teile bei der Lagerung oder dem Transport vom Lagerraum zum Ort d<\/span><span data-contrast=\"none\">er Montage zu vermeiden, da<\/span> <span data-contrast=\"none\">insbesonders die <\/span><span data-contrast=\"none\">Dichtungen empfindlich sind <\/span><span data-contrast=\"none\">sowie<\/span><span data-contrast=\"none\"> die Balken besch\u00e4digt werden k\u00f6nnten. (Die Geradheit der Balken steht in direktem Zusammenhang mit der Dichtigkeit). Auf diese Weise kann Ihre j\u00e4hrliche Kontrolle effektiv durchgef\u00fchrt werden. Alle unsere Wagen werden auf Ma\u00df und mit gro\u00dfer Pr\u00e4zision gefertigt und tragen ca. 20 m\u00b2 <\/span><span data-contrast=\"none\">Fl\u00e4che <\/span><span data-contrast=\"none\">Schutzelemente oder ein Gewicht von maximal 600 kg. Sie k\u00f6nnen geschoben und dank der \u00fcberdimensionierten <\/span><span data-contrast=\"none\">Rollen mit Bremsunterst\u00fctzung von 1 oder 2 Personen man\u00f6vriert werden.<\/span><span data-ccp-props=\"{&quot;201341983&quot;:0,&quot;335551550&quot;:6,&quot;335551620&quot;:6,&quot;335559738&quot;:60,&quot;335559740&quot;:360}\">\u00a0<\/span><\/p>\n<p><b><span data-contrast=\"none\">Vorteile:<\/span><\/b><span data-ccp-props=\"{&quot;201341983&quot;:0,&quot;335551550&quot;:6,&quot;335551620&quot;:6,&quot;335559738&quot;:60,&quot;335559740&quot;:312}\">\u00a0<\/span><\/p>\n<ul>\n<li data-leveltext=\"\u25cf\" data-font=\"Arial\" data-listid=\"11\" aria-setsize=\"-1\" data-aria-posinset=\"1\" data-aria-level=\"1\"><span data-contrast=\"none\">Schutz der Hochwassers<\/span><span data-contrast=\"none\">schutz<\/span><span data-contrast=\"none\"> vor nicht angemessener Handhabung w\u00e4hrend Transport und Lagerung.<\/span><span data-ccp-props=\"{&quot;134233279&quot;:true,&quot;201341983&quot;:0,&quot;335559685&quot;:800,&quot;335559738&quot;:60,&quot;335559740&quot;:360,&quot;335559991&quot;:360}\">\u00a0<\/span><\/li>\n<\/ul>\n<p><span data-ccp-props=\"{&quot;134233279&quot;:true,&quot;201341983&quot;:0,&quot;335559685&quot;:440,&quot;335559738&quot;:60,&quot;335559740&quot;:276}\">\u00a0<\/span><\/p>\n<ul>\n<li data-leveltext=\"\u25cf\" data-font=\"Arial\" data-listid=\"12\" aria-setsize=\"-1\" data-aria-posinset=\"1\" data-aria-level=\"1\"><span data-contrast=\"none\">Beitrag zur schnellen und sicheren Installation der Hochwassersperre.<\/span><span data-ccp-props=\"{&quot;134233279&quot;:true,&quot;201341983&quot;:0,&quot;335559685&quot;:800,&quot;335559738&quot;:60,&quot;335559740&quot;:276,&quot;335559991&quot;:360}\">\u00a0<\/span><\/li>\n<\/ul>\n<p><span data-ccp-props=\"{&quot;134233279&quot;:true,&quot;201341983&quot;:0,&quot;335559685&quot;:800,&quot;335559738&quot;:60,&quot;335559740&quot;:276}\">\u00a0<\/span><\/p>\n<p><b><span data-contrast=\"none\">M<\/span><\/b><b><span data-contrast=\"none\">arkierung durch Metall-Hinweisschild<\/span><\/b><span data-ccp-props=\"{&quot;201341983&quot;:0,&quot;335551550&quot;:6,&quot;335551620&quot;:6,&quot;335559738&quot;:60,&quot;335559740&quot;:312}\">\u00a0<\/span><\/p>\n<p><span data-contrast=\"none\">Die Lokalisierung und die Markierung der verschiedenen Komponenten der Sperre oder des <\/span><span data-contrast=\"none\">HWS-Schutz<\/span><span data-contrast=\"none\"> wird durch die Anbringung von <\/span><span data-contrast=\"none\">Hinweisschild<\/span><span data-contrast=\"none\"> aus Metall gesichert. So kann die Montagereihenfolge der verschiedenen Teile &#8211; die im Fall einer gro\u00dfen Hochwassersperre sehr zahlreich sein k\u00f6nnen &#8211; schnell erkannt werden.<\/span><span data-ccp-props=\"{&quot;201341983&quot;:0,&quot;335551550&quot;:6,&quot;335551620&quot;:6,&quot;335559738&quot;:60,&quot;335559740&quot;:312}\">\u00a0<\/span><\/p>\n<p><span data-ccp-props=\"{&quot;201341983&quot;:0,&quot;335551550&quot;:6,&quot;335551620&quot;:6,&quot;335559738&quot;:60,&quot;335559740&quot;:312}\">\u00a0<\/span><\/p>\n<p><b><span data-contrast=\"none\">Werkstatt- und Montagezeichnungen<\/span><\/b><span data-ccp-props=\"{&quot;201341983&quot;:0,&quot;335551550&quot;:6,&quot;335551620&quot;:6,&quot;335559738&quot;:60,&quot;335559740&quot;:312}\">\u00a0<\/span><\/p>\n<p><span data-contrast=\"none\">Detaillierte Werkstatt- und Montagezeichnungen sowie eine Materialaufstellung werden von unserem Konstruktions- &amp; Forschungsb\u00fcro anhand unseres 3D-CAD-Systems bereitgestellt.<\/span><span data-ccp-props=\"{&quot;201341983&quot;:0,&quot;335551550&quot;:6,&quot;335551620&quot;:6,&quot;335559738&quot;:60,&quot;335559740&quot;:312}\">\u00a0<\/span><\/p>\n<p><span data-contrast=\"none\">Unser Service beinhaltet eine umfassende \u201eHerstellerdatei\u201c mit einem Plan, auf dem schnell und leicht zu erkennen ist, \u201ewas wo ist\u201c.<\/span><span data-ccp-props=\"{&quot;201341983&quot;:0,&quot;335551550&quot;:6,&quot;335551620&quot;:6,&quot;335559738&quot;:60,&quot;335559740&quot;:312}\">\u00a0<\/span>[\/vc_column_text][\/vc_tta_section][vc_tta_section i_icon_fontawesome=&#8220;fa fa-handshake-o&#8220; add_icon=&#8220;true&#8220; title=&#8220;Garantie&#8220; tab_id=&#8220;1579979985630-25d11eaf-c97dce0a-e69b&#8220;][vc_column_text css=&#8220;.vc_custom_1606224384127{margin-top: 34px !important;margin-bottom: 34px !important;}&#8220;]<\/p>\n<div class=\"t\">\n<div class=\"t\"><strong>Unsere Garantie\u00a0<\/strong><\/div>\n<div class=\"s\">\n<ul>\n<li>Eine sehr niedrige Leckrat von &lt;2, 3 Litern \/ Stunde \/ m\u00b2<\/li>\n<li>Schnelle und einfache Installation: 5 min \/ m\u00b2 Wand<\/li>\n<li>Komplett zerlegbares\/mobiles System<\/li>\n<li>Legierungen mit hoher mechanischer Festigkeit<\/li>\n<li>F\u00fcr sehr hei\u00dfe oder sehr kalte Regionen geeignet (getestet bei -60\u00b0C)<\/li>\n<li>Wartungsfrei<\/li>\n<li>Hochwasserschutzw\u00e4nde mit 20-Jahre-Garantie<\/li>\n<\/ul>\n<\/div>\n<p>&nbsp;<\/p>\n<div class=\"t\"><strong>WIR BEHERRSCHEN DEN GESAMTEN HERSTELLUNGSPROZESS<\/strong><\/div>\n<div class=\"s\">\n<ul>\n<li>Komplett aus von einem schweizerischen Presswerk hergestellten in Seefest Aluminium Legierung gefertigte Hochwasserschutzwand<\/li>\n<li>Eigenes Entwicklungsb\u00fcro mit erfahrenen Mitarbeitern<\/li>\n<li>Wir ber\u00fccksichtigen Bodenuntersuchungen, um gemeinsam mit dem Auftragsnehmer die Fundamente f\u00fcr unsere Zwischenst\u00fctzen zu konzipieren<\/li>\n<li>Die Waren werden dank unserer millimetergenauen Produktion einsatzbereit geliefert<\/li>\n<li>Dank unserer seit 1970 gesammelten Erfahrung sind wir in der Lage, das IHREN Anforderungen entsprechende Hochwasserschutzsystem zu entwickeln und bereitzustellen!<\/li>\n<\/ul>\n<\/div>\n<\/div>\n<p>[\/vc_column_text][\/vc_tta_section][vc_tta_section i_icon_fontawesome=&#8220;fa fa-picture-o&#8220; add_icon=&#8220;true&#8220; title=&#8220;Galerie&#8220; tab_id=&#8220;1579979004025-7d17bdc9-5174ce0a-e69b&#8220;][vc_masonry_media_grid item=&#8220;masonryMedia_SlideTop&#8220; initial_loading_animation=&#8220;fadeIn&#8220; grid_id=&#8220;vc_gid:1606398401534-74904b87-e969-6&#8243; include=&#8220;628,611,609,610,608,607&#8243; css=&#8220;.vc_custom_1581533302365{margin-top: 60px !important;margin-bottom: 60px !important;}&#8220;][\/vc_tta_section][\/vc_tta_tabs][\/vc_column][\/vc_row]<\/p>\n<\/div>","protected":false},"excerpt":{"rendered":"<p>[vc_row][vc_column][vc_custom_heading text=&#8220;Installation und Montage Zubeh\u00f6re&#8220; use_theme_fonts=&#8220;yes&#8220;][vc_custom_heading text=&#8220;&#8220; font_container=&#8220;tag:div|text_align:left&#8220; use_theme_fonts=&#8220;yes&#8220;][vc_tta_tabs style=&#8220;modern&#8220; shape=&#8220;square&#8220; spacing=&#8220;2&#8243; active_section=&#8220;1&#8243; css=&#8220;.vc_custom_1579979045895{margin-top: 34px !important;margin-bottom: 60px !important;}&#8220;][vc_tta_section i_icon_fontawesome=&#8220;fa fa-file-text-o&#8220; [&hellip;]<\/p>\n","protected":false},"author":2,"featured_media":0,"parent":480,"menu_order":1,"comment_status":"closed","ping_status":"closed","template":"","meta":{"footnotes":""},"class_list":["post-483","page","type-page","status-publish","hentry"],"aioseo_notices":[],"_links":{"self":[{"href":"https:\/\/www.bergtecprotection.com\/de\/wp-json\/wp\/v2\/pages\/483","targetHints":{"allow":["GET"]}}],"collection":[{"href":"https:\/\/www.bergtecprotection.com\/de\/wp-json\/wp\/v2\/pages"}],"about":[{"href":"https:\/\/www.bergtecprotection.com\/de\/wp-json\/wp\/v2\/types\/page"}],"author":[{"embeddable":true,"href":"https:\/\/www.bergtecprotection.com\/de\/wp-json\/wp\/v2\/users\/2"}],"replies":[{"embeddable":true,"href":"https:\/\/www.bergtecprotection.com\/de\/wp-json\/wp\/v2\/comments?post=483"}],"version-history":[{"count":0,"href":"https:\/\/www.bergtecprotection.com\/de\/wp-json\/wp\/v2\/pages\/483\/revisions"}],"up":[{"embeddable":true,"href":"https:\/\/www.bergtecprotection.com\/de\/wp-json\/wp\/v2\/pages\/480"}],"wp:attachment":[{"href":"https:\/\/www.bergtecprotection.com\/de\/wp-json\/wp\/v2\/media?parent=483"}],"curies":[{"name":"wp","href":"https:\/\/api.w.org\/{rel}","templated":true}]}}