{"id":477,"date":"2019-11-30T22:25:58","date_gmt":"2019-11-30T22:25:58","guid":{"rendered":"https:\/\/www.bergtecprotection.com\/flood-barrier-protection\/waterproof-chimney\/"},"modified":"2020-11-26T12:54:44","modified_gmt":"2020-11-26T12:54:44","slug":"wasserdicht-ventilabdeckungen","status":"publish","type":"page","link":"https:\/\/www.bergtecprotection.com\/de\/wasserdicht-ventilabdeckungen\/","title":{"rendered":"Wasserdicht-Ventilabdeckungen"},"content":{"rendered":"<div class=\"wpb-content-wrapper\"><p>[vc_row][vc_column][vc_custom_heading text=&#8220;Wasserdicht-Ventilabdeckungen&#8220; use_theme_fonts=&#8220;yes&#8220; css=&#8220;.vc_custom_1580038424628{margin-bottom: 34px !important;}&#8220;][vc_custom_heading text=&#8220;&#8220; font_container=&#8220;tag:div|text_align:left&#8220; use_theme_fonts=&#8220;yes&#8220; css=&#8220;.vc_custom_1579979175621{margin-bottom: 34px !important;}&#8220;][vc_tta_tabs style=&#8220;modern&#8220; shape=&#8220;square&#8220; spacing=&#8220;2&#8243; active_section=&#8220;1&#8243; css=&#8220;.vc_custom_1579979045895{margin-top: 34px !important;margin-bottom: 60px !important;}&#8220;][vc_tta_section i_icon_fontawesome=&#8220;fa fa-file-text-o&#8220; add_icon=&#8220;true&#8220; title=&#8220;Beschreibung&#8220; tab_id=&#8220;1579979003987-bf6b0eac-f77b1f26-df74&#8243;][vc_column_text css=&#8220;.vc_custom_1605811653646{margin-top: 34px !important;margin-bottom: 34px !important;}&#8220;]<strong>Funktion:<\/strong><\/p>\n<p>In Stadtbereichen gibt es Bel\u00fcftungs\u00f6ffnungen, die im Fall eines Hochwassers nicht leicht gesch\u00fctzt werden k\u00f6nnen. Unsere L\u00f6sung besteht in der Montage eines aus Aluminium gefertigten Wasserdichtkamins, der auf dem Boden oder an der Wand befestigt wird und \u00fcber eine Gitter\u00f6ffnung an der Oberseite verf\u00fcgt, die mit einer umgehenden Dichtung versiegelt ist.<\/p>\n<p><strong>Konstruktion:<\/strong><\/p>\n<p>Unsere Konstruktion dank unser \u201cKit System\u201d l\u00e4sst sich leicht abbauen und manuell ohne mechanische Hilfe handhaben (z.B. Kran). Die Einheiten k\u00f6nnen nach den Lageraum erforderlichen Konstruktionskriterien hergestellt werden.<\/p>\n<p>Je nach Anforderungen werden wir eine Unterkonstruktion, planken und, oder Blechen anwenden die durch Schweisstechnik oder Verschraubung zusammen gebaut sind.<\/p>\n<p><strong>Leistungen:<\/strong><\/p>\n<p>Konstruktion und Herstellung gem\u00e4ss geltenden Normen und Regelblatt und auf den spezifischen Kundenanforderungen. Wir bieten mechanische und hydraulische L\u00f6sungen f\u00fcr Wassersa\u00fcle bis 3 Metern.[\/vc_column_text][\/vc_tta_section][vc_tta_section i_icon_fontawesome=&#8220;fa fa-handshake-o&#8220; add_icon=&#8220;true&#8220; title=&#8220;Garantie&#8220; tab_id=&#8220;1579979985630-25d11eaf-c97d1f26-df74&#8243;][vc_column_text css=&#8220;.vc_custom_1606224237275{margin-top: 34px !important;margin-bottom: 34px !important;}&#8220;]<\/p>\n<div class=\"t\">\n<div class=\"t\"><strong>Unsere Garantie\u00a0<\/strong><\/div>\n<div class=\"s\">\n<ul>\n<li>Eine sehr niedrige Leckrat von &lt;2, 3 Litern \/ Stunde \/ m\u00b2<\/li>\n<li>Schnelle und einfache Installation: 5 min \/ m\u00b2 Wand<\/li>\n<li>Komplett zerlegbares\/mobiles System<\/li>\n<li>Legierungen mit hoher mechanischer Festigkeit<\/li>\n<li>F\u00fcr sehr hei\u00dfe oder sehr kalte Regionen geeignet (getestet bei -60\u00b0C)<\/li>\n<li>Wartungsfrei<\/li>\n<li>Hochwasserschutzw\u00e4nde mit 20-Jahre-Garantie<\/li>\n<\/ul>\n<\/div>\n<div class=\"t\"><strong>WIR BEHERRSCHEN DEN GESAMTEN HERSTELLUNGSPROZESS<\/strong><\/div>\n<div class=\"s\">\n<ul>\n<li>Komplett aus von einem schweizerischen Presswerk hergestellten in Seefest Aluminium Legierung gefertigte Hochwasserschutzwand<\/li>\n<li>Eigenes Entwicklungsb\u00fcro mit erfahrenen Mitarbeitern<\/li>\n<li>Wir ber\u00fccksichtigen Bodenuntersuchungen, um gemeinsam mit dem Auftragsnehmer die Fundamente f\u00fcr unsere Zwischenst\u00fctzen zu konzipieren<\/li>\n<li>Die Waren werden dank unserer millimetergenauen Produktion einsatzbereit geliefert<\/li>\n<li>Dank unserer seit 1970 gesammelten Erfahrung sind wir in der Lage, das IHREN Anforderungen entsprechende Hochwasserschutzsystem zu entwickeln und bereitzustellen!<\/li>\n<\/ul>\n<\/div>\n<\/div>\n<p>[\/vc_column_text][\/vc_tta_section][vc_tta_section i_icon_fontawesome=&#8220;fa fa-picture-o&#8220; add_icon=&#8220;true&#8220; title=&#8220;Galerie&#8220; tab_id=&#8220;1579979004025-7d17bdc9-51741f26-df74&#8243;][vc_masonry_media_grid item=&#8220;masonryMedia_SlideTop&#8220; initial_loading_animation=&#8220;fadeIn&#8220; grid_id=&#8220;vc_gid:1606224134520-2ca37a22-d620-0&#8243; include=&#8220;631,629,630&#8243; css=&#8220;.vc_custom_1581520515491{margin-top: 30px !important;margin-bottom: 60px !important;}&#8220;][\/vc_tta_section][\/vc_tta_tabs][\/vc_column][\/vc_row]<\/p>\n<\/div>","protected":false},"excerpt":{"rendered":"<p>[vc_row][vc_column][vc_custom_heading text=&#8220;Wasserdicht-Ventilabdeckungen&#8220; use_theme_fonts=&#8220;yes&#8220; css=&#8220;.vc_custom_1580038424628{margin-bottom: 34px !important;}&#8220;][vc_custom_heading text=&#8220;&#8220; font_container=&#8220;tag:div|text_align:left&#8220; use_theme_fonts=&#8220;yes&#8220; css=&#8220;.vc_custom_1579979175621{margin-bottom: 34px !important;}&#8220;][vc_tta_tabs style=&#8220;modern&#8220; shape=&#8220;square&#8220; spacing=&#8220;2&#8243; active_section=&#8220;1&#8243; css=&#8220;.vc_custom_1579979045895{margin-top: 34px !important;margin-bottom: 60px [&hellip;]<\/p>\n","protected":false},"author":2,"featured_media":0,"parent":0,"menu_order":7,"comment_status":"closed","ping_status":"closed","template":"","meta":{"footnotes":""},"class_list":["post-477","page","type-page","status-publish","hentry"],"aioseo_notices":[],"_links":{"self":[{"href":"https:\/\/www.bergtecprotection.com\/de\/wp-json\/wp\/v2\/pages\/477","targetHints":{"allow":["GET"]}}],"collection":[{"href":"https:\/\/www.bergtecprotection.com\/de\/wp-json\/wp\/v2\/pages"}],"about":[{"href":"https:\/\/www.bergtecprotection.com\/de\/wp-json\/wp\/v2\/types\/page"}],"author":[{"embeddable":true,"href":"https:\/\/www.bergtecprotection.com\/de\/wp-json\/wp\/v2\/users\/2"}],"replies":[{"embeddable":true,"href":"https:\/\/www.bergtecprotection.com\/de\/wp-json\/wp\/v2\/comments?post=477"}],"version-history":[{"count":0,"href":"https:\/\/www.bergtecprotection.com\/de\/wp-json\/wp\/v2\/pages\/477\/revisions"}],"wp:attachment":[{"href":"https:\/\/www.bergtecprotection.com\/de\/wp-json\/wp\/v2\/media?parent=477"}],"curies":[{"name":"wp","href":"https:\/\/api.w.org\/{rel}","templated":true}]}}