{"id":476,"date":"2020-02-13T10:31:25","date_gmt":"2020-02-13T10:31:25","guid":{"rendered":"https:\/\/www.bergtecprotection.com\/flood-barrier-protection\/hochwasserschutzdeckel\/"},"modified":"2020-12-10T08:30:07","modified_gmt":"2020-12-10T08:30:07","slug":"hochwasserschutzdeckel","status":"publish","type":"page","link":"https:\/\/www.bergtecprotection.com\/de\/hochwasserschutzdeckel\/","title":{"rendered":"Wasserdicht Abdeckung"},"content":{"rendered":"<div class=\"wpb-content-wrapper\"><p>[vc_row][vc_column][vc_custom_heading text=&#8220;Wasserdicht Abdeckung&#8220; use_theme_fonts=&#8220;yes&#8220; css=&#8220;.vc_custom_1580038184071{margin-bottom: 34px !important;}&#8220;][vc_custom_heading text=&#8220;&#8220; font_container=&#8220;tag:div|text_align:left&#8220; use_theme_fonts=&#8220;yes&#8220; css=&#8220;.vc_custom_1579979175621{margin-bottom: 34px !important;}&#8220;][vc_tta_tabs style=&#8220;modern&#8220; shape=&#8220;square&#8220; spacing=&#8220;2&#8243; active_section=&#8220;1&#8243; css=&#8220;.vc_custom_1579979045895{margin-top: 34px !important;margin-bottom: 60px !important;}&#8220;][vc_tta_section i_icon_fontawesome=&#8220;fa fa-file-text-o&#8220; add_icon=&#8220;true&#8220; title=&#8220;Beschreibung&#8220; tab_id=&#8220;1579979003987-bf6b0eac-f77b5b0d-f320&#8243;][vc_column_text css=&#8220;.vc_custom_1605811211834{margin-top: 34px !important;margin-bottom: 34px !important;}&#8220;]<b><span data-contrast=\"none\">Funktion:<\/span><\/b><span data-ccp-props=\"{&quot;201341983&quot;:0,&quot;335551550&quot;:6,&quot;335551620&quot;:6,&quot;335559738&quot;:60,&quot;335559740&quot;:312}\">\u00a0<\/span><\/p>\n<p><span data-contrast=\"none\">Gelegentlich k\u00f6nnen untere<\/span><span data-contrast=\"none\">rdische Bereiche<\/span><span data-contrast=\"none\">, <\/span><span data-contrast=\"none\">Keller <\/span><span data-contrast=\"none\">u.a. <\/span><span data-contrast=\"none\">von Hochwasser betroffen werden. Wir haben abnehmbare <\/span><span data-contrast=\"none\">Wasserdicht <\/span><span data-contrast=\"none\">Deckel im Angebot, die wirksam versiegelt und vom Wartungspersonal sicher <\/span><span data-contrast=\"none\">und leicht <\/span><span data-contrast=\"none\">zu bedienen sind. In den Konstruktionskriterien k\u00f6nnen gegebenenfalls \u00fcberm\u00e4\u00dfige Beanspruchungen ber\u00fccksichtigt werden.\u00a0<\/span><span data-ccp-props=\"{&quot;201341983&quot;:0,&quot;335551550&quot;:6,&quot;335551620&quot;:6,&quot;335559738&quot;:60,&quot;335559740&quot;:312}\">\u00a0<\/span><\/p>\n<p><span data-ccp-props=\"{&quot;201341983&quot;:0,&quot;335551550&quot;:6,&quot;335551620&quot;:6,&quot;335559738&quot;:60,&quot;335559740&quot;:312}\">\u00a0<\/span><\/p>\n<p><b><span data-contrast=\"none\">Konstruktion:<\/span><\/b><span data-ccp-props=\"{&quot;201341983&quot;:0,&quot;335551550&quot;:6,&quot;335551620&quot;:6,&quot;335559738&quot;:60,&quot;335559740&quot;:312}\">\u00a0<\/span><\/p>\n<p><span data-contrast=\"none\">Aufgrund unserer Erfahrung und der Flexibilit\u00e4t in der Konstruktion k\u00f6nnen wir verschiedene, schnell montierbare und leicht zug\u00e4ngliche Hochwasserschutz<\/span><span data-contrast=\"none\">abdeckunge<\/span><span data-contrast=\"none\">n anbieten.\u00a0<\/span><span data-ccp-props=\"{&quot;201341983&quot;:0,&quot;335551550&quot;:6,&quot;335551620&quot;:6,&quot;335559738&quot;:60,&quot;335559740&quot;:312}\">\u00a0<\/span><\/p>\n<p><span data-contrast=\"none\">Zum beispiel, w<\/span><span data-contrast=\"none\">ir <\/span><span data-contrast=\"none\">habe<\/span><span data-contrast=\"none\">n <\/span><span data-contrast=\"none\">Edelstahlverschraubungen mit einer <\/span><span data-contrast=\"none\">(<\/span><span data-contrast=\"none\">wasserdichten<\/span><span data-contrast=\"none\">)<\/span><span data-contrast=\"none\"> Abdeckung aus Aluminium<\/span><span data-contrast=\"none\"> f\u00fcr eine<\/span><span data-contrast=\"none\"> DN 1500 mm<\/span><span data-contrast=\"none\"> entwickelt<\/span><span data-contrast=\"none\">, die einer Belastung von 30 Tonnen standh\u00e4lt, wobei die lokalen Anforderungen entsprechend ber\u00fccksichtigt werden.<\/span><span data-ccp-props=\"{&quot;201341983&quot;:0,&quot;335551550&quot;:6,&quot;335551620&quot;:6,&quot;335559738&quot;:60,&quot;335559740&quot;:312}\">\u00a0<\/span><\/p>\n<p><span data-ccp-props=\"{&quot;201341983&quot;:0,&quot;335551550&quot;:6,&quot;335551620&quot;:6,&quot;335559738&quot;:60,&quot;335559740&quot;:312}\">\u00a0<\/span><\/p>\n<p><b><span data-contrast=\"none\">Konformit\u00e4t:<\/span><\/b><span data-ccp-props=\"{&quot;201341983&quot;:0,&quot;335551550&quot;:6,&quot;335551620&quot;:6,&quot;335559738&quot;:60,&quot;335559740&quot;:312}\">\u00a0<\/span><\/p>\n<p><span data-contrast=\"none\">Die Planung erfolgt komplett intern. <\/span><span data-contrast=\"none\">Sowie d<\/span><span data-contrast=\"none\">ie Herstellung <\/span><span data-contrast=\"none\">einschliesslich alle<\/span><span data-contrast=\"none\"> Schwei\u00df<\/span><span data-contrast=\"none\">arbeiten<\/span><span data-contrast=\"none\"> (falls notwendig) <\/span><span data-contrast=\"none\">die <\/span><span data-contrast=\"none\">erfolgen entsprechend der geltenden Standards. Qualit\u00e4tskontrollen wie z.B. Schwei\u00dfpr\u00fcfungen k\u00f6nnen von Sachverst\u00e4ndigen f\u00fcr Qualit\u00e4ts<\/span><span data-contrast=\"none\">\u00fcberwachung durchgef\u00fchrt werden<\/span>[\/vc_column_text][\/vc_tta_section][vc_tta_section i_icon_fontawesome=&#8220;fa fa-handshake-o&#8220; add_icon=&#8220;true&#8220; title=&#8220;Garantie&#8220; tab_id=&#8220;1579979985630-25d11eaf-c97d5b0d-f320&#8243;][vc_column_text css=&#8220;.vc_custom_1606224097913{margin-top: 34px !important;margin-bottom: 34px !important;}&#8220;]<\/p>\n<div class=\"t\"><strong>DIE GARANTIE MSU-BERGTEC<\/strong><\/div>\n<div class=\"s\">\n<ul>\n<li>Eine sehr niedrige Leckrate von &lt; 3 Litern \/ Stunde \/ m\u00b2<\/li>\n<li>Schnelle und einfache Installation: 5 min \/ m\u00b2 Wand<\/li>\n<li>Komplett zerlegbares\/mobiles System<\/li>\n<li>Legierungen mit hoher mechanischer Festigkeit<\/li>\n<li>F\u00fcr sehr hei\u00dfe oder sehr kalte Regionen geeignet (getestet bei -60\u00b0C)<\/li>\n<li>Wartungsfrei<\/li>\n<li>Hochwasserschutzw\u00e4nde mit 20-Jahre-Garantie<\/li>\n<\/ul>\n<\/div>\n<div class=\"t\"><strong>WIR BEHERRSCHEN DEN GESAMTEN HERSTELLUNGSPROZESS<\/strong><\/div>\n<div class=\"s\">\n<ul>\n<li>Komplett aus von einem schweizerischen Presswerk hergestellten Alulegierungen in Marinequalit\u00e4t gefertigte Hochwasserschutzwand<\/li>\n<li>Wir verf\u00fcgen \u00fcber unser eigenes Entwicklungsb\u00fcro mit erfahrenen Mitarbeitern<\/li>\n<li>Wir ber\u00fccksichtigen Bodenuntersuchungen, um gemeinsam mit dem Auftragsnehmer die Fundamente f\u00fcr unsere Zwischenst\u00fctzen zu konzipieren<\/li>\n<li>Die Waren werden dank unserer millimetergenauen Produktion einsatzbereit geliefert<\/li>\n<li>Dank unserer seit 1970 gesammelten Erfahrung sind wir in der Lage, das IHREN Anforderungen entsprechende Hochwasserschutzsystem zu entwickeln und bereitzustellen!<\/li>\n<\/ul>\n<\/div>\n<p>[\/vc_column_text][\/vc_tta_section][vc_tta_section i_icon_fontawesome=&#8220;fa fa-picture-o&#8220; add_icon=&#8220;true&#8220; title=&#8220;Galerie&#8220; tab_id=&#8220;1579979004025-7d17bdc9-51745b0d-f320&#8243;][vc_masonry_media_grid item=&#8220;masonryMedia_SlideTop&#8220; initial_loading_animation=&#8220;fadeIn&#8220; grid_id=&#8220;vc_gid:1606224057189-1ed6e85b-f09f-6&#8243; css=&#8220;.vc_custom_1581518865230{margin-top: 30px !important;margin-bottom: 60px !important;}&#8220; include=&#8220;636,635,632,634,633&#8243;][\/vc_tta_section][\/vc_tta_tabs][\/vc_column][\/vc_row]<\/p>\n<\/div>","protected":false},"excerpt":{"rendered":"<p>[vc_row][vc_column][vc_custom_heading text=&#8220;Wasserdicht Abdeckung&#8220; use_theme_fonts=&#8220;yes&#8220; css=&#8220;.vc_custom_1580038184071{margin-bottom: 34px !important;}&#8220;][vc_custom_heading text=&#8220;&#8220; font_container=&#8220;tag:div|text_align:left&#8220; use_theme_fonts=&#8220;yes&#8220; css=&#8220;.vc_custom_1579979175621{margin-bottom: 34px !important;}&#8220;][vc_tta_tabs style=&#8220;modern&#8220; shape=&#8220;square&#8220; spacing=&#8220;2&#8243; active_section=&#8220;1&#8243; css=&#8220;.vc_custom_1579979045895{margin-top: 34px !important;margin-bottom: [&hellip;]<\/p>\n","protected":false},"author":2,"featured_media":0,"parent":0,"menu_order":6,"comment_status":"closed","ping_status":"closed","template":"","meta":{"footnotes":""},"class_list":["post-476","page","type-page","status-publish","hentry"],"aioseo_notices":[],"_links":{"self":[{"href":"https:\/\/www.bergtecprotection.com\/de\/wp-json\/wp\/v2\/pages\/476","targetHints":{"allow":["GET"]}}],"collection":[{"href":"https:\/\/www.bergtecprotection.com\/de\/wp-json\/wp\/v2\/pages"}],"about":[{"href":"https:\/\/www.bergtecprotection.com\/de\/wp-json\/wp\/v2\/types\/page"}],"author":[{"embeddable":true,"href":"https:\/\/www.bergtecprotection.com\/de\/wp-json\/wp\/v2\/users\/2"}],"replies":[{"embeddable":true,"href":"https:\/\/www.bergtecprotection.com\/de\/wp-json\/wp\/v2\/comments?post=476"}],"version-history":[{"count":0,"href":"https:\/\/www.bergtecprotection.com\/de\/wp-json\/wp\/v2\/pages\/476\/revisions"}],"wp:attachment":[{"href":"https:\/\/www.bergtecprotection.com\/de\/wp-json\/wp\/v2\/media?parent=476"}],"curies":[{"name":"wp","href":"https:\/\/api.w.org\/{rel}","templated":true}]}}