{"id":279,"date":"2019-11-30T22:25:58","date_gmt":"2019-11-30T22:25:58","guid":{"rendered":"https:\/\/www.bergtecprotection.com\/flood-barrier-protection\/demountable-flood-barrier\/"},"modified":"2020-12-11T11:00:47","modified_gmt":"2020-12-11T11:00:47","slug":"abnehmbar-hochwasserschutzwand","status":"publish","type":"page","link":"https:\/\/www.bergtecprotection.com\/de\/abnehmbar-hochwasserschutzwand\/","title":{"rendered":"Abnehmbar Hochwasserschutzwand"},"content":{"rendered":"<div class=\"wpb-content-wrapper\"><p>[vc_row][vc_column][vc_custom_heading text=&#8220;Abnehmbar Hochwasserschutzwand&#8220; use_theme_fonts=&#8220;yes&#8220;][vc_custom_heading text=&#8220;&#8220; font_container=&#8220;tag:div|text_align:left&#8220; use_theme_fonts=&#8220;yes&#8220;][vc_tta_tabs style=&#8220;modern&#8220; shape=&#8220;square&#8220; spacing=&#8220;2&#8243; active_section=&#8220;1&#8243; css=&#8220;.vc_custom_1579978062943{margin-top: 34px !important;margin-bottom: 60px !important;}&#8220;][vc_tta_section i_icon_fontawesome=&#8220;fa fa-file-text-o&#8220; add_icon=&#8220;true&#8220; title=&#8220;Beschreibung&#8220; tab_id=&#8220;1579977368407-56ed55f4-1cea&#8220;][vc_column_text css=&#8220;.vc_custom_1607076339972{margin-top: 30px !important;}&#8220;]Wenn breitere \u00d6ffnungen vor \u00dcberflutung oder Hochwasser gesch\u00fctzt werden m\u00fcssen, verf\u00fcgen wir die Hochwassersperren \u00fcber Mittelst\u00fctzen.<\/p>\n<p>Diese Mittelst\u00fctzen sind so konzipiert, dass sie die verschiedenen Drucksituationen oder Bodenverh\u00e4ltnisse ber\u00fccksichtigen.<\/p>\n<p>Die Abmessungen der einzelnen Abschnitte werden anhand Ihrer eigenen Anforderungen in Hinblick auf Lagerm\u00f6glichkeiten und Konstruktionskriterien bestimmt.<\/p>\n<p>Die Profilschnitte werden entsprechend der Konstruktionskriterien definiert (zu sch\u00fctzende L\u00e4nge\/Druck, siehe Belastungsdiagramm f\u00fcr unsere 4 unterschiedlichen Profile). Manchmal muss ein Kompromiss zwischen den finanziellen und technischen \u00dcberlegungen gefunden werden. Die Kosten der Hochwasserschutz sind abh\u00e4ngig von der Anzahl der St\u00fctzen, wobei l\u00e4ngere Balken zu einer geringeren Anzahl von Mittelst\u00fctzen und damit zu geringeren Kosten f\u00fchren.<\/p>\n<p>Auch die Art der Verankerung muss gr\u00fcndlich \u00fcberdacht werden.<\/p>\n<p>Spezielle Aufmerksamkeit auf der Pfiosten, St\u00fctzen und Ihrer Bodenbefestigungen wird gew\u00e4rht\u00a0: die Lasten die gegen der HWS dr\u00fccken, k\u00f6nnen nicht effizient Gew\u00e4rhleistet wenn die Bodenverankerungen\u00a0 nicht effizient auf dem Boden versichert sind um die hohen Drucklasten zu \u00fcbernehmen.<\/p>\n<p>Unsere Ingenieure ber\u00fccksichtigen dabei die technische Querschnitt der Mittelst\u00fctzen, die Bodenbedingungen und gemeinsam mit der Baufirma werden dann die Abmessungen von Fundament und Beton vereinbart.[\/vc_column_text][\/vc_tta_section][vc_tta_section i_icon_fontawesome=&#8220;fa fa-handshake-o&#8220; add_icon=&#8220;true&#8220; title=&#8220;Garantie&#8220; tab_id=&#8220;1579977874722-afd35c4d-a560&#8243;][vc_column_text css=&#8220;.vc_custom_1606210578363{margin-top: 30px !important;}&#8220;]<\/p>\n<div class=\"t\"><strong>Unsere Garantie\u00a0<\/strong><\/div>\n<div class=\"s\">\n<ul>\n<li>Eine sehr niedrige Leckrat von &lt;2, 3 Litern \/ Stunde \/ m\u00b2<\/li>\n<li>Schnelle und einfache Installation: 5 min \/ m\u00b2 Wand<\/li>\n<li>Komplett zerlegbares\/mobiles System<\/li>\n<li>Legierungen mit hoher mechanischer Festigkeit<\/li>\n<li>F\u00fcr sehr hei\u00dfe oder sehr kalte Regionen geeignet (getestet bei -60\u00b0C)<\/li>\n<li>Wartungsfrei<\/li>\n<li>Hochwasserschutzw\u00e4nde mit 20-Jahre-Garantie<\/li>\n<\/ul>\n<\/div>\n<p>&nbsp;<\/p>\n<div class=\"t\"><strong>WIR BEHERRSCHEN DEN GESAMTEN HERSTELLUNGSPROZESS<\/strong><\/div>\n<div class=\"s\">\n<ul>\n<li>Komplett aus von einem schweizerischen Presswerk hergestellten in Seefest Aluminium Legierung gefertigte Hochwasserschutzwand<\/li>\n<li>Eigenes Entwicklungsb\u00fcro mit erfahrenen Mitarbeitern<\/li>\n<li>Wir ber\u00fccksichtigen Bodenuntersuchungen, um gemeinsam mit dem Auftragsnehmer die Fundamente f\u00fcr unsere Zwischenst\u00fctzen zu konzipieren<\/li>\n<li>Die Waren werden dank unserer millimetergenauen Produktion einsatzbereit geliefert<\/li>\n<li>Dank unserer seit 1970 gesammelten Erfahrung sind wir in der Lage, das IHREN Anforderungen entsprechende Hochwasserschutzsystem zu entwickeln und bereitzustellen!<\/li>\n<\/ul>\n<\/div>\n<p>[\/vc_column_text][\/vc_tta_section][vc_tta_section i_icon_fontawesome=&#8220;fa fa-picture-o&#8220; add_icon=&#8220;true&#8220; title=&#8220;Galerie&#8220; tab_id=&#8220;1579977368427-1b9e8406-1758&#8243;][vc_masonry_media_grid item=&#8220;masonryMedia_SlideTop&#8220; initial_loading_animation=&#8220;fadeIn&#8220; grid_id=&#8220;vc_gid:1607076305452-e7d008d8-42d7-9&#8243; include=&#8220;644,643,641,646,645,642&#8243; css=&#8220;.vc_custom_1581518676614{margin-top: 30px !important;}&#8220;][\/vc_tta_section][\/vc_tta_tabs][\/vc_column][\/vc_row]<\/p>\n<\/div>","protected":false},"excerpt":{"rendered":"<p>[vc_row][vc_column][vc_custom_heading text=&#8220;Abnehmbar Hochwasserschutzwand&#8220; use_theme_fonts=&#8220;yes&#8220;][vc_custom_heading text=&#8220;&#8220; font_container=&#8220;tag:div|text_align:left&#8220; use_theme_fonts=&#8220;yes&#8220;][vc_tta_tabs style=&#8220;modern&#8220; shape=&#8220;square&#8220; spacing=&#8220;2&#8243; active_section=&#8220;1&#8243; css=&#8220;.vc_custom_1579978062943{margin-top: 34px !important;margin-bottom: 60px !important;}&#8220;][vc_tta_section i_icon_fontawesome=&#8220;fa fa-file-text-o&#8220; add_icon=&#8220;true&#8220; title=&#8220;Beschreibung&#8220; [&hellip;]<\/p>\n","protected":false},"author":2,"featured_media":0,"parent":0,"menu_order":3,"comment_status":"closed","ping_status":"closed","template":"","meta":{"footnotes":""},"class_list":["post-279","page","type-page","status-publish","hentry"],"aioseo_notices":[],"_links":{"self":[{"href":"https:\/\/www.bergtecprotection.com\/de\/wp-json\/wp\/v2\/pages\/279","targetHints":{"allow":["GET"]}}],"collection":[{"href":"https:\/\/www.bergtecprotection.com\/de\/wp-json\/wp\/v2\/pages"}],"about":[{"href":"https:\/\/www.bergtecprotection.com\/de\/wp-json\/wp\/v2\/types\/page"}],"author":[{"embeddable":true,"href":"https:\/\/www.bergtecprotection.com\/de\/wp-json\/wp\/v2\/users\/2"}],"replies":[{"embeddable":true,"href":"https:\/\/www.bergtecprotection.com\/de\/wp-json\/wp\/v2\/comments?post=279"}],"version-history":[{"count":0,"href":"https:\/\/www.bergtecprotection.com\/de\/wp-json\/wp\/v2\/pages\/279\/revisions"}],"wp:attachment":[{"href":"https:\/\/www.bergtecprotection.com\/de\/wp-json\/wp\/v2\/media?parent=279"}],"curies":[{"name":"wp","href":"https:\/\/api.w.org\/{rel}","templated":true}]}}