{"id":246,"date":"2019-11-30T22:25:58","date_gmt":"2019-11-30T22:25:58","guid":{"rendered":"https:\/\/www.bergtecprotection.com\/flood-stoplog\/"},"modified":"2020-11-26T12:48:44","modified_gmt":"2020-11-26T12:48:44","slug":"dammbalkenverschluss","status":"publish","type":"page","link":"https:\/\/www.bergtecprotection.com\/de\/dammbalkenverschluss\/","title":{"rendered":"Dammbalkenverschluss"},"content":{"rendered":"<div class=\"wpb-content-wrapper\"><p>[vc_row][vc_column][vc_custom_heading text=&#8220;Hochwasserschutz&#8220; use_theme_fonts=&#8220;yes&#8220;][vc_custom_heading text=&#8220;&#8220; font_container=&#8220;tag:div|text_align:left&#8220; use_theme_fonts=&#8220;yes&#8220;][vc_tta_tabs style=&#8220;modern&#8220; shape=&#8220;square&#8220; spacing=&#8220;2&#8243; active_section=&#8220;1&#8243; css=&#8220;.vc_custom_1579979045895{margin-top: 34px !important;margin-bottom: 60px !important;}&#8220;][vc_tta_section i_icon_fontawesome=&#8220;fa fa-file-text-o&#8220; add_icon=&#8220;true&#8220; title=&#8220;Beschreibung&#8220; tab_id=&#8220;1579979003987-bf6b0eac-f77b&#8220;][vc_column_text css=&#8220;.vc_custom_1605813177431{margin-top: 30px !important;margin-bottom: 30px !important;}&#8220;]<strong>Dammbalkenverschluss f\u00fcr kleinen \u00d6ffnungen<\/strong><\/p>\n<p>Die Hochwassersperre aus stapelbaren Dammbalken besteht aus Aluprofilen.\u00a0 Vier (4) \u00a0extrudierten Profile (Art. Nr. 1603, 1604, 1606 und 1609) unterschiedlicher Gr\u00f6\u00dfe mit einem Querschnitt von 30, 60, 100 und 150 mm sind verf\u00fcgbar, um verschiedenen Belastungen zuhalten. Die Auswahl der Profile ist von verschiedenen Faktoren abh\u00e4ngig, z.B. der Wassers\u00e4ule, der Abmessungen der zu sch\u00fctzenden \u00d6ffnung (siehe Nutzungsdiagramm); zus\u00e4tzliche Belastungen wie Schwebeteile oder hoher Wasserdruck (\u00fcber 5m3\/Std.) k\u00f6nnen abh\u00e4ngig von Ihren spezifischen Anforderungen ber\u00fccksichtigt werden.<\/p>\n<p><strong>Endprofile (U-Rahmen) und Schutzabdeckungen:<\/strong><\/p>\n<p>Die Balken werden seitlich gef\u00fchrt und von seitlichen U-f\u00f6rmigen Profilen gehalten, die in die Wand eingelassen oder durch Schrauben befestigt sind. Unser Lieferumfang beinhaltet Schrauben und Muttern in der Qualit\u00e4t V4A. Auch \u201echemische\u201c Befestigungen sind in F\u00e4llen m\u00f6glich, in denen die St\u00fctzmauern von schlechter Qualit\u00e4t sind oder bei denen der Schraubenhersteller keine Spannungsberechnung durchf\u00fchren kann, z.B. bei W\u00e4nden aus Ziegeln, Macadam&#8230;<\/p>\n<p>Die \u00fcblicherweise vertikal Schienen k\u00f6nnen permanent (f\u00fcr eine schnelle Installation) oder mit abnehmbaren Schrauben an der Mauer befestigt werden, sollte dieses aus \u00e4sthetischen Gr\u00fcnden erforderlich sein.<\/p>\n<p>Sollten die seitlichen Schiene in Stadtgebieten permanent befestigt werden, besteht das Risiko von Vandalismus. F\u00fcr diese F\u00e4lle stellen wir Schutzabdeckungen bereit, die den Gummidichtungen gegen UV-besch\u00fctzen. Au\u00dferdem k\u00f6nnen die Abdeckungen \u00a0in allen Farben der RAL-Liste gestrichen werden, sollte dies aus architektonischen Gr\u00fcnden erforderlich sein.<\/p>\n<p><strong>Dichtungen:<\/strong><\/p>\n<p>Alle unsere Dichtungen bestehen aus extrudiertem EPDM, das die perfekte Wasserdichtigkeit des Dammbalkensystems garantiert. Sie bieten mechanische und chemische Best\u00e4ndigkeit gegen\u00fcber aggressiven Umgebungen und Handlungen. Sie lassen sich einfach ersetzen, da sie in spezielle Profilnuten eingesetzt werden, aus denen sie im Fall einer Besch\u00e4digung herausgezogen und so ausgetauscht werden k\u00f6nnen.<\/p>\n<p><strong>Zahl der Dichtungen:\u00a0<\/strong>Zwei (2) L-f\u00f6rmige Dichtungen an der Oberseite jedes Balkens.<\/p>\n<p>&#8211; Ein (1) oder zwei (2) Dichtungen je nach Gr\u00f6\u00dfe des Profils werden an der Unterseite des ersten Hochwasserschutzelements befestigt, das unten auf der horizontalen Fl\u00e4che am Boden aufgesetzt wird.<\/p>\n<p>&#8211; Zwei (2) Lippendichtungen in jedem seitlichen U-f\u00f6rmigen Rahmenelement.<\/p>\n<p><strong>Druckspindel verstellbar<\/strong><\/p>\n<p>Um die Max. Dichtigkeit des Hochwasserschutz zu gew\u00e4hrleisten, stellen wir ein zus\u00e4tzliches Paar vertikaler Druckspindel bereit. Sie sorgen daf\u00fcr, dass die einzelnen Profildichtungen effektiv vorgepresst werden.<\/p>\n<p><strong>Einfache Verwendung<\/strong>: Unsere B\u00fcgel sind ohne den Einsatz eines speziellen Werkzeug auf jede Position h\u00f6henverstellbar und werden mit einem vorinstallierten Schraubgriff geliefert.<\/p>\n<p><strong>Werkstattzeichnungen und Montageanleitung:<\/strong><\/p>\n<p>Das komplette Satz technischer Daten und Anleitungen zum Aufbau und der Nutzung geh\u00f6ren zu unserem Standardbasispaket.<\/p>\n<p><strong>Einfache Installation<\/strong>: Nach der Untersuchung aller Wandoberfl\u00e4chen und Durchf\u00fchrung aller Nachbesserungen (Maurerarbeiten), folgen die Anpassungen f\u00fcr die Vormontage, dabei werden die Rahmenelemente mit den mitgelieferten Schrauben und Muttern befestigt.[\/vc_column_text][\/vc_tta_section][vc_tta_section i_icon_fontawesome=&#8220;fa fa-handshake-o&#8220; add_icon=&#8220;true&#8220; title=&#8220;Garantie&#8220; tab_id=&#8220;1579979985630-25d11eaf-c97d&#8220;][vc_column_text css=&#8220;.vc_custom_1606210678300{margin-top: 34px !important;margin-bottom: 34px !important;}&#8220;]<\/p>\n<div class=\"t\"><strong>Unsere Garantie\u00a0<\/strong><\/div>\n<div class=\"s\">\n<ul>\n<li>Eine sehr niedrige Leckrat von &lt;2, 3 Litern \/ Stunde \/ m\u00b2<\/li>\n<li>Schnelle und einfache Installation: 5 min \/ m\u00b2 Wand<\/li>\n<li>Komplett zerlegbares\/mobiles System<\/li>\n<li>Legierungen mit hoher mechanischer Festigkeit<\/li>\n<li>F\u00fcr sehr hei\u00dfe oder sehr kalte Regionen geeignet (getestet bei -60\u00b0C)<\/li>\n<li>Wartungsfrei<\/li>\n<li>Hochwasserschutzw\u00e4nde mit 20-Jahre-Garantie<\/li>\n<\/ul>\n<\/div>\n<p>&nbsp;<\/p>\n<div class=\"t\"><strong>WIR BEHERRSCHEN DEN GESAMTEN HERSTELLUNGSPROZESS<\/strong><\/div>\n<div class=\"s\">\n<ul>\n<li>Komplett aus von einem schweizerischen Presswerk hergestellten in Seefest Aluminium Legierung gefertigte Hochwasserschutzwand<\/li>\n<li>Eigenes Entwicklungsb\u00fcro mit erfahrenen Mitarbeitern<\/li>\n<li>Wir ber\u00fccksichtigen Bodenuntersuchungen, um gemeinsam mit dem Auftragsnehmer die Fundamente f\u00fcr unsere Zwischenst\u00fctzen zu konzipieren<\/li>\n<li>Die Waren werden dank unserer millimetergenauen Produktion einsatzbereit geliefert<\/li>\n<li>Dank unserer seit 1970 gesammelten Erfahrung sind wir in der Lage, das IHREN Anforderungen entsprechende Hochwasserschutzsystem zu entwickeln und bereitzustellen!<\/li>\n<\/ul>\n<\/div>\n<p>[\/vc_column_text][\/vc_tta_section][vc_tta_section i_icon_fontawesome=&#8220;fa fa-picture-o&#8220; add_icon=&#8220;true&#8220; title=&#8220;Galerie&#8220; tab_id=&#8220;1579979004025-7d17bdc9-5174&#8243;][vc_masonry_media_grid item=&#8220;masonryMedia_SlideTop&#8220; initial_loading_animation=&#8220;fadeIn&#8220; grid_id=&#8220;vc_gid:1606386353353-2b599dea-e176-10&#8243; include=&#8220;647,660,661,662,664&#8243; css=&#8220;.vc_custom_1581518635760{margin-top: 30px !important;margin-bottom: 60px !important;}&#8220;][\/vc_tta_section][\/vc_tta_tabs][\/vc_column][\/vc_row]<\/p>\n<\/div>","protected":false},"excerpt":{"rendered":"<p>[vc_row][vc_column][vc_custom_heading text=&#8220;Hochwasserschutz&#8220; use_theme_fonts=&#8220;yes&#8220;][vc_custom_heading text=&#8220;&#8220; font_container=&#8220;tag:div|text_align:left&#8220; use_theme_fonts=&#8220;yes&#8220;][vc_tta_tabs style=&#8220;modern&#8220; shape=&#8220;square&#8220; spacing=&#8220;2&#8243; active_section=&#8220;1&#8243; css=&#8220;.vc_custom_1579979045895{margin-top: 34px !important;margin-bottom: 60px !important;}&#8220;][vc_tta_section i_icon_fontawesome=&#8220;fa fa-file-text-o&#8220; add_icon=&#8220;true&#8220; title=&#8220;Beschreibung&#8220; tab_id=&#8220;1579979003987-bf6b0eac-f77b&#8220;][vc_column_text [&hellip;]<\/p>\n","protected":false},"author":2,"featured_media":0,"parent":0,"menu_order":4,"comment_status":"closed","ping_status":"closed","template":"","meta":{"footnotes":""},"class_list":["post-246","page","type-page","status-publish","hentry"],"aioseo_notices":[],"_links":{"self":[{"href":"https:\/\/www.bergtecprotection.com\/de\/wp-json\/wp\/v2\/pages\/246","targetHints":{"allow":["GET"]}}],"collection":[{"href":"https:\/\/www.bergtecprotection.com\/de\/wp-json\/wp\/v2\/pages"}],"about":[{"href":"https:\/\/www.bergtecprotection.com\/de\/wp-json\/wp\/v2\/types\/page"}],"author":[{"embeddable":true,"href":"https:\/\/www.bergtecprotection.com\/de\/wp-json\/wp\/v2\/users\/2"}],"replies":[{"embeddable":true,"href":"https:\/\/www.bergtecprotection.com\/de\/wp-json\/wp\/v2\/comments?post=246"}],"version-history":[{"count":0,"href":"https:\/\/www.bergtecprotection.com\/de\/wp-json\/wp\/v2\/pages\/246\/revisions"}],"wp:attachment":[{"href":"https:\/\/www.bergtecprotection.com\/de\/wp-json\/wp\/v2\/media?parent=246"}],"curies":[{"name":"wp","href":"https:\/\/api.w.org\/{rel}","templated":true}]}}