{"id":237,"date":"2019-11-28T11:19:59","date_gmt":"2019-11-28T11:19:59","guid":{"rendered":"https:\/\/www.bergtecprotection.com\/home\/"},"modified":"2023-03-13T15:43:30","modified_gmt":"2023-03-13T15:43:30","slug":"startseite","status":"publish","type":"page","link":"https:\/\/www.bergtecprotection.com\/de\/","title":{"rendered":"Home"},"content":{"rendered":"<div class=\"wpb-content-wrapper\"><p>[vc_row][vc_column]\n\t\t\t<!-- START Home_DE REVOLUTION SLIDER 6.7.40 --><p class=\"rs-p-wp-fix\"><\/p>\n\t\t\t<rs-module-wrap id=\"rev_slider_3_1_wrapper\" data-source=\"gallery\" style=\"visibility:hidden;background:#E9E9E9;padding:0;margin:0px auto;margin-top:0;margin-bottom:0;\">\n\t\t\t\t<rs-module id=\"rev_slider_3_1\" style=\"\" data-version=\"6.7.40\">\n\t\t\t\t\t<rs-slides style=\"overflow: hidden; position: absolute;\">\n\t\t\t\t\t\t<rs-slide style=\"position: absolute;\" data-key=\"rs-7\" data-title=\"Slide\" data-thumb=\"\/\/www.bergtecprotection.com\/wp-content\/uploads\/2019\/12\/flood-barrier-ministry-economy-paris-100x50.jpg\" data-in=\"prst:rndany;o:1;x:-100%;\" data-out=\"x:60%;\">\n\t\t\t\t\t\t\t<img decoding=\"async\" src=\"\/\/www.bergtecprotection.com\/wp-content\/plugins\/revslider\/sr6\/assets\/assets\/dummy.png\" alt=\"\" title=\"Home\" class=\"rev-slidebg tp-rs-img rs-lazyload\" data-lazyload=\"\/\/www.bergtecprotection.com\/wp-content\/uploads\/2019\/12\/flood-barrier-ministry-economy-paris.jpg\" data-bg=\"p:center top;\" data-panzoom=\"d:9000;ss:100;se:110;\" data-no-retina>\n<!--\n\t\t\t\t\t\t\t--><rs-layer\n\t\t\t\t\t\t\t\tid=\"slider-3-slide-7-layer-6\" \n\t\t\t\t\t\t\t\tclass=\"slidetxt1\"\n\t\t\t\t\t\t\t\tdata-type=\"text\"\n\t\t\t\t\t\t\t\tdata-color=\"rgba(134, 134, 134, 1)\"\n\t\t\t\t\t\t\t\tdata-rsp_ch=\"on\"\n\t\t\t\t\t\t\t\tdata-xy=\"x:l,l,l,c;xo:420px,170px,170px,-1px;y:t,t,t,m;yo:165px,164px,164px,-104px;\"\n\t\t\t\t\t\t\t\tdata-text=\"s:15;fw:100;\"\n\t\t\t\t\t\t\t\tdata-frame_1=\"st:2000.0003051758;sp:200;sR:2000.0003051758;\"\n\t\t\t\t\t\t\t\tdata-frame_999=\"o:0;e:nothing;st:8400.0003051758;sR:6200;\"\n\t\t\t\t\t\t\t\tstyle=\"z-index:6;font-family:'Arial';\"\n\t\t\t\t\t\t\t>HOCHWASSERSCHUTZ \n\t\t\t\t\t\t\t<\/rs-layer><!--\n\n\t\t\t\t\t\t\t--><rs-layer\n\t\t\t\t\t\t\t\tid=\"slider-3-slide-7-layer-8\" \n\t\t\t\t\t\t\t\tclass=\"slidetxt2\"\n\t\t\t\t\t\t\t\tdata-type=\"text\"\n\t\t\t\t\t\t\t\tdata-color=\"rgba(0, 49, 100, 1)\"\n\t\t\t\t\t\t\t\tdata-rsp_ch=\"on\"\n\t\t\t\t\t\t\t\tdata-xy=\"x:l,l,l,c;xo:421px,170px,170px,0;y:t,t,t,m;yo:216px,216px,216px,-40px;\"\n\t\t\t\t\t\t\t\tdata-text=\"s:36;l:60;\"\n\t\t\t\t\t\t\t\tdata-frame_1=\"st:2000.0003051758;sp:200;sR:2000.0003051758;\"\n\t\t\t\t\t\t\t\tdata-frame_999=\"o:0;e:nothing;st:8400.0003051758;sR:6200;\"\n\t\t\t\t\t\t\t\tstyle=\"z-index:7;font-family:'Roboto';\"\n\t\t\t\t\t\t\t>Abnehmbar \n\t\t\t\t\t\t\t<\/rs-layer><!--\n\n\t\t\t\t\t\t\t--><rs-layer\n\t\t\t\t\t\t\t\tid=\"slider-3-slide-7-layer-9\" \n\t\t\t\t\t\t\t\tclass=\"slidetxt2\"\n\t\t\t\t\t\t\t\tdata-type=\"text\"\n\t\t\t\t\t\t\t\tdata-color=\"rgba(0, 49, 100, 1)\"\n\t\t\t\t\t\t\t\tdata-rsp_ch=\"on\"\n\t\t\t\t\t\t\t\tdata-xy=\"x:l,l,l,c;xo:421px,170px,170px,0;y:t,t,t,m;yo:259px,260px,260px,0;\"\n\t\t\t\t\t\t\t\tdata-text=\"s:36;l:60;\"\n\t\t\t\t\t\t\t\tdata-frame_1=\"st:2000.0003051758;sp:200;sR:2000.0003051758;\"\n\t\t\t\t\t\t\t\tdata-frame_999=\"o:0;e:nothing;st:8400.0003051758;sR:6200;\"\n\t\t\t\t\t\t\t\tstyle=\"z-index:8;font-family:'Roboto';\"\n\t\t\t\t\t\t\t>Hochwasserschutzwand \n\t\t\t\t\t\t\t<\/rs-layer><!--\n\n\t\t\t\t\t\t\t--><a\n\t\t\t\t\t\t\t\tid=\"slider-3-slide-7-layer-12\" \n\t\t\t\t\t\t\t\tclass=\"rs-layer rev-btn\"\n\t\t\t\t\t\t\t\thref=\"https:\/\/www.bergtecprotection.com\/de\/hochwasserschutz\/\" target=\"_self\"\n\t\t\t\t\t\t\t\tdata-type=\"button\"\n\t\t\t\t\t\t\t\tdata-color=\"rgba(255, 255, 255, 1)\"\n\t\t\t\t\t\t\t\tdata-xy=\"xo:420px,170px,170px,40px;y:t,t,t,m;yo:338px,338px,338px,78px;\"\n\t\t\t\t\t\t\t\tdata-text=\"s:15;l:12;\"\n\t\t\t\t\t\t\t\tdata-padding=\"t:15;r:20;b:15;l:20;\"\n\t\t\t\t\t\t\t\tdata-border=\"bos:solid;boc:rgba(0, 45, 104, 1);bow:1px,1px,1px,1px;\"\n\t\t\t\t\t\t\t\tdata-frame_1=\"e:power2.inOut;st:2000.0003051758;sp:200;sR:2000.0003051758;\"\n\t\t\t\t\t\t\t\tdata-frame_999=\"o:0;e:nothing;st:8400.0003051758;sR:6200;\"\n\t\t\t\t\t\t\t\tdata-frame_hover=\"c:#002d68;bgc:#fff;boc:#002d68;bor:0px,0px,0px,0px;bos:solid;bow:1px,1px,1px,1px;oX:50;oY:50;\"\n\t\t\t\t\t\t\t\tstyle=\"z-index:9;background-color:#2c34a4;font-family:'Roboto';cursor:pointer;outline:none;box-shadow:none;box-sizing:border-box;-moz-box-sizing:border-box;-webkit-box-sizing:border-box;\"\n\t\t\t\t\t\t\t>MEHR \n\t\t\t\t\t\t\t<\/a><!--\n\n\t\t\t\t\t\t\t--><rs-layer\n\t\t\t\t\t\t\t\tid=\"slider-3-slide-7-layer-14\" \n\t\t\t\t\t\t\t\tclass=\"tp-shape tp-shapewrapper\"\n\t\t\t\t\t\t\t\tdata-type=\"shape\"\n\t\t\t\t\t\t\t\tdata-rsp_ch=\"on\"\n\t\t\t\t\t\t\t\tdata-xy=\"xo:385px,135px,135px,0;yo:135px;\"\n\t\t\t\t\t\t\t\tdata-dim=\"w:500px;h:280px;\"\n\t\t\t\t\t\t\t\tdata-frame_0=\"sX:0.9;sY:0.9;\"\n\t\t\t\t\t\t\t\tdata-frame_1=\"st:1600.0003051758;sp:400;sR:1600.0003051758;\"\n\t\t\t\t\t\t\t\tdata-frame_999=\"o:0;e:nothing;st:8650.0003051758;sR:6650;\"\n\t\t\t\t\t\t\t\tstyle=\"z-index:5;background-color:rgba(255,255,255,1);\"\n\t\t\t\t\t\t\t> \n\t\t\t\t\t\t\t<\/rs-layer><!--\n-->\t\t\t\t\t<\/rs-slide>\n\t\t\t\t\t\t<rs-slide style=\"position: absolute;\" data-key=\"rs-8\" data-title=\"Slide\" data-thumb=\"\/\/www.bergtecprotection.com\/wp-content\/uploads\/2020\/02\/flood-barrier-accessorie-100x50.jpg\" data-anim=\"f:random;\" data-in=\"prst:rndany;o:0;sx:1.1;sy:1.1;m:true;row:5;col:5;\" data-out=\"a:false;\">\n\t\t\t\t\t\t\t<img decoding=\"async\" src=\"\/\/www.bergtecprotection.com\/wp-content\/plugins\/revslider\/sr6\/assets\/assets\/dummy.png\" alt=\"\" title=\"Home\" class=\"rev-slidebg tp-rs-img rs-lazyload\" data-lazyload=\"\/\/www.bergtecprotection.com\/wp-content\/uploads\/2020\/02\/flood-barrier-accessorie.jpg\" data-bg=\"p:center top;\" data-panzoom=\"d:9000;ss:100;se:110;\" data-no-retina>\n<!--\n\t\t\t\t\t\t\t--><rs-layer\n\t\t\t\t\t\t\t\tid=\"slider-3-slide-8-layer-6\" \n\t\t\t\t\t\t\t\tclass=\"slidetxt1\"\n\t\t\t\t\t\t\t\tdata-type=\"text\"\n\t\t\t\t\t\t\t\tdata-color=\"rgba(134, 134, 134, 1)\"\n\t\t\t\t\t\t\t\tdata-rsp_ch=\"on\"\n\t\t\t\t\t\t\t\tdata-xy=\"x:l,l,l,c;xo:420px,170px,170px,-1px;y:t,t,t,m;yo:165px,164px,164px,-104px;\"\n\t\t\t\t\t\t\t\tdata-text=\"s:15;fw:100;\"\n\t\t\t\t\t\t\t\tdata-frame_1=\"st:2000.0003051758;sp:200;sR:2000.0003051758;\"\n\t\t\t\t\t\t\t\tdata-frame_999=\"o:0;e:nothing;st:8400.0003051758;sR:6200;\"\n\t\t\t\t\t\t\t\tstyle=\"z-index:6;font-family:'Arial';\"\n\t\t\t\t\t\t\t>HANDHABUNG & ZUBEH\u00d6R \n\t\t\t\t\t\t\t<\/rs-layer><!--\n\n\t\t\t\t\t\t\t--><rs-layer\n\t\t\t\t\t\t\t\tid=\"slider-3-slide-8-layer-8\" \n\t\t\t\t\t\t\t\tclass=\"slidetxt2\"\n\t\t\t\t\t\t\t\tdata-type=\"text\"\n\t\t\t\t\t\t\t\tdata-color=\"rgba(0, 49, 100, 1)\"\n\t\t\t\t\t\t\t\tdata-rsp_ch=\"on\"\n\t\t\t\t\t\t\t\tdata-xy=\"x:l,l,l,c;xo:420px,170px,170px,0;y:t,t,t,m;yo:216px,216px,216px,-40px;\"\n\t\t\t\t\t\t\t\tdata-text=\"s:36;l:60;\"\n\t\t\t\t\t\t\t\tdata-frame_1=\"st:2000.0003051758;sp:200;sR:2000.0003051758;\"\n\t\t\t\t\t\t\t\tdata-frame_999=\"o:0;e:nothing;st:8400.0003051758;sR:6200;\"\n\t\t\t\t\t\t\t\tstyle=\"z-index:7;font-family:'Roboto';\"\n\t\t\t\t\t\t\t>Schutz, Lagerung, \n\t\t\t\t\t\t\t<\/rs-layer><!--\n\n\t\t\t\t\t\t\t--><rs-layer\n\t\t\t\t\t\t\t\tid=\"slider-3-slide-8-layer-9\" \n\t\t\t\t\t\t\t\tclass=\"slidetxt2\"\n\t\t\t\t\t\t\t\tdata-type=\"text\"\n\t\t\t\t\t\t\t\tdata-color=\"rgba(0, 49, 100, 1)\"\n\t\t\t\t\t\t\t\tdata-rsp_ch=\"on\"\n\t\t\t\t\t\t\t\tdata-xy=\"x:l,l,l,c;xo:419px,170px,170px,0;y:t,t,t,m;yo:259px,260px,260px,0;\"\n\t\t\t\t\t\t\t\tdata-text=\"s:36;l:60;\"\n\t\t\t\t\t\t\t\tdata-frame_1=\"st:2000.0003051758;sp:200;sR:2000.0003051758;\"\n\t\t\t\t\t\t\t\tdata-frame_999=\"o:0;e:nothing;st:8400.0003051758;sR:6200;\"\n\t\t\t\t\t\t\t\tstyle=\"z-index:8;font-family:'Roboto';\"\n\t\t\t\t\t\t\t>Wartung und Zubeh\u00f6r \n\t\t\t\t\t\t\t<\/rs-layer><!--\n\n\t\t\t\t\t\t\t--><a\n\t\t\t\t\t\t\t\tid=\"slider-3-slide-8-layer-12\" \n\t\t\t\t\t\t\t\tclass=\"rs-layer rev-btn\"\n\t\t\t\t\t\t\t\thref=\"https:\/\/www.bergtecprotection.com\/de\/handhabung-zubehor\/\" target=\"_self\"\n\t\t\t\t\t\t\t\tdata-type=\"button\"\n\t\t\t\t\t\t\t\tdata-color=\"rgba(255, 255, 255, 1)\"\n\t\t\t\t\t\t\t\tdata-xy=\"xo:420px,170px,170px,40px;y:t,t,t,m;yo:338px,338px,338px,78px;\"\n\t\t\t\t\t\t\t\tdata-text=\"s:15;l:12;\"\n\t\t\t\t\t\t\t\tdata-padding=\"t:15;r:20;b:15;l:20;\"\n\t\t\t\t\t\t\t\tdata-border=\"bos:solid;boc:rgba(0, 45, 104, 1);bow:1px,1px,1px,1px;\"\n\t\t\t\t\t\t\t\tdata-frame_1=\"e:power2.inOut;st:2000.0003051758;sp:200;sR:2000.0003051758;\"\n\t\t\t\t\t\t\t\tdata-frame_999=\"o:0;e:nothing;st:8400.0003051758;sR:6200;\"\n\t\t\t\t\t\t\t\tdata-frame_hover=\"c:#002d68;bgc:#fff;boc:#002d68;bor:0px,0px,0px,0px;bos:solid;bow:1px,1px,1px,1px;oX:50;oY:50;\"\n\t\t\t\t\t\t\t\tstyle=\"z-index:9;background-color:#2c34a4;font-family:'Roboto';cursor:pointer;outline:none;box-shadow:none;box-sizing:border-box;-moz-box-sizing:border-box;-webkit-box-sizing:border-box;\"\n\t\t\t\t\t\t\t>MEHR \n\t\t\t\t\t\t\t<\/a><!--\n\n\t\t\t\t\t\t\t--><rs-layer\n\t\t\t\t\t\t\t\tid=\"slider-3-slide-8-layer-14\" \n\t\t\t\t\t\t\t\tclass=\"tp-shape tp-shapewrapper\"\n\t\t\t\t\t\t\t\tdata-type=\"shape\"\n\t\t\t\t\t\t\t\tdata-rsp_ch=\"on\"\n\t\t\t\t\t\t\t\tdata-xy=\"xo:385px,135px,135px,0;yo:135px;\"\n\t\t\t\t\t\t\t\tdata-dim=\"w:500px;h:280px;\"\n\t\t\t\t\t\t\t\tdata-frame_0=\"sX:0.9;sY:0.9;\"\n\t\t\t\t\t\t\t\tdata-frame_1=\"st:1600.0003051758;sp:400;sR:1600.0003051758;\"\n\t\t\t\t\t\t\t\tdata-frame_999=\"o:0;e:nothing;st:8650.0003051758;sR:6650;\"\n\t\t\t\t\t\t\t\tstyle=\"z-index:5;background-color:rgba(255,255,255,1);\"\n\t\t\t\t\t\t\t> \n\t\t\t\t\t\t\t<\/rs-layer><!--\n-->\t\t\t\t\t<\/rs-slide>\n\t\t\t\t\t<\/rs-slides>\n\t\t\t\t<\/rs-module>\n\t\t\t\t<script>\n\t\t\t\t\tsetREVStartSize({c: 'rev_slider_3_1',rl:[1240,1024,778,480],el:[550,550,550,550],gw:[1920,1024,778,480],gh:[550,550,550,550],type:'standard',justify:'',layout:'fullwidth',mh:\"550\"});if (window.RS_MODULES!==undefined && window.RS_MODULES.modules!==undefined && window.RS_MODULES.modules[\"revslider31\"]!==undefined) {window.RS_MODULES.modules[\"revslider31\"].once = false;window.revapi3 = undefined;if (window.RS_MODULES.checkMinimal!==undefined) window.RS_MODULES.checkMinimal()}\n\t\t\t\t<\/script>\n\t\t\t<\/rs-module-wrap>\n\t\t\t<!-- END REVOLUTION SLIDER -->\n[\/vc_column][\/vc_row][vc_row full_width=&#8220;stretch_row&#8220; el_id=&#8220;home_quote&#8220; el_class=&#8220;home_quote&#8220; css=&#8220;.vc_custom_1678721277877{padding-top: 30px !important;padding-bottom: 30px !important;background-color: #2c34a4 !important;}&#8220;][vc_column width=&#8220;3\/4&#8243;][vc_custom_heading text=&#8220;EXPERTEN SEIT 1970&#8243; font_container=&#8220;tag:div|font_size:31|text_align:left|color:%23ffffff&#8220; use_theme_fonts=&#8220;yes&#8220; css_animation=&#8220;zoomIn&#8220; el_class=&#8220;home_quote_txt&#8220;][\/vc_column][vc_column width=&#8220;1\/4&#8243;][vc_btn title=&#8220;\u00dcBER UNS&#8220; shape=&#8220;square&#8220; size=&#8220;sm&#8220; align=&#8220;right&#8220; el_class=&#8220;home_quote_btn&#8220; link=&#8220;url:https%3A%2F%2Fwww.bergtecprotection.com%2Fde%2Fuber-uns%2F|title:%C3%9Cber%20Uns|&#8220;][\/vc_column][\/vc_row][vc_row css_animation=&#8220;zoomIn&#8220; el_id=&#8220;home_our_solutions&#8220; css=&#8220;.vc_custom_1580075849279{padding-top: 50px !important;}&#8220;][vc_column][vc_column_text el_class=&#8220;projects_btn&#8220; css=&#8220;.vc_custom_1580072491642{margin-bottom: 30px !important;}&#8220;]L\u00f6sungen zum Schutz Menschen &amp; Eingentum [ess_grid_nav id=&#8220;left&#8220; \u00a0alias=&#8220;home-our-projects&#8220;][ess_grid_nav id=&#8220;right&#8220; alias=&#8220;home-our-projects&#8220;][\/vc_column_text][vc_column_text css=&#8220;.vc_custom_1606385607384{margin-bottom: 40px !important;}&#8220;]Weil die \u00dcbershwemmungen unvohersehbar und zerst\u00f6rerisch sein k\u00f6nnen, haben wir abnehmbaren Schutzl\u00f6sungen entwickelt die schnell montiert sein k\u00f6nnen.<\/p>\n<p>Die sehr kurzfristig auftretenden Situationen, bringen Menschen und Eigentum in Gefahr, aus diesem Grund haben wir unsere L\u00f6sungen auf einem modularen Leichtmetall-System (Aluminium) entworfen.[\/vc_column_text][vc_raw_html]W2Vzc19ncmlkIGFsaWFzPSJvdXItc2VydmljZXMtMSJd[\/vc_raw_html][\/vc_column][\/vc_row][vc_row full_width=&#8220;stretch_row&#8220; el_id=&#8220;home_our_projects&#8220; el_class=&#8220;home_our_projects&#8220; css=&#8220;.vc_custom_1580075509000{padding-top: 50px !important;padding-bottom: 50px !important;background: #f5f5f5 url(https:\/\/www.bergtecprotection.com\/wp-content\/uploads\/2020\/01\/home_pj_bg.jpg?id=182) !important;background-position: center !important;background-repeat: no-repeat !important;background-size: cover !important;}&#8220;][vc_column][vc_column_text el_class=&#8220;projects_btn&#8220; css=&#8220;.vc_custom_1606227059059{margin-bottom: 30px !important;}&#8220;]Unsere Referenzen: Probleml\u00f6sung [ess_grid_nav id=&#8220;left&#8220; \u00a0alias=&#8220;home-our-projects&#8220;][ess_grid_nav id=&#8220;right&#8220; alias=&#8220;home-our-projects&#8220;]<\/p>\n<p>&nbsp;[\/vc_column_text][ess_grid alias=&#8220;home-our-projects-161408&#8243;][\/vc_column][\/vc_row][vc_row css=&#8220;.vc_custom_1580072357213{padding-top: 50px !important;}&#8220;][vc_column][vc_column_text el_class=&#8220;projects_btn&#8220;]Warum Mobiler Hochwasserschutz? [ess_grid_nav id=&#8220;left&#8220; \u00a0alias=&#8220;home-our-projects&#8220;][ess_grid_nav id=&#8220;right&#8220; alias=&#8220;home-our-projects&#8220;]<\/p>\n<p>&nbsp;[\/vc_column_text][\/vc_column][\/vc_row][vc_row css=&#8220;.vc_custom_1580075355048{padding-top: 30px !important;}&#8220;][vc_column width=&#8220;1\/2&#8243;][vc_column_text css=&#8220;.vc_custom_1606227178807{margin-bottom: 40px !important;}&#8220;]<\/p>\n<h3>Dort wo ein Fluss \u00fcberflutet, wird er wieder \u00fcberfluten !<\/h3>\n<div class=\"title2\">Die Offizielle Definition von Flut die lautet als ein \u00dcberlauf von Wasser nach Erh\u00f6hung des Wasserlauf um ein mehrfacher seiner \u00fcblichen Kapazit\u00e4t. Das zeigt uns Wege und Mittels sich gegen diese Gefahr zu sch\u00fctzen!<\/div>\n<div class=\"subtitle2\">\n<h3>Warum sich sch\u00fctzen?<\/h3>\n<p>Man kann die Ursachen nicht verhindern aber sich gegen diese Sch\u00e4den sch\u00fctzen denn die Flutursachen k\u00f6nnen vielf\u00e4ltig sein wie:<\/p>\n<\/div>\n<p>[\/vc_column_text][vc_empty_space height=&#8220;60px&#8220;][\/vc_column][vc_column width=&#8220;1\/2&#8243;][vc_column_text css=&#8220;.vc_custom_1606227437510{margin-bottom: 40px !important;}&#8220;]<\/p>\n<ul>\n<li>Aussergew\u00f6hnliche Wetterbedigungnen, Auftau oder erheblicher Niederschlag durch Regen;<\/li>\n<li>Verst\u00e4dterung von l\u00e4ndlichen Fl\u00e4che oder von nat\u00fcrliche \u00dcberschwemmungszone;<\/li>\n<li>Intensiver Landwirtschaftlicher Nutzung, Entwaldung usw<\/li>\n<\/ul>\n<p><strong>Die Bew\u00e4ltigung nat\u00fcrlicher Risiken hat gezeigt die Zukunft entsteht in der Vergangenheit: wo ein Fluss \u00fcberflutet, wird wieder Hochwasser entstehen.<\/strong><\/p>\n<p>&nbsp;[\/vc_column_text][\/vc_column][\/vc_row]<\/p>\n<\/div>","protected":false},"excerpt":{"rendered":"<p>[vc_row][vc_column][\/vc_column][\/vc_row][vc_row full_width=&#8220;stretch_row&#8220; el_id=&#8220;home_quote&#8220; el_class=&#8220;home_quote&#8220; css=&#8220;.vc_custom_1678721277877{padding-top: 30px !important;padding-bottom: 30px !important;background-color: #2c34a4 !important;}&#8220;][vc_column width=&#8220;3\/4&#8243;][vc_custom_heading text=&#8220;EXPERTEN SEIT 1970&#8243; font_container=&#8220;tag:div|font_size:31|text_align:left|color:%23ffffff&#8220; use_theme_fonts=&#8220;yes&#8220; css_animation=&#8220;zoomIn&#8220; el_class=&#8220;home_quote_txt&#8220;][\/vc_column][vc_column width=&#8220;1\/4&#8243;][vc_btn [&hellip;]<\/p>\n","protected":false},"author":2,"featured_media":0,"parent":0,"menu_order":1,"comment_status":"closed","ping_status":"closed","template":"","meta":{"footnotes":""},"class_list":["post-237","page","type-page","status-publish","hentry"],"aioseo_notices":[],"_links":{"self":[{"href":"https:\/\/www.bergtecprotection.com\/de\/wp-json\/wp\/v2\/pages\/237","targetHints":{"allow":["GET"]}}],"collection":[{"href":"https:\/\/www.bergtecprotection.com\/de\/wp-json\/wp\/v2\/pages"}],"about":[{"href":"https:\/\/www.bergtecprotection.com\/de\/wp-json\/wp\/v2\/types\/page"}],"author":[{"embeddable":true,"href":"https:\/\/www.bergtecprotection.com\/de\/wp-json\/wp\/v2\/users\/2"}],"replies":[{"embeddable":true,"href":"https:\/\/www.bergtecprotection.com\/de\/wp-json\/wp\/v2\/comments?post=237"}],"version-history":[{"count":0,"href":"https:\/\/www.bergtecprotection.com\/de\/wp-json\/wp\/v2\/pages\/237\/revisions"}],"wp:attachment":[{"href":"https:\/\/www.bergtecprotection.com\/de\/wp-json\/wp\/v2\/media?parent=237"}],"curies":[{"name":"wp","href":"https:\/\/api.w.org\/{rel}","templated":true}]}}